{"id":5007,"date":"2026-03-18T06:25:54","date_gmt":"2026-03-18T06:25:54","guid":{"rendered":"https:\/\/soydeaqui.ddns.net\/pachuca\/index.php\/producto\/barrera-fotoelectrica-de-60-metros-4-rayos-4-canales-doble-modulacion-y-transmision-automatica-de-potencia-del-rayo\/"},"modified":"2026-03-18T06:25:54","modified_gmt":"2026-03-18T06:25:54","slug":"barrera-fotoelectrica-de-60-metros-4-rayos-4-canales-doble-modulacion-y-transmision-automatica-de-potencia-del-rayo","status":"publish","type":"product","link":"https:\/\/soydeaqui.ddns.net\/pachuca\/index.php\/producto\/barrera-fotoelectrica-de-60-metros-4-rayos-4-canales-doble-modulacion-y-transmision-automatica-de-potencia-del-rayo\/","title":{"rendered":"Barrera fotoelectrica de 60 metros 4 rayos  4 canales  doble modulaci\u00f3n y transmision automatica de potencia del rayo"},"content":{"rendered":"<div style='width: 100%; max-width: 1200px; margin: 0 auto; font-family: sans-serif; line-height: 1.6; color: inherit; background-color: transparent;'>\n<div style='width: 100%;'> <img style='width: 100%; height: auto; border: 1px solid rgba(150&comma;150&comma;150&comma;0.3); border-radius: 10px;' src='https:\/\/ftp3.syscom.mx\/usuarios\/ftp\/single_page\/optex\/optex-portada.png' alt='Portada'> <\/div>\n<div style='display: flex; flex-wrap: wrap; gap: 30px; margin-top: 30px; margin-bottom: 30px;'>\n<div style='flex: 1 1 280px; min-width: 280px;'> <img style='width: 180px; height: auto; border: 1px solid rgba(150&comma;150&comma;150&comma;0.3); border-radius: 8px;' src='https:\/\/ftp3.syscom.mx\/usuarios\/ftp\/single_page\/optex\/optex-icono1.png' alt='Icono 1'> <\/div>\n<div style='flex: 1 1 280px; min-width: 280px;'> <img style='width: 180px; height: auto; border: 1px solid rgba(150&comma;150&comma;150&comma;0.3); border-radius: 8px;' src='https:\/\/ftp3.syscom.mx\/usuarios\/ftp\/single_page\/optex\/optex-icono2.png' alt='Icono 2'> <\/div>\n<div style='flex: 1 1 280px; min-width: 280px;'> <img style='width: 180px; height: auto; border: 1px solid rgba(150&comma;150&comma;150&comma;0.3); border-radius: 8px;' src='https:\/\/ftp3.syscom.mx\/usuarios\/ftp\/single_page\/optex\/optex-icono3.png' alt='Icono 3'> <\/div>\n<\/p><\/div>\n<div style='width: 100%; margin-top: 30px; margin-bottom: 30px;'> <img style='width: 100%; height: auto; border: 1px solid rgba(150&comma;150&comma;150&comma;0.3); border-radius: 10px;' src='https:\/\/ftp3.syscom.mx\/usuarios\/ftp\/single_page\/optex\/optex-imagen1.png' alt='Imagen 1'> <\/div>\n<div style='width: 100%; margin-top: 30px; margin-bottom: 30px;'>\n<p style='color: gray; padding-top: 10px; font-size: 17px; color: inherit; opacity: 0.8;'>El transmisor de infrarrojos y el receptor deben estar perfectamente alineados para lograr el funcionamiento \u00f3ptimo del detector fotoel\u00e9ctrico. Sin embargo&comma; se requiere mucha paciencia&comma; tiempo y esfuerzo para asegurar que el receptor reciba la m\u00e1xima cantidad de se\u00f1al infrarroja posible del transmisor. Optex tiene la soluci\u00f3n: la serie SL est\u00e1 dise\u00f1ada para aligerar su carga de trabajo y lograr una alineaci\u00f3n perfecta.<\/p>\n<\/p><\/div>\n<div style='width: 100%; margin-top: 30px; margin-bottom: 30px;'> <img style='width: 100%; height: auto; border: 1px solid rgba(150&comma;150&comma;150&comma;0.3); border-radius: 10px;' src='https:\/\/ftp3.syscom.mx\/usuarios\/ftp\/single_page\/optex\/optex-imagen2.png' alt='Imagen 2'> <\/div>\n<h1 style='font-size: 35px; font-weight: bold; text-align: center; margin-top: 5%; margin-bottom: 30px; color: #3d93d1;'>Resistencia a la Intemperie<\/h1>\n<div style='display: flex; flex-wrap: wrap; gap: 30px; margin-top: 30px;'>\n<div style='flex: 1 1 300px; min-width: 280px;'>\n<h3 style='font-size: 22px; border-bottom: 2px solid currentColor; padding-bottom: 5px; margin-top: 0; color: inherit; opacity: 0.8;'>Caracter\u00edsticas<\/h3>\n<ul style='padding-left: 20px; font-size: 15px; color: inherit; list-style-type: disc;'>\n<li style='margin-bottom: 5px;'><strong>SELECTOR DE ALINEACI\u00d3N<\/strong><br \/>Ya no es necesario un destornillador para llevar a cabo la alineaci\u00f3n; es posible realizar un ajuste de alta precisi\u00f3n utilizando solamente los dedos.<\/li>\n<li style='margin-bottom: 5px;'><strong>BARRERA CU\u00c1DRUPLE CON LENTES ASF\u00c9RICAS<\/strong><br \/>Las lentes asf\u00e9ricas de alta calidad crean barreras infrarrojas activas m\u00e1s definidas y precisas.<\/li>\n<li style='margin-bottom: 5px;'><strong>CHASIS DELGADO Y PESO LIGERO<\/strong><br \/>La serie SL combina una reducci\u00f3n del 20% del tama\u00f1o del chasis con una reducci\u00f3n del peso del 15%.<\/li>\n<\/ul><\/div>\n<div style='flex: 1 1 300px; min-width: 280px;'>\n<h3 style='font-size: 22px; border-bottom: 2px solid currentColor; padding-bottom: 5px; margin-top: 0; color: inherit; opacity: 0.8;'>Caracter\u00edsticas Adicionales<\/h3>\n<ul style='padding-left: 20px; font-size: 15px; color: inherit; list-style-type: disc;'>\n<li style='margin-bottom: 5px;'><strong>PLACA DE BLOQUEO DE BARRERA<\/strong><br \/>La placa se puede fijar con firmeza en la unidad de la lente sin temor a que el viento la pueda arrastrar. Las placas se pueden guardar en la parte posterior de la cubierta frontal.<\/li>\n<li style='margin-bottom: 5px;'><strong>DISE\u00d1O ANTI ESCARCHA (Dise\u00f1o de la cubierta)<\/strong><br \/>Se instalan cubiertas tanto en la parte superior como inferior de la torre para asegurar una potencia de barrera alta y estable al evitar que la escarcha se adhiera a la cubierta frontal.<\/li>\n<li style='margin-bottom: 5px;'><strong>COLORES VIVOS EN EL INTERIOR<\/strong><br \/>En el interior colores vivos y f\u00e1ciles de visualizar para una alineaci\u00f3n \u00f3ptica.<\/li>\n<\/ul><\/div>\n<\/p><\/div>\n<div style='width: 100%; margin-top: 30px; margin-bottom: 30px;'>\n<p style='font-size: 17px; color: inherit; opacity: 0.8;'><strong>S\u00f3lo modelos SL-QDM\/SL-QDP<\/strong><br \/>\u2022 Tecnolog\u00eda de Protecci\u00f3n Frente a la Luz <br \/>\u2022 Selector de Control de Potencia de la Barrera <br \/>\u2022 Control de Potencia de Transmisi\u00f3n Autom\u00e1tica<\/p>\n<\/p><\/div>\n<div style='width: 100%; margin-top: 30px; margin-bottom: 30px; text-align: center;'> <a style='background-color: #3d93d1; color: white; padding: 12px 24px; text-decoration: none; border-radius: 4px; display: inline-block;' href='https:\/\/drive.google.com\/file\/d\/1tz5Y22bllnG7zGo5ev2WbAv9Ff6-pVI6\/view?usp=sharing'>Descargar PDF<\/a> <\/div>\n<\/p><\/div>\n","protected":false},"excerpt":{"rendered":"<p>Barrera fotoelectrica de 60 metros 4 rayos  4 canales  doble modulaci\u00f3n y transmision automatica de potencia del rayo<\/p>\n","protected":false},"featured_media":5006,"comment_status":"open","ping_status":"closed","template":"","meta":[],"product_brand":[],"product_cat":[232],"product_tag":[19,233,106],"class_list":{"0":"post-5007","1":"product","2":"type-product","3":"status-publish","4":"has-post-thumbnail","6":"product_cat-fotoelectricos-y-microondas","7":"product_tag-detectores-sensores","8":"product_tag-fotoelectricos-y-microondas","9":"product_tag-optex","11":"first","12":"outofstock","13":"sale","14":"shipping-taxable","15":"purchasable","16":"product-type-simple"},"_links":{"self":[{"href":"https:\/\/soydeaqui.ddns.net\/pachuca\/index.php\/wp-json\/wp\/v2\/product\/5007","targetHints":{"allow":["GET"]}}],"collection":[{"href":"https:\/\/soydeaqui.ddns.net\/pachuca\/index.php\/wp-json\/wp\/v2\/product"}],"about":[{"href":"https:\/\/soydeaqui.ddns.net\/pachuca\/index.php\/wp-json\/wp\/v2\/types\/product"}],"replies":[{"embeddable":true,"href":"https:\/\/soydeaqui.ddns.net\/pachuca\/index.php\/wp-json\/wp\/v2\/comments?post=5007"}],"wp:featuredmedia":[{"embeddable":true,"href":"https:\/\/soydeaqui.ddns.net\/pachuca\/index.php\/wp-json\/wp\/v2\/media\/5006"}],"wp:attachment":[{"href":"https:\/\/soydeaqui.ddns.net\/pachuca\/index.php\/wp-json\/wp\/v2\/media?parent=5007"}],"wp:term":[{"taxonomy":"product_brand","embeddable":true,"href":"https:\/\/soydeaqui.ddns.net\/pachuca\/index.php\/wp-json\/wp\/v2\/product_brand?post=5007"},{"taxonomy":"product_cat","embeddable":true,"href":"https:\/\/soydeaqui.ddns.net\/pachuca\/index.php\/wp-json\/wp\/v2\/product_cat?post=5007"},{"taxonomy":"product_tag","embeddable":true,"href":"https:\/\/soydeaqui.ddns.net\/pachuca\/index.php\/wp-json\/wp\/v2\/product_tag?post=5007"}],"curies":[{"name":"wp","href":"https:\/\/api.w.org\/{rel}","templated":true}]}}