{"id":50045,"date":"2026-03-18T22:26:26","date_gmt":"2026-03-18T22:26:26","guid":{"rendered":"https:\/\/soydeaqui.ddns.net\/pachuca\/index.php\/producto\/proteccion-termica-2p-20a-corriente-alterna-400-vca-para-aplicacion-fotovoltaica-montaje-riel-din\/"},"modified":"2026-03-18T22:26:35","modified_gmt":"2026-03-18T22:26:35","slug":"proteccion-termica-2p-20a-corriente-alterna-400-vca-para-aplicacion-fotovoltaica-montaje-riel-din","status":"publish","type":"product","link":"https:\/\/soydeaqui.ddns.net\/pachuca\/index.php\/producto\/proteccion-termica-2p-20a-corriente-alterna-400-vca-para-aplicacion-fotovoltaica-montaje-riel-din\/","title":{"rendered":"Protecci\u00f3n T\u00e9rmica 2P, 20A,  Corriente Alterna  400 Vca para Aplicaci\u00f3n Fotovoltaica Montaje Riel DIN"},"content":{"rendered":"<div style='width: 100%; max-width: 1200px; margin: 0 auto; font-family: sans-serif; line-height: 1.6; color: inherit; background-color: transparent;'>\n<div style='display: flex; flex-direction: column; gap: 20px; margin-bottom: 30px;'>\n<div style='flex: 1 1 300px; min-width: 280px;'>\n<p style='font-size: 16px; color: inherit;'>Los protectores de t\u00e9rmicos est\u00e1n dise\u00f1ados para proporcionar protecci\u00f3n contra sobre corriente dentro de circuitos en corriente alterna (CA)<\/p>\n<\/p><\/div>\n<div style='flex: 1 1 300px; min-width: 280px;'>\n<p style='font-size: 16px; color: inherit;'>Este producto es ligero y confiable con excelente rendimiento<\/p>\n<\/p><\/div>\n<div style='flex: 1 1 300px; min-width: 280px;'>\n<p style='font-size: 16px; color: inherit;'>Cuenta con una alta capacidad de ruptura y puede disiparse r\u00e1pidamente creado de pl\u00e1stico especialmente autoextinguible.<\/p>\n<\/p><\/div>\n<div style='flex: 1 1 300px; min-width: 280px;'>\n<p style='font-size: 16px; color: inherit;'>Producto de alta duraci\u00f3n usado en corriente alterna 50\/60 Hz hasta 415 Vca para protecci\u00f3n contra sobrecargas y cortocircuito&comma; as\u00ed como en equipos el\u00e9ctricos de encendido y apagado de iluminaci\u00f3n&comma; dise\u00f1ado para uso en aplicaciones fotovoltaicas en corriente alterna<\/p>\n<\/p><\/div>\n<div style='flex: 1 1 300px; min-width: 280px;'>\n<p style='font-size: 16px; color: inherit;'>Es dise\u00f1ado especialmente para sistemas fotovoltaicos en corriente alterna&comma; se conecta entre el inversor y la red el\u00e9ctrica<\/p>\n<\/p><\/div>\n<\/p><\/div>\n<div style='display: flex; flex-wrap: wrap; gap: 20px; margin-bottom: 30px;'>\n<div style='flex: 1 1 250px; border: 1px solid rgba(150&comma; 150&comma; 150&comma; 0.4); border-radius: 8px; overflow: hidden; display: flex; flex-direction: column;'>\n<div style='padding: 15px; border-bottom: 1px solid rgba(150&comma; 150&comma; 150&comma; 0.2); font-weight: bold; font-size: 18px; color: inherit;'>Especificaciones<\/div>\n<div style='padding: 15px; color: inherit;'>\n<ul style='padding-left: 20px; margin: 0; font-size: 14px; list-style-type: disc;'>\n<li style='margin-bottom: 5px;'><strong>Voltaje Nominal:<\/strong> 415V<\/li>\n<li style='margin-bottom: 5px;'><strong>Capacidad de Ruptura Nominal:<\/strong> 6&comma;10KA (0.5~63A)<\/li>\n<li style='margin-bottom: 5px;'><strong>Curva Caracteristica:<\/strong> C<\/li>\n<li style='margin-bottom: 5px;'><strong>Max. Fusbile al que se Puede Conectar:<\/strong> 100AGL(>10KA)<\/li>\n<li style='margin-bottom: 5px;'><strong>Grado Selectivo:<\/strong> 3<\/li>\n<li style='margin-bottom: 5px;'><strong>Temperatura Ambiente de Trabajo:<\/strong> -5\u00b0C ~ +40\u00b0C<\/li>\n<li style='margin-bottom: 5px;'><strong>Proteccion:<\/strong> IP20<\/li>\n<li style='margin-bottom: 5px;'><strong>Vida Electrica:<\/strong> No Menos de 8000 Veces<\/li>\n<li style='margin-bottom: 5px;'><strong>Vida Mecanica:<\/strong> No menos de 20000 Veces<\/li>\n<\/ul><\/div>\n<\/p><\/div>\n<\/p><\/div>\n<hr style='border: 0; border-top: 1px solid rgba(150&comma; 150&comma; 150&comma; 0.3); margin: 30px 0;'> <\/div>\n","protected":false},"excerpt":{"rendered":"<p>Protecci\u00f3n T\u00e9rmica 2P, 20A,  Corriente Alterna  400 Vca para Aplicaci\u00f3n Fotovoltaica Montaje Riel DIN<\/p>\n","protected":false},"featured_media":50044,"comment_status":"open","ping_status":"closed","template":"","meta":[],"product_brand":[],"product_cat":[1069],"product_tag":[1066,1070,454],"class_list":{"0":"post-50045","1":"product","2":"type-product","3":"status-publish","4":"has-post-thumbnail","6":"product_cat-centros-de-carga-e-interruptores","7":"product_tag-area-electrica","8":"product_tag-centros-de-carga-e-interruptores","9":"product_tag-epcom-powerline","11":"first","12":"outofstock","13":"sale","14":"shipping-taxable","15":"purchasable","16":"product-type-simple"},"_links":{"self":[{"href":"https:\/\/soydeaqui.ddns.net\/pachuca\/index.php\/wp-json\/wp\/v2\/product\/50045","targetHints":{"allow":["GET"]}}],"collection":[{"href":"https:\/\/soydeaqui.ddns.net\/pachuca\/index.php\/wp-json\/wp\/v2\/product"}],"about":[{"href":"https:\/\/soydeaqui.ddns.net\/pachuca\/index.php\/wp-json\/wp\/v2\/types\/product"}],"replies":[{"embeddable":true,"href":"https:\/\/soydeaqui.ddns.net\/pachuca\/index.php\/wp-json\/wp\/v2\/comments?post=50045"}],"wp:featuredmedia":[{"embeddable":true,"href":"https:\/\/soydeaqui.ddns.net\/pachuca\/index.php\/wp-json\/wp\/v2\/media\/50044"}],"wp:attachment":[{"href":"https:\/\/soydeaqui.ddns.net\/pachuca\/index.php\/wp-json\/wp\/v2\/media?parent=50045"}],"wp:term":[{"taxonomy":"product_brand","embeddable":true,"href":"https:\/\/soydeaqui.ddns.net\/pachuca\/index.php\/wp-json\/wp\/v2\/product_brand?post=50045"},{"taxonomy":"product_cat","embeddable":true,"href":"https:\/\/soydeaqui.ddns.net\/pachuca\/index.php\/wp-json\/wp\/v2\/product_cat?post=50045"},{"taxonomy":"product_tag","embeddable":true,"href":"https:\/\/soydeaqui.ddns.net\/pachuca\/index.php\/wp-json\/wp\/v2\/product_tag?post=50045"}],"curies":[{"name":"wp","href":"https:\/\/api.w.org\/{rel}","templated":true}]}}