{"id":50031,"date":"2026-03-18T22:26:07","date_gmt":"2026-03-18T22:26:07","guid":{"rendered":"https:\/\/soydeaqui.ddns.net\/pachuca\/index.php\/producto\/proteccion-termica-interruptor-2p-40-a-corriente-directa-800-vcc-para-aplicacion-fotovoltaica-montaje-riel-din-2\/"},"modified":"2026-03-18T22:26:07","modified_gmt":"2026-03-18T22:26:07","slug":"proteccion-termica-interruptor-2p-40-a-corriente-directa-800-vcc-para-aplicacion-fotovoltaica-montaje-riel-din-2","status":"publish","type":"product","link":"https:\/\/soydeaqui.ddns.net\/pachuca\/index.php\/producto\/proteccion-termica-interruptor-2p-40-a-corriente-directa-800-vcc-para-aplicacion-fotovoltaica-montaje-riel-din-2\/","title":{"rendered":"Protecci\u00f3n T\u00e9rmica\/ Interruptor 2P, 40 A,  Corriente Directa  800 Vcc para Aplicaci\u00f3n Fotovoltaica Montaje Riel DIN"},"content":{"rendered":"<div style='width: 100%; max-width: 1200px; margin: 0 auto; font-family: sans-serif; line-height: 1.6; color: inherit; background-color: transparent;'>\n<div style='display: flex; flex-wrap: wrap; gap: 30px; margin-bottom: 30px;'>\n<div style='flex: 1 1 300px; min-width: 280px;'>\n<h3 style='font-size: 22px; border-bottom: 2px solid currentColor; padding-bottom: 5px; margin-top: 0; color: inherit; opacity: 0.8;'>Descripci\u00f3n<\/h3>\n<p style='font-size: 15px; color: inherit; margin-top: 0; margin-bottom: 15px; text-align: justify;'>Los protectores t\u00e9rmicos est\u00e1n dise\u00f1ados para proporcionar protecci\u00f3n contra sobrecorriente dentro de circuitos en corriente directa (CC&comma; CD) especialmente fabricadas para uso en energ\u00eda solar&comma; se instalan entre los paneles solares y el inversor de interconexi\u00f3n.<\/p>\n<\/p><\/div>\n<\/p><\/div>\n<div style='display: flex; flex-wrap: wrap; gap: 20px; margin-bottom: 30px;'>\n<div style='flex: 1 1 250px; border: 1px solid rgba(150&comma; 150&comma; 150&comma; 0.4); border-radius: 8px; overflow: hidden; display: flex; flex-direction: column;'>\n<div style='padding: 15px; border-bottom: 1px solid rgba(150&comma; 150&comma; 150&comma; 0.2); font-weight: bold; font-size: 18px; color: inherit;'>Caracter\u00edsticas El\u00e9ctricas<\/div>\n<div style='padding: 15px; color: inherit;'>\n<ul style='padding-left: 20px; margin: 0; font-size: 14px; list-style-type: disc;'>\n<li style='margin-bottom: 5px;'><strong>N\u00famero de polos:<\/strong> 2P<\/li>\n<li style='margin-bottom: 5px;'><strong>Voltaje de operaci\u00f3n (Vcc):<\/strong> 12V-800Vcc<\/li>\n<li style='margin-bottom: 5px;'><strong>Corriente Nominal (A):<\/strong> 40A<\/li>\n<li style='margin-bottom: 5px;'><strong>Tensi\u00f3n nominal de aislamiento Ui (Vcc):<\/strong> 1200VDC<\/li>\n<li style='margin-bottom: 5px;'><strong>Tensi\u00f3n nominal de impacto Uimp (KV):<\/strong> 4<\/li>\n<li style='margin-bottom: 5px;'><strong>Capacidad m\u00e1xima de ruptura Icu (KA):<\/strong> 6<\/li>\n<li style='margin-bottom: 5px;'><strong>Capacidad de ruptura al ejecutar Ics (%Icu):<\/strong> 75%<\/li>\n<li style='margin-bottom: 5px;'><strong>Tipo de curva:<\/strong> C<\/li>\n<\/ul><\/div>\n<\/p><\/div>\n<div style='flex: 1 1 250px; border: 1px solid rgba(150&comma; 150&comma; 150&comma; 0.4); border-radius: 8px; overflow: hidden; display: flex; flex-direction: column;'>\n<div style='padding: 15px; border-bottom: 1px solid rgba(150&comma; 150&comma; 150&comma; 0.2); font-weight: bold; font-size: 18px; color: inherit;'>Caracter\u00edsticas Mec\u00e1nicas<\/div>\n<div style='padding: 15px; color: inherit;'>\n<ul style='padding-left: 20px; margin: 0; font-size: 14px; list-style-type: disc;'>\n<li style='margin-bottom: 5px;'><strong>Tipo:<\/strong> Termomagn\u00e9tico<\/li>\n<li style='margin-bottom: 5px;'><strong>Valor Promedio Real:<\/strong> 20000<\/li>\n<li style='margin-bottom: 5px;'><strong>Estandar:<\/strong> 8500<\/li>\n<\/ul><\/div>\n<\/p><\/div>\n<div style='flex: 1 1 250px; border: 1px solid rgba(150&comma; 150&comma; 150&comma; 0.4); border-radius: 8px; overflow: hidden; display: flex; flex-direction: column;'>\n<div style='padding: 15px; border-bottom: 1px solid rgba(150&comma; 150&comma; 150&comma; 0.2); font-weight: bold; font-size: 18px; color: inherit;'>Caracter\u00edsticas El\u00e9ctricas<\/div>\n<div style='padding: 15px; color: inherit;'>\n<ul style='padding-left: 20px; margin: 0; font-size: 14px; list-style-type: disc;'>\n<li style='margin-bottom: 5px;'><strong>Valor Promedio Real:<\/strong> 2500<\/li>\n<li style='margin-bottom: 5px;'><strong>Estandar:<\/strong> 1500<\/li>\n<\/ul><\/div>\n<\/p><\/div>\n<\/p><\/div>\n<hr style='border: 0; border-top: 1px solid rgba(150&comma; 150&comma; 150&comma; 0.3); margin: 30px 0;'> <\/div>\n","protected":false},"excerpt":{"rendered":"<p>Protecci\u00f3n T\u00e9rmica\/ Interruptor 2P, 40 A,  Corriente Directa  800 Vcc para Aplicaci\u00f3n Fotovoltaica Montaje Riel DIN<\/p>\n","protected":false},"featured_media":50030,"comment_status":"open","ping_status":"closed","template":"","meta":[],"product_brand":[],"product_cat":[1246],"product_tag":[1088,454,1247],"class_list":{"0":"post-50031","1":"product","2":"type-product","3":"status-publish","4":"has-post-thumbnail","6":"product_cat-supresor-de-picos-vcc","7":"product_tag-calidad-de-la-energia","8":"product_tag-epcom-powerline","9":"product_tag-supresor-de-picos-vcc","11":"first","12":"instock","13":"sale","14":"shipping-taxable","15":"purchasable","16":"product-type-simple"},"_links":{"self":[{"href":"https:\/\/soydeaqui.ddns.net\/pachuca\/index.php\/wp-json\/wp\/v2\/product\/50031","targetHints":{"allow":["GET"]}}],"collection":[{"href":"https:\/\/soydeaqui.ddns.net\/pachuca\/index.php\/wp-json\/wp\/v2\/product"}],"about":[{"href":"https:\/\/soydeaqui.ddns.net\/pachuca\/index.php\/wp-json\/wp\/v2\/types\/product"}],"replies":[{"embeddable":true,"href":"https:\/\/soydeaqui.ddns.net\/pachuca\/index.php\/wp-json\/wp\/v2\/comments?post=50031"}],"wp:featuredmedia":[{"embeddable":true,"href":"https:\/\/soydeaqui.ddns.net\/pachuca\/index.php\/wp-json\/wp\/v2\/media\/50030"}],"wp:attachment":[{"href":"https:\/\/soydeaqui.ddns.net\/pachuca\/index.php\/wp-json\/wp\/v2\/media?parent=50031"}],"wp:term":[{"taxonomy":"product_brand","embeddable":true,"href":"https:\/\/soydeaqui.ddns.net\/pachuca\/index.php\/wp-json\/wp\/v2\/product_brand?post=50031"},{"taxonomy":"product_cat","embeddable":true,"href":"https:\/\/soydeaqui.ddns.net\/pachuca\/index.php\/wp-json\/wp\/v2\/product_cat?post=50031"},{"taxonomy":"product_tag","embeddable":true,"href":"https:\/\/soydeaqui.ddns.net\/pachuca\/index.php\/wp-json\/wp\/v2\/product_tag?post=50031"}],"curies":[{"name":"wp","href":"https:\/\/api.w.org\/{rel}","templated":true}]}}