{"id":50027,"date":"2026-03-18T22:25:59","date_gmt":"2026-03-18T22:25:59","guid":{"rendered":"https:\/\/soydeaqui.ddns.net\/pachuca\/index.php\/producto\/cable-electrico-de-uso-rudo-4-hilos-calibre-10-awg-hasta-600-v-rollo-de-100-m\/"},"modified":"2026-03-18T22:26:00","modified_gmt":"2026-03-18T22:26:00","slug":"cable-electrico-de-uso-rudo-4-hilos-calibre-10-awg-hasta-600-v-rollo-de-100-m","status":"publish","type":"product","link":"https:\/\/soydeaqui.ddns.net\/pachuca\/index.php\/producto\/cable-electrico-de-uso-rudo-4-hilos-calibre-10-awg-hasta-600-v-rollo-de-100-m\/","title":{"rendered":"Cable El\u00e9ctrico de Uso Rudo 4 Hilos Calibre 10 AWG, Hasta 600 V. Rollo de 100 m."},"content":{"rendered":"<div style='width: 100%; max-width: 1200px; margin: 0 auto; font-family: sans-serif; line-height: 1.6; color: inherit; background-color: transparent;'>\n<div style='display: flex; flex-wrap: wrap; gap: 30px; margin-bottom: 30px;'>\n<div style='flex: 1 1 100%; text-align: center;'>\n<h1 style='font-size: 28px; margin: 0; color: inherit;'><strong>RQ42\/100M<\/strong><\/h1>\n<h3 style='font-size: 18px; margin: 10px 0; color: inherit;'>Conductor de cobre suave con aislamiento de PVC autoextinguible<\/h3>\n<h3 style='font-size: 18px; margin: 10px 0; color: inherit;'>Venta en bobina de 100 metros<\/h3>\n<\/p><\/div>\n<\/p><\/div>\n<div style='display: flex; flex-wrap: wrap; gap: 30px; margin-bottom: 30px;'>\n<div style='flex: 1 1 100%; text-align: center;'>\n<p style='margin: 0 70px 30px 70px; font-size: 15px; color: inherit;'> Los conductores THW-LS son de alta seguridad&comma; son fabricados para uso confiable en lugares secos&comma; mojados o en aceite&comma; e instalados en ducto&comma; conduit o en charolas. Sus excelentes propiedades autoextinguibles&comma; lo hace ideal para ser instalado en construcciones de vivienda y peque\u00f1os comercios. <\/p>\n<\/p><\/div>\n<\/p><\/div>\n<div style='display: flex; flex-wrap: wrap; gap: 30px; margin-bottom: 30px;'> <!-- CARACTERISTICAS --> <\/p>\n<div style='flex: 1 1 300px; min-width: 280px;'>\n<div style='border: 1px solid rgba(150&comma; 150&comma; 150&comma; 0.4); border-radius: 8px; overflow: hidden; display: flex; flex-direction: column;'>\n<div style='padding: 15px; border-bottom: 1px solid rgba(150&comma; 150&comma; 150&comma; 0.2); font-weight: bold; font-size: 18px; color: inherit;'>Caracter\u00edsticas:<\/div>\n<div style='padding: 15px; color: inherit;'> <img style='width: 100%; height: auto; border: 1px solid rgba(150&comma;150&comma;150&comma;0.3); border-radius: 8px;' src='https:\/\/ftp3.syscom.mx\/usuarios\/fotos\/BancoFotografiasSyscom\/INDIANA\/RQ42_100M\/RQ42_100M-p.PNG' alt=''> <\/p>\n<ul style='padding-left: 20px; margin: 20px 0 0 0; font-size: 14px; list-style-type: disc; color: inherit;'>\n<li style='margin-bottom: 5px;'><strong>Calibre:<\/strong> 4 X 10 AWG<\/li>\n<li style='margin-bottom: 5px;'><strong>N\u00famero de hilos:<\/strong> 19<\/li>\n<li style='margin-bottom: 5px;'><strong>\u00c1rea de conductor:<\/strong> 5.26 mm\u00b2<\/li>\n<li style='margin-bottom: 5px;'><strong>Di\u00e1metro de Conductor:<\/strong> 13 mm.<\/li>\n<li style='margin-bottom: 5px;'><strong>Espesor del Aislamiento:<\/strong> 1.52 mm.<\/li>\n<li style='margin-bottom: 5px;'><strong>Di\u00e1metro Exterior:<\/strong> 10.3 mm.<\/li>\n<li style='margin-bottom: 5px;'><strong>Peso por Metro:<\/strong> 0.268 kg.<\/li>\n<li style='margin-bottom: 5px;'><strong>Color de Recubrimiento:<\/strong> Negro.<\/li>\n<li style='margin-bottom: 5px;'><strong>4 conductores:<\/strong> Negro&comma; blanco&comma; rojo y verde.<\/li>\n<li style='margin-bottom: 5px;'><strong>Presentaci\u00f3n:<\/strong> Rollo con 100 m.<\/li>\n<\/ul><\/div>\n<\/p><\/div>\n<\/p><\/div>\n<p> <!-- ESPECIFICACIONES --> <\/p>\n<div style='flex: 1 1 300px; min-width: 280px;'>\n<div style='border: 1px solid rgba(150&comma; 150&comma; 150&comma; 0.4); border-radius: 8px; overflow: hidden; display: flex; flex-direction: column;'>\n<div style='padding: 15px; border-bottom: 1px solid rgba(150&comma; 150&comma; 150&comma; 0.2); font-weight: bold; font-size: 18px; color: inherit;'>Especificaciones:<\/div>\n<div style='padding: 15px; color: inherit;'> <img style='width: 100%; height: auto; border: 1px solid rgba(150&comma;150&comma;150&comma;0.3); border-radius: 8px;' src='https:\/\/ftp3.syscom.mx\/usuarios\/fotos\/BancoFotografiasSyscom\/INDIANA\/RQ42_100M\/RQ42_100M-p.PNG' alt=''> <\/p>\n<ul style='padding-left: 20px; margin: 20px 0 0 0; font-size: 14px; list-style-type: disc; color: inherit;'>\n<li style='margin-bottom: 5px;'><strong>NMX-J-010-ANCE<\/strong><\/li>\n<li style='margin-bottom: 5px;'><strong>Temperatura de operaci\u00f3n en lugares secos:<\/strong> 90 \u00b0C<\/li>\n<li style='margin-bottom: 5px;'><strong>Temperatura de operaci\u00f3n en lugares mojados:<\/strong> 75 \u00b0C<\/li>\n<li style='margin-bottom: 5px;'><strong>Atributos:<\/strong><\/li>\n<li style='margin-bottom: 5px;'>LS : Resistente a la propagaci\u00f3n del incendio&comma; baja emisi\u00f3n de humos y bajo contenido de gas \u00e1cido<\/li>\n<li style='margin-bottom: 5px;'>FV2 (VW-1) : Antiflama<\/li>\n<li style='margin-bottom: 5px;'><strong>Deslizable<\/strong><\/li>\n<li style='margin-bottom: 5px;'>CT* Aprobado para uso en charolas portacables<\/li>\n<li style='margin-bottom: 5px;'>SR* Resistente a la intemperie y a la luz solar<\/li>\n<\/ul><\/div>\n<\/p><\/div>\n<\/p><\/div>\n<p> <!-- PRODUCTOS RELACIONADOS --> <\/p>\n<div style='flex: 1 1 300px; min-width: 280px;'>\n<div style='border: 1px solid rgba(150&comma; 150&comma; 150&comma; 0.4); border-radius: 8px; overflow: hidden; display: flex; flex-direction: column;'>\n<div style='padding: 15px; border-bottom: 1px solid rgba(150&comma; 150&comma; 150&comma; 0.2); font-weight: bold; font-size: 18px; color: inherit;'>Productos relacionados:<\/div>\n<div style='padding: 15px; color: inherit;'> <img style='width: 100%; height: auto; border: 1px solid rgba(150&comma;150&comma;150&comma;0.3); border-radius: 8px;' src='https:\/\/ftp3.syscom.mx\/usuarios\/fotos\/BancoFotografiasSyscom\/INDIANA\/RQ42_100M\/RQ42_100M-p.PNG' alt=''> <\/p>\n<ul style='padding-left: 20px; margin: 20px 0 0 0; font-size: 14px; list-style-type: disc; color: inherit;'>\n<li style='margin-bottom: 5px;'><strong>2 X 10 AWG :<\/strong> RQ35\/100M<\/li>\n<li style='margin-bottom: 5px;'><strong>2 X 12 AWG :<\/strong> RQ34\/100M<\/li>\n<li style='margin-bottom: 5px;'><strong>2 X 14 AWG :<\/strong> RQ33\/100M<\/li>\n<li style='margin-bottom: 5px;'><strong>2 X 18 AWG :<\/strong> VD63\/100M<\/li>\n<li style='margin-bottom: 5px;'><strong>3 X 10 AWG :<\/strong> RQ39\/100M<\/li>\n<li style='margin-bottom: 5px;'><strong>3 X 12 AWG :<\/strong> RQ38\/100M<\/li>\n<li style='margin-bottom: 5px;'><strong>3 X 14 AWG :<\/strong> RQ37\/100M<\/li>\n<li style='margin-bottom: 5px;'><strong>3 X 16 AWG :<\/strong> RQ36\/100M<\/li>\n<li style='margin-bottom: 5px;'><strong>3 X 18 AWG :<\/strong> VD64\/100M<\/li>\n<li style='margin-bottom: 5px;'><strong>4 X 10 AWG :<\/strong> RQ42\/100M<\/li>\n<li style='margin-bottom: 5px;'><strong>4 X 12 AWG :<\/strong> RQ41\/100M<\/li>\n<li style='margin-bottom: 5px;'><strong>6 X 14 AWG :<\/strong> RQ40\/100M<\/li>\n<li style='margin-bottom: 5px;'><strong>4 X 16 AWG :<\/strong> VD65\/100M<\/li>\n<li style='margin-bottom: 5px;'><strong>4 X 18 AWG :<\/strong> VD66\/100M<\/li>\n<\/ul><\/div>\n<\/p><\/div>\n<\/p><\/div>\n<\/p><\/div>\n<p> <!-- IMAGEN FINAL --> <\/p>\n<div style='display: flex; flex-wrap: wrap; gap: 30px; margin-bottom: 30px;'>\n<div style='flex: 1 1 100%; text-align: center;'> <img style='width: 100%; height: auto; border: 1px solid rgba(150&comma;150&comma;150&comma;0.3); border-radius: 8px;' src='https:\/\/ftp3.syscom.mx\/usuarios\/fotos\/RQ42\/100M\/193783-uso_rudo_42.png' alt=''> <\/div>\n<\/p><\/div>\n<p> <!-- Separador --> <\/p>\n<hr style='border: 0; border-top: 1px solid rgba(150&comma; 150&comma; 150&comma; 0.3); margin: 30px 0;'> <\/div>\n","protected":false},"excerpt":{"rendered":"<p>Cable El\u00e9ctrico de Uso Rudo 4 Hilos Calibre 10 AWG, Hasta 600 V. Rollo de 100 m.<\/p>\n","protected":false},"featured_media":50026,"comment_status":"open","ping_status":"closed","template":"","meta":[],"product_brand":[],"product_cat":[1122],"product_tag":[1066,1123,1124],"class_list":{"0":"post-50027","1":"product","2":"type-product","3":"status-publish","4":"has-post-thumbnail","6":"product_cat-cableado-electrico","7":"product_tag-area-electrica","8":"product_tag-cableado-electrico","9":"product_tag-indiana","11":"first","12":"outofstock","13":"sale","14":"shipping-taxable","15":"purchasable","16":"product-type-simple"},"_links":{"self":[{"href":"https:\/\/soydeaqui.ddns.net\/pachuca\/index.php\/wp-json\/wp\/v2\/product\/50027","targetHints":{"allow":["GET"]}}],"collection":[{"href":"https:\/\/soydeaqui.ddns.net\/pachuca\/index.php\/wp-json\/wp\/v2\/product"}],"about":[{"href":"https:\/\/soydeaqui.ddns.net\/pachuca\/index.php\/wp-json\/wp\/v2\/types\/product"}],"replies":[{"embeddable":true,"href":"https:\/\/soydeaqui.ddns.net\/pachuca\/index.php\/wp-json\/wp\/v2\/comments?post=50027"}],"wp:featuredmedia":[{"embeddable":true,"href":"https:\/\/soydeaqui.ddns.net\/pachuca\/index.php\/wp-json\/wp\/v2\/media\/50026"}],"wp:attachment":[{"href":"https:\/\/soydeaqui.ddns.net\/pachuca\/index.php\/wp-json\/wp\/v2\/media?parent=50027"}],"wp:term":[{"taxonomy":"product_brand","embeddable":true,"href":"https:\/\/soydeaqui.ddns.net\/pachuca\/index.php\/wp-json\/wp\/v2\/product_brand?post=50027"},{"taxonomy":"product_cat","embeddable":true,"href":"https:\/\/soydeaqui.ddns.net\/pachuca\/index.php\/wp-json\/wp\/v2\/product_cat?post=50027"},{"taxonomy":"product_tag","embeddable":true,"href":"https:\/\/soydeaqui.ddns.net\/pachuca\/index.php\/wp-json\/wp\/v2\/product_tag?post=50027"}],"curies":[{"name":"wp","href":"https:\/\/api.w.org\/{rel}","templated":true}]}}