{"id":50016,"date":"2026-03-18T22:25:42","date_gmt":"2026-03-18T22:25:42","guid":{"rendered":"https:\/\/soydeaqui.ddns.net\/pachuca\/index.php\/producto\/regulador-de-voltaje-de-1000va-500w-entrada-nema-5-15p-con-8-salidas-nema-5-15r-y-supresion-de-picos-a-245-joules\/"},"modified":"2026-03-18T22:25:46","modified_gmt":"2026-03-18T22:25:46","slug":"regulador-de-voltaje-de-1000va-500w-entrada-nema-5-15p-con-8-salidas-nema-5-15r-y-supresion-de-picos-a-245-joules","status":"publish","type":"product","link":"https:\/\/soydeaqui.ddns.net\/pachuca\/index.php\/producto\/regulador-de-voltaje-de-1000va-500w-entrada-nema-5-15p-con-8-salidas-nema-5-15r-y-supresion-de-picos-a-245-joules\/","title":{"rendered":"Regulador De Voltaje de 1000VA\/500W, Entrada NEMA 5-15P, Con 8 Salidas NEMA 5-15R y Supresi\u00f3n de Picos a 245 Joules"},"content":{"rendered":"<div style='width: 100%; max-width: 1200px; margin: 0 auto; font-family: sans-serif; line-height: 1.6; color: inherit; background-color: transparent;'> <!-- Logo de la marca --> <\/p>\n<div style='text-align: center; margin-bottom: 30px;'> <img style='width: 100%; max-width: 600px; height: auto; border: 1px solid rgba(150&comma;150&comma;150&comma;0.3); border-radius: 8px;' src='https:\/\/ftp3.syscom.mx\/usuarios\/fotos\/logotipos\/cyberpower.png' alt=''> <\/div>\n<p> <!-- Descripci\u00f3n general --> <\/p>\n<div style='margin-bottom: 30px;'>\n<p style='font-size: 15px; color: inherit; margin-bottom: 15px;'>Ideal para el hogar y oficina&comma; la serie CL tiene una funci\u00f3n de regulaci\u00f3n autom\u00e1tica de voltaje (AVR) incorporada para ofrecer energ\u00eda AC estabilizada&comma; especialmente adecuada para \u00e1reas con servicios p\u00fablicos inestables o para uso con generadores. Los reguladores tienen tomacorrientes integrados protegidos contra sobretensiones y picos de voltaje&comma; filtro EMI y protecci\u00f3n contra sobrecargas para proteger el equipo conectado. El regulador de voltaje est\u00e1 equipado con un indicador LED para mostrar el estado de la energ\u00eda.<\/p>\n<\/p><\/div>\n<p> <!-- Secci\u00f3n de caracter\u00edsticas --> <\/p>\n<div style='display: flex; flex-wrap: wrap; gap: 30px; margin-bottom: 30px;'>\n<div style='flex: 1 1 300px; min-width: 280px;'>\n<h3 style='font-size: 22px; border-bottom: 2px solid currentColor; padding-bottom: 5px; margin-top: 0; color: inherit; opacity: 0.8;'>Caracter\u00edsticas<\/h3>\n<ul style='padding-left: 20px; font-size: 15px; color: inherit;'>\n<li style='margin-bottom: 5px;'>Regulaci\u00f3n autom\u00e1tica de voltaje (AVR)<\/li>\n<li style='margin-bottom: 5px;'>Compatible con generador<\/li>\n<li style='margin-bottom: 5px;'>Protecci\u00f3n de sobrecarga<\/li>\n<li style='margin-bottom: 5px;'>Protecci\u00f3n contra sobretensiones y picos de voltaje<\/li>\n<li style='margin-bottom: 5px;'>Filtraci\u00f3n EMI y RFI<\/li>\n<li style='margin-bottom: 5px;'>Indicador de estado LED<\/li>\n<li style='margin-bottom: 5px;'>Factor de forma compacto<\/li>\n<\/ul><\/div>\n<\/p><\/div>\n<p> <!-- Secci\u00f3n de especificaciones --> <\/p>\n<div style='display: flex; flex-wrap: wrap; gap: 20px; margin-bottom: 30px;'>\n<div style='flex: 1 1 250px; border: 1px solid rgba(150&comma; 150&comma; 150&comma; 0.4); border-radius: 8px; overflow: hidden; display: flex; flex-direction: column;'>\n<div style='padding: 15px; border-bottom: 1px solid rgba(150&comma; 150&comma; 150&comma; 0.2); font-weight: bold; font-size: 18px; color: inherit;'>Especificaciones t\u00e9cnicas<\/div>\n<div style='padding: 15px; color: inherit;'>\n<ul style='padding-left: 20px; margin: 0; font-size: 14px; list-style-type: disc; color: inherit;'>\n<li style='margin-bottom: 5px;'><strong>Voltaje de entrada nominal (Vca):<\/strong> 120 \u00b1 10%<\/li>\n<li style='margin-bottom: 5px;'><strong>Rango de voltaje de entrada (Vca):<\/strong> 82 ~ 148<\/li>\n<li style='margin-bottom: 5px;'><strong>Rango de frecuencia de entrada (Hz):<\/strong> 45 ~ 65<\/li>\n<li style='margin-bottom: 5px;'><strong>Corriente nominal de entrada (Amp):<\/strong> 6<\/li>\n<li style='margin-bottom: 5px;'><strong>Tipo de Enchufe de Entrada:<\/strong> NEMA 5-15P<\/li>\n<li style='margin-bottom: 5px;'><img style='width: 40px; height: 40px; border: 1px solid rgba(150&comma;150&comma;150&comma;0.3); border-radius: 4px; vertical-align: middle; margin: 0 5px -5px 0;' src='https:\/\/www.cyberpower.com\/mx\/es\/File\/GetImageByDocId\/GeneralAttribute-235' alt=''> NEMA 5-15P<\/li>\n<li style='margin-bottom: 5px;'><strong>Capacidad:<\/strong> 1000VA\/500W<\/li>\n<li style='margin-bottom: 5px;'><strong>Regulaci\u00f3n autom\u00e1tica de voltaje (AVR):<\/strong> Impulsor \u00fanico&comma; Reductor \u00fanico<\/li>\n<li style='margin-bottom: 5px;'><strong>Protecci\u00f3n de sobrecarga:<\/strong> Disyuntor<\/li>\n<li style='margin-bottom: 5px;'><strong>Total de Salidas:<\/strong> 8 NEMA 5-15R<\/li>\n<li style='margin-bottom: 5px;'><img style='width: 40px; height: 40px; border: 1px solid rgba(150&comma;150&comma;150&comma;0.3); border-radius: 4px; vertical-align: middle; margin: 0 5px -5px 0;' src='https:\/\/www.cyberpower.com\/mx\/es\/File\/GetImageByDocId\/GeneralAttribute-238' alt=''> NEMA 5-15R<\/li>\n<li style='margin-bottom: 5px;'><strong>Salidas con solo supresi\u00f3n de picos:<\/strong> 4<\/li>\n<li style='margin-bottom: 5px;'><strong>Salidas con regulaci\u00f3n y supresi\u00f3n de picos:<\/strong> 4<\/li>\n<li style='margin-bottom: 5px;'><strong>Supresi\u00f3n de picos (joules):<\/strong> 245<\/li>\n<li style='margin-bottom: 5px;'><strong>Filtro EMI\/RFI:<\/strong> S\u00ed<\/li>\n<li style='margin-bottom: 5px;'><strong>Indicadores LED:<\/strong> Normal&comma; AVR&comma; Falla<\/li>\n<li style='margin-bottom: 5px;'><strong>Factor de Forma:<\/strong> Compacto<\/li>\n<li style='margin-bottom: 5px;'><strong>Dimensiones:<\/strong> 205 x 115 x 146 mm (Ancho x Alto x Profundidad)<\/li>\n<li style='margin-bottom: 5px;'><strong>Peso:<\/strong> 1.6 kg.<\/li>\n<li style='margin-bottom: 5px;'><strong>Temperatura de operaci\u00f3n:<\/strong> 0 a 40 \u00b0C<\/li>\n<li style='margin-bottom: 5px;'><strong>RoHS:<\/strong> S\u00ed<\/li>\n<\/ul><\/div>\n<\/p><\/div>\n<\/p><\/div>\n<p> <!-- Separador --> <\/p>\n<hr style='border: 0; border-top: 1px solid rgba(150&comma; 150&comma; 150&comma; 0.3); margin: 30px 0;'> <\/div>\n","protected":false},"excerpt":{"rendered":"<p>Regulador De Voltaje de 1000VA\/500W, Entrada NEMA 5-15P, Con 8 Salidas NEMA 5-15R y Supresi\u00f3n de Picos a 245 Joules<\/p>\n","protected":false},"featured_media":50015,"comment_status":"open","ping_status":"closed","template":"","meta":[],"product_brand":[],"product_cat":[1240],"product_tag":[1088,677,1241],"class_list":{"0":"post-50016","1":"product","2":"type-product","3":"status-publish","4":"has-post-thumbnail","6":"product_cat-reguladores","7":"product_tag-calidad-de-la-energia","8":"product_tag-cyberpower","9":"product_tag-reguladores","11":"first","12":"instock","13":"sale","14":"shipping-taxable","15":"purchasable","16":"product-type-simple"},"_links":{"self":[{"href":"https:\/\/soydeaqui.ddns.net\/pachuca\/index.php\/wp-json\/wp\/v2\/product\/50016","targetHints":{"allow":["GET"]}}],"collection":[{"href":"https:\/\/soydeaqui.ddns.net\/pachuca\/index.php\/wp-json\/wp\/v2\/product"}],"about":[{"href":"https:\/\/soydeaqui.ddns.net\/pachuca\/index.php\/wp-json\/wp\/v2\/types\/product"}],"replies":[{"embeddable":true,"href":"https:\/\/soydeaqui.ddns.net\/pachuca\/index.php\/wp-json\/wp\/v2\/comments?post=50016"}],"wp:featuredmedia":[{"embeddable":true,"href":"https:\/\/soydeaqui.ddns.net\/pachuca\/index.php\/wp-json\/wp\/v2\/media\/50015"}],"wp:attachment":[{"href":"https:\/\/soydeaqui.ddns.net\/pachuca\/index.php\/wp-json\/wp\/v2\/media?parent=50016"}],"wp:term":[{"taxonomy":"product_brand","embeddable":true,"href":"https:\/\/soydeaqui.ddns.net\/pachuca\/index.php\/wp-json\/wp\/v2\/product_brand?post=50016"},{"taxonomy":"product_cat","embeddable":true,"href":"https:\/\/soydeaqui.ddns.net\/pachuca\/index.php\/wp-json\/wp\/v2\/product_cat?post=50016"},{"taxonomy":"product_tag","embeddable":true,"href":"https:\/\/soydeaqui.ddns.net\/pachuca\/index.php\/wp-json\/wp\/v2\/product_tag?post=50016"}],"curies":[{"name":"wp","href":"https:\/\/api.w.org\/{rel}","templated":true}]}}