{"id":50009,"date":"2026-03-18T22:25:30","date_gmt":"2026-03-18T22:25:30","guid":{"rendered":"https:\/\/soydeaqui.ddns.net\/pachuca\/index.php\/producto\/conector-en-forma-de-t-para-2-contactos-para-una-conexion-rapida\/"},"modified":"2026-03-18T22:25:39","modified_gmt":"2026-03-18T22:25:39","slug":"conector-en-forma-de-t-para-2-contactos-para-una-conexion-rapida","status":"publish","type":"product","link":"https:\/\/soydeaqui.ddns.net\/pachuca\/index.php\/producto\/conector-en-forma-de-t-para-2-contactos-para-una-conexion-rapida\/","title":{"rendered":"Conector en forma de T para 2 Contactos \/ Para una Conexi\u00f3n R\u00e1pida"},"content":{"rendered":"<div style='width: 100%; max-width: 1200px; margin: 0 auto; font-family: sans-serif; line-height: 1.6; color: inherit; background-color: transparent;'>\n<div style='text-align: center; margin-bottom: 30px;'>\n<h1 style='font-size: 28px; color: inherit; margin-bottom: 10px;'><strong>TCON2<\/strong><\/h1>\n<h3 style='font-size: 20px; color: inherit; margin-bottom: 20px;'>Conector en forma T para 2 contactos<\/h3>\n<p style='font-size: 16px; color: inherit; margin: 0 auto; max-width: 800px;'>Herramienta pr\u00e1ctica&comma; sencilla y \u00f3ptima aplicada en el cableado el\u00e9ctrico. <strong>\u00a1Para una f\u00e1cil y profesional uni\u00f3n entre cables!<\/strong><\/p>\n<\/p><\/div>\n<div style='display: flex; flex-wrap: wrap; gap: 30px; margin-bottom: 30px;'>\n<div style='flex: 1 1 300px; min-width: 280px;'>\n<div style='border: 1px solid rgba(150&comma; 150&comma; 150&comma; 0.3); border-radius: 8px; overflow: hidden; background-color: rgba(238&comma; 238&comma; 238&comma; 0.8);'>\n<div style='background-color: rgba(238&comma; 238&comma; 238&comma; 0.8);'> <img style='width: 100%; height: auto; border: 1px solid rgba(150&comma;150&comma;150&comma;0.3); border-radius: 8px;' src='https:\/\/ftp3.syscom.mx\/usuarios\/fotos\/BancoFotografiasSyscom\/EPCOMPOWERLINE\/TCON2\/TCON2-FRENTE-p.PNG' alt=''> <\/div>\n<div style='padding: 15px;'>\n<h3 style='font-size: 20px; border-bottom: 2px solid currentColor; padding-bottom: 5px; margin-top: 0; color: inherit; opacity: 0.8;'>Caracter\u00edsticas<\/h3>\n<ul style='padding-left: 20px; font-size: 15px; color: inherit;'>\n<li style='margin-bottom: 5px;'><span style='color: inherit; font-size: 14px; background-color: transparent;'>Terminal de conexi\u00f3n de cable r\u00e1pido.<\/span><\/li>\n<li style='margin-bottom: 5px;'><strong><span style='color: inherit;'>Permite extraer la se\u00f1al de 2 cables sin necesidad de cortarlos.<\/span><\/strong><\/li>\n<li style='margin-bottom: 5px;'>2 cables o contactos<\/li>\n<\/ul><\/div>\n<\/p><\/div>\n<\/p><\/div>\n<div style='flex: 1 1 300px; min-width: 280px;'>\n<div style='border: 1px solid rgba(150&comma; 150&comma; 150&comma; 0.3); border-radius: 8px; overflow: hidden; background-color: rgba(238&comma; 238&comma; 238&comma; 0.8);'>\n<div style='background-color: rgba(238&comma; 238&comma; 238&comma; 0.8);'> <img style='width: 100%; height: auto; border: 1px solid rgba(150&comma;150&comma;150&comma;0.3); border-radius: 8px;' src='https:\/\/ftp3.syscom.mx\/usuarios\/fotos\/BancoFotografiasSyscom\/EPCOMPOWERLINE\/TCON2\/TCON2-LAT-IZQ-p.PNG' alt=''> <\/div>\n<div style='padding: 15px;'>\n<h3 style='font-size: 20px; border-bottom: 2px solid currentColor; padding-bottom: 5px; margin-top: 0; color: inherit; opacity: 0.8;'>Especificaciones f\u00edsicas<\/h3>\n<ul style='padding-left: 20px; font-size: 15px; color: inherit;'>\n<li style='margin-bottom: 5px;'>Color Transparente con Negro<\/li>\n<li style='margin-bottom: 5px;'>Tama\u00f1o de cable: 0.35 a 0.75mm\u00b2<\/li>\n<li style='margin-bottom: 5px;'>M\u00e1ximo di\u00e1metro de cable: 2.1mm<\/li>\n<\/ul><\/div>\n<\/p><\/div>\n<\/p><\/div>\n<div style='flex: 1 1 300px; min-width: 280px;'>\n<div style='border: 1px solid rgba(150&comma; 150&comma; 150&comma; 0.3); border-radius: 8px; overflow: hidden; background-color: rgba(238&comma; 238&comma; 238&comma; 0.8);'>\n<div style='background-color: rgba(238&comma; 238&comma; 238&comma; 0.8);'> <img style='width: 100%; height: auto; border: 1px solid rgba(150&comma;150&comma;150&comma;0.3); border-radius: 8px;' src='https:\/\/ftp3.syscom.mx\/usuarios\/fotos\/BancoFotografiasSyscom\/EPCOMPOWERLINE\/TCON2\/TCON2-AD-1-p.PNG' alt=''> <\/div>\n<div style='padding: 15px;'>\n<h3 style='font-size: 20px; border-bottom: 2px solid currentColor; padding-bottom: 5px; margin-top: 0; color: inherit; opacity: 0.8;'>Aplicaciones<\/h3>\n<ul style='padding-left: 20px; font-size: 15px; color: inherit;'>\n<li style='margin-bottom: 5px;'><span style='color: inherit;'>Herramienta pr\u00e1ctica&comma; sencilla y \u00f3ptima aplicada en el cableado el\u00e9ctrico.<\/span><\/li>\n<li style='margin-bottom: 5px;'><strong><span style='color: inherit;'>Para una conexi\u00f3n r\u00e1pida en pruebas o instalaciones sencillas.<\/span><\/strong><\/li>\n<\/ul><\/div>\n<\/p><\/div>\n<\/p><\/div>\n<\/p><\/div>\n<div style='display: flex; justify-content: center; margin: 30px 0;'> <img style='width: 100%; max-width: 700px; height: auto; border: 1px solid rgba(150&comma;150&comma;150&comma;0.3); border-radius: 8px;' src='http:\/\/ftp3.syscom.mx\/usuarios\/maguilar\/Epcom%20Power%20Line\/TCON2\/TCON2.jpg' alt=''> <\/div>\n<\/p><\/div>\n","protected":false},"excerpt":{"rendered":"<p>Conector en forma de T para 2 Contactos \/ Para una Conexi\u00f3n R\u00e1pida<\/p>\n","protected":false},"featured_media":50008,"comment_status":"open","ping_status":"closed","template":"","meta":[],"product_brand":[],"product_cat":[1095],"product_tag":[454,1058,1096],"class_list":{"0":"post-50009","1":"product","2":"type-product","3":"status-publish","4":"has-post-thumbnail","6":"product_cat-terminales-y-conectores-electricos","7":"product_tag-epcom-powerline","8":"product_tag-ferreteria","9":"product_tag-terminales-y-conectores-electricos","11":"first","12":"instock","13":"sale","14":"shipping-taxable","15":"purchasable","16":"product-type-simple"},"_links":{"self":[{"href":"https:\/\/soydeaqui.ddns.net\/pachuca\/index.php\/wp-json\/wp\/v2\/product\/50009","targetHints":{"allow":["GET"]}}],"collection":[{"href":"https:\/\/soydeaqui.ddns.net\/pachuca\/index.php\/wp-json\/wp\/v2\/product"}],"about":[{"href":"https:\/\/soydeaqui.ddns.net\/pachuca\/index.php\/wp-json\/wp\/v2\/types\/product"}],"replies":[{"embeddable":true,"href":"https:\/\/soydeaqui.ddns.net\/pachuca\/index.php\/wp-json\/wp\/v2\/comments?post=50009"}],"wp:featuredmedia":[{"embeddable":true,"href":"https:\/\/soydeaqui.ddns.net\/pachuca\/index.php\/wp-json\/wp\/v2\/media\/50008"}],"wp:attachment":[{"href":"https:\/\/soydeaqui.ddns.net\/pachuca\/index.php\/wp-json\/wp\/v2\/media?parent=50009"}],"wp:term":[{"taxonomy":"product_brand","embeddable":true,"href":"https:\/\/soydeaqui.ddns.net\/pachuca\/index.php\/wp-json\/wp\/v2\/product_brand?post=50009"},{"taxonomy":"product_cat","embeddable":true,"href":"https:\/\/soydeaqui.ddns.net\/pachuca\/index.php\/wp-json\/wp\/v2\/product_cat?post=50009"},{"taxonomy":"product_tag","embeddable":true,"href":"https:\/\/soydeaqui.ddns.net\/pachuca\/index.php\/wp-json\/wp\/v2\/product_tag?post=50009"}],"curies":[{"name":"wp","href":"https:\/\/api.w.org\/{rel}","templated":true}]}}