{"id":49981,"date":"2026-03-18T22:24:45","date_gmt":"2026-03-18T22:24:45","guid":{"rendered":"https:\/\/soydeaqui.ddns.net\/pachuca\/index.php\/producto\/controlador-solar-mppt-30a-12-24-36-48-v-maximo-voltaje-de-circuito-abierto-voc-150-vcc-configurable-para-baterias-de-litio\/"},"modified":"2026-03-18T22:24:50","modified_gmt":"2026-03-18T22:24:50","slug":"controlador-solar-mppt-30a-12-24-36-48-v-maximo-voltaje-de-circuito-abierto-voc-150-vcc-configurable-para-baterias-de-litio","status":"publish","type":"product","link":"https:\/\/soydeaqui.ddns.net\/pachuca\/index.php\/producto\/controlador-solar-mppt-30a-12-24-36-48-v-maximo-voltaje-de-circuito-abierto-voc-150-vcc-configurable-para-baterias-de-litio\/","title":{"rendered":"Controlador Solar MPPT 30A 12\/24\/36\/48 V, M\u00e1ximo Voltaje de Circuito Abierto Voc 150 Vcc, Configurable para Bater\u00edas de Litio"},"content":{"rendered":"<div style='width: 100%; max-width: 1200px; margin: 0 auto; font-family: sans-serif; line-height: 1.6; color: inherit; background-color: transparent;'> <!-- Logo --> <\/p>\n<div style='text-align: center; margin-bottom: 30px;'> <img style='width: 100%; max-width: 450px; height: auto; border: 1px solid rgba(150&comma;150&comma;150&comma;0.3); border-radius: 8px;' src='https:\/\/ftp3.syscom.mx\/usuarios\/anavarro\/EPEVER\/IPOWER\/LOGOEPEVER.png' alt='Logo EPEVER'> <\/div>\n<p> <!-- Caracter\u00edsticas principales --> <\/p>\n<div style='display: flex; flex-wrap: wrap; gap: 30px; margin-bottom: 30px;'>\n<div style='flex: 1 1 300px; min-width: 280px;'>\n<h3 style='font-size: 22px; border-bottom: 2px solid currentColor; padding-bottom: 5px; margin-top: 0; color: inherit; opacity: 0.8;'>Caracter\u00edsticas Principales<\/h3>\n<ul style='padding-left: 20px; font-size: 15px; color: inherit;'>\n<li style='margin-bottom: 5px;'>Compatibilidad con Bater\u00edas de Litio&comma; AGM-VRLA&comma; Gel&comma; Etc.<\/li>\n<\/ul><\/div>\n<\/p><\/div>\n<p> <!-- Secci\u00f3n Caracter\u00edsticas T\u00e9cnicas --> <\/p>\n<div style='display: flex; flex-wrap: wrap; gap: 20px; margin-bottom: 30px;'>\n<div style='flex: 1 1 250px; border: 1px solid rgba(150&comma; 150&comma; 150&comma; 0.4); border-radius: 8px; overflow: hidden; display: flex; flex-direction: column;'>\n<div style='padding: 15px; border-bottom: 1px solid rgba(150&comma; 150&comma; 150&comma; 0.2); font-weight: bold; font-size: 18px; color: inherit;'>Caracter\u00edsticas serie XTRA-N<\/div>\n<div style='padding: 15px; color: inherit;'>\n<ul style='padding-left: 20px; margin: 0; font-size: 14px; list-style-type: disc;'>\n<li style='margin-bottom: 5px;'>Controlador con Tecnolog\u00eda Avanzada MPPT&comma; tierra negativo com\u00fan.<\/li>\n<li style='margin-bottom: 5px;'>Dise\u00f1o a prueba de polvo e impermeable con clase IP32.<\/li>\n<li style='margin-bottom: 5px;'>Amplio rango de voltaje de operaci\u00f3n MPP.<\/li>\n<li style='margin-bottom: 5px;'>M\u00faltiples modos de trabajo de carga.<\/li>\n<li style='margin-bottom: 5px;'>Con la interfaz del bus de comunicaci\u00f3n RS-485.<\/li>\n<li style='margin-bottom: 5px;'>Amplia protecci\u00f3n electr\u00f3nica.<\/li>\n<\/ul><\/div>\n<\/p><\/div>\n<\/p><\/div>\n<p> <!-- Advertencias importantes --> <\/p>\n<div style='margin-bottom: 30px; background-color: rgba(255&comma; 223&comma; 0&comma; 0.1); border-left: 4px solid #ffc107; padding: 15px; border-radius: 4px;'>\n<h3 style='margin-top: 0; margin-bottom: 15px; font-size: 18px; color: inherit;'><strong>\u00a1Importante!<\/strong><\/h3>\n<ul style='padding-left: 20px; font-size: 14px; color: inherit;'>\n<li style='margin-bottom: 5px;'>La carga y descarga de esta bater\u00eda de Litio (LiFePO<span style='font-size: 10px; position: relative; vertical-align: baseline; bottom: -0.25em;'>4<\/span>) se deber\u00e1 hacer respetando los par\u00e1metros en la especificaci\u00f3n del producto.<\/li>\n<li style='margin-bottom: 5px;'>Para sistemas de energ\u00eda solar se recomienda utilizar controlador de carga marca EPEVER Serie XTRA-XXXX-N&comma; se requieren programaci\u00f3n de par\u00e1metros para bater\u00eda (LiFePO<span style='font-size: 10px; position: relative; vertical-align: baseline; bottom: -0.25em;'>4<\/span>)<\/li>\n<li style='margin-bottom: 5px;'>Cuando se usa una bater\u00eda de litio&comma; el voltaje del sistema no se puede identificar autom\u00e1ticamente&comma; requiere programaci\u00f3n manual<\/li>\n<li style='margin-bottom: 5px;'>Verificar que el voltaje de operaci\u00f3n y el tipo de bater\u00eda pre configurado en el controlador es el adecuado para su arreglo de bater\u00edas.<\/li>\n<\/ul><\/div>\n<p> <!-- Videos --> <\/p>\n<div style='display: flex; flex-direction: column; gap: 30px; margin-bottom: 30px;'>\n<div style='width: 100%;'>\n<h3 style='text-align: center; font-size: 20px; margin-bottom: 15px; color: inherit;'>Configuraci\u00f3n para Bater\u00edas de Litio<\/h3>\n<div style='position: relative; padding-bottom: 56.25%; height: 0; overflow: hidden; margin-bottom: 15px;'>   <\/div>\n<p style='text-align: center; font-size: 14px; color: inherit;'>Nota: Seleccionar resoluci\u00f3n a 1080p<\/p>\n<\/p><\/div>\n<div style='width: 100%;'>\n<h3 style='text-align: center; font-size: 20px; margin-bottom: 15px; color: inherit;'>Alta EPEVER WiFi<\/h3>\n<div style='position: relative; padding-bottom: 56.25%; height: 0; overflow: hidden; margin-bottom: 15px;'>   <\/div>\n<p style='text-align: center; font-size: 14px; color: inherit;'>Nota: Seleccionar resoluci\u00f3n a 1080p<\/p>\n<\/p><\/div>\n<div style='width: 100%;'>\n<div style='position: relative; padding-bottom: 56.25%; height: 0; overflow: hidden; margin-bottom: 15px;'>   <\/div>\n<\/p><\/div>\n<\/p><\/div>\n<p> <!-- Enlace de descarga --> <\/p>\n<div style='margin-bottom: 30px;'>\n<p style='text-align: center; font-size: 14px; color: inherit;'> <a style='color: #2880b9; text-decoration: none; font-weight: bold;' href='https:\/\/drive.google.com\/drive\/folders\/1Fti-yrV-GE_OwTCpek23DgdvIvQpW-xk?usp=sharing' target='_blank' rel='noopener'>Link de Descarga de Software (Descargar EPEVERSetup)<\/a> <\/p>\n<p style='text-align: center; font-size: 14px; color: inherit;'>Compatibildad: Windows 7 y 10<\/p>\n<\/p><\/div>\n<p> <!-- Certificados --> <\/p>\n<div style='margin-bottom: 30px;'>\n<h3 style='text-align: center; font-size: 18px; margin-bottom: 15px; color: inherit;'>Certificados<\/h3>\n<p> <img style='width: 100%; max-width: 890px; height: auto; border: 1px solid rgba(150&comma;150&comma;150&comma;0.3); border-radius: 8px; display: block; margin: 0 auto;' src='https:\/\/ftp3.syscom.mx\/usuarios\/anavarro\/EPEVER\/XTRA-N\/Certificados%20XTRA-N.png' alt='Certificados'> <\/div>\n<p> <!-- Separador final --> <\/p>\n<hr style='border: 0; border-top: 1px solid rgba(150&comma; 150&comma; 150&comma; 0.3); margin: 30px 0;'> <\/div>\n","protected":false},"excerpt":{"rendered":"<p>Controlador Solar MPPT 30A 12\/24\/36\/48 V, M\u00e1ximo Voltaje de Circuito Abierto Voc 150 Vcc, Configurable para Bater\u00edas de Litio<\/p>\n","protected":false},"featured_media":49980,"comment_status":"open","ping_status":"closed","template":"","meta":[],"product_brand":[],"product_cat":[1117],"product_tag":[1118,964,1182],"class_list":{"0":"post-49981","1":"product","2":"type-product","3":"status-publish","4":"has-post-thumbnail","6":"product_cat-controladores-de-carga-mppt","7":"product_tag-controladores-de-carga-mppt","8":"product_tag-energia-solar","9":"product_tag-epever","11":"first","12":"instock","13":"sale","14":"shipping-taxable","15":"purchasable","16":"product-type-simple"},"_links":{"self":[{"href":"https:\/\/soydeaqui.ddns.net\/pachuca\/index.php\/wp-json\/wp\/v2\/product\/49981","targetHints":{"allow":["GET"]}}],"collection":[{"href":"https:\/\/soydeaqui.ddns.net\/pachuca\/index.php\/wp-json\/wp\/v2\/product"}],"about":[{"href":"https:\/\/soydeaqui.ddns.net\/pachuca\/index.php\/wp-json\/wp\/v2\/types\/product"}],"replies":[{"embeddable":true,"href":"https:\/\/soydeaqui.ddns.net\/pachuca\/index.php\/wp-json\/wp\/v2\/comments?post=49981"}],"wp:featuredmedia":[{"embeddable":true,"href":"https:\/\/soydeaqui.ddns.net\/pachuca\/index.php\/wp-json\/wp\/v2\/media\/49980"}],"wp:attachment":[{"href":"https:\/\/soydeaqui.ddns.net\/pachuca\/index.php\/wp-json\/wp\/v2\/media?parent=49981"}],"wp:term":[{"taxonomy":"product_brand","embeddable":true,"href":"https:\/\/soydeaqui.ddns.net\/pachuca\/index.php\/wp-json\/wp\/v2\/product_brand?post=49981"},{"taxonomy":"product_cat","embeddable":true,"href":"https:\/\/soydeaqui.ddns.net\/pachuca\/index.php\/wp-json\/wp\/v2\/product_cat?post=49981"},{"taxonomy":"product_tag","embeddable":true,"href":"https:\/\/soydeaqui.ddns.net\/pachuca\/index.php\/wp-json\/wp\/v2\/product_tag?post=49981"}],"curies":[{"name":"wp","href":"https:\/\/api.w.org\/{rel}","templated":true}]}}