{"id":49965,"date":"2026-03-18T22:24:19","date_gmt":"2026-03-18T22:24:19","guid":{"rendered":"https:\/\/soydeaqui.ddns.net\/pachuca\/index.php\/producto\/controlador-solar-de-carga-pwm-12-24-36-48-v-30-a-salida-usb-con-display\/"},"modified":"2026-03-18T22:24:23","modified_gmt":"2026-03-18T22:24:23","slug":"controlador-solar-de-carga-pwm-12-24-36-48-v-30-a-salida-usb-con-display","status":"publish","type":"product","link":"https:\/\/soydeaqui.ddns.net\/pachuca\/index.php\/producto\/controlador-solar-de-carga-pwm-12-24-36-48-v-30-a-salida-usb-con-display\/","title":{"rendered":"Controlador Solar de Carga PWM 12\/24\/36\/48 V 30 A, Salida USB, con Display"},"content":{"rendered":"<div style='width: 100%; max-width: 1200px; margin: 0 auto; font-family: sans-serif; line-height: 1.6; color: inherit; background-color: transparent;'>\n<div style='display: flex; flex-wrap: wrap; gap: 30px; margin-bottom: 30px;'>\n<div style='flex: 1 1 300px; min-width: 280px;'>\n<h3 style='font-size: 22px; border-bottom: 2px solid currentColor; padding-bottom: 5px; margin-top: 0; color: inherit; opacity: 0.8;'>Caracter\u00edsticas Principales<\/h3>\n<ul style='padding-left: 20px; font-size: 15px; color: inherit;'>\n<li style='margin-bottom: 5px;'>Controlador Solar de Carga PWM<\/li>\n<li style='margin-bottom: 5px;'>Dise\u00f1o de tierra positivo com\u00fan<\/li>\n<li style='margin-bottom: 5px;'>Doble salida USB (m\u00e1ximo 2.4A)<\/li>\n<li style='margin-bottom: 5px;'>Pantalla LCD informativa<\/li>\n<li style='margin-bottom: 5px;'>M\u00faltiples modos de control de carga<\/li>\n<li style='margin-bottom: 5px;'>Compensaci\u00f3n de temperatura de bater\u00eda<\/li>\n<li style='margin-bottom: 5px;'>Estad\u00edsticas de energ\u00eda<\/li>\n<li style='margin-bottom: 5px;'>Trabajo a plena potencia entre -25\u00b0C y 55\u00b0C<\/li>\n<li style='margin-bottom: 5px;'>Componentes de alta calidad de ST&comma; IR e Infineon<\/li>\n<li style='margin-bottom: 5px;'>Bornas de cobre chapadas en n\u00edquel<\/li>\n<li style='margin-bottom: 5px;'>Certificaciones UL y VDE<\/li>\n<\/ul>\n<\/div>\n<div style='flex: 1 1 300px; min-width: 280px;'>\n<h3 style='font-size: 22px; border-bottom: 2px solid currentColor; padding-bottom: 5px; margin-top: 0; color: inherit; opacity: 0.8;'>Especificaciones T\u00e9cnicas<\/h3>\n<ul style='padding-left: 20px; font-size: 15px; color: inherit;'>\n<li style='margin-bottom: 5px;'><strong>Tensi\u00f3n nominal:<\/strong> 12\/24\/36\/48V auto trabajo<\/li>\n<li style='margin-bottom: 5px;'><strong>Rango de tensi\u00f3n de entrada:<\/strong> 9V &#8211; 64V<\/li>\n<li style='margin-bottom: 5px;'><strong>Corriente nominal:<\/strong> 30A<\/li>\n<li style='margin-bottom: 5px;'><strong>Tensi\u00f3n m\u00e1xima de circuito abierto:<\/strong> 96V<\/li>\n<li style='margin-bottom: 5px;'><strong>Tipos de bater\u00eda:<\/strong> Selladas (por defecto)&comma; Gel y Flooded<\/li>\n<li style='margin-bottom: 5px;'><strong>Tensi\u00f3n de carga de igualaci\u00f3n:<\/strong> Selladas: 14.6V \/ Flooded: 14.8V<\/li>\n<li style='margin-bottom: 5px;'><strong>Tensi\u00f3n de carga de refuerzo:<\/strong> Selladas: 14.4V \/ Gel: 14.2V \/ Flooded: 14.6V<\/li>\n<li style='margin-bottom: 5px;'><strong>Tensi\u00f3n de carga flotante:<\/strong> Selladas\/Gel\/Flooded: 13.8V<\/li>\n<li style='margin-bottom: 5px;'><strong>Tensi\u00f3n de reconexi\u00f3n:<\/strong> Selladas\/Gel\/Flooded: 12.6V<\/li>\n<li style='margin-bottom: 5px;'><strong>Tensi\u00f3n de desconexi\u00f3n:<\/strong> Selladas\/Gel\/Flooded: 11.1V<\/li>\n<li style='margin-bottom: 5px;'><strong>Autoconsumo:<\/strong> \u226414.5mA\/36V<\/li>\n<li style='margin-bottom: 5px;'><strong>Coeficiente de compensaci\u00f3n:<\/strong> -3mV\/\u00b0C\/2V (25\u00b0C)<\/li>\n<li style='margin-bottom: 5px;'><strong>Conexi\u00f3n a tierra:<\/strong> Positivo com\u00fan<\/li>\n<li style='margin-bottom: 5px;'><strong>Salida USB:<\/strong> 5VDC\/2.4A<\/li>\n<\/ul>\n<\/div>\n<\/div>\n<div style='display: flex; flex-wrap: wrap; gap: 20px; margin-bottom: 30px;'>\n<div style='flex: 1 1 250px; border: 1px solid rgba(150&comma; 150&comma; 150&comma; 0.4); border-radius: 8px; overflow: hidden; display: flex; flex-direction: column;'>\n<div style='padding: 15px; border-bottom: 1px solid rgba(150&comma; 150&comma; 150&comma; 0.2); font-weight: bold; font-size: 18px; color: inherit;'>Protecciones Electr\u00f3nicas<\/div>\n<div style='padding: 15px; color: inherit;'>\n<ul style='padding-left: 20px; margin: 0; font-size: 14px; list-style-type: disc;'>\n<li style='margin-bottom: 5px;'>Protecci\u00f3n contra polaridad inversa en paneles<\/li>\n<li style='margin-bottom: 5px;'>Protecci\u00f3n contra polaridad inversa en bater\u00eda<\/li>\n<li style='margin-bottom: 5px;'>Protecci\u00f3n contra sobre tensi\u00f3n en bater\u00eda<\/li>\n<li style='margin-bottom: 5px;'>Protecci\u00f3n contra sobre descarga en bater\u00eda<\/li>\n<li style='margin-bottom: 5px;'>Protecci\u00f3n contra sobrecalentamiento de bater\u00eda<\/li>\n<li style='margin-bottom: 5px;'>Protecci\u00f3n contra sobrecalentamiento del controlador<\/li>\n<li style='margin-bottom: 5px;'>Protecci\u00f3n contra cortocircuito en carga<\/li>\n<li style='margin-bottom: 5px;'>Protecci\u00f3n contra sobrecarga en carga<\/li>\n<\/ul>\n<\/div>\n<\/div>\n<div style='flex: 1 1 250px; border: 1px solid rgba(150&comma; 150&comma; 150&comma; 0.4); border-radius: 8px; overflow: hidden; display: flex; flex-direction: column;'>\n<div style='padding: 15px; border-bottom: 1px solid rgba(150&comma; 150&comma; 150&comma; 0.2); font-weight: bold; font-size: 18px; color: inherit;'>Dimensiones y Peso<\/div>\n<div style='padding: 15px; color: inherit;'>\n<ul style='padding-left: 20px; margin: 0; font-size: 14px; list-style-type: disc;'>\n<li style='margin-bottom: 5px;'><strong>Dimensiones:<\/strong> 181&#215;100.9&#215;59.8 mm<\/li>\n<li style='margin-bottom: 5px;'><strong>Peso neto:<\/strong> 1.02kg<\/li>\n<li style='margin-bottom: 5px;'><strong>Grado de protecci\u00f3n:<\/strong> IP30<\/li>\n<\/ul>\n<\/div>\n<\/div>\n<div style='flex: 1 1 250px; border: 1px solid rgba(150&comma; 150&comma; 150&comma; 0.4); border-radius: 8px; overflow: hidden; display: flex; flex-direction: column;'>\n<div style='padding: 15px; border-bottom: 1px solid rgba(150&comma; 150&comma; 150&comma; 0.2); font-weight: bold; font-size: 18px; color: inherit;'>Condiciones de Trabajo<\/div>\n<div style='padding: 15px; color: inherit;'>\n<ul style='padding-left: 20px; margin: 0; font-size: 14px; list-style-type: disc;'>\n<li style='margin-bottom: 5px;'><strong>Rango de temperatura:<\/strong> -25\u00b0C a +55\u00b0C<\/li>\n<li style='margin-bottom: 5px;'><strong>Humedad:<\/strong> \u226495% (sin condensaci\u00f3n)<\/li>\n<\/ul>\n<\/div>\n<\/div>\n<\/div>\n<hr style='border: 0; border-top: 1px solid rgba(150&comma; 150&comma; 150&comma; 0.3); margin: 30px 0;'><\/div>\n","protected":false},"excerpt":{"rendered":"<p>Controlador Solar de Carga PWM 12\/24\/36\/48 V 30 A, Salida USB, con Display<\/p>\n","protected":false},"featured_media":49964,"comment_status":"open","ping_status":"closed","template":"","meta":[],"product_brand":[],"product_cat":[1242],"product_tag":[1243,964,1182],"class_list":{"0":"post-49965","1":"product","2":"type-product","3":"status-publish","4":"has-post-thumbnail","6":"product_cat-controladores-de-carga-pwm","7":"product_tag-controladores-de-carga-pwm","8":"product_tag-energia-solar","9":"product_tag-epever","11":"first","12":"instock","13":"sale","14":"shipping-taxable","15":"purchasable","16":"product-type-simple"},"_links":{"self":[{"href":"https:\/\/soydeaqui.ddns.net\/pachuca\/index.php\/wp-json\/wp\/v2\/product\/49965","targetHints":{"allow":["GET"]}}],"collection":[{"href":"https:\/\/soydeaqui.ddns.net\/pachuca\/index.php\/wp-json\/wp\/v2\/product"}],"about":[{"href":"https:\/\/soydeaqui.ddns.net\/pachuca\/index.php\/wp-json\/wp\/v2\/types\/product"}],"replies":[{"embeddable":true,"href":"https:\/\/soydeaqui.ddns.net\/pachuca\/index.php\/wp-json\/wp\/v2\/comments?post=49965"}],"wp:featuredmedia":[{"embeddable":true,"href":"https:\/\/soydeaqui.ddns.net\/pachuca\/index.php\/wp-json\/wp\/v2\/media\/49964"}],"wp:attachment":[{"href":"https:\/\/soydeaqui.ddns.net\/pachuca\/index.php\/wp-json\/wp\/v2\/media?parent=49965"}],"wp:term":[{"taxonomy":"product_brand","embeddable":true,"href":"https:\/\/soydeaqui.ddns.net\/pachuca\/index.php\/wp-json\/wp\/v2\/product_brand?post=49965"},{"taxonomy":"product_cat","embeddable":true,"href":"https:\/\/soydeaqui.ddns.net\/pachuca\/index.php\/wp-json\/wp\/v2\/product_cat?post=49965"},{"taxonomy":"product_tag","embeddable":true,"href":"https:\/\/soydeaqui.ddns.net\/pachuca\/index.php\/wp-json\/wp\/v2\/product_tag?post=49965"}],"curies":[{"name":"wp","href":"https:\/\/api.w.org\/{rel}","templated":true}]}}