{"id":49948,"date":"2026-03-18T22:23:45","date_gmt":"2026-03-18T22:23:45","guid":{"rendered":"https:\/\/soydeaqui.ddns.net\/pachuca\/index.php\/producto\/kit-de-tierra-fisica-de-cable-blindado-6-awg-color-verde-amarillo-con-terminacion-en-extremos\/"},"modified":"2026-03-18T22:23:50","modified_gmt":"2026-03-18T22:23:50","slug":"kit-de-tierra-fisica-de-cable-blindado-6-awg-color-verde-amarillo-con-terminacion-en-extremos","status":"publish","type":"product","link":"https:\/\/soydeaqui.ddns.net\/pachuca\/index.php\/producto\/kit-de-tierra-fisica-de-cable-blindado-6-awg-color-verde-amarillo-con-terminacion-en-extremos\/","title":{"rendered":"KIT de Tierra F\u00edsica de Cable Blindado 6 AWG. Color Verde \/ Amarillo con Terminaci\u00f3n en Extremos."},"content":{"rendered":"<div style='width: 100%; max-width: 1200px; margin: 0 auto; font-family: sans-serif; line-height: 1.6; color: inherit; background-color: transparent;'> <!-- Imagen de marca --> <\/p>\n<div style='margin-bottom: 20px;'> <img style='width: 100%; max-width: 300px; height: auto; border: 1px solid rgba(150&comma;150&comma;150&comma;0.3); border-radius: 8px;' src='https:\/\/ftp3.syscom.mx\/usuarios\/fotos\/SCL2\/0X\/214870-217843-panduit-logo-tm-negro-fondo_trans30-01_(002)_(1).png' alt='Logo de marca'> <\/div>\n<p> <!-- Descripci\u00f3n principal --> <\/p>\n<div style='margin-bottom: 30px;'>\n<h1 style='font-size: 26px; margin: 0 0 15px; color: inherit; opacity: 0.9; font-weight: 500;'>StructuredGround\u2122 KIT de Tierra F\u00edsica de Cable Blindado 6 AWG. Color Verde \/ Amarillo con Terminaci\u00f3n en Extremos.<\/h1>\n<div style='display: flex; flex-wrap: wrap; gap: 20px; margin-top: 20px;'>\n<div style='flex: 1 1 300px; min-width: 250px;'>\n<h3 style='font-size: 20px; border-bottom: 2px solid currentColor; padding-bottom: 5px; margin-top: 0; color: inherit; opacity: 0.8;'>Modelo<\/h3>\n<p style='color: inherit; font-size: 15px; margin: 8px 0;'>ACG24K<\/p>\n<\/p><\/div>\n<\/p><\/div>\n<div style='margin-top: 20px;'>\n<h3 style='font-size: 20px; border-bottom: 2px solid currentColor; padding-bottom: 5px; margin-top: 0; color: inherit; opacity: 0.8;'>Descripci\u00f3n<\/h3>\n<p style='color: inherit; font-size: 15px; margin: 8px 0;'>El kit de toma de tierra de cable blindado ACG24K proporciona un puente seguro desde la red de toma de tierra principal al rack de red. La cubierta aislante negra protege y oculta la conexi\u00f3n HTAP. Se puede usar con HTCT250-250 y CTAP2\/0-2\/0 para que el \u00e1rea de trabajo quede est\u00e9ticamente agradable. El ensamblaje de cables del puente de 24&#8242; est\u00e1 blindado y cuenta con terminaci\u00f3n en ambos extremos para facilitar la instalaci\u00f3n.<\/p>\n<\/p><\/div>\n<\/p><\/div>\n<p> <!-- Imagen del producto --> <\/p>\n<div style='margin-bottom: 30px;'> <img style='width: 100%; height: auto; border: 1px solid rgba(150&comma;150&comma;150&comma;0.3); border-radius: 8px;' src='https:\/\/ftp3.syscom.mx\/usuarios\/fotos\/ACG24K\/190285-captura_de_pantalla_2024-02-03_a_la(s)_2.00.45%E2%80%AFp.m..png' alt='Producto'> <\/div>\n<p> <!-- Separador --> <\/p>\n<hr style='border: 0; border-top: 1px solid rgba(150&comma; 150&comma; 150&comma; 0.3); margin: 30px 0;'> <\/div>\n","protected":false},"excerpt":{"rendered":"<p>KIT de Tierra F\u00edsica de Cable Blindado 6 AWG. Color Verde \/ Amarillo con Terminaci\u00f3n en Extremos.<\/p>\n","protected":false},"featured_media":49947,"comment_status":"open","ping_status":"closed","template":"","meta":[],"product_brand":[],"product_cat":[633],"product_tag":[634,445,605],"class_list":{"0":"post-49948","1":"product","2":"type-product","3":"status-publish","4":"has-post-thumbnail","6":"product_cat-accesorios-para-rack-gabinetes","7":"product_tag-accesorios-para-rack-gabinetes","8":"product_tag-panduit","9":"product_tag-racks-y-gabinetes","11":"first","12":"outofstock","13":"sale","14":"shipping-taxable","15":"purchasable","16":"product-type-simple"},"_links":{"self":[{"href":"https:\/\/soydeaqui.ddns.net\/pachuca\/index.php\/wp-json\/wp\/v2\/product\/49948","targetHints":{"allow":["GET"]}}],"collection":[{"href":"https:\/\/soydeaqui.ddns.net\/pachuca\/index.php\/wp-json\/wp\/v2\/product"}],"about":[{"href":"https:\/\/soydeaqui.ddns.net\/pachuca\/index.php\/wp-json\/wp\/v2\/types\/product"}],"replies":[{"embeddable":true,"href":"https:\/\/soydeaqui.ddns.net\/pachuca\/index.php\/wp-json\/wp\/v2\/comments?post=49948"}],"wp:featuredmedia":[{"embeddable":true,"href":"https:\/\/soydeaqui.ddns.net\/pachuca\/index.php\/wp-json\/wp\/v2\/media\/49947"}],"wp:attachment":[{"href":"https:\/\/soydeaqui.ddns.net\/pachuca\/index.php\/wp-json\/wp\/v2\/media?parent=49948"}],"wp:term":[{"taxonomy":"product_brand","embeddable":true,"href":"https:\/\/soydeaqui.ddns.net\/pachuca\/index.php\/wp-json\/wp\/v2\/product_brand?post=49948"},{"taxonomy":"product_cat","embeddable":true,"href":"https:\/\/soydeaqui.ddns.net\/pachuca\/index.php\/wp-json\/wp\/v2\/product_cat?post=49948"},{"taxonomy":"product_tag","embeddable":true,"href":"https:\/\/soydeaqui.ddns.net\/pachuca\/index.php\/wp-json\/wp\/v2\/product_tag?post=49948"}],"curies":[{"name":"wp","href":"https:\/\/api.w.org\/{rel}","templated":true}]}}