{"id":4994,"date":"2026-03-18T06:25:46","date_gmt":"2026-03-18T06:25:46","guid":{"rendered":"https:\/\/soydeaqui.ddns.net\/pachuca\/index.php\/producto\/detector-de-escaneo-laser-20-metros-de-radio-con-una-area-de-deteccion-de-95-deg-uso-en-interior\/"},"modified":"2026-03-18T06:25:49","modified_gmt":"2026-03-18T06:25:49","slug":"detector-de-escaneo-laser-20-metros-de-radio-con-una-area-de-deteccion-de-95-deg-uso-en-interior","status":"publish","type":"product","link":"https:\/\/soydeaqui.ddns.net\/pachuca\/index.php\/producto\/detector-de-escaneo-laser-20-metros-de-radio-con-una-area-de-deteccion-de-95-deg-uso-en-interior\/","title":{"rendered":"Detector de Escaneo L\u00e1ser \/ 20 metros de radio con una \u00e1rea de detecci\u00f3n de 95 &#038;deg \/ Uso en Interior"},"content":{"rendered":"<div style='width: 100%; max-width: 1200px; margin: 0 auto; font-family: sans-serif; line-height: 1.6; color: inherit; background-color: transparent;'>\n<div style='display: flex; flex-direction: column; gap: 20px;'>\n<div>\n<p style='text-align: justify; font-size: 15px; color: inherit; margin: 0 0 15px 0;'>El RLS-2020I es un sensor l\u00e1ser IP\/PoE compacto para uso en interiores en alta resoluci\u00f3n que proporciona un panel o pared virtual personalizable con un <strong>\u00e1rea de detecci\u00f3n de hasta 20 x 20 m<\/strong>. Sean cuales sean las condiciones de iluminaci\u00f3n&comma; el Redscan RLS-2020I es capaz de detectar objetos y personas que pasan por el escudo virtual y activar las configuraciones de la c\u00e1mara PTZ&comma; para detectar intrusiones y hacer seguimientos en las zonas. Para usos en interiores&comma; el sensor l\u00e1ser se puede configurar para detectar objetos peque\u00f1os de hasta 2 cm o peque\u00f1os objetos lanzados a trav\u00e9s de la pared virtual. Sin importar las situaciones ambientales que puedan ocurrir&comma; lo tenemos todo cubierto. El modelo 2020I cuenta con DQ (<strong>descalificaci\u00f3n ambiental<\/strong>) para evitar falsas alarmas en condiciones impredecibles.<\/p>\n<\/p><\/div>\n<div style='width: 100%;'> <img style='width: 100%; height: auto; border: 1px solid rgba(150&comma;150&comma;150&comma;0.3); border-radius: 8px;' src='https:\/\/drive.google.com\/file\/d\/1h4h1b3biO9Daz_Ksngk9xqOgmOEZMSDo\/view' alt=''> <\/div>\n<div>\n<p style='text-align: justify; font-size: 15px; color: inherit; margin: 0 0 15px 0;'>La serie RLS utiliza tecnolog\u00eda LiDar para proteger zonas de infracciones de seguridad&comma; como intrusiones&comma; robos o accesos no autorizados&comma; as\u00ed como para mejorar la fiabilidad de la detecci\u00f3n de movimiento basada en v\u00eddeo y la vigilancia. El REDSCAN RLS-2020I ha sido dise\u00f1ado para integrarse con sistemas de seguridad y protecci\u00f3n. Crea una zona de detecci\u00f3n personalizable que no puede ser ofrecida f\u00e1cilmente por otros sensores o sistemas de detecci\u00f3n basados en v\u00eddeo&comma; como paredes o paneles virtuales&comma; tanto para zonas de interior como de exterior. El modelo <strong>RLS-2020I<\/strong> es el sistema definitivo de detecci\u00f3n de intrusos para proteger per\u00edmetros m\u00e1s peque\u00f1os&comma; accesos&comma; fachadas&comma; azoteas&comma; claraboyas&comma; zonas de alta seguridad o bienes de alto valor.<\/p>\n<\/p><\/div>\n<div style='display: flex; flex-wrap: wrap; gap: 15px;'>\n<div style='position: relative; padding-bottom: 56.25%; height: 0; overflow: hidden; flex: 1 1 300px; min-width: 280px;'>   <\/div>\n<div style='position: relative; padding-bottom: 56.25%; height: 0; overflow: hidden; flex: 1 1 300px; min-width: 280px;'>   <\/div>\n<\/p><\/div>\n<div style='width: 100%;'>\n<div style='display: flex; flex-wrap: wrap; gap: 20px;'>\n<div style='flex: 1 1 300px; min-width: 280px;'>\n<h3 style='font-size: 22px; border-bottom: 2px solid currentColor; padding-bottom: 5px; margin-top: 0; margin-bottom: 15px; color: inherit; opacity: 0.8;'>Aplicaciones<\/h3>\n<ul style='padding-left: 20px; font-size: 14px; color: inherit; margin: 0;'>\n<li style='margin-bottom: 5px;'>Edificios<\/li>\n<li style='margin-bottom: 5px;'>Per\u00edmetro<\/li>\n<li style='margin-bottom: 5px;'>Acceso<\/li>\n<li style='margin-bottom: 5px;'>Techo\/techo<\/li>\n<li style='margin-bottom: 5px;'>Casa<\/li>\n<\/ul><\/div>\n<div style='flex: 1 1 300px; min-width: 280px;'>\n<h3 style='font-size: 22px; border-bottom: 2px solid currentColor; padding-bottom: 5px; margin-top: 0; margin-bottom: 15px; color: inherit; opacity: 0.8;'>Caracter\u00edsticas<\/h3>\n<ul style='padding-left: 20px; font-size: 14px; color: inherit; margin: 0;'>\n<li style='margin-bottom: 5px;'>Modos de detecci\u00f3n vertical y horizontal<\/li>\n<li style='margin-bottom: 5px;'>3 salidas anal\u00f3gicas: alarma&comma; manipulaci\u00f3n y problema<\/li>\n<li style='margin-bottom: 5px;'>Modo de interior a alta resoluci\u00f3n para detectar objetos peque\u00f1os<\/li>\n<li style='margin-bottom: 5px;'>Ofrece un algoritmo de detecci\u00f3n \u00fanico<\/li>\n<\/ul><\/div>\n<\/p><\/div>\n<\/p><\/div>\n<\/p><\/div>\n<\/p><\/div>\n","protected":false},"excerpt":{"rendered":"<p>Detector de Escaneo L\u00e1ser \/ 20 metros de radio con una \u00e1rea de detecci\u00f3n de 95 &#038;deg \/ Uso en Interior<\/p>\n","protected":false},"featured_media":4993,"comment_status":"open","ping_status":"closed","template":"","meta":[],"product_brand":[],"product_cat":[154],"product_tag":[106,104,155],"class_list":{"0":"post-4994","1":"product","2":"type-product","3":"status-publish","4":"has-post-thumbnail","6":"product_cat-sensores-de-rayo-laser-y-pirs-inteligentes","7":"product_tag-optex","8":"product_tag-proteccion-perimetral","9":"product_tag-sensores-de-rayo-laser-y-pirs-inteligentes","11":"first","12":"outofstock","13":"sale","14":"shipping-taxable","15":"purchasable","16":"product-type-simple"},"_links":{"self":[{"href":"https:\/\/soydeaqui.ddns.net\/pachuca\/index.php\/wp-json\/wp\/v2\/product\/4994","targetHints":{"allow":["GET"]}}],"collection":[{"href":"https:\/\/soydeaqui.ddns.net\/pachuca\/index.php\/wp-json\/wp\/v2\/product"}],"about":[{"href":"https:\/\/soydeaqui.ddns.net\/pachuca\/index.php\/wp-json\/wp\/v2\/types\/product"}],"replies":[{"embeddable":true,"href":"https:\/\/soydeaqui.ddns.net\/pachuca\/index.php\/wp-json\/wp\/v2\/comments?post=4994"}],"wp:featuredmedia":[{"embeddable":true,"href":"https:\/\/soydeaqui.ddns.net\/pachuca\/index.php\/wp-json\/wp\/v2\/media\/4993"}],"wp:attachment":[{"href":"https:\/\/soydeaqui.ddns.net\/pachuca\/index.php\/wp-json\/wp\/v2\/media?parent=4994"}],"wp:term":[{"taxonomy":"product_brand","embeddable":true,"href":"https:\/\/soydeaqui.ddns.net\/pachuca\/index.php\/wp-json\/wp\/v2\/product_brand?post=4994"},{"taxonomy":"product_cat","embeddable":true,"href":"https:\/\/soydeaqui.ddns.net\/pachuca\/index.php\/wp-json\/wp\/v2\/product_cat?post=4994"},{"taxonomy":"product_tag","embeddable":true,"href":"https:\/\/soydeaqui.ddns.net\/pachuca\/index.php\/wp-json\/wp\/v2\/product_tag?post=4994"}],"curies":[{"name":"wp","href":"https:\/\/api.w.org\/{rel}","templated":true}]}}