{"id":49934,"date":"2026-03-18T22:23:21","date_gmt":"2026-03-18T22:23:21","guid":{"rendered":"https:\/\/soydeaqui.ddns.net\/pachuca\/index.php\/producto\/adaptador-de-enchufe-europea-a-americano-calidad-premium-6-a-110-250-vca\/"},"modified":"2026-03-18T22:23:28","modified_gmt":"2026-03-18T22:23:28","slug":"adaptador-de-enchufe-europea-a-americano-calidad-premium-6-a-110-250-vca","status":"publish","type":"product","link":"https:\/\/soydeaqui.ddns.net\/pachuca\/index.php\/producto\/adaptador-de-enchufe-europea-a-americano-calidad-premium-6-a-110-250-vca\/","title":{"rendered":"Adaptador de enchufe europea a americano, Calidad PREMIUM @ 6 A ; 110 &#8211; 250 Vca"},"content":{"rendered":"<div style='width: 100%; max-width: 1200px; margin: 0 auto; font-family: sans-serif; line-height: 1.6; color: inherit; background-color: transparent;'>\n<div style='display: flex; flex-wrap: wrap; gap: 30px; margin-bottom: 30px;'>\n<div style='flex: 1 1 300px; min-width: 280px;'>\n<h3 style='font-size: 22px; border-bottom: 2px solid currentColor; padding-bottom: 5px; margin-top: 0; color: inherit; opacity: 0.8;'>Clavija de toma Europea a Americana<\/h3>\n<ul style='padding-left: 20px; font-size: 15px; color: inherit;'>\n<li style='margin-bottom: 5px;'>Adaptador de enchufe Europeo a salida Americana<\/li>\n<li style='margin-bottom: 5px;'>Este adaptador tipo de enchufe modifica el tipo de entrada&comma; no cambia el voltaje&comma; soporta voltaje universal 110 V-250 V.<\/li>\n<\/ul><\/div>\n<\/p><\/div>\n<div style='display: grid; grid-template-columns: repeat(auto-fit&comma; minmax(280px&comma; 1fr)); gap: 20px; margin-bottom: 30px;'>\n<div style='border: 1px solid rgba(150&comma; 150&comma; 150&comma; 0.4); border-radius: 8px; overflow: hidden; display: flex; flex-direction: column;'>\n<div style='padding: 15px; border-bottom: 1px solid rgba(150&comma; 150&comma; 150&comma; 0.2); font-weight: bold; font-size: 18px; color: inherit; background-color: rgba(245&comma; 34&comma; 7&comma; 0.1);'>Caracter\u00edsticas<\/div>\n<div style='padding: 15px; color: inherit;'>\n<ul style='padding-left: 20px; margin: 0; font-size: 14px; list-style-type: disc;'>\n<li style='margin-bottom: 5px;'><span style='color: inherit; font-size: 14px; background-color: transparent;'>CALIDAD PREMIUM Europa a EE.UU. Am\u00e9rica \/ Canad\u00e1 \/ M\u00e9xico pr\u00e1cticos adaptadores de enchufe el\u00e9ctricos negros<\/span><\/li>\n<li style='margin-bottom: 5px;'><span style='color: inherit; background-color: transparent;'>Uso de tomacorrientes MULTIUSOS: estos enchufes adaptadores de pared muy peque\u00f1os se pueden usar para cargar tel\u00e9fonos inteligentes&comma; parlantes Bluetooth&comma; bancos de energ\u00eda&comma; tabletas&comma; m\u00e1quinas de afeitar&comma; computadoras port\u00e1tiles&comma; etc.<\/span><\/li>\n<\/ul><\/div>\n<\/p><\/div>\n<div style='border: 1px solid rgba(150&comma; 150&comma; 150&comma; 0.4); border-radius: 8px; overflow: hidden; display: flex; flex-direction: column;'>\n<div style='padding: 15px; border-bottom: 1px solid rgba(150&comma; 150&comma; 150&comma; 0.2); font-weight: bold; font-size: 18px; color: inherit; background-color: rgba(245&comma; 34&comma; 7&comma; 0.1);'>Caracter\u00edsticas f\u00edsicas y el\u00e9ctricas<\/div>\n<div style='padding: 15px; color: inherit;'>\n<ul style='padding-left: 20px; margin: 0; font-size: 14px; list-style-type: disc;'>\n<li style='margin-bottom: 5px;'><span style='color: inherit; font-size: 14px; background-color: transparent;'>Salida m\u00e1xima 6 A<\/span><\/li>\n<li style='margin-bottom: 5px;'><span style='color: inherit; font-size: 14px; background-color: transparent;'>Voltaje : 110 -250 Vca<\/span><\/li>\n<li style='margin-bottom: 5px;'><span style='color: inherit; font-size: 14px; background-color: transparent;'>Color externo: Negro.<\/span><\/li>\n<li style='margin-bottom: 5px;'><span style='color: inherit; font-size: 14px; background-color: transparent;'>Dimensiones : 28.3 x 44.3 mm<\/span><\/li>\n<li style='margin-bottom: 5px;'><span style='color: inherit; font-size: 14px; background-color: transparent;'><strong>Temperatura de operaci\u00f3n: -20\u00b0C a 60\u00b0C<\/strong><\/span><\/li>\n<\/ul><\/div>\n<\/p><\/div>\n<div style='border: 1px solid rgba(150&comma; 150&comma; 150&comma; 0.4); border-radius: 8px; overflow: hidden; display: flex; flex-direction: column;'>\n<div style='padding: 15px; border-bottom: 1px solid rgba(150&comma; 150&comma; 150&comma; 0.2); font-weight: bold; font-size: 18px; color: inherit; background-color: rgba(245&comma; 34&comma; 7&comma; 0.1);'>Est\u00e1ndares<\/div>\n<div style='padding: 15px; color: inherit;'>\n<ul style='padding-left: 20px; margin: 0; font-size: 14px; list-style-type: disc;'>\n<li style='margin-bottom: 5px;'>CE<\/li>\n<li style='margin-bottom: 5px;'>ROHS<\/li>\n<\/ul><\/div>\n<\/p><\/div>\n<\/p><\/div>\n<div style='margin-top: 30px; font-size: 14px; color: inherit;'>\n<p style='margin: 0;'><strong>* Precio por pieza<\/strong><\/p>\n<\/p><\/div>\n<\/p><\/div>\n","protected":false},"excerpt":{"rendered":"<p>Adaptador de enchufe europea a americano, Calidad PREMIUM @ 6 A ; 110 &#8211; 250 Vca<\/p>\n","protected":false},"featured_media":49933,"comment_status":"open","ping_status":"closed","template":"","meta":[],"product_brand":[],"product_cat":[1280],"product_tag":[1281,454,405],"class_list":{"0":"post-49934","1":"product","2":"type-product","3":"status-publish","4":"has-post-thumbnail","6":"product_cat-accesorios-divisores-conectores","7":"product_tag-accesorios-divisores-conectores","8":"product_tag-epcom-powerline","9":"product_tag-fuentes-de-poder","11":"first","12":"instock","13":"sale","14":"shipping-taxable","15":"purchasable","16":"product-type-simple"},"_links":{"self":[{"href":"https:\/\/soydeaqui.ddns.net\/pachuca\/index.php\/wp-json\/wp\/v2\/product\/49934","targetHints":{"allow":["GET"]}}],"collection":[{"href":"https:\/\/soydeaqui.ddns.net\/pachuca\/index.php\/wp-json\/wp\/v2\/product"}],"about":[{"href":"https:\/\/soydeaqui.ddns.net\/pachuca\/index.php\/wp-json\/wp\/v2\/types\/product"}],"replies":[{"embeddable":true,"href":"https:\/\/soydeaqui.ddns.net\/pachuca\/index.php\/wp-json\/wp\/v2\/comments?post=49934"}],"wp:featuredmedia":[{"embeddable":true,"href":"https:\/\/soydeaqui.ddns.net\/pachuca\/index.php\/wp-json\/wp\/v2\/media\/49933"}],"wp:attachment":[{"href":"https:\/\/soydeaqui.ddns.net\/pachuca\/index.php\/wp-json\/wp\/v2\/media?parent=49934"}],"wp:term":[{"taxonomy":"product_brand","embeddable":true,"href":"https:\/\/soydeaqui.ddns.net\/pachuca\/index.php\/wp-json\/wp\/v2\/product_brand?post=49934"},{"taxonomy":"product_cat","embeddable":true,"href":"https:\/\/soydeaqui.ddns.net\/pachuca\/index.php\/wp-json\/wp\/v2\/product_cat?post=49934"},{"taxonomy":"product_tag","embeddable":true,"href":"https:\/\/soydeaqui.ddns.net\/pachuca\/index.php\/wp-json\/wp\/v2\/product_tag?post=49934"}],"curies":[{"name":"wp","href":"https:\/\/api.w.org\/{rel}","templated":true}]}}