{"id":49898,"date":"2026-03-18T22:22:20","date_gmt":"2026-03-18T22:22:20","guid":{"rendered":"https:\/\/soydeaqui.ddns.net\/pachuca\/index.php\/producto\/dispositivo-de-proteccion-contra-sobretensiones-de-fase-dividida-de-120-240-vca-recomendado-para-climas-motores-iluminacion-2\/"},"modified":"2026-03-18T22:22:21","modified_gmt":"2026-03-18T22:22:21","slug":"dispositivo-de-proteccion-contra-sobretensiones-de-fase-dividida-de-120-240-vca-recomendado-para-climas-motores-iluminacion-2","status":"publish","type":"product","link":"https:\/\/soydeaqui.ddns.net\/pachuca\/index.php\/producto\/dispositivo-de-proteccion-contra-sobretensiones-de-fase-dividida-de-120-240-vca-recomendado-para-climas-motores-iluminacion-2\/","title":{"rendered":"Dispositivo de Protecci\u00f3n contra Sobretensiones de Fase Dividida de 120\/240 VCA, Recomendado para Climas, Motores, Iluminaci\u00f3n."},"content":{"rendered":"<div style='width: 100%; max-width: 1200px; margin: 0 auto; font-family: sans-serif; line-height: 1.6; color: inherit; background-color: transparent;'>\n<div style='display: flex; flex-wrap: wrap; gap: 30px; margin-bottom: 30px;'>\n<div style='flex: 1 1 300px; min-width: 280px;'>\n<h3 style='font-size: 22px; border-bottom: 2px solid currentColor; padding-bottom: 5px; margin-top: 0; color: inherit; opacity: 0.8;'>Caracter\u00edsticas principales<\/h3>\n<ul style='padding-left: 20px; font-size: 15px; color: inherit;'>\n<li style='margin-bottom: 5px;'>El gabinete resistente a la intemperie NEMA 4X permite su uso en entornos hostiles<\/li>\n<li style='margin-bottom: 5px;'>Conexi\u00f3n en paralelo para una f\u00e1cil instalaci\u00f3n<\/li>\n<li style='margin-bottom: 5px;'>El LED de diagn\u00f3stico proporciona una indicaci\u00f3n positiva de la alimentaci\u00f3n del sistema y la funci\u00f3n SPD<\/li>\n<li style='margin-bottom: 5px;'>Dise\u00f1o compacto permite la instalaci\u00f3n en una variedad de ubicaciones<\/li>\n<li style='margin-bottom: 5px;'>Se restablece autom\u00e1ticamente para manejar m\u00faltiples eventos de sobretensi\u00f3n<\/li>\n<li style='margin-bottom: 5px;'><strong>Aplicaciones:<\/strong> Equipos HVAC&comma; Bombas&comma; Motores&comma; Iluminaci\u00f3n de carreteras&comma; iluminaci\u00f3n de estacionamientos&comma; Energ\u00eda entrante de la red p\u00fablica<\/li>\n<\/ul><\/div>\n<div style='flex: 1 1 300px; min-width: 280px;'>\n<h3 style='font-size: 22px; border-bottom: 2px solid currentColor; padding-bottom: 5px; margin-top: 0; color: inherit; opacity: 0.8;'>Caracter\u00edsticas el\u00e9ctricas y f\u00edsicas<\/h3>\n<ul style='padding-left: 20px; font-size: 15px; color: inherit;'>\n<li style='margin-bottom: 5px;'><strong>M\u00e9todo de conexi\u00f3n:<\/strong> \u00be\u201d NPT macho&comma; cables de 12 AWG de 18 pulgadas (45.72 cm) de largo<\/li>\n<li style='margin-bottom: 5px;'><strong>Carcasa:<\/strong> Policarbonato NEMA 4X policarbonato<\/li>\n<li style='margin-bottom: 5px;'><strong>Temperatura de operaci\u00f3n:<\/strong> -35\u00b0C a 80\u00b0C (-31\u00b0F a 176\u00b0F)<\/li>\n<li style='margin-bottom: 5px;'><strong>Dimensiones:<\/strong> 88.9 x 48.3 x 86.4 mm<\/li>\n<li style='margin-bottom: 5px;'><strong>Peso:<\/strong> 250 g<\/li>\n<li style='margin-bottom: 5px;'><a title='Ficha t\u00e9cnica' href='https:\/\/ftp3.syscom.mx\/usuarios\/scorrea\/A\/DITEK\/DTK120240CM\/Especificaciones_tecnicas.pdf' target='_blank' rel='noopener' style='color: #0091ff; text-decoration: none; font-weight: normal;'>Revise la ficha completa<\/a><\/li>\n<\/ul><\/div>\n<div style='flex: 1 1 300px; min-width: 280px;'>\n<h3 style='font-size: 22px; border-bottom: 2px solid currentColor; padding-bottom: 5px; margin-top: 0; color: inherit; opacity: 0.8;'>Caracter\u00edsticas Destacadas<\/h3>\n<p style='font-size: 15px; color: inherit; margin-bottom: 15px;'>El DTK-120\/240CM+ de DITEK es un dispositivo de protecci\u00f3n contra sobrevoltajes multiprop\u00f3sito ideal para proteger condensadores HVAC&comma; bombas de piscinas o pozos&comma; motores y energ\u00eda el\u00e9ctrica entrante.<\/p>\n<p style='font-size: 15px; color: inherit; margin-bottom: 15px;'>Estos SPD compactos de montaje en paralelo est\u00e1n disponibles para sistemas de 120\/240 V y 240\/480 V&comma; y son una opci\u00f3n excelente para una protecci\u00f3n contra sobretensiones eficaz y basada en el rendimiento.<\/p>\n<\/p><\/div>\n<\/p><\/div>\n<hr style='border: 0; border-top: 1px solid rgba(150&comma; 150&comma; 150&comma; 0.3); margin: 30px 0;'>\n<div style='display: flex; flex-wrap: wrap; gap: 20px; justify-content: center; margin-bottom: 30px;'>\n<div style='flex: 1 1 300px; max-width: 400px;'> <img style='width: 100%; height: auto; border: 1px solid rgba(150&comma;150&comma;150&comma;0.3); border-radius: 8px;' src='https:\/\/ftp3.syscom.mx\/usuarios\/scorrea\/A\/DITEK\/DTK120240CM\/ejemplo1.png' alt=''> <\/div>\n<div style='flex: 1 1 300px; max-width: 400px;'> <img style='width: 100%; height: auto; border: 1px solid rgba(150&comma;150&comma;150&comma;0.3); border-radius: 8px;' src='https:\/\/ftp3.syscom.mx\/usuarios\/scorrea\/A\/DITEK\/DTK120240CM\/ejemplo2.png' alt=''> <\/div>\n<div style='flex: 1 1 300px; max-width: 400px;'> <img style='width: 100%; height: auto; border: 1px solid rgba(150&comma;150&comma;150&comma;0.3); border-radius: 8px;' src='https:\/\/ftp3.syscom.mx\/usuarios\/scorrea\/A\/DITEK\/DTK120240CM\/ejemplo3.png' alt=''> <\/div>\n<\/p><\/div>\n<\/p><\/div>\n","protected":false},"excerpt":{"rendered":"<p>Dispositivo de Protecci\u00f3n contra Sobretensiones de Fase Dividida de 120\/240 VCA, Recomendado para Climas, Motores, Iluminaci\u00f3n.<\/p>\n","protected":false},"featured_media":49897,"comment_status":"open","ping_status":"closed","template":"","meta":[],"product_brand":[],"product_cat":[967],"product_tag":[968,534,898],"class_list":{"0":"post-49898","1":"product","2":"type-product","3":"status-publish","4":"has-post-thumbnail","6":"product_cat-corriente-alterna","7":"product_tag-corriente-alterna","8":"product_tag-ditek","9":"product_tag-proteccion-contra-descargas","11":"first","12":"outofstock","13":"sale","14":"shipping-taxable","15":"purchasable","16":"product-type-simple"},"_links":{"self":[{"href":"https:\/\/soydeaqui.ddns.net\/pachuca\/index.php\/wp-json\/wp\/v2\/product\/49898","targetHints":{"allow":["GET"]}}],"collection":[{"href":"https:\/\/soydeaqui.ddns.net\/pachuca\/index.php\/wp-json\/wp\/v2\/product"}],"about":[{"href":"https:\/\/soydeaqui.ddns.net\/pachuca\/index.php\/wp-json\/wp\/v2\/types\/product"}],"replies":[{"embeddable":true,"href":"https:\/\/soydeaqui.ddns.net\/pachuca\/index.php\/wp-json\/wp\/v2\/comments?post=49898"}],"wp:featuredmedia":[{"embeddable":true,"href":"https:\/\/soydeaqui.ddns.net\/pachuca\/index.php\/wp-json\/wp\/v2\/media\/49897"}],"wp:attachment":[{"href":"https:\/\/soydeaqui.ddns.net\/pachuca\/index.php\/wp-json\/wp\/v2\/media?parent=49898"}],"wp:term":[{"taxonomy":"product_brand","embeddable":true,"href":"https:\/\/soydeaqui.ddns.net\/pachuca\/index.php\/wp-json\/wp\/v2\/product_brand?post=49898"},{"taxonomy":"product_cat","embeddable":true,"href":"https:\/\/soydeaqui.ddns.net\/pachuca\/index.php\/wp-json\/wp\/v2\/product_cat?post=49898"},{"taxonomy":"product_tag","embeddable":true,"href":"https:\/\/soydeaqui.ddns.net\/pachuca\/index.php\/wp-json\/wp\/v2\/product_tag?post=49898"}],"curies":[{"name":"wp","href":"https:\/\/api.w.org\/{rel}","templated":true}]}}