{"id":49877,"date":"2026-03-18T22:21:49","date_gmt":"2026-03-18T22:21:49","guid":{"rendered":"https:\/\/soydeaqui.ddns.net\/pachuca\/index.php\/producto\/controlador-solar-para-iluminacion-de-luz-mercurial-estaciones-de-autobus-y-senalamientos-20-a-12-vcc\/"},"modified":"2026-03-18T22:21:57","modified_gmt":"2026-03-18T22:21:57","slug":"controlador-solar-para-iluminacion-de-luz-mercurial-estaciones-de-autobus-y-senalamientos-20-a-12-vcc","status":"publish","type":"product","link":"https:\/\/soydeaqui.ddns.net\/pachuca\/index.php\/producto\/controlador-solar-para-iluminacion-de-luz-mercurial-estaciones-de-autobus-y-senalamientos-20-a-12-vcc\/","title":{"rendered":"Controlador Solar para Iluminaci\u00f3n de Luz Mercurial, Estaciones de Autob\u00fas y Se\u00f1alamientos 20 A, 12 Vcc."},"content":{"rendered":"<div style='width: 100%; max-width: 1200px; margin: 0 auto; font-family: sans-serif; line-height: 1.6; color: inherit; background-color: transparent;'> <!-- Secci\u00f3n de caracter\u00edsticas principales --> <\/p>\n<div style='display: flex; flex-wrap: wrap; gap: 30px; margin-bottom: 30px;'>\n<div style='flex: 1 1 300px; min-width: 280px;'>\n<h3 style='font-size: 22px; border-bottom: 2px solid currentColor; padding-bottom: 5px; margin-top: 0; color: inherit; opacity: 0.8;'>Caracter\u00edsticas Principales<\/h3>\n<ul style='padding-left: 20px; font-size: 15px; color: inherit;'>\n<li style='margin-bottom: 5px;'>Selector digital para 10 opciones de iluminaci\u00f3n<\/li>\n<li style='margin-bottom: 5px;'>Utiliza el voltaje del m\u00f3dulo solar para determinar d\u00eda\/noche<\/li>\n<li style='margin-bottom: 5px;'>Opci\u00f3n para conservar energ\u00eda solar&comma; encender al anochecer y apagar antes del amanecer<\/li>\n<li style='margin-bottom: 5px;'>Bot\u00f3n de prueba que enciende por 5 minutos durante el d\u00eda<\/li>\n<li style='margin-bottom: 5px;'>Funciones especiales de encendido para ahorro energ\u00e9tico<\/li>\n<\/ul><\/div>\n<\/p><\/div>\n<p> <!-- Secci\u00f3n de especificaciones t\u00e9cnicas --> <\/p>\n<div style='display: flex; flex-wrap: wrap; gap: 20px; margin-bottom: 30px;'>\n<div style='flex: 1 1 250px; border: 1px solid rgba(150&comma; 150&comma; 150&comma; 0.4); border-radius: 8px; overflow: hidden; display: flex; flex-direction: column;'>\n<div style='padding: 15px; border-bottom: 1px solid rgba(150&comma; 150&comma; 150&comma; 0.2); font-weight: bold; font-size: 18px; color: inherit;'>Especificaciones El\u00e9ctricas<\/div>\n<div style='padding: 15px; color: inherit;'>\n<ul style='padding-left: 20px; margin: 0; font-size: 14px; list-style-type: disc;'>\n<li style='margin-bottom: 5px;'><strong>Entrada solar:<\/strong> 20 A<\/li>\n<li style='margin-bottom: 5px;'><strong>Carga especificada:<\/strong> 20 A<\/li>\n<li style='margin-bottom: 5px;'><strong>Regulaci\u00f3n de tensi\u00f3n:<\/strong> 14.1 V para bater\u00eda sellada<\/li>\n<li style='margin-bottom: 5px;'><strong>Desconexi\u00f3n de carga:<\/strong> 11.7 V<\/li>\n<li style='margin-bottom: 5px;'><strong>Reconexi\u00f3n LVD:<\/strong> 12.8 V<\/li>\n<li style='margin-bottom: 5px;'><strong>Consumo propio:<\/strong> 8 mA<\/li>\n<li style='margin-bottom: 5px;'><strong>Tensi\u00f3n del sistema:<\/strong> 12 Vcc<\/li>\n<\/ul><\/div>\n<\/p><\/div>\n<div style='flex: 1 1 250px; border: 1px solid rgba(150&comma; 150&comma; 150&comma; 0.4); border-radius: 8px; overflow: hidden; display: flex; flex-direction: column;'>\n<div style='padding: 15px; border-bottom: 1px solid rgba(150&comma; 150&comma; 150&comma; 0.2); font-weight: bold; font-size: 18px; color: inherit;'>Opciones de Iluminaci\u00f3n<\/div>\n<div style='padding: 15px; color: inherit;'>\n<ul style='padding-left: 20px; margin: 0; font-size: 14px; list-style-type: disc;'>\n<li style='margin-bottom: 5px;'>APAGADO<\/li>\n<li style='margin-bottom: 5px;'>ENCENDIDO POR 2 HORAS<\/li>\n<li style='margin-bottom: 5px;'>ENCENDIDO POR 4 HORAS<\/li>\n<li style='margin-bottom: 5px;'>ENCENDIDO POR 6 HORAS<\/li>\n<li style='margin-bottom: 5px;'>ENCENDIDO POR 8 HORAS<\/li>\n<li style='margin-bottom: 5px;'>ENCENDIDO POR 10 HORAS<\/li>\n<li style='margin-bottom: 5px;'>3 \/ APAGADO \/ 1<\/li>\n<li style='margin-bottom: 5px;'>4 \/ APAGADO \/ 2<\/li>\n<li style='margin-bottom: 5px;'>6 \/ APAGADO \/ 2<\/li>\n<li style='margin-bottom: 5px;'>ANOCHECER A AMANECER<\/li>\n<\/ul><\/div>\n<\/p><\/div>\n<div style='flex: 1 1 250px; border: 1px solid rgba(150&comma; 150&comma; 150&comma; 0.4); border-radius: 8px; overflow: hidden; display: flex; flex-direction: column;'>\n<div style='padding: 15px; border-bottom: 1px solid rgba(150&comma; 150&comma; 150&comma; 0.2); font-weight: bold; font-size: 18px; color: inherit;'>Especificaciones Adicionales<\/div>\n<div style='padding: 15px; color: inherit;'>\n<ul style='padding-left: 20px; margin: 0; font-size: 14px; list-style-type: disc;'>\n<li style='margin-bottom: 5px;'><strong>Temperatura de operaci\u00f3n:<\/strong> -40 a +85 \u00b0C<\/li>\n<li style='margin-bottom: 5px;'><strong>Tipo de carga:<\/strong> L\u00e1mparas de 12V CC<\/li>\n<li style='margin-bottom: 5px;'><strong>Tipo de bater\u00eda:<\/strong> Seleccionable entre sellada y con l\u00edquido<\/li>\n<li style='margin-bottom: 5px;'><strong>Compensaci\u00f3n de temperatura:<\/strong> -27 mV\/\u00b0C<\/li>\n<li style='margin-bottom: 5px;'><strong>Tama\u00f1o del cable:<\/strong> 5.2 mm\u00b2 (#10 AWG)<\/li>\n<li style='margin-bottom: 5px;'><strong>Peso:<\/strong> 0.26 kg (9 oz)<\/li>\n<\/ul><\/div>\n<\/p><\/div>\n<\/p><\/div>\n<p> <!-- Secci\u00f3n de funcionalidades --> <\/p>\n<div style='display: flex; flex-wrap: wrap; gap: 30px; margin-bottom: 30px;'>\n<div style='flex: 1 1 300px; min-width: 280px;'>\n<h3 style='font-size: 22px; border-bottom: 2px solid currentColor; padding-bottom: 5px; margin-top: 0; color: inherit; opacity: 0.8;'>Funcionalidades<\/h3>\n<ul style='padding-left: 20px; font-size: 15px; color: inherit;'>\n<li style='margin-bottom: 5px;'>Operaci\u00f3n totalmente autom\u00e1tica<\/li>\n<li style='margin-bottom: 5px;'>Precisi\u00f3n digital de microcontrolador<\/li>\n<li style='margin-bottom: 5px;'>Control de iluminaci\u00f3n preciso<\/li>\n<li style='margin-bottom: 5px;'>Carga de bater\u00eda tipo PWM<\/li>\n<li style='margin-bottom: 5px;'>Protecci\u00f3n por desconexi\u00f3n por bajo voltaje (LVD)<\/li>\n<li style='margin-bottom: 5px;'>Detecci\u00f3n de d\u00eda y noche mediante m\u00f3dulo solar<\/li>\n<li style='margin-bottom: 5px;'>Capacidad de prueba manual<\/li>\n<li style='margin-bottom: 5px;'>Posibilidad de conexi\u00f3n paralela con SunSaver hasta 40 A solares<\/li>\n<li style='margin-bottom: 5px;'>Incluye circuito de carga de bater\u00eda SunSaver<\/li>\n<li style='margin-bottom: 5px;'>Precisi\u00f3n del temporizador \u00b12 segundos<\/li>\n<\/ul><\/div>\n<\/p><\/div>\n<p> <!-- Separador --> <\/p>\n<hr style='border: 0; border-top: 1px solid rgba(150&comma; 150&comma; 150&comma; 0.3); margin: 30px 0;'> <!-- Secci\u00f3n de garant\u00eda --> <\/p>\n<div style='display: flex; flex-wrap: wrap; gap: 30px;'>\n<div style='flex: 1 1 300px; min-width: 280px;'>\n<h3 style='font-size: 22px; border-bottom: 2px solid currentColor; padding-bottom: 5px; margin-top: 0; color: inherit; opacity: 0.8;'>Garant\u00eda<\/h3>\n<p style='font-size: 15px; color: inherit; margin-bottom: 0;'>Cinco a\u00f1os de garant\u00eda. Consulte con Morningstar o su distribuidor autorizado para obtener los t\u00e9rminos completos.<\/p>\n<\/p><\/div>\n<\/p><\/div>\n<\/p><\/div>\n","protected":false},"excerpt":{"rendered":"<p>Controlador Solar para Iluminaci\u00f3n de Luz Mercurial, Estaciones de Autob\u00fas y Se\u00f1alamientos 20 A, 12 Vcc.<\/p>\n","protected":false},"featured_media":49876,"comment_status":"open","ping_status":"closed","template":"","meta":[],"product_brand":[],"product_cat":[1242],"product_tag":[1243,964,1119],"class_list":{"0":"post-49877","1":"product","2":"type-product","3":"status-publish","4":"has-post-thumbnail","6":"product_cat-controladores-de-carga-pwm","7":"product_tag-controladores-de-carga-pwm","8":"product_tag-energia-solar","9":"product_tag-morningstar","11":"first","12":"instock","13":"sale","14":"shipping-taxable","15":"purchasable","16":"product-type-simple"},"_links":{"self":[{"href":"https:\/\/soydeaqui.ddns.net\/pachuca\/index.php\/wp-json\/wp\/v2\/product\/49877","targetHints":{"allow":["GET"]}}],"collection":[{"href":"https:\/\/soydeaqui.ddns.net\/pachuca\/index.php\/wp-json\/wp\/v2\/product"}],"about":[{"href":"https:\/\/soydeaqui.ddns.net\/pachuca\/index.php\/wp-json\/wp\/v2\/types\/product"}],"replies":[{"embeddable":true,"href":"https:\/\/soydeaqui.ddns.net\/pachuca\/index.php\/wp-json\/wp\/v2\/comments?post=49877"}],"wp:featuredmedia":[{"embeddable":true,"href":"https:\/\/soydeaqui.ddns.net\/pachuca\/index.php\/wp-json\/wp\/v2\/media\/49876"}],"wp:attachment":[{"href":"https:\/\/soydeaqui.ddns.net\/pachuca\/index.php\/wp-json\/wp\/v2\/media?parent=49877"}],"wp:term":[{"taxonomy":"product_brand","embeddable":true,"href":"https:\/\/soydeaqui.ddns.net\/pachuca\/index.php\/wp-json\/wp\/v2\/product_brand?post=49877"},{"taxonomy":"product_cat","embeddable":true,"href":"https:\/\/soydeaqui.ddns.net\/pachuca\/index.php\/wp-json\/wp\/v2\/product_cat?post=49877"},{"taxonomy":"product_tag","embeddable":true,"href":"https:\/\/soydeaqui.ddns.net\/pachuca\/index.php\/wp-json\/wp\/v2\/product_tag?post=49877"}],"curies":[{"name":"wp","href":"https:\/\/api.w.org\/{rel}","templated":true}]}}