{"id":49861,"date":"2026-03-18T22:21:20","date_gmt":"2026-03-18T22:21:20","guid":{"rendered":"https:\/\/soydeaqui.ddns.net\/pachuca\/index.php\/producto\/controlador-solar-para-iluminacion-de-luz-mercurial-estaciones-de-autobus-y-senalamientos-10-a-12-vcc\/"},"modified":"2026-03-18T22:21:20","modified_gmt":"2026-03-18T22:21:20","slug":"controlador-solar-para-iluminacion-de-luz-mercurial-estaciones-de-autobus-y-senalamientos-10-a-12-vcc","status":"publish","type":"product","link":"https:\/\/soydeaqui.ddns.net\/pachuca\/index.php\/producto\/controlador-solar-para-iluminacion-de-luz-mercurial-estaciones-de-autobus-y-senalamientos-10-a-12-vcc\/","title":{"rendered":"Controlador Solar para Iluminaci\u00f3n de Luz Mercurial, Estaciones de Autob\u00fas y Se\u00f1alamientos 10 A, 12 Vcc."},"content":{"rendered":"<div style='width: 100%; max-width: 1200px; margin: 0 auto; font-family: sans-serif; line-height: 1.6; color: inherit; background-color: transparent;'>\n<div style='display: flex; flex-wrap: wrap; gap: 30px; margin-bottom: 30px;'>\n<div style='flex: 1 1 300px; min-width: 280px;'>\n<h3 style='font-size: 22px; border-bottom: 2px solid currentColor; padding-bottom: 5px; margin-top: 0; color: inherit; opacity: 0.8;'>Caracter\u00edsticas Principales<\/h3>\n<ul style='padding-left: 20px; font-size: 15px; color: inherit;'>\n<li style='margin-bottom: 5px;'>Selector digital para 10 opciones de iluminaci\u00f3n<\/li>\n<li style='margin-bottom: 5px;'>Detecta d\u00eda\/noche usando m\u00f3dulo solar<\/li>\n<li style='margin-bottom: 5px;'>Opci\u00f3n para conservar energ\u00eda solar<\/li>\n<li style='margin-bottom: 5px;'>Bot\u00f3n de prueba para activaci\u00f3n manual<\/li>\n<li style='margin-bottom: 5px;'>Funciones especiales de encendido\/apagado<\/li>\n<li style='margin-bottom: 5px;'>Compensaci\u00f3n de temperatura<\/li>\n<\/ul><\/div>\n<div style='flex: 1 1 300px; min-width: 280px;'>\n<h3 style='font-size: 22px; border-bottom: 2px solid currentColor; padding-bottom: 5px; margin-top: 0; color: inherit; opacity: 0.8;'>Aplicaciones<\/h3>\n<ul style='padding-left: 20px; font-size: 15px; color: inherit;'>\n<li style='margin-bottom: 5px;'>Iluminaci\u00f3n de luz mercurial<\/li>\n<li style='margin-bottom: 5px;'>Estaciones de autob\u00fas<\/li>\n<li style='margin-bottom: 5px;'>Se\u00f1alamientos<\/li>\n<\/ul><\/div>\n<\/p><\/div>\n<div style='display: flex; flex-wrap: wrap; gap: 20px; margin-bottom: 30px;'>\n<div style='flex: 1 1 250px; border: 1px solid rgba(150&comma; 150&comma; 150&comma; 0.4); border-radius: 8px; overflow: hidden; display: flex; flex-direction: column;'>\n<div style='padding: 15px; border-bottom: 1px solid rgba(150&comma; 150&comma; 150&comma; 0.2); font-weight: bold; font-size: 18px; color: inherit;'>Especificaciones El\u00e9ctricas<\/div>\n<div style='padding: 15px; color: inherit;'>\n<ul style='padding-left: 20px; margin: 0; font-size: 14px; list-style-type: disc;'>\n<li style='margin-bottom: 5px;'><strong>Voltaje:<\/strong> 12 Vcc<\/li>\n<li style='margin-bottom: 5px;'><strong>Corriente:<\/strong> 10 A<\/li>\n<li style='margin-bottom: 5px;'><strong>Entrada solar:<\/strong> 10 A<\/li>\n<li style='margin-bottom: 5px;'><strong>Carga:<\/strong> 10 A<\/li>\n<li style='margin-bottom: 5px;'><strong>Sobrecarga:<\/strong> 25% por 5 minutos<\/li>\n<li style='margin-bottom: 5px;'><strong>Consumo propio:<\/strong> 8 mA<\/li>\n<\/ul><\/div>\n<\/p><\/div>\n<div style='flex: 1 1 250px; border: 1px solid rgba(150&comma; 150&comma; 150&comma; 0.4); border-radius: 8px; overflow: hidden; display: flex; flex-direction: column;'>\n<div style='padding: 15px; border-bottom: 1px solid rgba(150&comma; 150&comma; 150&comma; 0.2); font-weight: bold; font-size: 18px; color: inherit;'>Regulaci\u00f3n de Tensi\u00f3n<\/div>\n<div style='padding: 15px; color: inherit;'>\n<ul style='padding-left: 20px; margin: 0; font-size: 14px; list-style-type: disc;'>\n<li style='margin-bottom: 5px;'><strong>Bater\u00eda sellada:<\/strong> 14.1V<\/li>\n<li style='margin-bottom: 5px;'><strong>Bater\u00eda con l\u00edquido:<\/strong> 14.4V<\/li>\n<li style='margin-bottom: 5px;'><strong>Desconexi\u00f3n de carga:<\/strong> 11.7V<\/li>\n<li style='margin-bottom: 5px;'><strong>Reconexi\u00f3n LVD:<\/strong> 12.8V<\/li>\n<li style='margin-bottom: 5px;'><strong>Compensaci\u00f3n de temperatura:<\/strong> -27mV\/\u00b0C<\/li>\n<\/ul><\/div>\n<\/p><\/div>\n<div style='flex: 1 1 250px; border: 1px solid rgba(150&comma; 150&comma; 150&comma; 0.4); border-radius: 8px; overflow: hidden; display: flex; flex-direction: column;'>\n<div style='padding: 15px; border-bottom: 1px solid rgba(150&comma; 150&comma; 150&comma; 0.2); font-weight: bold; font-size: 18px; color: inherit;'>Especificaciones Mec\u00e1nicas<\/div>\n<div style='padding: 15px; color: inherit;'>\n<ul style='padding-left: 20px; margin: 0; font-size: 14px; list-style-type: disc;'>\n<li style='margin-bottom: 5px;'><strong>Tama\u00f1o:<\/strong> 168 x 155 x 55 mm<\/li>\n<li style='margin-bottom: 5px;'><strong>Peso:<\/strong> 0.26 kg<\/li>\n<li style='margin-bottom: 5px;'><strong>Tama\u00f1o de cable:<\/strong> 5.2 mm\u00b2 (#10 AWG)<\/li>\n<li style='margin-bottom: 5px;'><strong>Gabinete:<\/strong> Aluminio anodizado<\/li>\n<li style='margin-bottom: 5px;'><strong>Terminales:<\/strong> Especificaciones marinas<\/li>\n<li style='margin-bottom: 5px;'><strong>Encapsulado:<\/strong> Epoxy<\/li>\n<\/ul><\/div>\n<\/p><\/div>\n<\/p><\/div>\n<div style='display: flex; flex-wrap: wrap; gap: 20px; margin-bottom: 30px;'>\n<div style='flex: 1 1 250px; border: 1px solid rgba(150&comma; 150&comma; 150&comma; 0.4); border-radius: 8px; overflow: hidden; display: flex; flex-direction: column;'>\n<div style='padding: 15px; border-bottom: 1px solid rgba(150&comma; 150&comma; 150&comma; 0.2); font-weight: bold; font-size: 18px; color: inherit;'>Opciones de Iluminaci\u00f3n<\/div>\n<div style='padding: 15px; color: inherit;'>\n<ul style='padding-left: 20px; margin: 0; font-size: 14px; list-style-type: disc;'>\n<li style='margin-bottom: 5px;'>Apagado<\/li>\n<li style='margin-bottom: 5px;'>Encendido por 2 horas<\/li>\n<li style='margin-bottom: 5px;'>Encendido por 4 horas<\/li>\n<li style='margin-bottom: 5px;'>Encendido por 6 horas<\/li>\n<li style='margin-bottom: 5px;'>Encendido por 8 horas<\/li>\n<li style='margin-bottom: 5px;'>Encendido por 10 horas<\/li>\n<li style='margin-bottom: 5px;'>3 \/ Apagado \/ 1<\/li>\n<li style='margin-bottom: 5px;'>4 \/ Apagado \/ 2<\/li>\n<li style='margin-bottom: 5px;'>6 \/ Apagado \/ 2<\/li>\n<li style='margin-bottom: 5px;'>Anochecer a amanecer<\/li>\n<\/ul><\/div>\n<\/p><\/div>\n<div style='flex: 1 1 250px; border: 1px solid rgba(150&comma; 150&comma; 150&comma; 0.4); border-radius: 8px; overflow: hidden; display: flex; flex-direction: column;'>\n<div style='padding: 15px; border-bottom: 1px solid rgba(150&comma; 150&comma; 150&comma; 0.2); font-weight: bold; font-size: 18px; color: inherit;'>Protecciones<\/div>\n<div style='padding: 15px; color: inherit;'>\n<ul style='padding-left: 20px; margin: 0; font-size: 14px; list-style-type: disc;'>\n<li style='margin-bottom: 5px;'>Protecci\u00f3n LVD (desconexi\u00f3n por bajo voltaje)<\/li>\n<li style='margin-bottom: 5px;'>Protecci\u00f3n por sobrecarga<\/li>\n<li style='margin-bottom: 5px;'>Protecci\u00f3n contra inversi\u00f3n de polaridad<\/li>\n<li style='margin-bottom: 5px;'>Protecci\u00f3n contra sobretensiones<\/li>\n<\/ul><\/div>\n<\/p><\/div>\n<div style='flex: 1 1 250px; border: 1px solid rgba(150&comma; 150&comma; 150&comma; 0.4); border-radius: 8px; overflow: hidden; display: flex; flex-direction: column;'>\n<div style='padding: 15px; border-bottom: 1px solid rgba(150&comma; 150&comma; 150&comma; 0.2); font-weight: bold; font-size: 18px; color: inherit;'>Temperatura<\/div>\n<div style='padding: 15px; color: inherit;'>\n<ul style='padding-left: 20px; margin: 0; font-size: 14px; list-style-type: disc;'>\n<li style='margin-bottom: 5px;'><strong>Operaci\u00f3n:<\/strong> -40 a +85 \u00baC<\/li>\n<\/ul><\/div>\n<\/p><\/div>\n<\/p><\/div>\n<hr style='border: 0; border-top: 1px solid rgba(150&comma; 150&comma; 150&comma; 0.3); margin: 30px 0;'>\n<div style='display: flex; flex-wrap: wrap; gap: 30px; margin-bottom: 30px;'>\n<div style='flex: 1 1 300px; min-width: 280px;'>\n<h3 style='font-size: 22px; border-bottom: 2px solid currentColor; padding-bottom: 5px; margin-top: 0; color: inherit; opacity: 0.8;'>Garant\u00eda<\/h3>\n<p style='font-size: 15px; color: inherit;'>Cinco a\u00f1os de garant\u00eda. Consulte con Morningstar o su distribuidor autorizado para obtener los t\u00e9rminos completos.<\/p>\n<\/p><\/div>\n<\/p><\/div>\n<\/p><\/div>\n","protected":false},"excerpt":{"rendered":"<p>Controlador Solar para Iluminaci\u00f3n de Luz Mercurial, Estaciones de Autob\u00fas y Se\u00f1alamientos 10 A, 12 Vcc.<\/p>\n","protected":false},"featured_media":49860,"comment_status":"open","ping_status":"closed","template":"","meta":[],"product_brand":[],"product_cat":[1242],"product_tag":[1243,964,1119],"class_list":{"0":"post-49861","1":"product","2":"type-product","3":"status-publish","4":"has-post-thumbnail","6":"product_cat-controladores-de-carga-pwm","7":"product_tag-controladores-de-carga-pwm","8":"product_tag-energia-solar","9":"product_tag-morningstar","11":"first","12":"outofstock","13":"sale","14":"shipping-taxable","15":"purchasable","16":"product-type-simple"},"_links":{"self":[{"href":"https:\/\/soydeaqui.ddns.net\/pachuca\/index.php\/wp-json\/wp\/v2\/product\/49861","targetHints":{"allow":["GET"]}}],"collection":[{"href":"https:\/\/soydeaqui.ddns.net\/pachuca\/index.php\/wp-json\/wp\/v2\/product"}],"about":[{"href":"https:\/\/soydeaqui.ddns.net\/pachuca\/index.php\/wp-json\/wp\/v2\/types\/product"}],"replies":[{"embeddable":true,"href":"https:\/\/soydeaqui.ddns.net\/pachuca\/index.php\/wp-json\/wp\/v2\/comments?post=49861"}],"wp:featuredmedia":[{"embeddable":true,"href":"https:\/\/soydeaqui.ddns.net\/pachuca\/index.php\/wp-json\/wp\/v2\/media\/49860"}],"wp:attachment":[{"href":"https:\/\/soydeaqui.ddns.net\/pachuca\/index.php\/wp-json\/wp\/v2\/media?parent=49861"}],"wp:term":[{"taxonomy":"product_brand","embeddable":true,"href":"https:\/\/soydeaqui.ddns.net\/pachuca\/index.php\/wp-json\/wp\/v2\/product_brand?post=49861"},{"taxonomy":"product_cat","embeddable":true,"href":"https:\/\/soydeaqui.ddns.net\/pachuca\/index.php\/wp-json\/wp\/v2\/product_cat?post=49861"},{"taxonomy":"product_tag","embeddable":true,"href":"https:\/\/soydeaqui.ddns.net\/pachuca\/index.php\/wp-json\/wp\/v2\/product_tag?post=49861"}],"curies":[{"name":"wp","href":"https:\/\/api.w.org\/{rel}","templated":true}]}}