{"id":49853,"date":"2026-03-18T22:21:03","date_gmt":"2026-03-18T22:21:03","guid":{"rendered":"https:\/\/soydeaqui.ddns.net\/pachuca\/index.php\/producto\/controlador-de-carga-y-descarga-sunsaver-10-a-24-vcc\/"},"modified":"2026-03-18T22:21:04","modified_gmt":"2026-03-18T22:21:04","slug":"controlador-de-carga-y-descarga-sunsaver-10-a-24-vcc","status":"publish","type":"product","link":"https:\/\/soydeaqui.ddns.net\/pachuca\/index.php\/producto\/controlador-de-carga-y-descarga-sunsaver-10-a-24-vcc\/","title":{"rendered":"Controlador de Carga y Descarga SunSaver, 10 A., 24 Vcc."},"content":{"rendered":"<div style='width: 100%; max-width: 1200px; margin: 0 auto; font-family: sans-serif; line-height: 1.6; color: inherit; background-color: transparent;'>\n<div style='display: flex; flex-wrap: wrap; gap: 30px; margin-bottom: 30px;'>\n<div style='flex: 1 1 300px; min-width: 280px;'>\n<h3 style='font-size: 22px; border-bottom: 2px solid currentColor; padding-bottom: 5px; margin-top: 0; color: inherit; opacity: 0.8;'>Caracter\u00edsticas principales<\/h3>\n<ul style='padding-left: 20px; font-size: 15px; color: inherit;'>\n<li style='margin-bottom: 5px;'>Encapsulado para protecci\u00f3n en ambientes h\u00famedos y mar\u00edtimos<\/li>\n<li style='margin-bottom: 5px;'>Indicador LED verde para carga&comma; rojo para bajo voltaje<\/li>\n<li style='margin-bottom: 5px;'>Compensaci\u00f3n de temperatura integrada<\/li>\n<li style='margin-bottom: 5px;'>Aprobado para lugares peligrosos&comma; clase 1 divisi\u00f3n 2<\/li>\n<li style='margin-bottom: 5px;'>Posibilidad de conexi\u00f3n en paralelo para corriente mayor<\/li>\n<\/ul><\/div>\n<div style='flex: 1 1 300px; min-width: 280px;'>\n<h3 style='font-size: 22px; border-bottom: 2px solid currentColor; padding-bottom: 5px; margin-top: 0; color: inherit; opacity: 0.8;'>Especificaciones t\u00e9cnicas<\/h3>\n<ul style='padding-left: 20px; font-size: 15px; color: inherit;'>\n<li style='margin-bottom: 5px;'><strong>Tipo:<\/strong> Controlador serie PWM<\/li>\n<li style='margin-bottom: 5px;'><strong>Corriente nominal:<\/strong> 10 A<\/li>\n<li style='margin-bottom: 5px;'><strong>Tensi\u00f3n:<\/strong> 24 Vcc<\/li>\n<li style='margin-bottom: 5px;'><strong>Entrada solar:<\/strong> 10 A<\/li>\n<li style='margin-bottom: 5px;'><strong>Salida de carga:<\/strong> 10 A<\/li>\n<li style='margin-bottom: 5px;'><strong>Regulaci\u00f3n de tensi\u00f3n:<\/strong> 28.2 V (bater\u00eda sellada)&comma; 28.8 V (bater\u00eda con l\u00edquido)<\/li>\n<li style='margin-bottom: 5px;'><strong>LVD:<\/strong> 23.0 V (desconexi\u00f3n)&comma; 25.2 V (reconexi\u00f3n)<\/li>\n<li style='margin-bottom: 5px;'><strong>Compensaci\u00f3n de temperatura:<\/strong> -56 mV\/\u00b0C<\/li>\n<li style='margin-bottom: 5px;'><strong>Consumo propio:<\/strong> 6-10 mA<\/li>\n<li style='margin-bottom: 5px;'><strong>Temperatura operaci\u00f3n:<\/strong> -40 a +85\u00b0C<\/li>\n<\/ul><\/div>\n<div style='flex: 1 1 300px; min-width: 280px;'>\n<h3 style='font-size: 22px; border-bottom: 2px solid currentColor; padding-bottom: 5px; margin-top: 0; color: inherit; opacity: 0.8;'>Caracter\u00edsticas constructivas<\/h3>\n<ul style='padding-left: 20px; font-size: 15px; color: inherit;'>\n<li style='margin-bottom: 5px;'>Dise\u00f1o tipo serie (no derivaci\u00f3n de corriente)<\/li>\n<li style='margin-bottom: 5px;'>100% estado s\u00f3lido<\/li>\n<li style='margin-bottom: 5px;'>Confiabilidad excepcional<\/li>\n<li style='margin-bottom: 5px;'>Encapsulado en epoxy<\/li>\n<li style='margin-bottom: 5px;'>Gabinete de aluminio anodizado<\/li>\n<li style='margin-bottom: 5px;'>Terminales con especificaciones marinas<\/li>\n<li style='margin-bottom: 5px;'>Sobrecarga del 25% (5 minutos)<\/li>\n<li style='margin-bottom: 5px;'>Tama\u00f1o del cable: 5&comma;2 mm\u00b2 (#10 AWG)<\/li>\n<li style='margin-bottom: 5px;'>Peso: 0.23 kg (8 oz)<\/li>\n<\/ul><\/div>\n<\/p><\/div>\n<div style='display: flex; flex-wrap: wrap; gap: 20px; margin-bottom: 30px;'>\n<div style='flex: 1 1 250px; border: 1px solid rgba(150&comma; 150&comma; 150&comma; 0.4); border-radius: 8px; overflow: hidden; display: flex; flex-direction: column;'>\n<div style='padding: 15px; border-bottom: 1px solid rgba(150&comma; 150&comma; 150&comma; 0.2); font-weight: bold; font-size: 18px; color: inherit;'>Aprobaciones<\/div>\n<div style='padding: 15px; color: inherit;'>\n<ul style='padding-left: 20px; margin: 0; font-size: 14px; list-style-type: disc;'>\n<li style='margin-bottom: 5px;'>Clase 1&comma; Divisi\u00f3n 2&comma; Grupos A&comma; B&comma; C&comma; D<\/li>\n<li style='margin-bottom: 5px;'>UL1604<\/li>\n<li style='margin-bottom: 5px;'>CSA 22.2 No. 213-M1987<\/li>\n<\/ul><\/div>\n<\/p><\/div>\n<div style='flex: 1 1 250px; border: 1px solid rgba(150&comma; 150&comma; 150&comma; 0.4); border-radius: 8px; overflow: hidden; display: flex; flex-direction: column;'>\n<div style='padding: 15px; border-bottom: 1px solid rgba(150&comma; 150&comma; 150&comma; 0.2); font-weight: bold; font-size: 18px; color: inherit;'>Dimensiones<\/div>\n<div style='padding: 15px; color: inherit;'>\n<ul style='padding-left: 20px; margin: 0; font-size: 14px; list-style-type: disc;'>\n<li style='margin-bottom: 5px;'>5&comma;50&#8242; (140 mm) x 2&comma;18&#8242; (55 mm) x 0&comma;50&#8242; (13 mm)<\/li>\n<li style='margin-bottom: 5px;'>Peso: 0.23 kg (8 oz)<\/li>\n<\/ul><\/div>\n<\/p><\/div>\n<div style='flex: 1 1 250px; border: 1px solid rgba(150&comma; 150&comma; 150&comma; 0.4); border-radius: 8px; overflow: hidden; display: flex; flex-direction: column;'>\n<div style='padding: 15px; border-bottom: 1px solid rgba(150&comma; 150&comma; 150&comma; 0.2); font-weight: bold; font-size: 18px; color: inherit;'>Garant\u00eda<\/div>\n<div style='padding: 15px; color: inherit;'>\n<ul style='padding-left: 20px; margin: 0; font-size: 14px; list-style-type: disc;'>\n<li style='margin-bottom: 5px;'>5 a\u00f1os<\/li>\n<\/ul><\/div>\n<\/p><\/div>\n<\/p><\/div>\n<hr style='border: 0; border-top: 1px solid rgba(150&comma; 150&comma; 150&comma; 0.3); margin: 30px 0;'> <\/div>\n","protected":false},"excerpt":{"rendered":"<p>Controlador de Carga y Descarga SunSaver, 10 A., 24 Vcc.<\/p>\n","protected":false},"featured_media":49852,"comment_status":"open","ping_status":"closed","template":"","meta":[],"product_brand":[],"product_cat":[1242],"product_tag":[1243,964,1119],"class_list":{"0":"post-49853","1":"product","2":"type-product","3":"status-publish","4":"has-post-thumbnail","6":"product_cat-controladores-de-carga-pwm","7":"product_tag-controladores-de-carga-pwm","8":"product_tag-energia-solar","9":"product_tag-morningstar","11":"first","12":"outofstock","13":"sale","14":"shipping-taxable","15":"purchasable","16":"product-type-simple"},"_links":{"self":[{"href":"https:\/\/soydeaqui.ddns.net\/pachuca\/index.php\/wp-json\/wp\/v2\/product\/49853","targetHints":{"allow":["GET"]}}],"collection":[{"href":"https:\/\/soydeaqui.ddns.net\/pachuca\/index.php\/wp-json\/wp\/v2\/product"}],"about":[{"href":"https:\/\/soydeaqui.ddns.net\/pachuca\/index.php\/wp-json\/wp\/v2\/types\/product"}],"replies":[{"embeddable":true,"href":"https:\/\/soydeaqui.ddns.net\/pachuca\/index.php\/wp-json\/wp\/v2\/comments?post=49853"}],"wp:featuredmedia":[{"embeddable":true,"href":"https:\/\/soydeaqui.ddns.net\/pachuca\/index.php\/wp-json\/wp\/v2\/media\/49852"}],"wp:attachment":[{"href":"https:\/\/soydeaqui.ddns.net\/pachuca\/index.php\/wp-json\/wp\/v2\/media?parent=49853"}],"wp:term":[{"taxonomy":"product_brand","embeddable":true,"href":"https:\/\/soydeaqui.ddns.net\/pachuca\/index.php\/wp-json\/wp\/v2\/product_brand?post=49853"},{"taxonomy":"product_cat","embeddable":true,"href":"https:\/\/soydeaqui.ddns.net\/pachuca\/index.php\/wp-json\/wp\/v2\/product_cat?post=49853"},{"taxonomy":"product_tag","embeddable":true,"href":"https:\/\/soydeaqui.ddns.net\/pachuca\/index.php\/wp-json\/wp\/v2\/product_tag?post=49853"}],"curies":[{"name":"wp","href":"https:\/\/api.w.org\/{rel}","templated":true}]}}