{"id":49851,"date":"2026-03-18T22:21:01","date_gmt":"2026-03-18T22:21:01","guid":{"rendered":"https:\/\/soydeaqui.ddns.net\/pachuca\/index.php\/producto\/fuente-de-poder-altronix-de-24-vcc-10-amper-1-salida-ideal-para-aplicaciones-de-control-acceso-intrusion-cctv-con-voltaje-de-entrada-de-115-vca-con-capacidad-de-baterias-de-respaldo-requ\/"},"modified":"2026-03-18T22:21:02","modified_gmt":"2026-03-18T22:21:02","slug":"fuente-de-poder-altronix-de-24-vcc-10-amper-1-salida-ideal-para-aplicaciones-de-control-acceso-intrusion-cctv-con-voltaje-de-entrada-de-115-vca-con-capacidad-de-baterias-de-respaldo-requ","status":"publish","type":"product","link":"https:\/\/soydeaqui.ddns.net\/pachuca\/index.php\/producto\/fuente-de-poder-altronix-de-24-vcc-10-amper-1-salida-ideal-para-aplicaciones-de-control-acceso-intrusion-cctv-con-voltaje-de-entrada-de-115-vca-con-capacidad-de-baterias-de-respaldo-requ\/","title":{"rendered":"Fuente de Poder ALTRONIX de 24 Vcc @ 10 Amper \/ 1 salida \/ Ideal para aplicaciones de Control Acceso\/Intrusi\u00f3n \/ CCTV \/ Con voltaje de entrada de 115 Vca \/ Con capacidad de bater\u00edas de respaldo \/ Requieren bater\u00edas"},"content":{"rendered":"<div style='width: 100%; max-width: 1200px; margin: 0 auto; font-family: sans-serif; line-height: 1.6; color: inherit; background-color: transparent;'>\n<div style='width: 100%; text-align: center; margin-bottom: 30px;'>\n<h1 style='font-size: 28px; font-weight: bold; margin: 0; color: inherit;'>SMP10C24X<\/h1>\n<h3 style='font-size: 18px; margin: 10px 0; color: inherit;'>Cargador de fuente de alimentaci\u00f3n&comma; salida \u00fanica&comma; 24 VCC a 10 A&comma; 115 VCA&comma; carcasa BC300<\/h3>\n<p style='font-size: 15px; margin: 10px 70px 50px 70px; color: inherit;'>La fuente de alimentaci\u00f3n \/ cargador SMP10C24X convierte una entrada de 115 VCA \/ 60 Hz en una salida regulada de 24 VCC a una corriente de suministro continua de 10 A.<\/p>\n<\/p><\/div>\n<div style='display: flex; flex-wrap: wrap; gap: 30px;'>\n<div style='flex: 1 1 300px; min-width: 280px;'>\n<div style='border: 1px solid rgba(150&comma; 150&comma; 150&comma; 0.3); border-radius: 8px; overflow: hidden; display: flex; flex-direction: column;'>\n<div style='background-color: rgba(238&comma; 238&comma; 238&comma; 0.8); padding: 15px; border-bottom: 1px solid rgba(150&comma; 150&comma; 150&comma; 0.3);'> <img style='width: 100%; height: auto; border: none; border-radius: 0;' src='...' alt=''> <\/div>\n<div style='padding: 15px; flex-grow: 1;'>\n<h3 style='font-size: 20px; border-bottom: 2px solid currentColor; padding-bottom: 5px; margin-top: 0; color: inherit; opacity: 0.8;'>Caracter\u00edsticas Principales<\/h3>\n<ul style='padding-left: 20px; font-size: 15px; list-style-type: disc; color: inherit;'>\n<li style='margin-bottom: 5px;'>Salida 24VDC<\/li>\n<li style='margin-bottom: 5px;'>Corriente de suministro de 10A<\/li>\n<li style='margin-bottom: 5px;'>Salidas filtradas y reguladas electr\u00f3nicamente<\/li>\n<li style='margin-bottom: 5px;'>Protecci\u00f3n contra cortocircuitos y sobrecargas t\u00e9rmicas<\/li>\n<li style='margin-bottom: 5px;'>Ca\u00edda de voltaje cero al cambiar a bater\u00eda de respaldo<\/li>\n<li style='margin-bottom: 5px;'>* Las bater\u00edas se venden por separado<\/li>\n<\/ul><\/div>\n<\/p><\/div>\n<\/p><\/div>\n<div style='flex: 1 1 300px; min-width: 280px;'>\n<div style='border: 1px solid rgba(150&comma; 150&comma; 150&comma; 0.3); border-radius: 8px; overflow: hidden; display: flex; flex-direction: column;'>\n<div style='background-color: rgba(238&comma; 238&comma; 238&comma; 0.8); padding: 15px; border-bottom: 1px solid rgba(150&comma; 150&comma; 150&comma; 0.3);'> <img style='width: 100%; height: auto; border: none; border-radius: 0;' src='...' alt=''> <\/div>\n<div style='padding: 15px; flex-grow: 1;'>\n<h3 style='font-size: 20px; border-bottom: 2px solid currentColor; padding-bottom: 5px; margin-top: 0; color: inherit; opacity: 0.8;'>Caracter\u00edsticas F\u00edsicas y El\u00e9ctricas<\/h3>\n<ul style='padding-left: 20px; font-size: 15px; list-style-type: disc; color: inherit;'>\n<li style='margin-bottom: 5px;'>Dimensiones 13 &#8216;W x 13.5&#8217; H x 3.25 &#8216;D (330 mm W x 343 mm H x 83 mm D)<\/li>\n<li style='margin-bottom: 5px;'>Con capacidad de bater\u00edas de respaldo<\/li>\n<li style='margin-bottom: 5px;'>No se incluyen bater\u00edas<\/li>\n<li style='margin-bottom: 5px;'>Bater\u00edas sugeridas: PL4.512 \/ PL712 \/ PL912<\/li>\n<li style='margin-bottom: 5px;'>Peso del producto: 11.15 libras. (5&comma;06 kg)<\/li>\n<li style='margin-bottom: 5px;'>Peso de env\u00edo: 12.15 Lbs. (5&comma;51 kg)<\/li>\n<\/ul><\/div>\n<\/p><\/div>\n<\/p><\/div>\n<div style='flex: 1 1 300px; min-width: 280px;'>\n<div style='border: 1px solid rgba(150&comma; 150&comma; 150&comma; 0.3); border-radius: 8px; overflow: hidden; display: flex; flex-direction: column;'>\n<div style='background-color: rgba(238&comma; 238&comma; 238&comma; 0.8); padding: 15px; border-bottom: 1px solid rgba(150&comma; 150&comma; 150&comma; 0.3);'> <img style='width: 100%; height: auto; border: none; border-radius: 0;' src='...' alt=''> <\/div>\n<div style='padding: 15px; flex-grow: 1;'>\n<h3 style='font-size: 20px; border-bottom: 2px solid currentColor; padding-bottom: 5px; margin-top: 0; color: inherit; opacity: 0.8;'>Caracter\u00edsticas Destacadas<\/h3>\n<ul style='padding-left: 20px; font-size: 15px; list-style-type: disc; color: inherit;'>\n<li style='margin-bottom: 5px;'>Fusibles o salidas protegidas PTC<\/li>\n<li style='margin-bottom: 5px;'>Fallo de AC<\/li>\n<li style='margin-bottom: 5px;'>Fallo de bater\u00eda y bater\u00eda baja<\/li>\n<li style='margin-bottom: 5px;'>Transferencia instant\u00e1nea a bater\u00edas de reserva<\/li>\n<li style='margin-bottom: 5px;'>Hecho en los EE. UU.<\/li>\n<\/ul><\/div>\n<\/p><\/div>\n<\/p><\/div>\n<\/p><\/div>\n<\/p><\/div>\n","protected":false},"excerpt":{"rendered":"<p>Fuente de Poder ALTRONIX de 24 Vcc @ 10 Amper \/ 1 salida \/ Ideal para aplicaciones de Control Acceso\/Intrusi\u00f3n \/ CCTV \/ Con voltaje de entrada de 115 Vca \/ Con capacidad de bater\u00edas de respaldo \/ Requieren bater\u00edas<\/p>\n","protected":false},"featured_media":49850,"comment_status":"open","ping_status":"closed","template":"","meta":[],"product_brand":[],"product_cat":[404],"product_tag":[495,142,405],"class_list":{"0":"post-49851","1":"product","2":"type-product","3":"status-publish","4":"has-post-thumbnail","6":"product_cat-fuentes-de-poder","7":"product_tag-altronix","8":"product_tag-energia","9":"product_tag-fuentes-de-poder","11":"first","12":"instock","13":"sale","14":"shipping-taxable","15":"purchasable","16":"product-type-simple"},"_links":{"self":[{"href":"https:\/\/soydeaqui.ddns.net\/pachuca\/index.php\/wp-json\/wp\/v2\/product\/49851","targetHints":{"allow":["GET"]}}],"collection":[{"href":"https:\/\/soydeaqui.ddns.net\/pachuca\/index.php\/wp-json\/wp\/v2\/product"}],"about":[{"href":"https:\/\/soydeaqui.ddns.net\/pachuca\/index.php\/wp-json\/wp\/v2\/types\/product"}],"replies":[{"embeddable":true,"href":"https:\/\/soydeaqui.ddns.net\/pachuca\/index.php\/wp-json\/wp\/v2\/comments?post=49851"}],"wp:featuredmedia":[{"embeddable":true,"href":"https:\/\/soydeaqui.ddns.net\/pachuca\/index.php\/wp-json\/wp\/v2\/media\/49850"}],"wp:attachment":[{"href":"https:\/\/soydeaqui.ddns.net\/pachuca\/index.php\/wp-json\/wp\/v2\/media?parent=49851"}],"wp:term":[{"taxonomy":"product_brand","embeddable":true,"href":"https:\/\/soydeaqui.ddns.net\/pachuca\/index.php\/wp-json\/wp\/v2\/product_brand?post=49851"},{"taxonomy":"product_cat","embeddable":true,"href":"https:\/\/soydeaqui.ddns.net\/pachuca\/index.php\/wp-json\/wp\/v2\/product_cat?post=49851"},{"taxonomy":"product_tag","embeddable":true,"href":"https:\/\/soydeaqui.ddns.net\/pachuca\/index.php\/wp-json\/wp\/v2\/product_tag?post=49851"}],"curies":[{"name":"wp","href":"https:\/\/api.w.org\/{rel}","templated":true}]}}