{"id":49792,"date":"2026-03-18T22:19:13","date_gmt":"2026-03-18T22:19:13","guid":{"rendered":"https:\/\/soydeaqui.ddns.net\/pachuca\/index.php\/producto\/sensor-remoto-de-temperatura-para-ts45-ts60\/"},"modified":"2026-03-18T22:19:16","modified_gmt":"2026-03-18T22:19:16","slug":"sensor-remoto-de-temperatura-para-ts45-ts60","status":"publish","type":"product","link":"https:\/\/soydeaqui.ddns.net\/pachuca\/index.php\/producto\/sensor-remoto-de-temperatura-para-ts45-ts60\/","title":{"rendered":"Sensor Remoto de Temperatura para TS45 \/ TS60"},"content":{"rendered":"<div style='width: 100%; max-width: 1200px; margin: 0 auto; font-family: sans-serif; line-height: 1.6; color: inherit; background-color: transparent;'>\n<div style='display: flex; flex-wrap: wrap; gap: 30px; margin-bottom: 30px;'>\n<div style='flex: 1 1 300px; min-width: 280px;'>\n<h3 style='font-size: 22px; border-bottom: 2px solid currentColor; padding-bottom: 5px; margin-top: 0; color: inherit; opacity: 0.8;'>Descripci\u00f3n<\/h3>\n<p style='font-size: 15px; color: inherit; margin-bottom: 15px;'>El RTS se recomienda siempre que la temperatura de la bater\u00eda var\u00eda m\u00e1s de 5 \u00b0C (9 \u00b0F) durante el a\u00f1o.<\/p>\n<p style='font-size: 15px; color: inherit; margin-bottom: 15px;'>El RTS es compatible con:<\/p>\n<ul style='padding-left: 20px; font-size: 15px; color: inherit; margin-bottom: 15px;'>\n<li style='margin-bottom: 5px;'>SunSaver MPPT\u2122<\/li>\n<li style='margin-bottom: 5px;'>TriStar MPPT\u2122<\/li>\n<li style='margin-bottom: 5px;'>SunKeeper\u2122<\/li>\n<li style='margin-bottom: 5px;'>SunSaver Duo\u2122<\/li>\n<li style='margin-bottom: 5px;'>ProStar\u2122 siempre que la temperatura en la bater\u00eda ser\u00e1 de m\u00e1s de 5 \u00b0C (9 \u00b0F) diferente de la temperatura en el controlador.<\/li>\n<li style='margin-bottom: 5px;'>TriStar\u2122 para los modos de carga de la bater\u00eda o de control de desv\u00edo (no para el modo de control de carga).<\/li>\n<\/ul>\n<p style='font-size: 15px; color: inherit; margin-bottom: 15px;'>Para una m\u00e1xima protecci\u00f3n de ambientes hostiles&comma; el sensor est\u00e1 encapsulado en epoxi dentro de una carcasa resistente al estir\u00f3n. El RTS tambi\u00e9n est\u00e1 protegido contra sobretensiones de rayos y\/o cortocircuitos.<\/p>\n<\/p><\/div>\n<\/p><\/div>\n<div style='display: flex; flex-wrap: wrap; gap: 20px; margin-bottom: 30px;'>\n<div style='flex: 1 1 250px; border: 1px solid rgba(150&comma; 150&comma; 150&comma; 0.4); border-radius: 8px; overflow: hidden; display: flex; flex-direction: column;'>\n<div style='padding: 15px; border-bottom: 1px solid rgba(150&comma; 150&comma; 150&comma; 0.2); font-weight: bold; font-size: 18px; color: inherit;'>Caracter\u00edsticas y ventajas principales<\/div>\n<div style='padding: 15px; color: inherit;'>\n<ul style='padding-left: 20px; margin: 0; font-size: 14px; list-style-type: disc;'>\n<li style='margin-bottom: 5px;'>Longitud del cable: 10 metros (33 pies)<\/li>\n<li style='margin-bottom: 5px;'>Precisi\u00f3n \u00b11&comma;5 \u00b0C (2&comma;7 \u00b0F)<\/li>\n<li style='margin-bottom: 5px;'>Longitud del cable extensible<\/li>\n<li style='margin-bottom: 5px;'>Amplia gama de correcci\u00f3n de temperatura de -30 \u00b0C (-22 \u00b0F) a +80 \u00b0C (+176 \u00b0F)<\/li>\n<li style='margin-bottom: 5px;'>Los cables no est\u00e1n polarizados<\/li>\n<li style='margin-bottom: 5px;'>Filtro el ruido del sensor<\/li>\n<\/ul><\/div>\n<\/p><\/div>\n<\/p><\/div>\n<hr style='border: 0; border-top: 1px solid rgba(150&comma; 150&comma; 150&comma; 0.3); margin: 30px 0;'> <\/div>\n","protected":false},"excerpt":{"rendered":"<p>Sensor Remoto de Temperatura para TS45 \/ TS60<\/p>\n","protected":false},"featured_media":49791,"comment_status":"open","ping_status":"closed","template":"","meta":[],"product_brand":[],"product_cat":[1067],"product_tag":[1068,964,1119],"class_list":{"0":"post-49792","1":"product","2":"type-product","3":"status-publish","4":"has-post-thumbnail","6":"product_cat-accesorios-cables-jumpers","7":"product_tag-accesorios-cables-jumpers","8":"product_tag-energia-solar","9":"product_tag-morningstar","11":"first","12":"outofstock","13":"sale","14":"shipping-taxable","15":"purchasable","16":"product-type-simple"},"_links":{"self":[{"href":"https:\/\/soydeaqui.ddns.net\/pachuca\/index.php\/wp-json\/wp\/v2\/product\/49792","targetHints":{"allow":["GET"]}}],"collection":[{"href":"https:\/\/soydeaqui.ddns.net\/pachuca\/index.php\/wp-json\/wp\/v2\/product"}],"about":[{"href":"https:\/\/soydeaqui.ddns.net\/pachuca\/index.php\/wp-json\/wp\/v2\/types\/product"}],"replies":[{"embeddable":true,"href":"https:\/\/soydeaqui.ddns.net\/pachuca\/index.php\/wp-json\/wp\/v2\/comments?post=49792"}],"wp:featuredmedia":[{"embeddable":true,"href":"https:\/\/soydeaqui.ddns.net\/pachuca\/index.php\/wp-json\/wp\/v2\/media\/49791"}],"wp:attachment":[{"href":"https:\/\/soydeaqui.ddns.net\/pachuca\/index.php\/wp-json\/wp\/v2\/media?parent=49792"}],"wp:term":[{"taxonomy":"product_brand","embeddable":true,"href":"https:\/\/soydeaqui.ddns.net\/pachuca\/index.php\/wp-json\/wp\/v2\/product_brand?post=49792"},{"taxonomy":"product_cat","embeddable":true,"href":"https:\/\/soydeaqui.ddns.net\/pachuca\/index.php\/wp-json\/wp\/v2\/product_cat?post=49792"},{"taxonomy":"product_tag","embeddable":true,"href":"https:\/\/soydeaqui.ddns.net\/pachuca\/index.php\/wp-json\/wp\/v2\/product_tag?post=49792"}],"curies":[{"name":"wp","href":"https:\/\/api.w.org\/{rel}","templated":true}]}}