{"id":4978,"date":"2026-03-18T06:25:35","date_gmt":"2026-03-18T06:25:35","guid":{"rendered":"https:\/\/soydeaqui.ddns.net\/pachuca\/index.php\/producto\/detector-de-movimiento-tecnologia-vplex-con-funcion-antimascara\/"},"modified":"2026-03-18T06:25:38","modified_gmt":"2026-03-18T06:25:38","slug":"detector-de-movimiento-tecnologia-vplex-con-funcion-antimascara","status":"publish","type":"product","link":"https:\/\/soydeaqui.ddns.net\/pachuca\/index.php\/producto\/detector-de-movimiento-tecnologia-vplex-con-funcion-antimascara\/","title":{"rendered":"Detector de Movimiento Tecnologia Vplex  con Funci\u00f3n Antimascara"},"content":{"rendered":"<div style='width: 100%; max-width: 1200px; margin: 0 auto; font-family: sans-serif; line-height: 1.6; color: inherit; background-color: transparent;'> <!-- Secci\u00f3n de descripci\u00f3n --> <\/p>\n<div style='margin-bottom: 30px;'>\n<p style='font-size: 16px; margin-bottom: 15px; color: inherit;'>Sensores de movimiento galardonados ahora compatibles con las instalaciones V-Plex<\/p>\n<p style='font-size: 16px; margin-bottom: 15px; color: inherit;'>La pr\u00f3xima generaci\u00f3n de sensores de movimiento V-Plx de infrarrojos pasivos (PIR) y Dual tec&comma; basados en las galardonadas series IS3000 y DT8000&comma; presenta una instalaci\u00f3n simple&comma; detecci\u00f3n superior y falsas alarmas m\u00ednimas. Los sensores se pueden utilizar con paneles de control Honeywell que admiten dispositivos V-Plex&comma; utilizando tecnolog\u00eda de bucle de dos hilos para ahorrarle tiempo y dinero.<\/p>\n<p style='font-size: 16px; margin-bottom: 15px; color: inherit;'>Reduzca costos sin cortar esquinas<\/p>\n<\/p><\/div>\n<p> <!-- Secci\u00f3n de beneficios --> <\/p>\n<div style='display: flex; flex-wrap: wrap; gap: 20px; margin-bottom: 30px;'>\n<div style='flex: 1 1 250px; border: 1px solid rgba(150&comma; 150&comma; 150&comma; 0.4); border-radius: 8px; padding: 15px;'>\n<h3 style='font-size: 18px; border-bottom: 2px solid currentColor; padding-bottom: 5px; margin-top: 0; margin-bottom: 15px; color: inherit; opacity: 0.8;'>Caracter\u00edsticas de Instalaci\u00f3n<\/h3>\n<ul style='padding-left: 20px; font-size: 15px; color: inherit; list-style-type: disc;'>\n<li style='margin-bottom: 5px;'>Haga trabajos m\u00e1s r\u00e1pidos con menos cables y menos personas.<\/li>\n<li style='margin-bottom: 5px;'>F\u00e1cil acceso y conexi\u00f3n con extra\u00edble<\/li>\n<li style='margin-bottom: 5px;'>Los bloques de conectores hacen que la instalaci\u00f3n sea simple<\/li>\n<li style='margin-bottom: 5px;'>Las caracter\u00edsticas y el dise\u00f1o familiar en m\u00faltiples tecnolog\u00edas de sensores minimizan la curva de aprendizaje para los instaladores.<\/li>\n<\/ul><\/div>\n<div style='flex: 1 1 250px; border: 1px solid rgba(150&comma; 150&comma; 150&comma; 0.4); border-radius: 8px; padding: 15px;'>\n<h3 style='font-size: 18px; border-bottom: 2px solid currentColor; padding-bottom: 5px; margin-top: 0; margin-bottom: 15px; color: inherit; opacity: 0.8;'>Caracter\u00edsticas T\u00e9cnicas<\/h3>\n<ul style='padding-left: 20px; font-size: 15px; color: inherit; list-style-type: disc;'>\n<li style='margin-bottom: 5px;'>Sensores PIR y Dual Tec con detecci\u00f3n superior<\/li>\n<li style='margin-bottom: 5px;'>Compatibles con paneles Honeywell V-Plex<\/li>\n<li style='margin-bottom: 5px;'>Tecnolog\u00eda de bucle de dos hilos eficiente<\/li>\n<li style='margin-bottom: 5px;'>Instalaci\u00f3n simple gracias a bloques conectores extra\u00edbles<\/li>\n<li style='margin-bottom: 5px;'>Dise\u00f1o familiar minimiza curva de aprendizaje<\/li>\n<\/ul><\/div>\n<\/p><\/div>\n<p> <!-- Separador --> <\/p>\n<hr style='border: 0; border-top: 1px solid rgba(150&comma; 150&comma; 150&comma; 0.3); margin: 30px 0;'> <\/div>\n","protected":false},"excerpt":{"rendered":"<p>Detector de Movimiento Tecnologia Vplex  con Funci\u00f3n Antimascara<\/p>\n","protected":false},"featured_media":4977,"comment_status":"open","ping_status":"closed","template":"","meta":[],"product_brand":[],"product_cat":[18],"product_tag":[19,45,20],"class_list":{"0":"post-4978","1":"product","2":"type-product","3":"status-publish","4":"has-post-thumbnail","6":"product_cat-movimiento-para-interior","7":"product_tag-detectores-sensores","8":"product_tag-honeywell-home-resideo","9":"product_tag-movimiento-para-interior","11":"first","12":"instock","13":"sale","14":"shipping-taxable","15":"purchasable","16":"product-type-simple"},"_links":{"self":[{"href":"https:\/\/soydeaqui.ddns.net\/pachuca\/index.php\/wp-json\/wp\/v2\/product\/4978","targetHints":{"allow":["GET"]}}],"collection":[{"href":"https:\/\/soydeaqui.ddns.net\/pachuca\/index.php\/wp-json\/wp\/v2\/product"}],"about":[{"href":"https:\/\/soydeaqui.ddns.net\/pachuca\/index.php\/wp-json\/wp\/v2\/types\/product"}],"replies":[{"embeddable":true,"href":"https:\/\/soydeaqui.ddns.net\/pachuca\/index.php\/wp-json\/wp\/v2\/comments?post=4978"}],"wp:featuredmedia":[{"embeddable":true,"href":"https:\/\/soydeaqui.ddns.net\/pachuca\/index.php\/wp-json\/wp\/v2\/media\/4977"}],"wp:attachment":[{"href":"https:\/\/soydeaqui.ddns.net\/pachuca\/index.php\/wp-json\/wp\/v2\/media?parent=4978"}],"wp:term":[{"taxonomy":"product_brand","embeddable":true,"href":"https:\/\/soydeaqui.ddns.net\/pachuca\/index.php\/wp-json\/wp\/v2\/product_brand?post=4978"},{"taxonomy":"product_cat","embeddable":true,"href":"https:\/\/soydeaqui.ddns.net\/pachuca\/index.php\/wp-json\/wp\/v2\/product_cat?post=4978"},{"taxonomy":"product_tag","embeddable":true,"href":"https:\/\/soydeaqui.ddns.net\/pachuca\/index.php\/wp-json\/wp\/v2\/product_tag?post=4978"}],"curies":[{"name":"wp","href":"https:\/\/api.w.org\/{rel}","templated":true}]}}