{"id":49774,"date":"2026-03-18T22:18:46","date_gmt":"2026-03-18T22:18:46","guid":{"rendered":"https:\/\/soydeaqui.ddns.net\/pachuca\/index.php\/producto\/bateria-12-vcc-18-ah-tecnologia-agm-vrla-para-ups-trifasico-cyberpower\/"},"modified":"2026-03-18T22:18:47","modified_gmt":"2026-03-18T22:18:47","slug":"bateria-12-vcc-18-ah-tecnologia-agm-vrla-para-ups-trifasico-cyberpower","status":"publish","type":"product","link":"https:\/\/soydeaqui.ddns.net\/pachuca\/index.php\/producto\/bateria-12-vcc-18-ah-tecnologia-agm-vrla-para-ups-trifasico-cyberpower\/","title":{"rendered":"Bater\u00eda 12 Vcc \/ 18 Ah \/ Tecnolog\u00eda AGM-VRLA \/ para UPS Trif\u00e1sico Cyberpower"},"content":{"rendered":"<div style='width: 100%; max-width: 1200px; margin: 0 auto; font-family: sans-serif; line-height: 1.6; color: inherit; background-color: transparent;'> <!-- Secci\u00f3n de t\u00edtulo --> <\/p>\n<div style='text-align: center; margin-bottom: 30px;'>\n<h1 style='font-size: 2.5rem; margin: 0 0 10px; color: inherit; font-weight: 500;'>RT12180<\/h1>\n<h3 style='font-size: 1.75rem; margin: 0; color: inherit; font-weight: 500;'>Bater\u00eda AGM-VRLA de 12 Vcc ; 18 Amper Hora<\/h3>\n<\/p><\/div>\n<p> <!-- Descripci\u00f3n general --> <\/p>\n<div style='margin-bottom: 30px;'>\n<p style='text-align: justify; color: inherit; font-size: 15px;'> Las bater\u00edas RITAR est\u00e1n dise\u00f1adas con tecnolog\u00eda <strong style='color: inherit; font-weight: 600;'>AGM-VRLA (Fibra de vidrio absorbente&comma; con v\u00e1lvulas de regulaci\u00f3n)<\/strong>&comma; placas de alto rendimiento y electr\u00f3lito para proporcionar una salida de energ\u00eda adicional. <strong style='color: inherit; font-weight: 600;'>Sistemas de alimentaci\u00f3n de Emergencia.<\/strong> <\/p>\n<\/p><\/div>\n<p> <!-- Secci\u00f3n de especificaciones --> <\/p>\n<div style='display: flex; flex-wrap: wrap; gap: 30px;'> <!-- Caracter\u00edsticas --> <\/p>\n<div style='flex: 1 1 300px; min-width: 280px;'>\n<div style='border: 1px solid rgba(150&comma; 150&comma; 150&comma; 0.4); border-radius: 8px; overflow: hidden;'>\n<div style='padding: 15px; border-bottom: 1px solid rgba(150&comma; 150&comma; 150&comma; 0.2); font-weight: bold; font-size: 18px; color: inherit;'>Caracter\u00edsticas<\/div>\n<div style='padding: 15px; color: inherit;'>\n<ul style='padding-left: 20px; margin: 0; font-size: 14px; list-style-type: disc;'>\n<li style='margin-bottom: 5px;'>Bater\u00eda AGM-VRLA<\/li>\n<li style='margin-bottom: 5px;'><strong style='color: inherit; font-weight: 600;'>Voltaje:<\/strong> 12 Vcc<\/li>\n<li style='margin-bottom: 5px;'><strong style='color: inherit; font-weight: 600;'>Capacidad:<\/strong> 18 Ah<\/li>\n<li style='margin-bottom: 5px;'>Dise\u00f1adas para aplicaciones de alta confiabilidad<\/li>\n<li style='margin-bottom: 5px;'>Fabricadas bajo los m\u00e1s altos est\u00e1ndares de calidad<\/li>\n<li style='margin-bottom: 5px;'>Sellado y libre de mantenimiento<\/li>\n<li style='margin-bottom: 5px;'>Certificado MH28539<\/li>\n<li style='margin-bottom: 5px;'>Certificaci\u00f3n de Seguridad y Calidad<\/li>\n<li style='margin-bottom: 5px;'>Dise\u00f1o de mayor vida \u00fatil y baja autodescarga<\/li>\n<\/ul><\/div>\n<\/p><\/div>\n<\/p><\/div>\n<p> <!-- Especificaciones F\u00edsicas --> <\/p>\n<div style='flex: 1 1 300px; min-width: 280px;'>\n<div style='border: 1px solid rgba(150&comma; 150&comma; 150&comma; 0.4); border-radius: 8px; overflow: hidden;'>\n<div style='padding: 15px; border-bottom: 1px solid rgba(150&comma; 150&comma; 150&comma; 0.2); font-weight: bold; font-size: 18px; color: inherit;'>Especificaciones F\u00edsicas<\/div>\n<div style='padding: 15px; color: inherit;'>\n<ul style='padding-left: 20px; margin: 0; font-size: 14px; list-style-type: disc;'>\n<li style='margin-bottom: 5px;'><strong style='color: inherit; font-weight: 600;'>Tipo de Terminales:<\/strong> M5<\/li>\n<li style='margin-bottom: 5px;'><strong style='color: inherit; font-weight: 600;'>Positivo:<\/strong> di\u00f3xido de plomo<\/li>\n<li style='margin-bottom: 5px;'><strong style='color: inherit; font-weight: 600;'>Negativo:<\/strong> plomo<\/li>\n<li style='margin-bottom: 5px;'><strong style='color: inherit; font-weight: 600;'>Electr\u00f3lito:<\/strong> gel de \u00e1cido sulf\u00farico<\/li>\n<li style='margin-bottom: 5px;'><strong style='color: inherit; font-weight: 600;'>V\u00e1lvula de seguridad:<\/strong> EPDR<\/li>\n<li style='margin-bottom: 5px;'><strong style='color: inherit; font-weight: 600;'>Terminal:<\/strong> Cobre<\/li>\n<li style='margin-bottom: 5px;'><strong style='color: inherit; font-weight: 600;'>Material:<\/strong> pl\u00e1stico ABS<\/li>\n<li style='margin-bottom: 5px;'>Color: Negro<\/li>\n<li style='margin-bottom: 5px;'><strong style='color: inherit; font-weight: 600;'>Temperatura de funcionamiento:<\/strong> 25 \u00b0C<\/li>\n<li style='margin-bottom: 5px;'><strong style='color: inherit; font-weight: 600;'>Dimensiones:<\/strong> 181 x 77 x 167 mm<\/li>\n<li style='margin-bottom: 5px;'><strong style='color: inherit; font-weight: 600;'>Peso:<\/strong> 5.0 Kgs<\/li>\n<\/ul><\/div>\n<\/p><\/div>\n<\/p><\/div>\n<p> <!-- Especificaciones T\u00e9cnicas --> <\/p>\n<div style='flex: 1 1 300px; min-width: 280px;'>\n<div style='border: 1px solid rgba(150&comma; 150&comma; 150&comma; 0.4); border-radius: 8px; overflow: hidden;'>\n<div style='padding: 15px; border-bottom: 1px solid rgba(150&comma; 150&comma; 150&comma; 0.2); font-weight: bold; font-size: 18px; color: inherit;'>Especificaciones T\u00e9cnicas<\/div>\n<div style='padding: 15px; color: inherit;'>\n<p style='font-size: 14px; margin: 0;'> La serie RT es una bater\u00eda de uso general con una vida \u00fatil de dise\u00f1o de 6 a 8 a\u00f1os en servicio de flotaci\u00f3n. Cumple con las normas IEC&comma; JIS&comma; BS e YDT. Gracias a la avanzada tecnolog\u00eda de regulaci\u00f3n por v\u00e1lvula AGM y a la materia prima de alta pureza&comma; la bater\u00eda de la serie RT mantiene una alta consistencia para un mejor rendimiento y una vida \u00fatil en espera confiable. Es adecuada para aplicaciones de SAI\/EPS&comma; telecomunicaciones&comma; redes el\u00e9ctricas&comma; equipos m\u00e9dicos&comma; iluminaci\u00f3n de emergencia y sistemas de seguridad. <\/p>\n<\/p><\/div>\n<\/p><\/div>\n<\/p><\/div>\n<\/p><\/div>\n<\/p><\/div>\n","protected":false},"excerpt":{"rendered":"<p>Bater\u00eda 12 Vcc \/ 18 Ah \/ Tecnolog\u00eda AGM-VRLA \/ para UPS Trif\u00e1sico Cyberpower<\/p>\n","protected":false},"featured_media":49773,"comment_status":"open","ping_status":"closed","template":"","meta":[],"product_brand":[],"product_cat":[1084],"product_tag":[143,1085,1331],"class_list":{"0":"post-49774","1":"product","2":"type-product","3":"status-publish","4":"has-post-thumbnail","6":"product_cat-baterias-baterias-y-cargadores","7":"product_tag-baterias","8":"product_tag-baterias-y-cargadores","9":"product_tag-ritar","11":"first","12":"outofstock","13":"sale","14":"shipping-taxable","15":"purchasable","16":"product-type-simple"},"_links":{"self":[{"href":"https:\/\/soydeaqui.ddns.net\/pachuca\/index.php\/wp-json\/wp\/v2\/product\/49774","targetHints":{"allow":["GET"]}}],"collection":[{"href":"https:\/\/soydeaqui.ddns.net\/pachuca\/index.php\/wp-json\/wp\/v2\/product"}],"about":[{"href":"https:\/\/soydeaqui.ddns.net\/pachuca\/index.php\/wp-json\/wp\/v2\/types\/product"}],"replies":[{"embeddable":true,"href":"https:\/\/soydeaqui.ddns.net\/pachuca\/index.php\/wp-json\/wp\/v2\/comments?post=49774"}],"wp:featuredmedia":[{"embeddable":true,"href":"https:\/\/soydeaqui.ddns.net\/pachuca\/index.php\/wp-json\/wp\/v2\/media\/49773"}],"wp:attachment":[{"href":"https:\/\/soydeaqui.ddns.net\/pachuca\/index.php\/wp-json\/wp\/v2\/media?parent=49774"}],"wp:term":[{"taxonomy":"product_brand","embeddable":true,"href":"https:\/\/soydeaqui.ddns.net\/pachuca\/index.php\/wp-json\/wp\/v2\/product_brand?post=49774"},{"taxonomy":"product_cat","embeddable":true,"href":"https:\/\/soydeaqui.ddns.net\/pachuca\/index.php\/wp-json\/wp\/v2\/product_cat?post=49774"},{"taxonomy":"product_tag","embeddable":true,"href":"https:\/\/soydeaqui.ddns.net\/pachuca\/index.php\/wp-json\/wp\/v2\/product_tag?post=49774"}],"curies":[{"name":"wp","href":"https:\/\/api.w.org\/{rel}","templated":true}]}}