{"id":49767,"date":"2026-03-18T22:18:35","date_gmt":"2026-03-18T22:18:35","guid":{"rendered":"https:\/\/soydeaqui.ddns.net\/pachuca\/index.php\/producto\/unidad-de-control-y-comunicacion-para-bombas-sqflex-2\/"},"modified":"2026-03-18T22:18:40","modified_gmt":"2026-03-18T22:18:40","slug":"unidad-de-control-y-comunicacion-para-bombas-sqflex-2","status":"publish","type":"product","link":"https:\/\/soydeaqui.ddns.net\/pachuca\/index.php\/producto\/unidad-de-control-y-comunicacion-para-bombas-sqflex-2\/","title":{"rendered":"Unidad De Control y Comunicaci\u00f3n Para Bombas SQFLEX"},"content":{"rendered":"<div style='width: 100%; max-width: 1200px; margin: 0 auto; font-family: sans-serif; line-height: 1.6; color: inherit; background-color: transparent;'>\n<div style='display: flex; flex-wrap: wrap; gap: 30px; margin-bottom: 30px;'>\n<div style='flex: 1 1 300px; min-width: 280px;'>\n<h3 style='font-size: 22px; border-bottom: 2px solid currentColor; padding-bottom: 5px; margin-top: 0; color: inherit; opacity: 0.8;'>Descripci\u00f3n General<\/h3>\n<p style='font-size: 15px; color: inherit;'>La unidad de control CU 200 es una unidad combinada de estado&comma; control y comunicaci\u00f3n especialmente desarrollada para el sistema SQFlex. Adem\u00e1s&comma; dispone de una conexi\u00f3n para un interruptor de nivel.<\/p>\n<p style='font-size: 15px; color: inherit;'>CU 200 incorpora entradas de cable para:<\/p>\n<ul style='padding-left: 20px; font-size: 15px; color: inherit;'>\n<li style='margin-bottom: 5px;'>Conexi\u00f3n de suministro de potencia<\/li>\n<li style='margin-bottom: 5px;'>Conexi\u00f3n de bomba<\/li>\n<li style='margin-bottom: 5px;'>Conexi\u00f3n de tierra<\/li>\n<li style='margin-bottom: 5px;'>Conexi\u00f3n de interruptor de nivel<\/li>\n<\/ul><\/div>\n<\/p><\/div>\n<div style='display: flex; flex-wrap: wrap; gap: 30px; margin-bottom: 30px;'>\n<div style='flex: 1 1 300px; min-width: 280px;'>\n<h3 style='font-size: 22px; border-bottom: 2px solid currentColor; padding-bottom: 5px; margin-top: 0; color: inherit; opacity: 0.8;'>Comunicaci\u00f3n<\/h3>\n<p style='font-size: 15px; color: inherit;'>La comunicaci\u00f3n entre el CU 200 y la bomba tiene lugar v\u00eda el cable de suministro de potencia de la bomba. A esto se le denomina sonido de se\u00f1al principal (o L\u00ednea de Comunicaci\u00f3n de Potencia)&comma; y significa que no se requieren cables adicionales entre la bomba y el CU 200. Hace posible el arranque&comma; parada o reinicio de la bomba pulsando el bot\u00f3n arranque\/parada.<\/p>\n<\/p><\/div>\n<\/p><\/div>\n<div style='display: flex; flex-wrap: wrap; gap: 30px; margin-bottom: 30px;'>\n<div style='flex: 1 1 300px; min-width: 280px;'>\n<h3 style='font-size: 22px; border-bottom: 2px solid currentColor; padding-bottom: 5px; margin-top: 0; color: inherit; opacity: 0.8;'>Funciones<\/h3>\n<h4 style='font-size: 18px; color: inherit; margin-top: 0;'>Indicaciones de funcionamiento<\/h4>\n<ul style='padding-left: 20px; font-size: 15px; color: inherit;'>\n<li style='margin-bottom: 5px;'>El tanque est\u00e1 lleno (interruptor de nivel)<\/li>\n<li style='margin-bottom: 5px;'>La bomba est\u00e1 funcionando<\/li>\n<li style='margin-bottom: 5px;'>Entrada de potencia<\/li>\n<\/ul>\n<h4 style='font-size: 18px; color: inherit; margin-top: 20px;'>Indicaciones de alarma<\/h4>\n<ul style='padding-left: 20px; font-size: 15px; color: inherit;'>\n<li style='margin-bottom: 5px;'>Funcionamiento en seco<\/li>\n<\/ul><\/div>\n<\/p><\/div>\n<\/p><\/div>\n","protected":false},"excerpt":{"rendered":"<p>Unidad De Control y Comunicaci\u00f3n Para Bombas SQFLEX<\/p>\n","protected":false},"featured_media":49766,"comment_status":"open","ping_status":"closed","template":"","meta":[],"product_brand":[],"product_cat":[1184],"product_tag":[1185,1226,1186],"class_list":{"0":"post-49767","1":"product","2":"type-product","3":"status-publish","4":"has-post-thumbnail","6":"product_cat-variadores-y-accesorios","7":"product_tag-bombeo","8":"product_tag-grundfos","9":"product_tag-variadores-y-accesorios","11":"first","12":"outofstock","13":"sale","14":"shipping-taxable","15":"purchasable","16":"product-type-simple"},"_links":{"self":[{"href":"https:\/\/soydeaqui.ddns.net\/pachuca\/index.php\/wp-json\/wp\/v2\/product\/49767","targetHints":{"allow":["GET"]}}],"collection":[{"href":"https:\/\/soydeaqui.ddns.net\/pachuca\/index.php\/wp-json\/wp\/v2\/product"}],"about":[{"href":"https:\/\/soydeaqui.ddns.net\/pachuca\/index.php\/wp-json\/wp\/v2\/types\/product"}],"replies":[{"embeddable":true,"href":"https:\/\/soydeaqui.ddns.net\/pachuca\/index.php\/wp-json\/wp\/v2\/comments?post=49767"}],"wp:featuredmedia":[{"embeddable":true,"href":"https:\/\/soydeaqui.ddns.net\/pachuca\/index.php\/wp-json\/wp\/v2\/media\/49766"}],"wp:attachment":[{"href":"https:\/\/soydeaqui.ddns.net\/pachuca\/index.php\/wp-json\/wp\/v2\/media?parent=49767"}],"wp:term":[{"taxonomy":"product_brand","embeddable":true,"href":"https:\/\/soydeaqui.ddns.net\/pachuca\/index.php\/wp-json\/wp\/v2\/product_brand?post=49767"},{"taxonomy":"product_cat","embeddable":true,"href":"https:\/\/soydeaqui.ddns.net\/pachuca\/index.php\/wp-json\/wp\/v2\/product_cat?post=49767"},{"taxonomy":"product_tag","embeddable":true,"href":"https:\/\/soydeaqui.ddns.net\/pachuca\/index.php\/wp-json\/wp\/v2\/product_tag?post=49767"}],"curies":[{"name":"wp","href":"https:\/\/api.w.org\/{rel}","templated":true}]}}