{"id":49761,"date":"2026-03-18T22:18:22","date_gmt":"2026-03-18T22:18:22","guid":{"rendered":"https:\/\/soydeaqui.ddns.net\/pachuca\/index.php\/producto\/controlador-de-carga-y-descarga-con-deteccion-de-punto-de-maxima-potencia-capacidad-15-a\/"},"modified":"2026-03-18T22:18:31","modified_gmt":"2026-03-18T22:18:31","slug":"controlador-de-carga-y-descarga-con-deteccion-de-punto-de-maxima-potencia-capacidad-15-a","status":"publish","type":"product","link":"https:\/\/soydeaqui.ddns.net\/pachuca\/index.php\/producto\/controlador-de-carga-y-descarga-con-deteccion-de-punto-de-maxima-potencia-capacidad-15-a\/","title":{"rendered":"Controlador de Carga y Descarga con Detecci\u00f3n de Punto de M\u00e1xima Potencia, Capacidad 15 A"},"content":{"rendered":"<div style='width: 100%; max-width: 1200px; margin: 0 auto; font-family: sans-serif; line-height: 1.6; color: inherit; background-color: transparent;'>\n<div style='display: flex; flex-wrap: wrap; gap: 30px; margin-bottom: 30px;'>\n<div style='flex: 1 1 300px; min-width: 280px;'>\n<h3 style='font-size: 22px; border-bottom: 2px solid currentColor; padding-bottom: 5px; margin-top: 0; color: inherit; opacity: 0.8;'>Descripci\u00f3n<\/h3>\n<p style='font-size: 15px; color: inherit; margin-top: 0; margin-bottom: 15px;'>Avanzado controlador de carga con capacidad de detecci\u00f3n de punto de m\u00e1xima potencia para paneles fotovolt\u00e1icos. Aplica un avanzado algoritmo de b\u00fasqueda para extraer m\u00e1xima potencia y controla la carga de las bater\u00edas a fin de evitar descargas profundas.<\/p>\n<p style='font-size: 15px; color: inherit; margin-top: 0; margin-bottom: 15px;'>Protecciones electr\u00f3nicas completas. Totalmente protegido contra la mayor\u00eda de los errores y fallas del sistema.<\/p>\n<p style='font-size: 15px; color: inherit; margin-top: 0; margin-bottom: 15px;'>Prolongada vida \u00fatil de la bater\u00eda. La tecnolog\u00eda de detecci\u00f3n de punto de potencia m\u00e1xima (MPPT) y la carga de cuatro etapas extienden la vida \u00fatil de la bater\u00eda.<\/p>\n<p style='font-size: 15px; color: inherit; margin-top: 0; margin-bottom: 15px;'>Control de datos. Registra los principales par\u00e1metros de funcionamiento del sistema de paneles solares y posee una capacidad de almacenamiento de 30 d\u00edas.<\/p>\n<p style='font-size: 15px; color: inherit; margin-top: 0; margin-bottom: 15px;'>Convertidor de Voltajes de Paneles Fotovolt\u00e1icos.<\/p>\n<p style='font-size: 15px; color: inherit; margin-top: 0; margin-bottom: 15px;'>Es posible utilizar paneles fotovolt\u00e1icos de hasta 75 Voc para cargar bater\u00edas de 24 \u00f3 12 Vcc.<\/p>\n<\/p><\/div>\n<\/p><\/div>\n<div style='display: flex; flex-wrap: wrap; gap: 30px; margin-bottom: 30px;'>\n<div style='flex: 1 1 300px; min-width: 280px;'>\n<h3 style='font-size: 22px; border-bottom: 2px solid currentColor; padding-bottom: 5px; margin-top: 0; color: inherit; opacity: 0.8;'>Caracter\u00edsticas<\/h3>\n<ul style='padding-left: 20px; font-size: 15px; color: inherit;'>\n<li style='margin-bottom: 5px;'>Detecci\u00f3n de punto de m\u00e1xima potencia (MPPT)<\/li>\n<li style='margin-bottom: 5px;'>Algoritmo avanzado de b\u00fasqueda de m\u00e1xima potencia<\/li>\n<li style='margin-bottom: 5px;'>Protecci\u00f3n contra errores y fallas del sistema<\/li>\n<li style='margin-bottom: 5px;'>Carga de cuatro etapas para prolongar vida \u00fatil de bater\u00edas<\/li>\n<li style='margin-bottom: 5px;'>Capacidad de almacenamiento de datos de 30 d\u00edas<\/li>\n<li style='margin-bottom: 5px;'>Compatibilidad con paneles de hasta 75 Voc<\/li>\n<li style='margin-bottom: 5px;'>Compatible con bater\u00edas de 12 y 24 Vcc<\/li>\n<\/ul><\/div>\n<\/p><\/div>\n<div style='display: flex; flex-wrap: wrap; gap: 30px; margin-bottom: 30px;'>\n<div style='flex: 1 1 300px; min-width: 280px;'>\n<h3 style='font-size: 22px; border-bottom: 2px solid currentColor; padding-bottom: 5px; margin-top: 0; color: inherit; opacity: 0.8;'>Aplicaciones<\/h3>\n<ul style='padding-left: 20px; font-size: 15px; color: inherit;'>\n<li style='margin-bottom: 5px;'>Sistemas solares residenciales<\/li>\n<li style='margin-bottom: 5px;'>Sistemas de energ\u00eda solar para negocios<\/li>\n<li style='margin-bottom: 5px;'>Sistemas de energ\u00eda solar para telecomunicaciones<\/li>\n<li style='margin-bottom: 5px;'>Sistemas de energ\u00eda solar para aplicaciones industriales<\/li>\n<\/ul><\/div>\n<\/p><\/div>\n<div style='display: flex; flex-wrap: wrap; gap: 30px; margin-bottom: 30px;'>\n<div style='flex: 1 1 300px; min-width: 280px;'>\n<h3 style='font-size: 22px; border-bottom: 2px solid currentColor; padding-bottom: 5px; margin-top: 0; color: inherit; opacity: 0.8;'>Contenido del Paquete<\/h3>\n<ul style='padding-left: 20px; font-size: 15px; color: inherit;'>\n<li style='margin-bottom: 5px;'>1 Controlador de Carga y Descarga SSMPPT15L<\/li>\n<li style='margin-bottom: 5px;'>1 Manual de usuario<\/li>\n<li style='margin-bottom: 5px;'>Kit de montaje<\/li>\n<\/ul><\/div>\n<\/p><\/div>\n<div style='display: flex; flex-wrap: wrap; gap: 30px; margin-bottom: 30px;'>\n<div style='flex: 1 1 300px; min-width: 280px;'>\n<h3 style='font-size: 22px; border-bottom: 2px solid currentColor; padding-bottom: 5px; margin-top: 0; color: inherit; opacity: 0.8;'>Imagen del producto<\/h3>\n<p> <img style='width: 100%; height: auto; border: 1px solid rgba(150&comma;150&comma;150&comma;0.3); border-radius: 8px;' src='http:\/\/ftp3.syscom.mx\/usuarios\/fotos\/SSMPPT15L\/SSMPPT15L_1.png' alt=''> <\/div>\n<\/p><\/div>\n<\/p><\/div>\n","protected":false},"excerpt":{"rendered":"<p>Controlador de Carga y Descarga con Detecci\u00f3n de Punto de M\u00e1xima Potencia, Capacidad 15 A<\/p>\n","protected":false},"featured_media":49760,"comment_status":"open","ping_status":"closed","template":"","meta":[],"product_brand":[],"product_cat":[1117],"product_tag":[1118,964,1119],"class_list":{"0":"post-49761","1":"product","2":"type-product","3":"status-publish","4":"has-post-thumbnail","6":"product_cat-controladores-de-carga-mppt","7":"product_tag-controladores-de-carga-mppt","8":"product_tag-energia-solar","9":"product_tag-morningstar","11":"first","12":"instock","13":"sale","14":"shipping-taxable","15":"purchasable","16":"product-type-simple"},"_links":{"self":[{"href":"https:\/\/soydeaqui.ddns.net\/pachuca\/index.php\/wp-json\/wp\/v2\/product\/49761","targetHints":{"allow":["GET"]}}],"collection":[{"href":"https:\/\/soydeaqui.ddns.net\/pachuca\/index.php\/wp-json\/wp\/v2\/product"}],"about":[{"href":"https:\/\/soydeaqui.ddns.net\/pachuca\/index.php\/wp-json\/wp\/v2\/types\/product"}],"replies":[{"embeddable":true,"href":"https:\/\/soydeaqui.ddns.net\/pachuca\/index.php\/wp-json\/wp\/v2\/comments?post=49761"}],"wp:featuredmedia":[{"embeddable":true,"href":"https:\/\/soydeaqui.ddns.net\/pachuca\/index.php\/wp-json\/wp\/v2\/media\/49760"}],"wp:attachment":[{"href":"https:\/\/soydeaqui.ddns.net\/pachuca\/index.php\/wp-json\/wp\/v2\/media?parent=49761"}],"wp:term":[{"taxonomy":"product_brand","embeddable":true,"href":"https:\/\/soydeaqui.ddns.net\/pachuca\/index.php\/wp-json\/wp\/v2\/product_brand?post=49761"},{"taxonomy":"product_cat","embeddable":true,"href":"https:\/\/soydeaqui.ddns.net\/pachuca\/index.php\/wp-json\/wp\/v2\/product_cat?post=49761"},{"taxonomy":"product_tag","embeddable":true,"href":"https:\/\/soydeaqui.ddns.net\/pachuca\/index.php\/wp-json\/wp\/v2\/product_tag?post=49761"}],"curies":[{"name":"wp","href":"https:\/\/api.w.org\/{rel}","templated":true}]}}