{"id":49742,"date":"2026-03-18T22:17:49","date_gmt":"2026-03-18T22:17:49","guid":{"rendered":"https:\/\/soydeaqui.ddns.net\/pachuca\/index.php\/producto\/juego-de-cables-de-prueba-general-de-punta-dura-cat-iii-y-cat-iv-solo-con-tapa-protectora\/"},"modified":"2026-03-18T22:17:57","modified_gmt":"2026-03-18T22:17:57","slug":"juego-de-cables-de-prueba-general-de-punta-dura-cat-iii-y-cat-iv-solo-con-tapa-protectora","status":"publish","type":"product","link":"https:\/\/soydeaqui.ddns.net\/pachuca\/index.php\/producto\/juego-de-cables-de-prueba-general-de-punta-dura-cat-iii-y-cat-iv-solo-con-tapa-protectora\/","title":{"rendered":"Juego de Cables de Prueba General de Punta Dura. CAT III y CAT IV solo con Tapa Protectora"},"content":{"rendered":"<div style='width: 100%; max-width: 1200px; margin: 0 auto; font-family: sans-serif; line-height: 1.6; color: inherit; background-color: transparent;'> <!-- Imagen 1 --> <\/p>\n<div style='margin-bottom: 30px;'> <img style='width: 100%; height: auto; border: 1px solid rgba(150&comma;150&comma;150&comma;0.3); border-radius: 8px;' src='https:\/\/ftp3.syscom.mx\/usuarios\/fotos\/TL75\/37806-fluke-logo.png' alt=''> <\/div>\n<p> <!-- T\u00edtulo --> <\/p>\n<div style='margin-bottom: 20px;'>\n<h2 style='font-size: 24px; color: inherit; margin: 0; font-weight: 600;'>Juego de cables de prueba de punta dura<\/h2>\n<\/p><\/div>\n<p> <!-- Descripci\u00f3n --> <\/p>\n<div style='margin-bottom: 30px;'>\n<p style='color: inherit; font-size: 15px; margin: 0 0 15px 0;'>El juego de puntas de comprobaci\u00f3n TL75 Hard PointTM ofrece la comodidad de tener una punta de comprobaci\u00f3n y una sonda en un mismo dispositivo con una gran variedad de conexiones. Un par de sondas ergon\u00f3micas (roja y negra) con conectores de PVC cubiertos y aislados tipo banana en \u00e1ngulo recto de 4 mm (0.16 pulg.).<\/p>\n<\/p><\/div>\n<p> <!-- Caracter\u00edsticas principales --> <\/p>\n<div style='margin-bottom: 30px;'>\n<h3 style='font-size: 22px; border-bottom: 2px solid currentColor; padding-bottom: 5px; margin-top: 0; color: inherit; opacity: 0.8;'>Caracter\u00edsticas principales<\/h3>\n<ul style='padding-left: 20px; font-size: 15px; color: inherit; margin: 15px 0 0 0; padding: 0;'>\n<li style='margin-bottom: 8px;'>Un par de sondas ergon\u00f3micas (roja y negra)<\/li>\n<li style='margin-bottom: 8px;'>Puntas de comprobaci\u00f3n de PVC aisladas de 1.22 metros (48 pulgadas) con conectores cubiertos tipo banana en \u00e1ngulo recto<\/li>\n<li style='margin-bottom: 8px;'>Recomendadas para mediciones de tipo general<\/li>\n<li style='margin-bottom: 8px;'>Categor\u00eda de seguridad CAT II 1000 V&comma; 10 A<\/li>\n<li style='margin-bottom: 8px;'>CAT IV 600 V&comma; CAT III 1000 V solo con tapa protectora<\/li>\n<li style='margin-bottom: 8px;'>Certificado CSA<\/li>\n<li style='margin-bottom: 8px;'>Un a\u00f1o de garant\u00eda<\/li>\n<\/ul><\/div>\n<p> <!-- Imagen 2 --> <\/p>\n<div style='margin-bottom: 30px;'> <img style='width: 100%; height: auto; border: 1px solid rgba(150&comma;150&comma;150&comma;0.3); border-radius: 8px;' src='https:\/\/ftp3.syscom.mx\/usuarios\/fotos\/TL75\/37806-captura_de_pantalla_2022-12-24_a_la(s)_12.43.57.png' alt=''> <\/div>\n<\/p><\/div>\n","protected":false},"excerpt":{"rendered":"<p>Juego de Cables de Prueba General de Punta Dura. CAT III y CAT IV solo con Tapa Protectora<\/p>\n","protected":false},"featured_media":49741,"comment_status":"open","ping_status":"closed","template":"","meta":[],"product_brand":[],"product_cat":[1317],"product_tag":[931,393,1318],"class_list":{"0":"post-49742","1":"product","2":"type-product","3":"status-publish","4":"has-post-thumbnail","6":"product_cat-herramientas-para-mesa-de-trabajo","7":"product_tag-equipo-de-laboratorio","8":"product_tag-fluke","9":"product_tag-herramientas-para-mesa-de-trabajo","11":"first","12":"instock","13":"sale","14":"shipping-taxable","15":"purchasable","16":"product-type-simple"},"_links":{"self":[{"href":"https:\/\/soydeaqui.ddns.net\/pachuca\/index.php\/wp-json\/wp\/v2\/product\/49742","targetHints":{"allow":["GET"]}}],"collection":[{"href":"https:\/\/soydeaqui.ddns.net\/pachuca\/index.php\/wp-json\/wp\/v2\/product"}],"about":[{"href":"https:\/\/soydeaqui.ddns.net\/pachuca\/index.php\/wp-json\/wp\/v2\/types\/product"}],"replies":[{"embeddable":true,"href":"https:\/\/soydeaqui.ddns.net\/pachuca\/index.php\/wp-json\/wp\/v2\/comments?post=49742"}],"wp:featuredmedia":[{"embeddable":true,"href":"https:\/\/soydeaqui.ddns.net\/pachuca\/index.php\/wp-json\/wp\/v2\/media\/49741"}],"wp:attachment":[{"href":"https:\/\/soydeaqui.ddns.net\/pachuca\/index.php\/wp-json\/wp\/v2\/media?parent=49742"}],"wp:term":[{"taxonomy":"product_brand","embeddable":true,"href":"https:\/\/soydeaqui.ddns.net\/pachuca\/index.php\/wp-json\/wp\/v2\/product_brand?post=49742"},{"taxonomy":"product_cat","embeddable":true,"href":"https:\/\/soydeaqui.ddns.net\/pachuca\/index.php\/wp-json\/wp\/v2\/product_cat?post=49742"},{"taxonomy":"product_tag","embeddable":true,"href":"https:\/\/soydeaqui.ddns.net\/pachuca\/index.php\/wp-json\/wp\/v2\/product_tag?post=49742"}],"curies":[{"name":"wp","href":"https:\/\/api.w.org\/{rel}","templated":true}]}}