{"id":49736,"date":"2026-03-18T22:17:37","date_gmt":"2026-03-18T22:17:37","guid":{"rendered":"https:\/\/soydeaqui.ddns.net\/pachuca\/index.php\/producto\/fuente-de-respaldo-con-temporizador-para-interior\/"},"modified":"2026-03-18T22:17:38","modified_gmt":"2026-03-18T22:17:38","slug":"fuente-de-respaldo-con-temporizador-para-interior","status":"publish","type":"product","link":"https:\/\/soydeaqui.ddns.net\/pachuca\/index.php\/producto\/fuente-de-respaldo-con-temporizador-para-interior\/","title":{"rendered":"Fuente de Respaldo con temporizador para interior"},"content":{"rendered":"<div style='width: 100%; max-width: 1200px; margin: 0 auto; font-family: sans-serif; line-height: 1.6; color: inherit;'> <!-- Secci\u00f3n de contenido con flex\/grid --> <\/p>\n<div style='display: flex; flex-wrap: wrap; gap: 30px; margin-bottom: 30px;'>\n<div style='flex: 1 1 300px; min-width: 280px;'>\n<h3 style='font-size: 22px; border-bottom: 2px solid currentColor; padding-bottom: 5px; margin-top: 0; color: inherit; opacity: 0.8;'>Descripci\u00f3n<\/h3>\n<p style='font-size: 15px; color: inherit;'>No deje desprotegido su control de acceso&comma; agregue su respaldo para chapas magn\u00e9ticas.<\/p>\n<ul style='padding-left: 20px; font-size: 15px; color: inherit;'>\n<li style='margin-bottom: 5px;'>Fuente con cargador de bater\u00edas 1.2 A.&comma; 12 Vcc.<\/li>\n<li style='margin-bottom: 5px;'>Terminales para una conexi\u00f3n segura.<\/li>\n<li style='margin-bottom: 5px;'>Supresi\u00f3n de Flujos de Voltaje.<\/li>\n<li style='margin-bottom: 5px;'>Con m\u00f3dulo de relevador y timer modelo ELK960.<\/li>\n<li style='margin-bottom: 5px;'>Capacidad para bater\u00eda de respaldo de 4 Ah \u00f3 7 Ah (no incluida&comma; seg\u00fan el modelo).<\/li>\n<li style='margin-bottom: 5px;'>Incluye ajuste para el voltaje existente en el lugar de instalaci\u00f3n (de 110 a 130 Volts).<\/li>\n<li style='margin-bottom: 5px;'>Requiere transformador y bater\u00eda.<\/li>\n<\/ul><\/div>\n<\/p><\/div>\n<p> <!-- Separador --> <\/p>\n<hr style='border: 0; border-top: 1px solid rgba(150&comma; 150&comma; 150&comma; 0.3); margin: 30px 0;'> <\/div>\n","protected":false},"excerpt":{"rendered":"<p>Fuente de Respaldo con temporizador para interior<\/p>\n","protected":false},"featured_media":49735,"comment_status":"open","ping_status":"closed","template":"","meta":[],"product_brand":[],"product_cat":[558],"product_tag":[234,457,559],"class_list":{"0":"post-49736","1":"product","2":"type-product","3":"status-publish","4":"has-post-thumbnail","6":"product_cat-fuentes-de-respaldo","7":"product_tag-accesspro","8":"product_tag-fuentes-de-alimentacion","9":"product_tag-fuentes-de-respaldo","11":"first","12":"outofstock","13":"sale","14":"shipping-taxable","15":"purchasable","16":"product-type-simple"},"_links":{"self":[{"href":"https:\/\/soydeaqui.ddns.net\/pachuca\/index.php\/wp-json\/wp\/v2\/product\/49736","targetHints":{"allow":["GET"]}}],"collection":[{"href":"https:\/\/soydeaqui.ddns.net\/pachuca\/index.php\/wp-json\/wp\/v2\/product"}],"about":[{"href":"https:\/\/soydeaqui.ddns.net\/pachuca\/index.php\/wp-json\/wp\/v2\/types\/product"}],"replies":[{"embeddable":true,"href":"https:\/\/soydeaqui.ddns.net\/pachuca\/index.php\/wp-json\/wp\/v2\/comments?post=49736"}],"wp:featuredmedia":[{"embeddable":true,"href":"https:\/\/soydeaqui.ddns.net\/pachuca\/index.php\/wp-json\/wp\/v2\/media\/49735"}],"wp:attachment":[{"href":"https:\/\/soydeaqui.ddns.net\/pachuca\/index.php\/wp-json\/wp\/v2\/media?parent=49736"}],"wp:term":[{"taxonomy":"product_brand","embeddable":true,"href":"https:\/\/soydeaqui.ddns.net\/pachuca\/index.php\/wp-json\/wp\/v2\/product_brand?post=49736"},{"taxonomy":"product_cat","embeddable":true,"href":"https:\/\/soydeaqui.ddns.net\/pachuca\/index.php\/wp-json\/wp\/v2\/product_cat?post=49736"},{"taxonomy":"product_tag","embeddable":true,"href":"https:\/\/soydeaqui.ddns.net\/pachuca\/index.php\/wp-json\/wp\/v2\/product_tag?post=49736"}],"curies":[{"name":"wp","href":"https:\/\/api.w.org\/{rel}","templated":true}]}}