{"id":4973,"date":"2026-03-18T06:25:30","date_gmt":"2026-03-18T06:25:30","guid":{"rendered":"https:\/\/soydeaqui.ddns.net\/pachuca\/index.php\/producto\/cerradura-assure-yrd256-niquel-satinado-teclado-para-puertas-izq-o-derecha-de-35-a-57-mm-de-espesor-apertura-por-smartphone\/"},"modified":"2026-03-18T06:25:32","modified_gmt":"2026-03-18T06:25:32","slug":"cerradura-assure-yrd256-niquel-satinado-teclado-para-puertas-izq-o-derecha-de-35-a-57-mm-de-espesor-apertura-por-smartphone","status":"publish","type":"product","link":"https:\/\/soydeaqui.ddns.net\/pachuca\/index.php\/producto\/cerradura-assure-yrd256-niquel-satinado-teclado-para-puertas-izq-o-derecha-de-35-a-57-mm-de-espesor-apertura-por-smartphone\/","title":{"rendered":"Cerradura ASSURE YRD256, Niquel Satinado\/Teclado\/ Para puertas Izq o Derecha de  35 a 57 mm de espesor\/ Apertura por Smartphone"},"content":{"rendered":"<div style='width: 100%; max-width: 1200px; margin: 0 auto; font-family: sans-serif; line-height: 1.6; color: inherit; background-color: transparent;'> <!-- Caracter\u00edsticas principales --> <\/p>\n<div style='margin-bottom: 30px;'>\n<h2 style='font-size: 24px; margin-top: 0; margin-bottom: 15px; color: inherit; border-bottom: 2px solid rgba(150&comma; 150&comma; 150&comma; 0.3); padding-bottom: 5px; display: inline-block;'>Caracter\u00edsticas<\/h2>\n<ul style='padding-left: 20px; font-size: 15px; color: inherit;'>\n<li style='margin-bottom: 8px;'>Cerrojo de semiembutir<\/li>\n<li style='margin-bottom: 8px;'>Tipo de instalaci\u00f3n: Tubular<\/li>\n<li style='margin-bottom: 8px;'>Registra hasta 25 usuarios con c\u00f3digo PIN<\/li>\n<li style='margin-bottom: 8px;'>Para puertas de <strong style='color: inherit;'>35 a 57 mm<\/strong> de espesor<\/li>\n<li style='margin-bottom: 8px;'>Backset ajustable a 60 \u00f3 70 mm<\/li>\n<li style='margin-bottom: 8px;'>Cerificado ANSI\/BHMA Grado 2<\/li>\n<li style='margin-bottom: 8px;'>Puerto auxiliar para pila de 9V<\/li>\n<li style='margin-bottom: 8px;'>Men\u00fa asistido por voz<\/li>\n<li style='margin-bottom: 8px;'>Funciona con 4 pilas alcalinas AA<\/li>\n<li style='margin-bottom: 8px; background-color: rgba(255&comma; 255&comma; 255&comma; 0.05); padding: 15px; border-left: 3px solid #005cb9;'> <strong style='color: inherit;'><em>Para apertura a trav\u00e9s del Smartphone o interacci\u00f3n Alexa es indispensable adquirir:<\/em><\/strong><br \/> Hub <a style='color: #005cb9; text-decoration: none; font-weight: 600;' href='https:\/\/www.syscom.mx\/principal\/searchcont?route=51020-YALE-ASSA-ABLOY-143439&#038;autodetect=51020'>51020<\/a> y m\u00f3dulo Zwave <a style='color: #005cb9; text-decoration: none; font-weight: 600;' href='https:\/\/www.syscom.mx\/principal\/searchcont?route=89407-ASSA-ABLOY-159250&#038;autodetect=89407'>89407<\/a> <\/li>\n<li style='margin-bottom: 8px;'>Compatible con HOMEKit de iOS usando el m\u00f3dulo <strong style='color: inherit;'>MX89408<\/strong><\/li>\n<\/ul><\/div>\n<p> <!-- V\u00eddeos --> <\/p>\n<div style='display: flex; flex-direction: column; gap: 30px; margin-bottom: 30px;'>\n<div>\n<h3 style='font-size: 20px; margin-top: 0; margin-bottom: 15px; color: inherit; border-bottom: 2px solid rgba(150&comma; 150&comma; 150&comma; 0.3); padding-bottom: 5px;'>V\u00eddeo de instalaci\u00f3n<\/h3>\n<div style='position: relative; padding-bottom: 56.25%; height: 0; overflow: hidden; margin-bottom: 30px;'>   <\/div>\n<\/p><\/div>\n<div>\n<h3 style='font-size: 20px; margin-top: 0; margin-bottom: 15px; color: inherit; border-bottom: 2px solid rgba(150&comma; 150&comma; 150&comma; 0.3); padding-bottom: 5px;'>\u00bfC\u00f3mo integrar Alexa?<\/h3>\n<div style='position: relative; padding-bottom: 56.25%; height: 0; overflow: hidden; margin-bottom: 30px;'>   <\/div>\n<\/p><\/div>\n<div>\n<h3 style='font-size: 20px; margin-top: 0; margin-bottom: 15px; color: inherit; border-bottom: 2px solid rgba(150&comma; 150&comma; 150&comma; 0.3); padding-bottom: 5px;'>\u00bfC\u00f3mo funciona el HUB?<\/h3>\n<div style='position: relative; padding-bottom: 56.25%; height: 0; overflow: hidden; margin-bottom: 30px;'>   <\/div>\n<\/p><\/div>\n<\/p><\/div>\n<p> <!-- M\u00f3dulos compatibles --> <\/p>\n<div style='margin-bottom: 30px;'>\n<h3 style='font-size: 20px; margin-top: 0; margin-bottom: 15px; color: inherit; border-bottom: 2px solid rgba(150&comma; 150&comma; 150&comma; 0.3); padding-bottom: 5px;'>M\u00f3dulos compatibles<\/h3>\n<ul style='padding-left: 20px; font-size: 15px; color: inherit;'>\n<li style='margin-bottom: 8px;'>Conexi\u00f3n Zwave requiere m\u00f3dulo <a style='color: #005cb9; text-decoration: none; font-weight: 600;' href='https:\/\/www.syscom.mx\/principal\/searchcont?route=89522-ASSA-ABLOY-170197&#038;autodetect=89522'>89522<\/a><\/li>\n<li style='margin-bottom: 8px;'>Para conexi\u00f3n con el Hub <a style='color: #005cb9; text-decoration: none; font-weight: 600;' href='https:\/\/www.syscom.mx\/principal\/searchcont?route=51020-YALE-ASSA-ABLOY-143439&#038;autodetect=51020'>51020<\/a> para control por APP usar el modelo <a style='color: #005cb9; text-decoration: none; font-weight: 600;' href='https:\/\/www.syscom.mx\/principal\/searchcont?route=89407-ASSA-ABLOY-159250&#038;autodetect=89407'>89407<\/a><\/li>\n<li style='margin-bottom: 8px;'>Nota: Solo se puede usar un m\u00f3dulo a la vez<\/li>\n<\/ul><\/div>\n<p> <!-- Nota importante --> <\/p>\n<div style='margin-bottom: 30px; padding: 15px; border-left: 4px solid #e63946; background-color: rgba(230&comma; 57&comma; 70&comma; 0.05);'>\n<p style='margin: 0; font-size: 15px; color: inherit;'> <span style='font-weight: bold; color: inherit;'>NOTA<\/span>. El uso de la aplicaci\u00f3n de YALE solo est\u00e1 disponible para uso en M\u00c9XICO&comma; no aplica el uso desde otros pa\u00edses. <\/p>\n<\/p><\/div>\n<\/p><\/div>\n","protected":false},"excerpt":{"rendered":"<p>Cerradura ASSURE YRD256, Niquel Satinado\/Teclado\/ Para puertas Izq o Derecha de  35 a 57 mm de espesor\/ Apertura por Smartphone<\/p>\n","protected":false},"featured_media":4972,"comment_status":"open","ping_status":"closed","template":"","meta":[],"product_brand":[],"product_cat":[86],"product_tag":[88,87,395],"class_list":{"0":"post-4973","1":"product","2":"type-product","3":"status-publish","4":"has-post-thumbnail","6":"product_cat-autonomas-inteligentes","7":"product_tag-autonomas-inteligentes","8":"product_tag-cerraduras","9":"product_tag-yale-assa-abloy","11":"first","12":"instock","13":"sale","14":"shipping-taxable","15":"purchasable","16":"product-type-simple"},"_links":{"self":[{"href":"https:\/\/soydeaqui.ddns.net\/pachuca\/index.php\/wp-json\/wp\/v2\/product\/4973","targetHints":{"allow":["GET"]}}],"collection":[{"href":"https:\/\/soydeaqui.ddns.net\/pachuca\/index.php\/wp-json\/wp\/v2\/product"}],"about":[{"href":"https:\/\/soydeaqui.ddns.net\/pachuca\/index.php\/wp-json\/wp\/v2\/types\/product"}],"replies":[{"embeddable":true,"href":"https:\/\/soydeaqui.ddns.net\/pachuca\/index.php\/wp-json\/wp\/v2\/comments?post=4973"}],"wp:featuredmedia":[{"embeddable":true,"href":"https:\/\/soydeaqui.ddns.net\/pachuca\/index.php\/wp-json\/wp\/v2\/media\/4972"}],"wp:attachment":[{"href":"https:\/\/soydeaqui.ddns.net\/pachuca\/index.php\/wp-json\/wp\/v2\/media?parent=4973"}],"wp:term":[{"taxonomy":"product_brand","embeddable":true,"href":"https:\/\/soydeaqui.ddns.net\/pachuca\/index.php\/wp-json\/wp\/v2\/product_brand?post=4973"},{"taxonomy":"product_cat","embeddable":true,"href":"https:\/\/soydeaqui.ddns.net\/pachuca\/index.php\/wp-json\/wp\/v2\/product_cat?post=4973"},{"taxonomy":"product_tag","embeddable":true,"href":"https:\/\/soydeaqui.ddns.net\/pachuca\/index.php\/wp-json\/wp\/v2\/product_tag?post=4973"}],"curies":[{"name":"wp","href":"https:\/\/api.w.org\/{rel}","templated":true}]}}