{"id":49680,"date":"2026-03-18T22:15:49","date_gmt":"2026-03-18T22:15:49","guid":{"rendered":"https:\/\/soydeaqui.ddns.net\/pachuca\/index.php\/producto\/controlador-solar-poe-entrada-12-vcc-hasta-un-panel-solar-de-125-watts-salida-poe-pasivo-en-48-vcc-hasta-20-watts-maximo\/"},"modified":"2026-03-18T22:15:56","modified_gmt":"2026-03-18T22:15:56","slug":"controlador-solar-poe-entrada-12-vcc-hasta-un-panel-solar-de-125-watts-salida-poe-pasivo-en-48-vcc-hasta-20-watts-maximo","status":"publish","type":"product","link":"https:\/\/soydeaqui.ddns.net\/pachuca\/index.php\/producto\/controlador-solar-poe-entrada-12-vcc-hasta-un-panel-solar-de-125-watts-salida-poe-pasivo-en-48-vcc-hasta-20-watts-maximo\/","title":{"rendered":"Controlador Solar POE, Entrada 12 Vcc Hasta un Panel Solar de 125 Watts, Salida PoE Pasivo en 48 Vcc Hasta 20 Watts M\u00e1ximo."},"content":{"rendered":"<div style='width: 100%; max-width: 1200px; margin: 0 auto; font-family: sans-serif; line-height: 1.6; color: inherit; background-color: transparent;'> <!-- Secci\u00f3n de descripci\u00f3n general --> <\/p>\n<div style='margin-bottom: 30px;'>\n<h2 style='font-size: 24px; border-bottom: 2px solid currentColor; padding-bottom: 5px; margin-top: 0; color: inherit; opacity: 0.9;'>Descripci\u00f3n General<\/h2>\n<p style='font-size: 15px; color: inherit;'> Sistema de controlador solar que regula la carga y descarga de bater\u00edas&comma; suministrando alimentaci\u00f3n PoE de 48 Vcc @ 0.625 A. Incluye salida secundaria de 11-12.5 Vcc a 1.5 A m\u00e1xima para alimentaci\u00f3n de dispositivos IP. <\/p>\n<\/p><\/div>\n<p> <!-- Secci\u00f3n de caracter\u00edsticas --> <\/p>\n<div style='display: flex; flex-wrap: wrap; gap: 30px; margin-bottom: 30px;'>\n<div style='flex: 1 1 300px; min-width: 280px;'>\n<h3 style='font-size: 22px; border-bottom: 2px solid currentColor; padding-bottom: 5px; margin-top: 0; color: inherit; opacity: 0.8;'>Caracter\u00edsticas Principales<\/h3>\n<ul style='padding-left: 20px; font-size: 15px; color: inherit;'>\n<li style='margin-bottom: 5px;'>Acepta paneles solares de hasta 125 Watts<\/li>\n<li style='margin-bottom: 5px;'>Bajo consumo de energ\u00eda en modo de espera<\/li>\n<li style='margin-bottom: 5px;'>Salida PoE 48 Vcc @ 0.625 A<\/li>\n<li style='margin-bottom: 5px;'>Salida secundaria 11-12.5 Vcc a 1.5 A m\u00e1xima<\/li>\n<li style='margin-bottom: 5px;'>Protecci\u00f3n de corto circuito<\/li>\n<li style='margin-bottom: 5px;'>Alerta de polaridad invertida<\/li>\n<li style='margin-bottom: 5px;'>Indicadores LED para estado de carga&comma; PoE&comma; bater\u00eda y alertas<\/li>\n<\/ul><\/div>\n<p> <!-- Secci\u00f3n de especificaciones --> <\/p>\n<div style='flex: 1 1 300px; min-width: 280px;'>\n<h3 style='font-size: 22px; border-bottom: 2px solid currentColor; padding-bottom: 5px; margin-top: 0; color: inherit; opacity: 0.8;'>Especificaciones T\u00e9cnicas<\/h3>\n<ul style='padding-left: 20px; font-size: 15px; color: inherit;'>\n<li style='margin-bottom: 5px;'><strong>Voltaje entrada solar:<\/strong> 18-22 V m\u00e1x @8 A<\/li>\n<li style='margin-bottom: 5px;'><strong>Potencia panel solar:<\/strong> Hasta 125 W<\/li>\n<li style='margin-bottom: 5px;'><strong>Voltaje bater\u00eda:<\/strong> 12 Vcc<\/li>\n<li style='margin-bottom: 5px;'><strong>Salida PoE:<\/strong> 48 Vcc @ 0.625 A<\/li>\n<li style='margin-bottom: 5px;'><strong>Salida secundaria:<\/strong> 11-12.5 Vcc @ 1.5 A m\u00e1x<\/li>\n<li style='margin-bottom: 5px;'><strong>Protecci\u00f3n sobre voltaje:<\/strong> 14.4 \u00b10.3 Vcc<\/li>\n<li style='margin-bottom: 5px;'><strong>Desconexi\u00f3n bajo voltaje:<\/strong> 11.0 \u00b10.3 Vcc<\/li>\n<li style='margin-bottom: 5px;'><strong>Consumo en espera:<\/strong> < 0.5 W<\/li>\n<li style='margin-bottom: 5px;'><strong>Calibre m\u00e1ximo cable:<\/strong> 10 AWG<\/li>\n<li style='margin-bottom: 5px;'><strong>Temperatura operaci\u00f3n:<\/strong> -30\u00b0C a 60\u00b0C<\/li>\n<li style='margin-bottom: 5px;'><strong>Dimensiones:<\/strong> 118 x 40 x 159 mm<\/li>\n<li style='margin-bottom: 5px;'><strong>Peso:<\/strong> 312 g<\/li>\n<\/ul><\/div>\n<\/p><\/div>\n<p> <!-- Secci\u00f3n de configuraci\u00f3n de terminales --> <\/p>\n<div style='margin-bottom: 30px;'>\n<h3 style='font-size: 22px; border-bottom: 2px solid currentColor; padding-bottom: 5px; margin-top: 0; color: inherit; opacity: 0.8;'>Configuraci\u00f3n de Terminales<\/h3>\n<div style='overflow-x: auto;'>\n<table style='width: 100%; border-collapse: collapse; font-size: 14px; color: inherit;'>\n<thead>\n<tr style='background-color: rgba(150&comma;150&comma;150&comma;0.1);'>\n<th style='border: 1px solid rgba(150&comma;150&comma;150&comma;0.3); padding: 10px; text-align: left;'>Terminal<\/th>\n<th style='border: 1px solid rgba(150&comma;150&comma;150&comma;0.3); padding: 10px; text-align: left;'>S\u00edmbolo<\/th>\n<th style='border: 1px solid rgba(150&comma;150&comma;150&comma;0.3); padding: 10px; text-align: left;'>Descripci\u00f3n<\/th>\n<th style='border: 1px solid rgba(150&comma;150&comma;150&comma;0.3); padding: 10px; text-align: left;'>S\u00edmbolo<\/th>\n<th style='border: 1px solid rgba(150&comma;150&comma;150&comma;0.3); padding: 10px; text-align: left;'>Descripci\u00f3n<\/th>\n<\/tr>\n<\/thead>\n<tbody>\n<tr>\n<td style='border: 1px solid rgba(150&comma;150&comma;150&comma;0.3); padding: 8px;'>Entrada RJ45<\/td>\n<td style='border: 1px solid rgba(150&comma;150&comma;150&comma;0.3); padding: 8px;'>RX+<\/td>\n<td style='border: 1px solid rgba(150&comma;150&comma;150&comma;0.3); padding: 8px;'>Recepci\u00f3n Datos (+)<\/td>\n<td style='border: 1px solid rgba(150&comma;150&comma;150&comma;0.3); padding: 8px;'>RX+<\/td>\n<td style='border: 1px solid rgba(150&comma;150&comma;150&comma;0.3); padding: 8px;'>Recepci\u00f3n Datos (+)<\/td>\n<\/tr>\n<tr>\n<td style='border: 1px solid rgba(150&comma;150&comma;150&comma;0.3); padding: 8px;'><\/td>\n<td style='border: 1px solid rgba(150&comma;150&comma;150&comma;0.3); padding: 8px;'>RX-<\/td>\n<td style='border: 1px solid rgba(150&comma;150&comma;150&comma;0.3); padding: 8px;'>Recepci\u00f3n Datos (-)<\/td>\n<td style='border: 1px solid rgba(150&comma;150&comma;150&comma;0.3); padding: 8px;'>RX-<\/td>\n<td style='border: 1px solid rgba(150&comma;150&comma;150&comma;0.3); padding: 8px;'>Recepci\u00f3n Datos (-)<\/td>\n<\/tr>\n<tr>\n<td style='border: 1px solid rgba(150&comma;150&comma;150&comma;0.3); padding: 8px;'><\/td>\n<td style='border: 1px solid rgba(150&comma;150&comma;150&comma;0.3); padding: 8px;'>TX+<\/td>\n<td style='border: 1px solid rgba(150&comma;150&comma;150&comma;0.3); padding: 8px;'>Transmisi\u00f3n Datos (+)<\/td>\n<td style='border: 1px solid rgba(150&comma;150&comma;150&comma;0.3); padding: 8px;'>TX+<\/td>\n<td style='border: 1px solid rgba(150&comma;150&comma;150&comma;0.3); padding: 8px;'>Transmisi\u00f3n Datos (+)<\/td>\n<\/tr>\n<tr>\n<td style='border: 1px solid rgba(150&comma;150&comma;150&comma;0.3); padding: 8px;'><\/td>\n<td style='border: 1px solid rgba(150&comma;150&comma;150&comma;0.3); padding: 8px;'>+Vcd<\/td>\n<td style='border: 1px solid rgba(150&comma;150&comma;150&comma;0.3); padding: 8px;'>Salida + Alimentaci\u00f3n PoE<\/td>\n<td style='border: 1px solid rgba(150&comma;150&comma;150&comma;0.3); padding: 8px;'>+Vcd<\/td>\n<td style='border: 1px solid rgba(150&comma;150&comma;150&comma;0.3); padding: 8px;'>Salida + Alimentaci\u00f3n PoE<\/td>\n<\/tr>\n<tr>\n<td style='border: 1px solid rgba(150&comma;150&comma;150&comma;0.3); padding: 8px;'><\/td>\n<td style='border: 1px solid rgba(150&comma;150&comma;150&comma;0.3); padding: 8px;'>TX-<\/td>\n<td style='border: 1px solid rgba(150&comma;150&comma;150&comma;0.3); padding: 8px;'>Transmisi\u00f3n Datos (-)<\/td>\n<td style='border: 1px solid rgba(150&comma;150&comma;150&comma;0.3); padding: 8px;'>TX-<\/td>\n<td style='border: 1px solid rgba(150&comma;150&comma;150&comma;0.3); padding: 8px;'>Transmisi\u00f3n Datos (-)<\/td>\n<\/tr>\n<tr>\n<td style='border: 1px solid rgba(150&comma;150&comma;150&comma;0.3); padding: 8px;'>Salida RJ45<\/td>\n<td style='border: 1px solid rgba(150&comma;150&comma;150&comma;0.3); padding: 8px;'>-Vcd<\/td>\n<td style='border: 1px solid rgba(150&comma;150&comma;150&comma;0.3); padding: 8px;'>Salida &#8211; Alimentaci\u00f3n PoE<\/td>\n<td style='border: 1px solid rgba(150&comma;150&comma;150&comma;0.3); padding: 8px;'>-Vcd<\/td>\n<td style='border: 1px solid rgba(150&comma;150&comma;150&comma;0.3); padding: 8px;'>Salida &#8211; Alimentaci\u00f3n PoE<\/td>\n<\/tr>\n<\/tbody>\n<\/table><\/div>\n<\/p><\/div>\n<p> <!-- Secci\u00f3n de aplicaciones --> <\/p>\n<div style='display: flex; flex-wrap: wrap; gap: 30px; margin-bottom: 30px;'>\n<div style='flex: 1 1 300px; min-width: 280px;'>\n<h3 style='font-size: 22px; border-bottom: 2px solid currentColor; padding-bottom: 5px; margin-top: 0; color: inherit; opacity: 0.8;'>Aplicaciones<\/h3>\n<ul style='padding-left: 20px; font-size: 15px; color: inherit;'>\n<li style='margin-bottom: 5px;'>Videovigilancia con alimentaci\u00f3n PoE 48 Vcc<\/li>\n<li style='margin-bottom: 5px;'>Alimentaci\u00f3n secundaria 11-12.5 Vcc para c\u00e1maras IP<\/li>\n<li style='margin-bottom: 5px;'>Sistemas Wi-Fi con punto de acceso<\/li>\n<li style='margin-bottom: 5px;'>Repetidores de red con alimentaci\u00f3n PoE<\/li>\n<\/ul><\/div>\n<p> <!-- Secci\u00f3n de recomendaciones --> <\/p>\n<div style='flex: 1 1 300px; min-width: 280px;'>\n<h3 style='font-size: 22px; border-bottom: 2px solid currentColor; padding-bottom: 5px; margin-top: 0; color: inherit; opacity: 0.8;'>Recomendaciones de Instalaci\u00f3n<\/h3>\n<ul style='padding-left: 20px; font-size: 15px; color: inherit;'>\n<li style='margin-bottom: 5px;'>No conectar paneles solares con voltaje >24 Vcc<\/li>\n<li style='margin-bottom: 5px;'>Evitar compartimientos sellados con bater\u00edas<\/li>\n<li style='margin-bottom: 5px;'>No conectar arreglo solar sin bater\u00eda conectada<\/li>\n<li style='margin-bottom: 5px;'>No exceder corriente PoE y salida secundaria<\/li>\n<li style='margin-bottom: 5px;'>Evitar instalaci\u00f3n a la intemperie<\/li>\n<\/ul><\/div>\n<\/p><\/div>\n<p> <!-- Secci\u00f3n de im\u00e1genes --> <\/p>\n<div style='display: flex; flex-wrap: wrap; gap: 20px; margin-bottom: 30px;'>\n<div style='flex: 1 1 300px; min-width: 280px;'> <img style='width: 100%; height: auto; border: 1px solid rgba(150&comma;150&comma;150&comma;0.3); border-radius: 8px;' src='http:\/\/i.imgur.com\/vuOc0LU.png' alt='Vista frontal del controlador solar'> <\/div>\n<div style='flex: 1 1 300px; min-width: 280px;'> <img style='width: 100%; height: auto; border: 1px solid rgba(150&comma;150&comma;150&comma;0.3); border-radius: 8px;' src='http:\/\/i.imgur.com\/PDICGys.png' alt='Diagrama de conexiones del controlador'> <\/div>\n<\/p><\/div>\n<p> <!-- Secci\u00f3n de garant\u00eda --> <\/p>\n<div style='margin-bottom: 30px;'>\n<h3 style='font-size: 22px; border-bottom: 2px solid currentColor; padding-bottom: 5px; margin-top: 0; color: inherit; opacity: 0.8;'>Garant\u00eda<\/h3>\n<p style='font-size: 15px; color: inherit; margin-bottom: 10px;'>1 a\u00f1o contra defectos de fabricaci\u00f3n<\/p>\n<h4 style='font-size: 18px; margin-top: 20px; margin-bottom: 10px; color: inherit; opacity: 0.8;'>Exclusiones:<\/h4>\n<ul style='padding-left: 20px; font-size: 15px; color: inherit;'>\n<li style='margin-bottom: 5px;'>Da\u00f1os por accidente&comma; negligencia o uso impropio<\/li>\n<li style='margin-bottom: 5px;'>Exceder corriente especificada<\/li>\n<li style='margin-bottom: 5px;'>Modificaciones o intentos de reparaci\u00f3n<\/li>\n<\/ul><\/div>\n<p> <!-- Separador final --> <\/p>\n<hr style='border: 0; border-top: 1px solid rgba(150&comma;150&comma;150&comma;0.3); margin: 30px 0;'> <\/div>\n","protected":false},"excerpt":{"rendered":"<p>Controlador Solar POE, Entrada 12 Vcc Hasta un Panel Solar de 125 Watts, Salida PoE Pasivo en 48 Vcc Hasta 20 Watts M\u00e1ximo.<\/p>\n","protected":false},"featured_media":49679,"comment_status":"open","ping_status":"closed","template":"","meta":[],"product_brand":[],"product_cat":[1311],"product_tag":[1312,964,1313],"class_list":{"0":"post-49680","1":"product","2":"type-product","3":"status-publish","4":"has-post-thumbnail","6":"product_cat-convertidores-solares-poe","7":"product_tag-convertidores-solares-poe","8":"product_tag-energia-solar","9":"product_tag-tycon-power-products","11":"first","12":"outofstock","13":"sale","14":"shipping-taxable","15":"purchasable","16":"product-type-simple"},"_links":{"self":[{"href":"https:\/\/soydeaqui.ddns.net\/pachuca\/index.php\/wp-json\/wp\/v2\/product\/49680","targetHints":{"allow":["GET"]}}],"collection":[{"href":"https:\/\/soydeaqui.ddns.net\/pachuca\/index.php\/wp-json\/wp\/v2\/product"}],"about":[{"href":"https:\/\/soydeaqui.ddns.net\/pachuca\/index.php\/wp-json\/wp\/v2\/types\/product"}],"replies":[{"embeddable":true,"href":"https:\/\/soydeaqui.ddns.net\/pachuca\/index.php\/wp-json\/wp\/v2\/comments?post=49680"}],"wp:featuredmedia":[{"embeddable":true,"href":"https:\/\/soydeaqui.ddns.net\/pachuca\/index.php\/wp-json\/wp\/v2\/media\/49679"}],"wp:attachment":[{"href":"https:\/\/soydeaqui.ddns.net\/pachuca\/index.php\/wp-json\/wp\/v2\/media?parent=49680"}],"wp:term":[{"taxonomy":"product_brand","embeddable":true,"href":"https:\/\/soydeaqui.ddns.net\/pachuca\/index.php\/wp-json\/wp\/v2\/product_brand?post=49680"},{"taxonomy":"product_cat","embeddable":true,"href":"https:\/\/soydeaqui.ddns.net\/pachuca\/index.php\/wp-json\/wp\/v2\/product_cat?post=49680"},{"taxonomy":"product_tag","embeddable":true,"href":"https:\/\/soydeaqui.ddns.net\/pachuca\/index.php\/wp-json\/wp\/v2\/product_tag?post=49680"}],"curies":[{"name":"wp","href":"https:\/\/api.w.org\/{rel}","templated":true}]}}