{"id":49664,"date":"2026-03-18T22:15:23","date_gmt":"2026-03-18T22:15:23","guid":{"rendered":"https:\/\/soydeaqui.ddns.net\/pachuca\/index.php\/producto\/cable-con-conector-macho-pigtail-alimentacin-para-vcc-con-puntas-libres-polarizado-largo-22-cm-8-66-pulgadas-calibre-22awg\/"},"modified":"2026-03-18T22:15:28","modified_gmt":"2026-03-18T22:15:28","slug":"cable-con-conector-macho-pigtail-alimentacin-para-vcc-con-puntas-libres-polarizado-largo-22-cm-8-66-pulgadas-calibre-22awg","status":"publish","type":"product","link":"https:\/\/soydeaqui.ddns.net\/pachuca\/index.php\/producto\/cable-con-conector-macho-pigtail-alimentacin-para-vcc-con-puntas-libres-polarizado-largo-22-cm-8-66-pulgadas-calibre-22awg\/","title":{"rendered":"Cable con Conector Macho (Pigtail) \/ Alimentaci?n para Vcc con Puntas Libres \/ Polarizado \/ Largo 22 cm (8.66 Pulgadas) \/ Calibre 22AWG."},"content":{"rendered":"<div style='width: 100%; max-width: 1200px; margin: 0 auto; font-family: sans-serif; line-height: 1.6; color: inherit; background-color: transparent;'>\n<div style='width: 100%; max-width: 800px; margin: 0 auto;'>\n<h1 style='font-size: 28px; text-align: center; color: inherit; margin: 0 0 10px 0;'><strong>DC-CORD<\/strong><\/h1>\n<h3 style='font-size: 20px; text-align: center; color: inherit; margin: 0 0 20px 0;'>Cable con conector macho&comma; alimentaci\u00f3n para Vcc con puntas libres<\/h3>\n<p style='text-align: center; margin: 10px auto 30px auto; max-width: 700px; font-size: 15px; color: inherit;'>Se utiliza para conectar c\u00e1maras de seguridad a su sistema de distribuci\u00f3n de energ\u00eda o adaptadores de energ\u00eda. Cuenta con un enchufe macho en un extremo y dos cables desnudos en el otro. Las cubiertas de alambre rojo y negro indican polaridad.<\/p>\n<\/p><\/div>\n<div style='display: flex; flex-wrap: wrap; gap: 30px; margin-bottom: 30px;'>\n<div style='flex: 1 1 300px; min-width: 280px;'>\n<div style='width: 100%; border: 1px solid rgba(150&comma; 150&comma; 150&comma; 0.3); border-radius: 8px; overflow: hidden;'>\n<div style='background-color: rgba(238&comma;238&comma;238&comma;0.3);'> <img style='width: 100%; height: auto; border: none; border-radius: 0;' src='http:\/\/ftp3.syscom.mx\/usuarios\/hallende\/Familia%20Centro\/Miscelaneos\/DCCORD\/DCCORD-h.png' alt=''> <\/div>\n<div style='padding: 15px;'>\n<h3 style='font-size: 22px; border-bottom: 2px solid currentColor; padding-bottom: 5px; margin-top: 0; color: inherit; opacity: 0.8;'>Caracter\u00edsticas Principales:<\/h3>\n<ul style='padding-left: 20px; font-size: 15px; color: inherit; margin: 15px 0;'>\n<li style='margin-bottom: 5px;'>Cable de alimentaci\u00f3n DC hembra a extremo desnudo<\/li>\n<li style='margin-bottom: 5px;'>Longitud: 28&comma;5 cm.<\/li>\n<li style='margin-bottom: 5px;'>Alta conectividad sin p\u00e9rdida de transmisi\u00f3n<\/li>\n<li style='margin-bottom: 5px;'>Rojo: positivo<\/li>\n<li style='margin-bottom: 5px;'>Negro: negativo<\/li>\n<\/ul><\/div>\n<\/p><\/div>\n<\/p><\/div>\n<div style='flex: 1 1 300px; min-width: 280px;'>\n<div style='width: 100%; border: 1px solid rgba(150&comma; 150&comma; 150&comma; 0.3); border-radius: 8px; overflow: hidden;'>\n<div style='background-color: rgba(238&comma;238&comma;238&comma;0.3);'> <img style='width: 100%; height: auto; border: none; border-radius: 0;' src='http:\/\/ftp3.syscom.mx\/usuarios\/hallende\/Familia%20Centro\/Miscelaneos\/DCCORD\/DCCORD-AD-1-h.png' alt='...'> <\/div>\n<div style='padding: 15px;'>\n<h3 style='font-size: 22px; border-bottom: 2px solid currentColor; padding-bottom: 5px; margin-top: 0; color: inherit; opacity: 0.8;'>Caracter\u00edsticas F\u00edsicas y El\u00e9ctricas:<\/h3>\n<ul style='padding-left: 20px; font-size: 15px; color: inherit; margin: 15px 0;'>\n<li style='margin-bottom: 5px;'>Di\u00e1metro del enchufe de CC: 5&comma;5 mm de di\u00e1metro exterior \/ 2&comma;1 mm de di\u00e1metro interno<\/li>\n<\/ul><\/div>\n<\/p><\/div>\n<\/p><\/div>\n<div style='flex: 1 1 300px; min-width: 280px;'>\n<div style='width: 100%; border: 1px solid rgba(150&comma; 150&comma; 150&comma; 0.3); border-radius: 8px; overflow: hidden;'>\n<div style='background-color: rgba(238&comma;238&comma;238&comma;0.3);'> <img style='width: 100%; height: auto; border: none; border-radius: 0;' src='http:\/\/ftp3.syscom.mx\/usuarios\/hallende\/Familia%20Centro\/Miscelaneos\/DCCORD\/DCCORD-FRENTE-h.png' alt='...'> <\/div>\n<div style='padding: 15px;'>\n<h3 style='font-size: 22px; border-bottom: 2px solid currentColor; padding-bottom: 5px; margin-top: 0; color: inherit; opacity: 0.8;'>Caracter\u00edsticas Destacadas:<\/h3>\n<ul style='padding-left: 20px; font-size: 15px; color: inherit; margin: 15px 0;'>\n<li style='margin-bottom: 5px;'>Este cable conector macho es muy perfecto para tu c\u00e1mara de seguridad CCTV.<\/li>\n<li style='margin-bottom: 5px;'>Cable de alta calidad&comma; compatible con componentes de 12 Vcc para c\u00e1maras de CCTV&comma; tiras de luz LED&comma; barras y otros accesorios de bajo voltaje<\/li>\n<\/ul><\/div>\n<\/p><\/div>\n<\/p><\/div>\n<\/p><\/div>\n<p> <!-- Separador --> <\/p>\n<hr style='border: 0; border-top: 1px solid rgba(150&comma; 150&comma; 150&comma; 0.3); margin: 30px 0;'> <\/div>\n","protected":false},"excerpt":{"rendered":"<p>Cable con Conector Macho (Pigtail) \/ Alimentaci?n para Vcc con Puntas Libres \/ Polarizado \/ Largo 22 cm (8.66 Pulgadas) \/ Calibre 22AWG.<\/p>\n","protected":false},"featured_media":49663,"comment_status":"open","ping_status":"closed","template":"","meta":[],"product_brand":[],"product_cat":[487],"product_tag":[488,489,63],"class_list":{"0":"post-49664","1":"product","2":"type-product","3":"status-publish","4":"has-post-thumbnail","6":"product_cat-para-alimentacion-y-electricidad","7":"product_tag-cables-y-conectores","8":"product_tag-para-alimentacion-y-electricidad","9":"product_tag-syscom","11":"first","12":"instock","13":"sale","14":"shipping-taxable","15":"purchasable","16":"product-type-simple"},"_links":{"self":[{"href":"https:\/\/soydeaqui.ddns.net\/pachuca\/index.php\/wp-json\/wp\/v2\/product\/49664","targetHints":{"allow":["GET"]}}],"collection":[{"href":"https:\/\/soydeaqui.ddns.net\/pachuca\/index.php\/wp-json\/wp\/v2\/product"}],"about":[{"href":"https:\/\/soydeaqui.ddns.net\/pachuca\/index.php\/wp-json\/wp\/v2\/types\/product"}],"replies":[{"embeddable":true,"href":"https:\/\/soydeaqui.ddns.net\/pachuca\/index.php\/wp-json\/wp\/v2\/comments?post=49664"}],"wp:featuredmedia":[{"embeddable":true,"href":"https:\/\/soydeaqui.ddns.net\/pachuca\/index.php\/wp-json\/wp\/v2\/media\/49663"}],"wp:attachment":[{"href":"https:\/\/soydeaqui.ddns.net\/pachuca\/index.php\/wp-json\/wp\/v2\/media?parent=49664"}],"wp:term":[{"taxonomy":"product_brand","embeddable":true,"href":"https:\/\/soydeaqui.ddns.net\/pachuca\/index.php\/wp-json\/wp\/v2\/product_brand?post=49664"},{"taxonomy":"product_cat","embeddable":true,"href":"https:\/\/soydeaqui.ddns.net\/pachuca\/index.php\/wp-json\/wp\/v2\/product_cat?post=49664"},{"taxonomy":"product_tag","embeddable":true,"href":"https:\/\/soydeaqui.ddns.net\/pachuca\/index.php\/wp-json\/wp\/v2\/product_tag?post=49664"}],"curies":[{"name":"wp","href":"https:\/\/api.w.org\/{rel}","templated":true}]}}