{"id":4966,"date":"2026-03-18T06:25:25","date_gmt":"2026-03-18T06:25:25","guid":{"rendered":"https:\/\/soydeaqui.ddns.net\/pachuca\/index.php\/producto\/barrera-fotoelectrica-de-200-metros-cuatro-haces-de-luz-con-sniper-viewfinder\/"},"modified":"2026-03-18T06:25:26","modified_gmt":"2026-03-18T06:25:26","slug":"barrera-fotoelectrica-de-200-metros-cuatro-haces-de-luz-con-sniper-viewfinder","status":"publish","type":"product","link":"https:\/\/soydeaqui.ddns.net\/pachuca\/index.php\/producto\/barrera-fotoelectrica-de-200-metros-cuatro-haces-de-luz-con-sniper-viewfinder\/","title":{"rendered":"Barrera fotoelectrica de 200 metros cuatro haces de luz con Sniper viewfinder"},"content":{"rendered":"<div style='width: 100%; max-width: 1200px; margin: 0 auto; font-family: sans-serif; line-height: 1.6; color: inherit; background-color: transparent;'> <img style='width: 100%; height: auto; border: 1px solid rgba(150&comma;150&comma;150&comma;0.3); border-radius: 10px;' src='https:\/\/ftp3.syscom.mx\/usuarios\/ftp\/single_page\/optex\/optex-portada.png' alt=''> <\/p>\n<div style='display: flex; flex-wrap: wrap; gap: 30px; margin: 30px 0;'>\n<div style='flex: 1 1 300px; min-width: 280px; text-align: center;'> <img style='width: 180px; height: auto; border: 1px solid rgba(150&comma;150&comma;150&comma;0.3); border-radius: 8px;' src='https:\/\/ftp3.syscom.mx\/usuarios\/ftp\/single_page\/optex\/optex-icono1.png' alt=''> <\/div>\n<div style='flex: 1 1 300px; min-width: 280px; text-align: center;'> <img style='width: 180px; height: auto; border: 1px solid rgba(150&comma;150&comma;150&comma;0.3); border-radius: 8px;' src='https:\/\/ftp3.syscom.mx\/usuarios\/ftp\/single_page\/optex\/optex-icono2.png' alt=''> <\/div>\n<div style='flex: 1 1 300px; min-width: 280px; text-align: center;'> <img style='width: 180px; height: auto; border: 1px solid rgba(150&comma;150&comma;150&comma;0.3); border-radius: 8px;' src='https:\/\/ftp3.syscom.mx\/usuarios\/ftp\/single_page\/optex\/optex-icono3.png' alt=''> <\/div>\n<\/p><\/div>\n<p> <img style='width: 100%; height: auto; border: 1px solid rgba(150&comma;150&comma;150&comma;0.3); border-radius: 10px;' src='https:\/\/ftp3.syscom.mx\/usuarios\/ftp\/single_page\/optex\/optex-imagen1.png' alt=''> <\/p>\n<div style='margin: 30px 0; font-size: 17px; color: rgba(128&comma;128&comma;128&comma;0.8);'> El transmisor de infrarrojos y el receptor deben estar perfectamente alineados para lograr el funcionamiento \u00f3ptimo del detector fotoel\u00e9ctrico. Sin embargo&comma; se requiere mucha paciencia&comma; tiempo y esfuerzo para asegurar que el receptor reciba la m\u00e1xima cantidad de se\u00f1al infrarroja posible del transmisor. Optex tiene la soluci\u00f3n: la serie SL est\u00e1 dise\u00f1ada para aligerar su carga de trabajo y lograr una alineaci\u00f3n perfecta. <\/div>\n<p> <img style='width: 100%; height: auto; border: 1px solid rgba(150&comma;150&comma;150&comma;0.3); border-radius: 10px;' src='https:\/\/ftp3.syscom.mx\/usuarios\/ftp\/single_page\/optex\/optex-imagen2.png' alt=''> <\/p>\n<h1 style='font-size: 35px; font-weight: bold; text-align: center; margin: 5% 0; color: #3d93d1;'> Resistencia a la Intemperie <\/h1>\n<div style='display: flex; flex-wrap: wrap; gap: 30px;'>\n<div style='flex: 1 1 300px; min-width: 280px;'>\n<div style='margin: 10px 0;'>\n<p style='color: rgba(128&comma;128&comma;128&comma;0.8);'><strong>SELECTOR DE ALINEACI\u00d3N<\/strong><br \/>Ya no es necesario un destornillador para llevar a cabo la alineaci\u00f3n; es posible realizar un ajuste de alta precisi\u00f3n utilizando solamente los dedos.<\/p>\n<\/p><\/div>\n<div style='margin: 10px 0;'>\n<p style='color: rgba(128&comma;128&comma;128&comma;0.8);'><strong>BARRERA CU\u00c1DRUPLE CON LENTES ASF\u00c9RICAS<\/strong><br \/>Las lentes asf\u00e9ricas de alta calidad crean barreras infrarrojas activas m\u00e1s definidas y precisas.<\/p>\n<\/p><\/div>\n<div style='margin: 10px 0;'>\n<p style='color: rgba(128&comma;128&comma;128&comma;0.8);'><strong>CHASIS DELGADO Y PESO LIGERO<\/strong><br \/>La serie SL combina una reducci\u00f3n del 20% del tama\u00f1o del chasis con una reducci\u00f3n del peso del 15%.<\/p>\n<\/p><\/div>\n<\/p><\/div>\n<div style='flex: 1 1 300px; min-width: 280px;'>\n<div style='margin: 10px 0;'>\n<p style='color: rgba(128&comma;128&comma;128&comma;0.8);'><strong>PLACA DE BLOQUEO DE BARRERA<\/strong><br \/>La placa se puede fijar con firmeza en la unidad de la lente sin temor a que el viento la pueda arrastrar. Las placas se pueden guardar en la parte posterior de la cubierta frontal.<\/p>\n<\/p><\/div>\n<div style='margin: 10px 0;'>\n<p style='color: rgba(128&comma;128&comma;128&comma;0.8);'><strong>DISE\u00d1O ANTI ESCARCHA (Dise\u00f1o de la cubierta)<\/strong><br \/>Se instalan cubiertas tanto en la parte superior como inferior de la torre para asegurar una potencia de barrera alta y estable al evitar que la escarcha se adhiera a la cubierta frontal.<\/p>\n<\/p><\/div>\n<div style='margin: 10px 0;'>\n<p style='color: rgba(128&comma;128&comma;128&comma;0.8);'><strong>COLORES VIVOS EN EL INTERIOR<\/strong><br \/>En el interior colores vivos y f\u00e1ciles de visualizar para una alineaci\u00f3n \u00f3ptica.<\/p>\n<\/p><\/div>\n<\/p><\/div>\n<\/p><\/div>\n<div style='margin: 30px 0; font-size: 17px; color: rgba(128&comma;128&comma;128&comma;0.8);'>\n<p style='margin: 15px 0;'><strong>S\u00f3lo modelos SL-QDM\/SL-QDP<\/strong><\/p>\n<ul style='padding-left: 20px; margin: 15px 0;'>\n<li style='margin-bottom: 5px;'>Tecnolog\u00eda de Protecci\u00f3n Frente a la Luz<\/li>\n<li style='margin-bottom: 5px;'>Selector de Control de Potencia de la Barrera<\/li>\n<li style='margin-bottom: 5px;'>Control de Potencia de Transmisi\u00f3n Autom\u00e1tica<\/li>\n<\/ul><\/div>\n<div style='text-align: center; margin: 30px 0;'> <a style='display: inline-block; padding: 12px 24px; background-color: #007bff; color: white !important; text-decoration: none; border-radius: 4px; width: 28%; max-width: 300px;' href='https:\/\/drive.google.com\/file\/d\/1tz5Y22bllnG7zGo5ev2WbAv9Ff6-pVI6\/view?usp=sharing'>Descargar PDF<\/a> <\/div>\n<\/p><\/div>\n","protected":false},"excerpt":{"rendered":"<p>Barrera fotoelectrica de 200 metros cuatro haces de luz con Sniper viewfinder<\/p>\n","protected":false},"featured_media":4965,"comment_status":"open","ping_status":"closed","template":"","meta":[],"product_brand":[],"product_cat":[232],"product_tag":[19,233,106],"class_list":{"0":"post-4966","1":"product","2":"type-product","3":"status-publish","4":"has-post-thumbnail","6":"product_cat-fotoelectricos-y-microondas","7":"product_tag-detectores-sensores","8":"product_tag-fotoelectricos-y-microondas","9":"product_tag-optex","11":"first","12":"outofstock","13":"sale","14":"shipping-taxable","15":"purchasable","16":"product-type-simple"},"_links":{"self":[{"href":"https:\/\/soydeaqui.ddns.net\/pachuca\/index.php\/wp-json\/wp\/v2\/product\/4966","targetHints":{"allow":["GET"]}}],"collection":[{"href":"https:\/\/soydeaqui.ddns.net\/pachuca\/index.php\/wp-json\/wp\/v2\/product"}],"about":[{"href":"https:\/\/soydeaqui.ddns.net\/pachuca\/index.php\/wp-json\/wp\/v2\/types\/product"}],"replies":[{"embeddable":true,"href":"https:\/\/soydeaqui.ddns.net\/pachuca\/index.php\/wp-json\/wp\/v2\/comments?post=4966"}],"wp:featuredmedia":[{"embeddable":true,"href":"https:\/\/soydeaqui.ddns.net\/pachuca\/index.php\/wp-json\/wp\/v2\/media\/4965"}],"wp:attachment":[{"href":"https:\/\/soydeaqui.ddns.net\/pachuca\/index.php\/wp-json\/wp\/v2\/media?parent=4966"}],"wp:term":[{"taxonomy":"product_brand","embeddable":true,"href":"https:\/\/soydeaqui.ddns.net\/pachuca\/index.php\/wp-json\/wp\/v2\/product_brand?post=4966"},{"taxonomy":"product_cat","embeddable":true,"href":"https:\/\/soydeaqui.ddns.net\/pachuca\/index.php\/wp-json\/wp\/v2\/product_cat?post=4966"},{"taxonomy":"product_tag","embeddable":true,"href":"https:\/\/soydeaqui.ddns.net\/pachuca\/index.php\/wp-json\/wp\/v2\/product_tag?post=4966"}],"curies":[{"name":"wp","href":"https:\/\/api.w.org\/{rel}","templated":true}]}}