{"id":49608,"date":"2026-03-18T22:13:46","date_gmt":"2026-03-18T22:13:46","guid":{"rendered":"https:\/\/soydeaqui.ddns.net\/pachuca\/index.php\/producto\/pulsera-antiestatica-de-muneca-para-mesa-de-trabajo\/"},"modified":"2026-03-18T22:14:00","modified_gmt":"2026-03-18T22:14:00","slug":"pulsera-antiestatica-de-muneca-para-mesa-de-trabajo","status":"publish","type":"product","link":"https:\/\/soydeaqui.ddns.net\/pachuca\/index.php\/producto\/pulsera-antiestatica-de-muneca-para-mesa-de-trabajo\/","title":{"rendered":"Pulsera Antiest\u00e1tica de Mu\u00f1eca para Mesa de Trabajo."},"content":{"rendered":"<div style='width: 100%; max-width: 1200px; margin: 0 auto; font-family: sans-serif; line-height: 1.6; color: inherit; background-color: transparent;'> <!-- Secci\u00f3n de caracter\u00edsticas --> <\/p>\n<div style='display: flex; flex-wrap: wrap; gap: 30px; margin-bottom: 30px;'>\n<div style='flex: 1 1 300px; min-width: 280px;'>\n<h3 style='font-size: 22px; border-bottom: 2px solid currentColor; padding-bottom: 5px; margin-top: 0; color: inherit; opacity: 0.8;'>Caracter\u00edsticas<\/h3>\n<ul style='padding-left: 20px; font-size: 15px; color: inherit;'>\n<li style='margin-bottom: 5px;'>Esta mu\u00f1equera reutilizable es un dispositivo de seguridad utilizado para canalizar la electricidad est\u00e1tica a una superficie de conexi\u00f3n a tierra adecuada mientras se maneja un equipo inform\u00e1tico sensible.<\/li>\n<li style='margin-bottom: 5px;'>La mu\u00f1equera antiest\u00e1tica protege los IC y otros dispositivos electr\u00f3nicos contra descargas est\u00e1ticas.<\/li>\n<li style='margin-bottom: 5px;'>La correa es c\u00f3moda con un cable de tierra extra\u00edble.<\/li>\n<li style='margin-bottom: 5px;'>No reducir\u00e1 ni aumentar\u00e1 el riesgo de recibir descargas el\u00e9ctricas al usar o trabajar con equipos el\u00e9ctricos.<\/li>\n<li style='margin-bottom: 5px;'>Descarga electricidad est\u00e1tica de manera f\u00e1cil y segura.<\/li>\n<li style='margin-bottom: 5px;'>Control est\u00e1tico confiable y protecci\u00f3n de 360 grados.<\/li>\n<li style='margin-bottom: 5px;'>Disipa la est\u00e1tica durante la reparaci\u00f3n y el mantenimiento electr\u00f3nicos<\/li>\n<li style='margin-bottom: 5px;'>La banda auto-adherente (Gancho y Bucle) se ajusta a diferentes tama\u00f1os<\/li>\n<li style='margin-bottom: 5px;'>El cable de puesta a tierra con auto enrollado permite libertad de movimiento y evitando enredos.<\/li>\n<\/ul><\/div>\n<\/p><\/div>\n<p> <!-- Secci\u00f3n de especificaciones --> <\/p>\n<div style='display: flex; flex-wrap: wrap; gap: 20px; margin-bottom: 30px;'>\n<div style='flex: 1 1 250px; border: 1px solid rgba(150&comma; 150&comma; 150&comma; 0.4); border-radius: 8px; overflow: hidden; display: flex; flex-direction: column;'>\n<div style='padding: 15px; border-bottom: 1px solid rgba(150&comma; 150&comma; 150&comma; 0.2); font-weight: bold; font-size: 18px; color: inherit;'>Especificaciones<\/div>\n<div style='padding: 15px; color: inherit;'>\n<ul style='padding-left: 20px; margin: 0; font-size: 14px; list-style-type: disc;'>\n<li style='margin-bottom: 5px;'><strong>Longitud del cable extendida:<\/strong> 9 pies.<\/li>\n<li style='margin-bottom: 5px;'><strong>Color:<\/strong> Amarillo con c\u00f3moda correa de banda auto-adherente negra.<\/li>\n<li style='margin-bottom: 5px;'><strong>Cable de conexi\u00f3n a tierra:<\/strong> En espiral&comma; tiene un conector banana y pinzas tipo caim\u00e1n.<\/li>\n<li style='margin-bottom: 5px;'><strong>Resistencia:<\/strong> Incluye resistencia de 1M\u03a9 para mayor seguridad<\/li>\n<\/ul><\/div>\n<\/p><\/div>\n<\/p><\/div>\n<p> <!-- Separador --> <\/p>\n<hr style='border: 0; border-top: 1px solid rgba(150&comma; 150&comma; 150&comma; 0.3); margin: 30px 0;'> <\/div>\n","protected":false},"excerpt":{"rendered":"<p>Pulsera Antiest\u00e1tica de Mu\u00f1eca para Mesa de Trabajo.<\/p>\n","protected":false},"featured_media":49607,"comment_status":"open","ping_status":"closed","template":"","meta":[],"product_brand":[],"product_cat":[1317],"product_tag":[931,1318,63],"class_list":{"0":"post-49608","1":"product","2":"type-product","3":"status-publish","4":"has-post-thumbnail","6":"product_cat-herramientas-para-mesa-de-trabajo","7":"product_tag-equipo-de-laboratorio","8":"product_tag-herramientas-para-mesa-de-trabajo","9":"product_tag-syscom","11":"first","12":"outofstock","13":"sale","14":"shipping-taxable","15":"purchasable","16":"product-type-simple"},"_links":{"self":[{"href":"https:\/\/soydeaqui.ddns.net\/pachuca\/index.php\/wp-json\/wp\/v2\/product\/49608","targetHints":{"allow":["GET"]}}],"collection":[{"href":"https:\/\/soydeaqui.ddns.net\/pachuca\/index.php\/wp-json\/wp\/v2\/product"}],"about":[{"href":"https:\/\/soydeaqui.ddns.net\/pachuca\/index.php\/wp-json\/wp\/v2\/types\/product"}],"replies":[{"embeddable":true,"href":"https:\/\/soydeaqui.ddns.net\/pachuca\/index.php\/wp-json\/wp\/v2\/comments?post=49608"}],"wp:featuredmedia":[{"embeddable":true,"href":"https:\/\/soydeaqui.ddns.net\/pachuca\/index.php\/wp-json\/wp\/v2\/media\/49607"}],"wp:attachment":[{"href":"https:\/\/soydeaqui.ddns.net\/pachuca\/index.php\/wp-json\/wp\/v2\/media?parent=49608"}],"wp:term":[{"taxonomy":"product_brand","embeddable":true,"href":"https:\/\/soydeaqui.ddns.net\/pachuca\/index.php\/wp-json\/wp\/v2\/product_brand?post=49608"},{"taxonomy":"product_cat","embeddable":true,"href":"https:\/\/soydeaqui.ddns.net\/pachuca\/index.php\/wp-json\/wp\/v2\/product_cat?post=49608"},{"taxonomy":"product_tag","embeddable":true,"href":"https:\/\/soydeaqui.ddns.net\/pachuca\/index.php\/wp-json\/wp\/v2\/product_tag?post=49608"}],"curies":[{"name":"wp","href":"https:\/\/api.w.org\/{rel}","templated":true}]}}