{"id":49602,"date":"2026-03-18T22:13:38","date_gmt":"2026-03-18T22:13:38","guid":{"rendered":"https:\/\/soydeaqui.ddns.net\/pachuca\/index.php\/producto\/fuente-de-poder-de-4-salidas-de-11-15-vcc-5-amper-voltaje-de-entrada-110-240-vac-fusible-termico-ptc-integrado-para-proteccion-salida-de-voltaje-inteligente-hasta-3-amper-por-salida\/"},"modified":"2026-03-18T22:13:44","modified_gmt":"2026-03-18T22:13:44","slug":"fuente-de-poder-de-4-salidas-de-11-15-vcc-5-amper-voltaje-de-entrada-110-240-vac-fusible-termico-ptc-integrado-para-proteccion-salida-de-voltaje-inteligente-hasta-3-amper-por-salida","status":"publish","type":"product","link":"https:\/\/soydeaqui.ddns.net\/pachuca\/index.php\/producto\/fuente-de-poder-de-4-salidas-de-11-15-vcc-5-amper-voltaje-de-entrada-110-240-vac-fusible-termico-ptc-integrado-para-proteccion-salida-de-voltaje-inteligente-hasta-3-amper-por-salida\/","title":{"rendered":"Fuente de Poder de 4 Salidas de 11 &#8211; 15 Vcc \/ 5 Amper \/  Voltaje de Entrada 110- 240 Vac \/ Fusible Termico PTC Integrado para Protecci\u00f3n \/ Salida de Voltaje Inteligente hasta 3 Amper por Salida"},"content":{"rendered":"<div style='width: 100%; max-width: 1200px; margin: 0 auto; font-family: sans-serif; line-height: 1.6; color: inherit; background-color: transparent;'> <!-- Secci\u00f3n de contenido con flex\/grid --> <\/p>\n<div style='display: flex; flex-wrap: wrap; gap: 30px; margin-bottom: 30px;'>\n<div style='flex: 1 1 300px; min-width: 280px;'>\n<p style='margin-top: 0; margin-bottom: 15px; font-size: 16px; color: inherit;'>Todas las c\u00e1maras anal\u00f3gicas y TurboHD en SYSCOM soporta 12.5V&comma; para alimentaci\u00f3n en larga distancia.<\/p>\n<p style='margin-bottom: 15px; font-size: 16px; color: inherit;'><strong>Fuente de Alimentaci\u00f3n con inteligencia distribuida puede suministrar hasta 3 Amperes en una salida sin exceder la capacidad m\u00e1x de 5 Amperes.<\/strong><\/p>\n<p style='margin-bottom: 15px; font-size: 16px; color: inherit;'><strong>Soluci\u00f3n practica y sencilla para aplicaciones de c\u00e1maras de CCTV.<\/strong><\/p>\n<p> <!-- Secci\u00f3n de caracter\u00edsticas --> <\/p>\n<h3 style='font-size: 22px; border-bottom: 2px solid currentColor; padding-bottom: 5px; margin-top: 25px; margin-bottom: 15px; color: inherit; opacity: 0.8;'>Caracter\u00edsticas<\/h3>\n<ul style='padding-left: 20px; font-size: 15px; color: inherit;'>\n<li style='margin-bottom: 5px;'>Voltaje de entrada de 110 a 240 Vca<\/li>\n<li style='margin-bottom: 5px;'>Voltaje de salida AJUSTABLE de 11- 15 Vcc<\/li>\n<li style='margin-bottom: 5px;'>Sistema de 5A inteligentes (Distribuidos en 4 salidas)<\/li>\n<li style='margin-bottom: 5px;'>Fusible t\u00e9rmico PTC integrado de 6A<\/li>\n<li style='margin-bottom: 5px;'>Incluye cable de alimentaci\u00f3n<\/li>\n<li style='margin-bottom: 5px;'>LED indicador de alimentaci\u00f3n<\/li>\n<li style='margin-bottom: 5px;'>Certificaciones: CE<\/li>\n<li style='margin-bottom: 5px;'>Peso: 400 grs<\/li>\n<li style='margin-bottom: 5px;'>Dimensiones: 13 cms x 5 cms x 3 cms<\/li>\n<\/ul>\n<p> <!-- Garant\u00eda --> <\/p>\n<p style='margin-top: 20px; margin-bottom: 0; font-size: 16px; color: inherit;'><strong>&#8211; 1 A\u00f1o de Garant\u00eda<\/strong><\/p>\n<\/p><\/div>\n<\/p><\/div>\n<p> <!-- Secci\u00f3n de video --> <\/p>\n<div style='margin-bottom: 30px;'>\n<div style='position: relative; padding-bottom: 56.25%; height: 0; overflow: hidden;'>   <\/div>\n<\/p><\/div>\n<\/p><\/div>\n","protected":false},"excerpt":{"rendered":"<p>Fuente de Poder de 4 Salidas de 11 &#8211; 15 Vcc \/ 5 Amper \/  Voltaje de Entrada 110- 240 Vac \/ Fusible Termico PTC Integrado para Protecci\u00f3n \/ Salida de Voltaje Inteligente hasta 3 Amper por Salida<\/p>\n","protected":false},"featured_media":49601,"comment_status":"open","ping_status":"closed","template":"","meta":[],"product_brand":[],"product_cat":[1103],"product_tag":[142,454,457],"class_list":{"0":"post-49602","1":"product","2":"type-product","3":"status-publish","4":"has-post-thumbnail","6":"product_cat-fuentes-de-alimentacion-energia-videovigilancia","7":"product_tag-energia","8":"product_tag-epcom-powerline","9":"product_tag-fuentes-de-alimentacion","11":"first","12":"instock","13":"sale","14":"shipping-taxable","15":"purchasable","16":"product-type-simple"},"_links":{"self":[{"href":"https:\/\/soydeaqui.ddns.net\/pachuca\/index.php\/wp-json\/wp\/v2\/product\/49602","targetHints":{"allow":["GET"]}}],"collection":[{"href":"https:\/\/soydeaqui.ddns.net\/pachuca\/index.php\/wp-json\/wp\/v2\/product"}],"about":[{"href":"https:\/\/soydeaqui.ddns.net\/pachuca\/index.php\/wp-json\/wp\/v2\/types\/product"}],"replies":[{"embeddable":true,"href":"https:\/\/soydeaqui.ddns.net\/pachuca\/index.php\/wp-json\/wp\/v2\/comments?post=49602"}],"wp:featuredmedia":[{"embeddable":true,"href":"https:\/\/soydeaqui.ddns.net\/pachuca\/index.php\/wp-json\/wp\/v2\/media\/49601"}],"wp:attachment":[{"href":"https:\/\/soydeaqui.ddns.net\/pachuca\/index.php\/wp-json\/wp\/v2\/media?parent=49602"}],"wp:term":[{"taxonomy":"product_brand","embeddable":true,"href":"https:\/\/soydeaqui.ddns.net\/pachuca\/index.php\/wp-json\/wp\/v2\/product_brand?post=49602"},{"taxonomy":"product_cat","embeddable":true,"href":"https:\/\/soydeaqui.ddns.net\/pachuca\/index.php\/wp-json\/wp\/v2\/product_cat?post=49602"},{"taxonomy":"product_tag","embeddable":true,"href":"https:\/\/soydeaqui.ddns.net\/pachuca\/index.php\/wp-json\/wp\/v2\/product_tag?post=49602"}],"curies":[{"name":"wp","href":"https:\/\/api.w.org\/{rel}","templated":true}]}}