{"id":49597,"date":"2026-03-18T22:13:31","date_gmt":"2026-03-18T22:13:31","guid":{"rendered":"https:\/\/soydeaqui.ddns.net\/pachuca\/index.php\/producto\/controlador-de-carga-y-descarga-sunsaver-20-a-24-vcc\/"},"modified":"2026-03-18T22:13:36","modified_gmt":"2026-03-18T22:13:36","slug":"controlador-de-carga-y-descarga-sunsaver-20-a-24-vcc","status":"publish","type":"product","link":"https:\/\/soydeaqui.ddns.net\/pachuca\/index.php\/producto\/controlador-de-carga-y-descarga-sunsaver-20-a-24-vcc\/","title":{"rendered":"Controlador de carga y descarga SunSaver, 20 A, 24 Vcc"},"content":{"rendered":"<div style='width: 100%; max-width: 1200px; margin: 0 auto; font-family: sans-serif; line-height: 1.6; color: inherit; background-color: transparent;'>\n<div style='display: flex; flex-wrap: wrap; gap: 30px; margin-bottom: 30px;'>\n<div style='flex: 1 1 300px; min-width: 280px;'>\n<h3 style='font-size: 22px; border-bottom: 2px solid currentColor; padding-bottom: 5px; margin-top: 0; color: inherit; opacity: 0.8;'>Caracter\u00edsticas Principales<\/h3>\n<ul style='padding-left: 20px; font-size: 15px; color: inherit;'>\n<li style='margin-bottom: 5px;'>Encapsulado para protecci\u00f3n en condiciones de humedad y mar\u00edtimas<\/li>\n<li style='margin-bottom: 5px;'>Indicador de carga con LED verde y bajo voltaje con LED rojo<\/li>\n<li style='margin-bottom: 5px;'>Compensaci\u00f3n de temperatura integrada<\/li>\n<li style='margin-bottom: 5px;'>Aprobado para usos en lugares peligrosos: Clase 1 Divisi\u00f3n 2&comma; Grupos A&comma; B&comma; C&comma; y D<\/li>\n<li style='margin-bottom: 5px;'>Posibilidad de conexi\u00f3n de m\u00faltiples controladores en paralelo para corriente mayor<\/li>\n<\/ul><\/div>\n<div style='flex: 1 1 300px; min-width: 280px;'>\n<h3 style='font-size: 22px; border-bottom: 2px solid currentColor; padding-bottom: 5px; margin-top: 0; color: inherit; opacity: 0.8;'>Especificaciones El\u00e9ctricas<\/h3>\n<ul style='padding-left: 20px; font-size: 15px; color: inherit;'>\n<li style='margin-bottom: 5px;'><strong>Tensi\u00f3n nominal:<\/strong> 24 Vcc<\/li>\n<li style='margin-bottom: 5px;'><strong>Corriente m\u00e1xima:<\/strong> 20 A<\/li>\n<li style='margin-bottom: 5px;'><strong>Regulaci\u00f3n de tensi\u00f3n (bater\u00eda sellada):<\/strong> 28&comma;2 V<\/li>\n<li style='margin-bottom: 5px;'><strong>Regulaci\u00f3n de tensi\u00f3n (bater\u00eda con l\u00edquido):<\/strong> 28&comma;8 V<\/li>\n<li style='margin-bottom: 5px;'><strong>Desconexi\u00f3n por baja tensi\u00f3n (LVD):<\/strong> 23&comma;0 V<\/li>\n<li style='margin-bottom: 5px;'><strong>Reconexi\u00f3n LVD:<\/strong> 25&comma;2 V<\/li>\n<li style='margin-bottom: 5px;'><strong>Compensaci\u00f3n de temperatura:<\/strong> -56 mV\/\u00b0C<\/li>\n<li style='margin-bottom: 5px;'><strong>Consumo propio:<\/strong> 6-10 mA<\/li>\n<li style='margin-bottom: 5px;'><strong>Protecci\u00f3n sobrecarga:<\/strong> 25% adicional durante 5 minutos<\/li>\n<\/ul><\/div>\n<div style='flex: 1 1 300px; min-width: 280px;'>\n<h3 style='font-size: 22px; border-bottom: 2px solid currentColor; padding-bottom: 5px; margin-top: 0; color: inherit; opacity: 0.8;'>Especificaciones Mec\u00e1nicas<\/h3>\n<ul style='padding-left: 20px; font-size: 15px; color: inherit;'>\n<li style='margin-bottom: 5px;'><strong>Gabinete:<\/strong> Aluminio anodizado<\/li>\n<li style='margin-bottom: 5px;'><strong>Encapsulado:<\/strong> En epoxy<\/li>\n<li style='margin-bottom: 5px;'><strong>Terminales:<\/strong> Especificaci\u00f3n marina<\/li>\n<li style='margin-bottom: 5px;'><strong>Tama\u00f1o:<\/strong> 132 x 50 x 21&comma;8 mm (5&comma;20&#8242; x 1&comma;97&#8242; x 0&comma;86&#8242;)<\/li>\n<li style='margin-bottom: 5px;'><strong>Peso:<\/strong> 0&comma;23 kg (8 oz)<\/li>\n<li style='margin-bottom: 5px;'><strong>Tama\u00f1o de cable:<\/strong> 5&comma;2 mm\u00b2 (#10 AWG)<\/li>\n<li style='margin-bottom: 5px;'><strong>Temperatura de operaci\u00f3n:<\/strong> -40\u00b0C a +85\u00b0C<\/li>\n<\/ul><\/div>\n<\/p><\/div>\n<div style='display: flex; flex-wrap: wrap; gap: 20px; margin-bottom: 30px;'>\n<div style='flex: 1 1 250px; border: 1px solid rgba(150&comma; 150&comma; 150&comma; 0.4); border-radius: 8px; overflow: hidden; display: flex; flex-direction: column;'>\n<div style='padding: 15px; border-bottom: 1px solid rgba(150&comma; 150&comma; 150&comma; 0.2); font-weight: bold; font-size: 18px; color: inherit;'>Tecnolog\u00eda<\/div>\n<div style='padding: 15px; color: inherit;'>\n<ul style='padding-left: 20px; margin: 0; font-size: 14px; list-style-type: disc;'>\n<li style='margin-bottom: 5px;'>100% estado s\u00f3lido<\/li>\n<li style='margin-bottom: 5px;'>Dise\u00f1o tipo serie<\/li>\n<li style='margin-bottom: 5px;'>Carga de bater\u00edas PWM<\/li>\n<li style='margin-bottom: 5px;'>Ciclo de trabajo PWM de 0 a 100%<\/li>\n<li style='margin-bottom: 5px;'>Precisi\u00f3n del punto de ajuste: 35 mV<\/li>\n<\/ul><\/div>\n<\/p><\/div>\n<div style='flex: 1 1 250px; border: 1px solid rgba(150&comma; 150&comma; 150&comma; 0.4); border-radius: 8px; overflow: hidden; display: flex; flex-direction: column;'>\n<div style='padding: 15px; border-bottom: 1px solid rgba(150&comma; 150&comma; 150&comma; 0.2); font-weight: bold; font-size: 18px; color: inherit;'>Certificaciones<\/div>\n<div style='padding: 15px; color: inherit;'>\n<ul style='padding-left: 20px; margin: 0; font-size: 14px; list-style-type: disc;'>\n<li style='margin-bottom: 5px;'>Clase 1&comma; Divisi\u00f3n 2&comma; Grupos A&comma; B&comma; C&comma; D<\/li>\n<li style='margin-bottom: 5px;'>UL1604<\/li>\n<li style='margin-bottom: 5px;'>CSA 22.2 No. 213-M1987<\/li>\n<li style='margin-bottom: 5px;'>Garant\u00eda de 5 a\u00f1os<\/li>\n<\/ul><\/div>\n<\/p><\/div>\n<div style='flex: 1 1 250px; border: 1px solid rgba(150&comma; 150&comma; 150&comma; 0.4); border-radius: 8px; overflow: hidden; display: flex; flex-direction: column;'>\n<div style='padding: 15px; border-bottom: 1px solid rgba(150&comma; 150&comma; 150&comma; 0.2); font-weight: bold; font-size: 18px; color: inherit;'>Aplicaciones<\/div>\n<div style='padding: 15px; color: inherit;'>\n<ul style='padding-left: 20px; margin: 0; font-size: 14px; list-style-type: disc;'>\n<li style='margin-bottom: 5px;'>Sistemas solares profesionales<\/li>\n<li style='margin-bottom: 5px;'>Sistemas solares residenciales<\/li>\n<li style='margin-bottom: 5px;'>Instalaciones mar\u00edtimas<\/li>\n<li style='margin-bottom: 5px;'>\u00c1reas con riesgo de explosi\u00f3n<\/li>\n<li style='margin-bottom: 5px;'>Sistemas en paralelo de alta corriente<\/li>\n<\/ul><\/div>\n<\/p><\/div>\n<\/p><\/div>\n<hr style='border: 0; border-top: 1px solid rgba(150&comma; 150&comma; 150&comma; 0.3); margin: 30px 0;'> <\/div>\n","protected":false},"excerpt":{"rendered":"<p>Controlador de carga y descarga SunSaver, 20 A, 24 Vcc<\/p>\n","protected":false},"featured_media":49596,"comment_status":"open","ping_status":"closed","template":"","meta":[],"product_brand":[],"product_cat":[1242],"product_tag":[1243,964,1119],"class_list":{"0":"post-49597","1":"product","2":"type-product","3":"status-publish","4":"has-post-thumbnail","6":"product_cat-controladores-de-carga-pwm","7":"product_tag-controladores-de-carga-pwm","8":"product_tag-energia-solar","9":"product_tag-morningstar","11":"first","12":"instock","13":"sale","14":"shipping-taxable","15":"purchasable","16":"product-type-simple"},"_links":{"self":[{"href":"https:\/\/soydeaqui.ddns.net\/pachuca\/index.php\/wp-json\/wp\/v2\/product\/49597","targetHints":{"allow":["GET"]}}],"collection":[{"href":"https:\/\/soydeaqui.ddns.net\/pachuca\/index.php\/wp-json\/wp\/v2\/product"}],"about":[{"href":"https:\/\/soydeaqui.ddns.net\/pachuca\/index.php\/wp-json\/wp\/v2\/types\/product"}],"replies":[{"embeddable":true,"href":"https:\/\/soydeaqui.ddns.net\/pachuca\/index.php\/wp-json\/wp\/v2\/comments?post=49597"}],"wp:featuredmedia":[{"embeddable":true,"href":"https:\/\/soydeaqui.ddns.net\/pachuca\/index.php\/wp-json\/wp\/v2\/media\/49596"}],"wp:attachment":[{"href":"https:\/\/soydeaqui.ddns.net\/pachuca\/index.php\/wp-json\/wp\/v2\/media?parent=49597"}],"wp:term":[{"taxonomy":"product_brand","embeddable":true,"href":"https:\/\/soydeaqui.ddns.net\/pachuca\/index.php\/wp-json\/wp\/v2\/product_brand?post=49597"},{"taxonomy":"product_cat","embeddable":true,"href":"https:\/\/soydeaqui.ddns.net\/pachuca\/index.php\/wp-json\/wp\/v2\/product_cat?post=49597"},{"taxonomy":"product_tag","embeddable":true,"href":"https:\/\/soydeaqui.ddns.net\/pachuca\/index.php\/wp-json\/wp\/v2\/product_tag?post=49597"}],"curies":[{"name":"wp","href":"https:\/\/api.w.org\/{rel}","templated":true}]}}