{"id":49569,"date":"2026-03-18T22:12:44","date_gmt":"2026-03-18T22:12:44","guid":{"rendered":"https:\/\/soydeaqui.ddns.net\/pachuca\/index.php\/producto\/interface-de-urgencia-para-planta-con-generador-electrico\/"},"modified":"2026-03-18T22:12:50","modified_gmt":"2026-03-18T22:12:50","slug":"interface-de-urgencia-para-planta-con-generador-electrico","status":"publish","type":"product","link":"https:\/\/soydeaqui.ddns.net\/pachuca\/index.php\/producto\/interface-de-urgencia-para-planta-con-generador-electrico\/","title":{"rendered":"Interface de Urgencia para Planta con Generador El\u00e9ctrico"},"content":{"rendered":"<div style='width: 100%; max-width: 1200px; margin: 0 auto; font-family: sans-serif; line-height: 1.6; color: inherit; background-color: transparent;'> <!-- Secci\u00f3n de funcionamiento --> <\/p>\n<div style='margin-bottom: 30px;'>\n<h3 style='font-size: 22px; border-bottom: 2px solid currentColor; padding-bottom: 5px; margin-top: 0; color: inherit; opacity: 0.8;'>Funcionamiento<\/h3>\n<p style='font-size: 15px; color: inherit;'>El equipo es b\u00e1sicamente un relevador que en estado normal se alimenta de la clavija A (como normalmente se alimentar\u00eda cualquier equipo)&comma; pero en caso de un corte de corriente la toma de corriente cambia a la clavija B de forma r\u00e1pida (15 ms aprox.) para evitar que los equipos se apaguen.<\/p>\n<\/p><\/div>\n<p> <!-- Secci\u00f3n de especificaciones --> <\/p>\n<div style='display: flex; flex-wrap: wrap; gap: 30px; margin-bottom: 30px;'>\n<div style='flex: 1 1 300px; min-width: 280px;'>\n<h3 style='font-size: 22px; border-bottom: 2px solid currentColor; padding-bottom: 5px; margin-top: 0; color: inherit; opacity: 0.8;'>Especificaciones<\/h3>\n<ul style='padding-left: 20px; font-size: 15px; color: inherit;'>\n<li style='margin-bottom: 5px;'><strong>Voltaje de entrada:<\/strong> 110 Vca 50\/60 Hz<\/li>\n<li style='margin-bottom: 5px;'><strong>Tipo de entrada clavija A:<\/strong> Nema 5-15P (conectado a l\u00ednea de CFE&comma; alimentaci\u00f3n constante)<\/li>\n<li style='margin-bottom: 5px;'><strong>Tipo de entrada clavija B:<\/strong> Nema 5-15P (conectado a sistema de respaldo: bater\u00edas + inversor regularmente)<\/li>\n<li style='margin-bottom: 5px;'><strong>Voltaje de salida:<\/strong> 110 Vca 50\/60 Hz<\/li>\n<li style='margin-bottom: 5px;'><strong>Tipo de salida:<\/strong> 4 x Nema 5-15R<\/li>\n<li style='margin-bottom: 5px;'><strong>Corriente de salida m\u00e1xima:<\/strong> 20 A totales x 4 salidas.<\/li>\n<li style='margin-bottom: 5px;'><strong>Voltaje de Conmutaci\u00f3n:<\/strong> 75 Vca \u00b1 5 Vca.<\/li>\n<li style='margin-bottom: 5px;'><strong>Tiempo de reactivaci\u00f3n de corriente:<\/strong> 15-20 ms.<\/li>\n<\/ul><\/div>\n<p> <!-- Secci\u00f3n de seguridad --> <\/p>\n<div style='flex: 1 1 300px; min-width: 280px;'>\n<h3 style='font-size: 22px; border-bottom: 2px solid currentColor; padding-bottom: 5px; margin-top: 0; color: inherit; opacity: 0.8;'>Notas de Seguridad<\/h3>\n<ul style='padding-left: 20px; font-size: 15px; color: inherit;'>\n<li style='margin-bottom: 5px;'>El PETRANSFER al funcionar con corriente de la toma de CFE es transparente: arroja lo mismos valores el\u00e9ctricos ya existentes en la red.<\/li>\n<li style='margin-bottom: 5px;'>Un sistema con PETRANSFER no tiene una correcci\u00f3n de voltaje&comma; ni cuenta con protecci\u00f3n contra picos transitorios o sobrevoltajes.<\/li>\n<li style='margin-bottom: 5px;'>Un PETRANSFER tiene un voltaje de conmutaci\u00f3n de 77 a 75 Vca&comma; por tanto&comma; un sub voltaje podr\u00eda entrar a su sistema y podr\u00eda generar da\u00f1o en equipo delicado.<\/li>\n<\/ul><\/div>\n<\/p><\/div>\n<p> <!-- Secci\u00f3n de nota t\u00e9cnica --> <\/p>\n<div style='margin-bottom: 30px;'>\n<h3 style='font-size: 22px; border-bottom: 2px solid currentColor; padding-bottom: 5px; margin-top: 0; color: inherit; opacity: 0.8;'>Nota t\u00e9cnica<\/h3>\n<p style='font-size: 15px; color: inherit;'>Se podr\u00eda usar \u00fanicamente cuando en la clavija donde alimentar\u00e1 el sistema principal se tenga una se\u00f1al limpia&comma; un voltaje constante&comma; que incluya una correcta puesta a tierra&comma; sistema contra sobre voltajes permanentes y transitorios acorde al entorno y del lado B de emergencia&comma; un sistema que ofrezca las mismas condiciones.<\/p>\n<p style='font-size: 15px; color: inherit;'>El cable m\u00e1s cercano a los contactos es el que va al inversor o sistema de respaldo (encerrado en rojo). El otro se conecta a la l\u00ednea permanente de corriente el\u00e9ctrica.<\/p>\n<\/p><\/div>\n<p> <!-- Imagen --> <\/p>\n<div style='margin-bottom: 30px;'> <img style='width: 100%; height: auto; border: 1px solid rgba(150&comma;150&comma;150&comma;0.3); border-radius: 8px;' src='https:\/\/ftp3.syscom.mx\/usuarios\/fotos\/PETRANSFER\/26006-fe589085-135d-4011-8cc5-06ca2b7507af_(1).jpg' alt=''> <\/div>\n<p> <!-- Separador --> <\/p>\n<hr style='border: 0; border-top: 1px solid rgba(150&comma; 150&comma; 150&comma; 0.3); margin: 30px 0;'> <\/div>\n","protected":false},"excerpt":{"rendered":"<p>Interface de Urgencia para Planta con Generador El\u00e9ctrico<\/p>\n","protected":false},"featured_media":49568,"comment_status":"open","ping_status":"closed","template":"","meta":[],"product_brand":[],"product_cat":[1222],"product_tag":[181,62,1062],"class_list":{"0":"post-49569","1":"product","2":"type-product","3":"status-publish","4":"has-post-thumbnail","6":"product_cat-todos-ups-respaldo","7":"product_tag-epcom-industrial","8":"product_tag-todos","9":"product_tag-ups-respaldo","11":"first","12":"instock","13":"sale","14":"shipping-taxable","15":"purchasable","16":"product-type-simple"},"_links":{"self":[{"href":"https:\/\/soydeaqui.ddns.net\/pachuca\/index.php\/wp-json\/wp\/v2\/product\/49569","targetHints":{"allow":["GET"]}}],"collection":[{"href":"https:\/\/soydeaqui.ddns.net\/pachuca\/index.php\/wp-json\/wp\/v2\/product"}],"about":[{"href":"https:\/\/soydeaqui.ddns.net\/pachuca\/index.php\/wp-json\/wp\/v2\/types\/product"}],"replies":[{"embeddable":true,"href":"https:\/\/soydeaqui.ddns.net\/pachuca\/index.php\/wp-json\/wp\/v2\/comments?post=49569"}],"wp:featuredmedia":[{"embeddable":true,"href":"https:\/\/soydeaqui.ddns.net\/pachuca\/index.php\/wp-json\/wp\/v2\/media\/49568"}],"wp:attachment":[{"href":"https:\/\/soydeaqui.ddns.net\/pachuca\/index.php\/wp-json\/wp\/v2\/media?parent=49569"}],"wp:term":[{"taxonomy":"product_brand","embeddable":true,"href":"https:\/\/soydeaqui.ddns.net\/pachuca\/index.php\/wp-json\/wp\/v2\/product_brand?post=49569"},{"taxonomy":"product_cat","embeddable":true,"href":"https:\/\/soydeaqui.ddns.net\/pachuca\/index.php\/wp-json\/wp\/v2\/product_cat?post=49569"},{"taxonomy":"product_tag","embeddable":true,"href":"https:\/\/soydeaqui.ddns.net\/pachuca\/index.php\/wp-json\/wp\/v2\/product_tag?post=49569"}],"curies":[{"name":"wp","href":"https:\/\/api.w.org\/{rel}","templated":true}]}}