{"id":49550,"date":"2026-03-18T22:12:09","date_gmt":"2026-03-18T22:12:09","guid":{"rendered":"https:\/\/soydeaqui.ddns.net\/pachuca\/index.php\/producto\/kit-pararrayo-con-punta-en-acero-inoxidable-con-accesorios-de-instalacion-en-torre-para-proteccion-de-160-m-de-diametro\/"},"modified":"2026-03-18T22:12:09","modified_gmt":"2026-03-18T22:12:09","slug":"kit-pararrayo-con-punta-en-acero-inoxidable-con-accesorios-de-instalacion-en-torre-para-proteccion-de-160-m-de-diametro","status":"publish","type":"product","link":"https:\/\/soydeaqui.ddns.net\/pachuca\/index.php\/producto\/kit-pararrayo-con-punta-en-acero-inoxidable-con-accesorios-de-instalacion-en-torre-para-proteccion-de-160-m-de-diametro\/","title":{"rendered":"Kit Pararrayo con Punta en Acero Inoxidable con Accesorios de Instalaci\u00f3n en Torre para Protecci\u00f3n de 160 m de Di\u00e1metro."},"content":{"rendered":"<div style='width: 100%; max-width: 1200px; margin: 0 auto; font-family: sans-serif; line-height: 1.6; color: inherit; background-color: transparent;'>\n<div style='width: 100%;'> <img style='width: 100%; height: auto; border: 1px solid rgba(150&comma;150&comma;150&comma;0.3); border-radius: 8px;' src='https:\/\/ftp3.syscom.mx\/usuarios\/fotos\/KDALU\/76017-total_ground.jpg' alt=''> <\/div>\n<div style='margin-top: 30px;'>\n<p style='font-size: 15px; color: inherit; margin-bottom: 15px;'> El sistema de pararrayos KDA-01 es un sistema de protecci\u00f3n contra tormentas el\u00e9ctricas (SPTE). Sirve para interceptar&comma; conducir y disipar la corriente del rayo y de elementos internos mediante uniones&comma; blindaje y puesta a tierra. El objetivo de un SPTE es reducir el riesgo de da\u00f1o tanto para las personas y otros seres vivos&comma; as\u00ed como estructuras&comma; edificios y su contenido. <\/p>\n<p style='font-size: 15px; color: inherit; margin-bottom: 15px;'> <strong style='color: #c0392b;'>Ofrece 160m de di\u00e1metro de protecci\u00f3n.<\/strong> <\/p>\n<\/p><\/div>\n<div style='margin-top: 30px;'>\n<h3 style='font-size: 20px; border-bottom: 2px solid currentColor; padding-bottom: 5px; margin-top: 0; color: inherit; opacity: 0.8;'>Incluye los siguientes componentes:<\/h3>\n<div style='overflow-x: auto; margin-top: 20px;'>\n<table style='width: 100%; border-collapse: collapse; margin-bottom: 30px;'>\n<thead>\n<tr>\n<th style='padding: 12px; border: 1px solid rgba(150&comma;150&comma;150&comma;0.3); background-color: rgba(150&comma;150&comma;150&comma;0.1); color: inherit; font-weight: bold;'>Cantidad<\/th>\n<th style='padding: 12px; border: 1px solid rgba(150&comma;150&comma;150&comma;0.3); background-color: rgba(150&comma;150&comma;150&comma;0.1); color: inherit; font-weight: bold;'>Modelo<\/th>\n<th style='padding: 12px; border: 1px solid rgba(150&comma;150&comma;150&comma;0.3); background-color: rgba(150&comma;150&comma;150&comma;0.1); color: inherit; font-weight: bold;'>Descripci\u00f3n<\/th>\n<\/tr>\n<\/thead>\n<tbody>\n<tr>\n<td style='padding: 12px; border: 1px solid rgba(150&comma;150&comma;150&comma;0.3); text-align: center; color: inherit;'>1<\/td>\n<td style='padding: 12px; border: 1px solid rgba(150&comma;150&comma;150&comma;0.3); text-align: center; color: inherit;'><a style='color: #2880b9; text-decoration: none;' href='https:\/\/www.syscom.mx\/producto\/KDA-01-TOTAL-GROUND-75924.html' target='_blank' rel='noopener'>KDA01<\/a><\/td>\n<td style='padding: 12px; border: 1px solid rgba(150&comma;150&comma;150&comma;0.3); color: inherit;'> Punta pararayos en acero inoxidable con m\u00e1stil de 1.2m <\/p>\n<p style='margin: 8px 0; color: inherit;'><a style='color: #2880b9; text-decoration: none;' href='https:\/\/www.syscom.mx\/producto\/TG-100K-TOTAL-GROUND-75919.html' target='_blank' rel='noopener'>TG100K<\/a> Electrodo de 100 A.<\/p>\n<p style='margin: 8px 0; color: inherit;'><a style='color: #2880b9; text-decoration: none;' href='https:\/\/www.syscom.mx\/producto\/H2O-HM-TOTAL-GROUND-75920.html' target='_blank' rel='noopener'>H2OHM<\/a> Saco de 11 Kg de mejorador de suelo.<\/p>\n<\/td>\n<\/tr>\n<tr>\n<td style='padding: 12px; border: 1px solid rgba(150&comma;150&comma;150&comma;0.3); text-align: center; color: inherit;'>5<\/td>\n<td style='padding: 12px; border: 1px solid rgba(150&comma;150&comma;150&comma;0.3); text-align: center; color: inherit;'><a style='color: #2880b9; text-decoration: none;' href='https:\/\/www.syscom.mx\/producto\/TG-CR11-TOTAL-GROUND-76026.html' target='_blank' rel='noopener'>TGCR11<\/a><\/td>\n<td style='padding: 12px; border: 1px solid rgba(150&comma;150&comma;150&comma;0.3); color: inherit;'>Conector de Bronce<\/td>\n<\/tr>\n<tr>\n<td style='padding: 12px; border: 1px solid rgba(150&comma;150&comma;150&comma;0.3); text-align: center; color: inherit;'>2<\/td>\n<td style='padding: 12px; border: 1px solid rgba(150&comma;150&comma;150&comma;0.3); text-align: center; color: inherit;'><a style='color: #2880b9; text-decoration: none;' href='https:\/\/www.syscom.mx\/producto\/TG-AB18-TOTAL-GROUND-76028.html' target='_blank' rel='noopener'>TGAB18<\/a><\/td>\n<td style='padding: 12px; border: 1px solid rgba(150&comma;150&comma;150&comma;0.3); color: inherit;'>Conector de varilla<\/td>\n<\/tr>\n<tr>\n<td style='padding: 12px; border: 1px solid rgba(150&comma;150&comma;150&comma;0.3); text-align: center; color: inherit;'>1<\/td>\n<td style='padding: 12px; border: 1px solid rgba(150&comma;150&comma;150&comma;0.3); text-align: center; color: inherit;'><a style='color: #2880b9; text-decoration: none;' href='https:\/\/www.syscom.mx\/producto\/ANTIOX-TOTAL-GROUND-75931.html' target='_blank' rel='noopener'>ANTIOX<\/a><\/td>\n<td style='padding: 12px; border: 1px solid rgba(150&comma;150&comma;150&comma;0.3); color: inherit;'>Spray protector para conectores<\/td>\n<\/tr>\n<tr>\n<td style='padding: 12px; border: 1px solid rgba(150&comma;150&comma;150&comma;0.3); text-align: center; color: inherit;'>1<\/td>\n<td style='padding: 12px; border: 1px solid rgba(150&comma;150&comma;150&comma;0.3); text-align: center; color: inherit;'><a style='color: #2880b9; text-decoration: none;' href='https:\/\/www.syscom.mx\/producto\/S-610-TOTAL-GROUND-75929.html' target='_blank' rel='noopener'>S610<\/a><\/td>\n<td style='padding: 12px; border: 1px solid rgba(150&comma;150&comma;150&comma;0.3); color: inherit;'>Registro para electrodo<\/td>\n<\/tr>\n<\/tbody>\n<\/table><\/div>\n<\/p><\/div>\n<div style='margin-top: 30px;'>\n<h3 style='font-size: 20px; border-bottom: 2px solid currentColor; padding-bottom: 5px; margin-top: 0; color: inherit; opacity: 0.8;'>Accesorios complementarios (No incluido):<\/h3>\n<div style='overflow-x: auto; margin-top: 20px;'>\n<table style='width: 100%; border-collapse: collapse; margin-bottom: 30px;'>\n<thead>\n<tr>\n<th style='padding: 12px; border: 1px solid rgba(150&comma;150&comma;150&comma;0.3); background-color: rgba(150&comma;150&comma;150&comma;0.1); color: inherit; font-weight: bold;'>Cantidad<\/th>\n<th style='padding: 12px; border: 1px solid rgba(150&comma;150&comma;150&comma;0.3); background-color: rgba(150&comma;150&comma;150&comma;0.1); color: inherit; font-weight: bold;'>Modelo<\/th>\n<th style='padding: 12px; border: 1px solid rgba(150&comma;150&comma;150&comma;0.3); background-color: rgba(150&comma;150&comma;150&comma;0.1); color: inherit; font-weight: bold;'>Descripci\u00f3n<\/th>\n<\/tr>\n<\/thead>\n<tbody>\n<tr>\n<td style='padding: 12px; border: 1px solid rgba(150&comma;150&comma;150&comma;0.3); text-align: center; color: inherit;'>&#8212;<\/td>\n<td style='padding: 12px; border: 1px solid rgba(150&comma;150&comma;150&comma;0.3); text-align: center; color: inherit;'><a style='color: #2880b9; text-decoration: none;' href='https:\/\/www.syscom.mx\/producto\/SLY-346-BLK-INDIANA-176872.html' target='_blank' rel='noopener'>SLY346BLK<\/a><\/td>\n<td style='padding: 12px; border: 1px solid rgba(150&comma;150&comma;150&comma;0.3); color: inherit;'>Cable de Cobre Recubierto THW-LS Calibre 2\/0 AWG<\/td>\n<\/tr>\n<tr>\n<td style='padding: 12px; border: 1px solid rgba(150&comma;150&comma;150&comma;0.3); text-align: center; color: inherit;'>1<\/td>\n<td style='padding: 12px; border: 1px solid rgba(150&comma;150&comma;150&comma;0.3); text-align: center; color: inherit;'><a style='color: #2880b9; text-decoration: none;' href='https:\/\/www.syscom.mx\/producto\/TG-CDA-TOTAL-GROUND-76233.html' target='_blank' rel='noopener'>TGCDA<\/a><\/td>\n<td style='padding: 12px; border: 1px solid rgba(150&comma;150&comma;150&comma;0.3); color: inherit;'>Contador de Descargas Atmosf\u00e9ricas<\/td>\n<\/tr>\n<tr>\n<td style='padding: 12px; border: 1px solid rgba(150&comma;150&comma;150&comma;0.3); text-align: center; color: inherit;'>&#8212;<\/td>\n<td style='padding: 12px; border: 1px solid rgba(150&comma;150&comma;150&comma;0.3); text-align: center; color: inherit;'> <a style='color: #2880b9; text-decoration: none;' href='https:\/\/www.syscom.mx\/producto\/TG-AC-TOTAL-GROUND-76016.html' target='_blank' rel='noopener'>TGAC<\/a> o <a style='color: #2880b9; text-decoration: none;' href='https:\/\/www.syscom.mx\/producto\/TG-AC-114-TOTAL-GROUND-85849.html' target='_blank' rel='noopener'>TGAC114<\/a> <\/td>\n<td style='padding: 12px; border: 1px solid rgba(150&comma;150&comma;150&comma;0.3); color: inherit;'>Aislador para cable de bajada<\/td>\n<\/tr>\n<tr>\n<td style='padding: 12px; border: 1px solid rgba(150&comma;150&comma;150&comma;0.3); text-align: center; color: inherit;'>2<\/td>\n<td style='padding: 12px; border: 1px solid rgba(150&comma;150&comma;150&comma;0.3); text-align: center; color: inherit;'> <a style='color: #2880b9; text-decoration: none;' href='https:\/\/www.syscom.mx\/producto\/SMM-K4-SYSCOM-TOWERS-88255.html' target='_blank' rel='noopener'>SMMK4<\/a> o <a style='color: #2880b9; text-decoration: none;' href='https:\/\/www.syscom.mx\/producto\/SMM-K4E-SYSCOM-TOWERS-189540.html' target='_blank' rel='noopener'>SMMK4E<\/a> <\/td>\n<td style='padding: 12px; border: 1px solid rgba(150&comma;150&comma;150&comma;0.3); color: inherit;'>Herraje Adaptador de M\u00e1stil para Di\u00e1metros desde 3\/4&#8242; hasta 2-1\/4&#8242;<\/td>\n<\/tr>\n<\/tbody>\n<\/table><\/div>\n<\/p><\/div>\n<div style='margin-top: 30px;'>\n<h3 style='font-size: 20px; border-bottom: 2px solid currentColor; padding-bottom: 5px; margin-top: 0; color: inherit; opacity: 0.8;'>Descripcion de Punta KDA01<\/h3>\n<p style='font-size: 15px; color: inherit; margin-bottom: 15px;'> Punta captadora de rayos y conductora de corriente dise\u00f1ada en aluminio de alta conductividad la que forma parte de un sistema de protecci\u00f3n externo contra tormentas el\u00e9ctricas (SEPTE)&comma; para reducir el riesgo de da\u00f1o que puede provocar un rayo. <\/p>\n<p style='font-size: 15px; color: inherit; margin-bottom: 15px;'> Busca reducir la incidencia de caida hasta un 95% debido a su funcionamiento magnetoactivo. <\/p>\n<p style='font-size: 15px; color: inherit; margin-bottom: 15px;'> Se recomienda tomar en cuenta la Norma NMX-J-549-ANCE-2005 que sugiere que un sistema de protecci\u00f3n contra tormentas el\u00e9ctricas (SPTE) debe contar con un sistema interno de protecci\u00f3n contra tormentas el\u00e9ctricas (SIPTE) y otro externo de protecci\u00f3n contra tormentas el\u00e9ctricas (SEPTE). <\/p>\n<p style='font-size: 15px; color: inherit; margin-bottom: 15px;'> La punta KDA-01 forma parte de la protecci\u00f3n externa&comma; mientras que la parte interna corresponde a los supresores de picos transitorios (SSTT) marca Suprector de TOTAL GROUND. <\/p>\n<\/p><\/div>\n<div style='width: 100%; margin-top: 30px;'> <img style='width: 100%; height: auto; border: 1px solid rgba(150&comma;150&comma;150&comma;0.3); border-radius: 8px;' src='https:\/\/ftp3.syscom.mx\/usuarios\/fotos\/KDALU\/76017-kdadetalles.jpg' alt=''> <\/div>\n<div style='margin-top: 30px;'>\n<p style='text-align: center; font-size: 18px; margin-bottom: 20px;'> <a style='color: #2880b9; text-decoration: underline;' href='https:\/\/www.youtube.com\/watch?v=Vw8lGg4-fQk' target='_blank' rel='noopener'>Curso b\u00e1sico para selecci\u00f3n e implementaci\u00f3n de sistemas de protecci\u00f3n<\/a> <\/p>\n<\/p><\/div>\n<div style='margin-top: 30px;'>\n<h3 style='font-size: 20px; border-bottom: 2px solid currentColor; padding-bottom: 5px; margin-top: 0; color: inherit; opacity: 0.8;'>Webinars<\/h3>\n<p style='font-size: 15px; color: inherit; margin-bottom: 15px;'> <strong style='color: #c0392b;'>WEBINAR 1:<\/strong> B\u00c1SICO DE TIERRAS F\u00cdSICAS Y PARARRAYOS (INICIA EN EL MIN.14). <\/p>\n<div style='position: relative; padding-bottom: 56.25%; height: 0; overflow: hidden; margin-bottom: 30px;'>   <\/div>\n<p style='font-size: 15px; color: inherit; margin-bottom: 15px;'> <strong style='color: #c0392b;'>WEBINAR 2:<\/strong> INSTALACI\u00d3N DE TIERRAS F\u00cdSICAS Y PARARRAYOS. <\/p>\n<div style='position: relative; padding-bottom: 56.25%; height: 0; overflow: hidden; margin-bottom: 30px;'>   <\/div>\n<p style='font-size: 15px; color: inherit; margin-bottom: 15px;'> <strong style='color: #c0392b;'>WEBINAR 3:<\/strong> SISTEMAS DE PARARRAYO TOTAL GROUND <\/p>\n<div style='position: relative; padding-bottom: 56.25%; height: 0; overflow: hidden; margin-bottom: 30px;'>   <\/div>\n<\/p><\/div>\n<\/p><\/div>\n","protected":false},"excerpt":{"rendered":"<p>Kit Pararrayo con Punta en Acero Inoxidable con Accesorios de Instalaci\u00f3n en Torre para Protecci\u00f3n de 160 m de Di\u00e1metro.<\/p>\n","protected":false},"featured_media":49549,"comment_status":"open","ping_status":"closed","template":"","meta":[],"product_brand":[],"product_cat":[1161],"product_tag":[1088,1162,635],"class_list":{"0":"post-49550","1":"product","2":"type-product","3":"status-publish","4":"has-post-thumbnail","6":"product_cat-pararrayos","7":"product_tag-calidad-de-la-energia","8":"product_tag-pararrayos","9":"product_tag-total-ground","11":"first","12":"instock","13":"sale","14":"shipping-taxable","15":"purchasable","16":"product-type-simple"},"_links":{"self":[{"href":"https:\/\/soydeaqui.ddns.net\/pachuca\/index.php\/wp-json\/wp\/v2\/product\/49550","targetHints":{"allow":["GET"]}}],"collection":[{"href":"https:\/\/soydeaqui.ddns.net\/pachuca\/index.php\/wp-json\/wp\/v2\/product"}],"about":[{"href":"https:\/\/soydeaqui.ddns.net\/pachuca\/index.php\/wp-json\/wp\/v2\/types\/product"}],"replies":[{"embeddable":true,"href":"https:\/\/soydeaqui.ddns.net\/pachuca\/index.php\/wp-json\/wp\/v2\/comments?post=49550"}],"wp:featuredmedia":[{"embeddable":true,"href":"https:\/\/soydeaqui.ddns.net\/pachuca\/index.php\/wp-json\/wp\/v2\/media\/49549"}],"wp:attachment":[{"href":"https:\/\/soydeaqui.ddns.net\/pachuca\/index.php\/wp-json\/wp\/v2\/media?parent=49550"}],"wp:term":[{"taxonomy":"product_brand","embeddable":true,"href":"https:\/\/soydeaqui.ddns.net\/pachuca\/index.php\/wp-json\/wp\/v2\/product_brand?post=49550"},{"taxonomy":"product_cat","embeddable":true,"href":"https:\/\/soydeaqui.ddns.net\/pachuca\/index.php\/wp-json\/wp\/v2\/product_cat?post=49550"},{"taxonomy":"product_tag","embeddable":true,"href":"https:\/\/soydeaqui.ddns.net\/pachuca\/index.php\/wp-json\/wp\/v2\/product_tag?post=49550"}],"curies":[{"name":"wp","href":"https:\/\/api.w.org\/{rel}","templated":true}]}}