{"id":49529,"date":"2026-03-18T22:11:35","date_gmt":"2026-03-18T22:11:35","guid":{"rendered":"https:\/\/soydeaqui.ddns.net\/pachuca\/index.php\/producto\/portacuchillos-de-cajon-y-5-cuchillos-swiss-classic\/"},"modified":"2026-03-18T22:11:45","modified_gmt":"2026-03-18T22:11:45","slug":"portacuchillos-de-cajon-y-5-cuchillos-swiss-classic","status":"publish","type":"product","link":"https:\/\/soydeaqui.ddns.net\/pachuca\/index.php\/producto\/portacuchillos-de-cajon-y-5-cuchillos-swiss-classic\/","title":{"rendered":"Portacuchillos de Caj\u00f3n y 5 Cuchillos Swiss Classic"},"content":{"rendered":"<div style='width: 100%; max-width: 1200px; margin: 0 auto; font-family: sans-serif; line-height: 1.6; color: inherit; background-color: transparent;'>\n<div style='width: 100%; text-align: center; margin: 20px 0;'> <img style='width: 100%; max-width: 300px; height: auto; border: 1px solid rgba(150&comma;150&comma;150&comma;0.3); border-radius: 8px;' src='https:\/\/ftp3.syscom.mx\/usuarios\/fotos\/30163801\/170463-victorinox.png' alt=''> <\/div>\n<div style='display: flex; flex-wrap: wrap; gap: 30px; margin-bottom: 30px;'>\n<div style='flex: 1 1 300px; min-width: 280px;'>\n<h3 style='font-size: 22px; border-bottom: 2px solid currentColor; padding-bottom: 5px; margin-top: 0; color: inherit; opacity: 0.8;'>Caracter\u00edsticas Principales<\/h3>\n<ul style='padding-left: 20px; font-size: 15px; color: inherit;'>\n<li style='margin-bottom: 5px;'>La soluci\u00f3n segura y elegante en caj\u00f3n.<\/li>\n<li style='margin-bottom: 5px;'>Portacuchillos de caj\u00f3n hecho en Suiza.<\/li>\n<li style='margin-bottom: 5px;'>Con espacio para 5 cuchillos.<\/li>\n<li style='margin-bottom: 5px;'>Libera espacio en su barra de cocina.<\/li>\n<\/ul><\/div>\n<div style='flex: 1 1 300px; min-width: 280px;'>\n<h3 style='font-size: 22px; border-bottom: 2px solid currentColor; padding-bottom: 5px; margin-top: 0; color: inherit; opacity: 0.8;'>Caracter\u00edsticas F\u00edsicas<\/h3>\n<ul style='padding-left: 20px; font-size: 15px; color: inherit;'>\n<li style='margin-bottom: 5px;'><strong>Material:<\/strong> Polipropileno negro<\/li>\n<li style='margin-bottom: 5px;'><strong>Fabricaci\u00f3n:<\/strong> Madera de haya&comma; color caf\u00e9<\/li>\n<li style='margin-bottom: 5px;'><strong>Medidas:<\/strong> Alto 65mm | Largo 435mm | Ancho 148mm<\/li>\n<li style='margin-bottom: 5px;'><strong>Peso:<\/strong> 1.897 Kg<\/li>\n<\/ul><\/div>\n<div style='flex: 1 1 300px; min-width: 280px;'>\n<h3 style='font-size: 22px; border-bottom: 2px solid currentColor; padding-bottom: 5px; margin-top: 0; color: inherit; opacity: 0.8;'>Caracter\u00edsticas Destacadas<\/h3>\n<ul style='padding-left: 20px; font-size: 15px; color: inherit;'>\n<li style='margin-bottom: 5px;'>Cuchillo para pan&comma; filo dentado&comma; 21 cm<\/li>\n<li style='margin-bottom: 5px;'>Cuchillo Santoku&comma; filo con alv\u00e9olos&comma; 17 cm<\/li>\n<li style='margin-bottom: 5px;'>Cuchillo para trinchar&comma; 19 cm<\/li>\n<li style='margin-bottom: 5px;'>Cuchillo de mesa&comma; filo dentado&comma; 11 cm<\/li>\n<li style='margin-bottom: 5px;'>Cuchillo mondador&comma; punta cerrada&comma; 8 cm<\/li>\n<\/ul><\/div>\n<\/p><\/div>\n<hr style='border: 0; border-top: 1px solid rgba(150&comma; 150&comma; 150&comma; 0.3); margin: 30px 0;'>\n<div style='margin-bottom: 30px;'> <img style='width: 100%; height: auto; border: 1px solid rgba(150&comma;150&comma;150&comma;0.3); border-radius: 8px;' src='https:\/\/ftp3.syscom.mx\/usuarios\/ftp\/web_img\/671435set02.jpg' alt=''> <\/p>\n<p style='margin-top: 20px; font-size: 15px; color: inherit;'> La gran funcionalidad&comma; la apariencia atractiva y el dise\u00f1o ergon\u00f3mico y sofisticado colocan en un nivel \u00fanico a esta soluci\u00f3n compacta de almacenamiento en la cocina. Nuestro portacuchillos de caj\u00f3n Swiss Classic es una nueva interpretaci\u00f3n del bloque de cuchillos tradicional&comma; que liberar\u00e1 espacio en su barra de cocina gracias al almacenamiento seguro e inteligente de las filosas hojas de cinco cuchillos. Confeccionado con resistente madera de haya y en tonos atractivos&comma; las ranuras dise\u00f1adas con habilidad tienen la forma e inclinaci\u00f3n adecuadas para guardar los cuchillos f\u00e1cilmente. <\/p>\n<\/p><\/div>\n<div style='margin-bottom: 30px;'>\n<p style='margin: 0; font-size: 14px; color: #005cb9;'> <a style='color: inherit; text-decoration: none;' href='http:\/\/soporte.syscom.mx\/syscom-mx\/bases-alta-fidelidad' target='_blank' rel='noopener'>Consulte las bases&comma; *2<\/a> <\/p>\n<\/p><\/div>\n<hr style='border: 0; border-top: 1px solid rgba(150&comma; 150&comma; 150&comma; 0.3); margin: 30px 0;'>\n<div style='margin-bottom: 20px;'>\n<h3 style='font-size: 22px; border-bottom: 2px solid currentColor; padding-bottom: 5px; margin-top: 0; color: inherit; opacity: 0.8;'>Pol\u00edtica de Garant\u00eda<\/h3>\n<p style='font-size: 14px; color: inherit; margin: 10px 0;'> SYSCOM se apega a las pol\u00edticas de garant\u00eda de cada proveedor de la marca y\/o f\u00e1brica. <\/p>\n<p style='font-size: 14px; color: inherit; margin: 10px 0;'> La cobertura de garant\u00eda por defecto de f\u00e1brica y\/o mal funcionamiento es de 90 d\u00edas con Syscom. Posterior a este periodo&comma; la garant\u00eda es directa con el fabricante. En quebraduras&comma; da\u00f1os f\u00edsicos de equipo y\/o empaque da\u00f1ado&comma; reportarlo dentro de las 24 horas posteriores a la fecha de recepci\u00f3n para el reclamo a paqueter\u00eda. <\/p>\n<\/p><\/div>\n<\/p><\/div>\n","protected":false},"excerpt":{"rendered":"<p>Portacuchillos de Caj\u00f3n y 5 Cuchillos Swiss Classic<\/p>\n","protected":false},"featured_media":49528,"comment_status":"open","ping_status":"closed","template":"","meta":[],"product_brand":[],"product_cat":[1149,1148],"product_tag":[1151,1150,1058,1135],"class_list":{"0":"post-49529","1":"product","2":"type-product","3":"status-publish","4":"has-post-thumbnail","6":"product_cat-cintas-y-consumibles","7":"product_cat-corbatas","8":"product_tag-cintas-y-consumibles","9":"product_tag-corbatas","10":"product_tag-ferreteria","11":"product_tag-victorinox","13":"first","14":"instock","15":"sale","16":"shipping-taxable","17":"purchasable","18":"product-type-simple"},"_links":{"self":[{"href":"https:\/\/soydeaqui.ddns.net\/pachuca\/index.php\/wp-json\/wp\/v2\/product\/49529","targetHints":{"allow":["GET"]}}],"collection":[{"href":"https:\/\/soydeaqui.ddns.net\/pachuca\/index.php\/wp-json\/wp\/v2\/product"}],"about":[{"href":"https:\/\/soydeaqui.ddns.net\/pachuca\/index.php\/wp-json\/wp\/v2\/types\/product"}],"replies":[{"embeddable":true,"href":"https:\/\/soydeaqui.ddns.net\/pachuca\/index.php\/wp-json\/wp\/v2\/comments?post=49529"}],"wp:featuredmedia":[{"embeddable":true,"href":"https:\/\/soydeaqui.ddns.net\/pachuca\/index.php\/wp-json\/wp\/v2\/media\/49528"}],"wp:attachment":[{"href":"https:\/\/soydeaqui.ddns.net\/pachuca\/index.php\/wp-json\/wp\/v2\/media?parent=49529"}],"wp:term":[{"taxonomy":"product_brand","embeddable":true,"href":"https:\/\/soydeaqui.ddns.net\/pachuca\/index.php\/wp-json\/wp\/v2\/product_brand?post=49529"},{"taxonomy":"product_cat","embeddable":true,"href":"https:\/\/soydeaqui.ddns.net\/pachuca\/index.php\/wp-json\/wp\/v2\/product_cat?post=49529"},{"taxonomy":"product_tag","embeddable":true,"href":"https:\/\/soydeaqui.ddns.net\/pachuca\/index.php\/wp-json\/wp\/v2\/product_tag?post=49529"}],"curies":[{"name":"wp","href":"https:\/\/api.w.org\/{rel}","templated":true}]}}