{"id":49492,"date":"2026-03-18T22:10:29","date_gmt":"2026-03-18T22:10:29","guid":{"rendered":"https:\/\/soydeaqui.ddns.net\/pachuca\/index.php\/producto\/guantes-talla-extra-grande-supraneema-con-recubrimiento-de-nitrilo\/"},"modified":"2026-03-18T22:10:37","modified_gmt":"2026-03-18T22:10:37","slug":"guantes-talla-extra-grande-supraneema-con-recubrimiento-de-nitrilo","status":"publish","type":"product","link":"https:\/\/soydeaqui.ddns.net\/pachuca\/index.php\/producto\/guantes-talla-extra-grande-supraneema-con-recubrimiento-de-nitrilo\/","title":{"rendered":"Guantes talla extra grande supraneema con recubrimiento de nitrilo."},"content":{"rendered":"<div style='width: 100%; max-width: 1200px; margin: 0 auto; font-family: sans-serif; line-height: 1.6; color: inherit; background-color: transparent;'> <!-- Secci\u00f3n de descripci\u00f3n --> <\/p>\n<div style='margin-bottom: 30px;'>\n<p style='margin: 10px 0; font-size: 15px; color: inherit;'>Guante de supraneema con recubrimiento de nitrilo espumoso.<\/p>\n<p style='margin: 10px 0; font-size: 15px; color: inherit;'>Resistencia y protecci\u00f3n en procesos con riesgo de corte.<\/p>\n<p style='margin: 10px 0; font-size: 15px; color: inherit;'>Excelente agarre y sujeci\u00f3n al manipular herramientas.<\/p>\n<p style='margin: 10px 0; font-size: 15px; color: inherit;'>Para uso en fabricaci\u00f3n de autopartes&comma; inyecci\u00f3n de pl\u00e1sticos por moldeo&comma; manipulaci\u00f3n de navajas&comma; piezas filosas&comma; ensamble etc.<\/p>\n<p style='margin: 10px 0; font-size: 15px; color: inherit;'>TALLA EXTRAGRANDE.<\/p>\n<\/p><\/div>\n<p> <!-- Secci\u00f3n de especificaciones --> <\/p>\n<div style='display: flex; flex-wrap: wrap; gap: 20px; margin-bottom: 30px;'>\n<div style='flex: 1 1 250px; border: 1px solid rgba(150&comma; 150&comma; 150&comma; 0.4); border-radius: 8px; overflow: hidden; display: flex; flex-direction: column;'>\n<div style='padding: 15px; border-bottom: 1px solid rgba(150&comma; 150&comma; 150&comma; 0.2); font-weight: bold; font-size: 16px; color: inherit; background-color: rgba(249&comma; 249&comma; 249&comma; 0.8);'>DIMENSIONES (ANCHO&comma; LARGO&comma; ALTO)<\/div>\n<div style='padding: 15px; color: inherit;'>\n<p style='margin: 0; font-size: 15px; color: inherit;'>1.50 X 10.50 X 25.00<\/p>\n<\/p><\/div>\n<\/p><\/div>\n<div style='flex: 1 1 250px; border: 1px solid rgba(150&comma; 150&comma; 150&comma; 0.4); border-radius: 8px; overflow: hidden; display: flex; flex-direction: column;'>\n<div style='padding: 15px; border-bottom: 1px solid rgba(150&comma; 150&comma; 150&comma; 0.2); font-weight: bold; font-size: 16px; color: inherit; background-color: rgba(249&comma; 249&comma; 249&comma; 0.8);'>MATERIAL<\/div>\n<div style='padding: 15px; color: inherit;'>\n<p style='margin: 0; font-size: 15px; color: inherit;'>SUPRANEEMA<\/p>\n<\/p><\/div>\n<\/p><\/div>\n<\/p><\/div>\n<\/p><\/div>\n","protected":false},"excerpt":{"rendered":"<p>Guantes talla extra grande supraneema con recubrimiento de nitrilo.<\/p>\n","protected":false},"featured_media":49491,"comment_status":"open","ping_status":"closed","template":"","meta":[],"product_brand":[],"product_cat":[920],"product_tag":[247,246,554],"class_list":{"0":"post-49492","1":"product","2":"type-product","3":"status-publish","4":"has-post-thumbnail","6":"product_cat-herramientas-de-instalacion-torres-y-mastiles-redes-e-it","7":"product_tag-herramientas-de-instalacion","8":"product_tag-torres-y-mastiles","9":"product_tag-urrea","11":"first","12":"instock","13":"sale","14":"shipping-taxable","15":"purchasable","16":"product-type-simple"},"_links":{"self":[{"href":"https:\/\/soydeaqui.ddns.net\/pachuca\/index.php\/wp-json\/wp\/v2\/product\/49492","targetHints":{"allow":["GET"]}}],"collection":[{"href":"https:\/\/soydeaqui.ddns.net\/pachuca\/index.php\/wp-json\/wp\/v2\/product"}],"about":[{"href":"https:\/\/soydeaqui.ddns.net\/pachuca\/index.php\/wp-json\/wp\/v2\/types\/product"}],"replies":[{"embeddable":true,"href":"https:\/\/soydeaqui.ddns.net\/pachuca\/index.php\/wp-json\/wp\/v2\/comments?post=49492"}],"wp:featuredmedia":[{"embeddable":true,"href":"https:\/\/soydeaqui.ddns.net\/pachuca\/index.php\/wp-json\/wp\/v2\/media\/49491"}],"wp:attachment":[{"href":"https:\/\/soydeaqui.ddns.net\/pachuca\/index.php\/wp-json\/wp\/v2\/media?parent=49492"}],"wp:term":[{"taxonomy":"product_brand","embeddable":true,"href":"https:\/\/soydeaqui.ddns.net\/pachuca\/index.php\/wp-json\/wp\/v2\/product_brand?post=49492"},{"taxonomy":"product_cat","embeddable":true,"href":"https:\/\/soydeaqui.ddns.net\/pachuca\/index.php\/wp-json\/wp\/v2\/product_cat?post=49492"},{"taxonomy":"product_tag","embeddable":true,"href":"https:\/\/soydeaqui.ddns.net\/pachuca\/index.php\/wp-json\/wp\/v2\/product_tag?post=49492"}],"curies":[{"name":"wp","href":"https:\/\/api.w.org\/{rel}","templated":true}]}}