{"id":49490,"date":"2026-03-18T22:10:27","date_gmt":"2026-03-18T22:10:27","guid":{"rendered":"https:\/\/soydeaqui.ddns.net\/pachuca\/index.php\/producto\/medidor-multifuncional-de-parametros-electricos-con-pantalla\/"},"modified":"2026-03-18T22:10:28","modified_gmt":"2026-03-18T22:10:28","slug":"medidor-multifuncional-de-parametros-electricos-con-pantalla","status":"publish","type":"product","link":"https:\/\/soydeaqui.ddns.net\/pachuca\/index.php\/producto\/medidor-multifuncional-de-parametros-electricos-con-pantalla\/","title":{"rendered":"Medidor Multifuncional de Par\u00e1metros El\u00e9ctricos con Pantalla."},"content":{"rendered":"<p style='text-align: center;'><img src='data:image\/png;base64&comma;iVBORw0KGgoAAAANSUhEUgAAAQsAAABNCAIAAAA+QdbAAAAb3ElEQVR4Ae1deVhTR9fPxo6gIKggyBbC6gbIJlJc6ltc0NcqtLaKS11xQaXU3eqnxVa0iuJWrbsifbVa0YqKAgmyCCggiBXZg5CQQPZ77z+fycD1koSABJ8qz\/DkyTN37szcc34zv5lzzswNJAz+QQQgAp0jQOr8FrwDEYAIYJAhcBBABDQhABmiCR14DyIAGQLHAERAEwKQIZrQgfcgApAhcAxABDQhABmiCR14DyIAGQLHAERAEwKQIZrQgfcgApAhcAxABDQhABmiCR14DyIAGQLHAERAEwKfPEMePHggEok0qQjvQQS0QOATZgifz9+5c9eNGzdQFNUCAVgVIqAJgU+VIeXl5WFhMyIjFyIIokk\/eA8ioB0Cnx5DpFJpauq9wYOtfHx8BQKBdurD2hCBLhD4xBjC4\/FiY3\/Q0dGzshr68uXLLpSDtyECWiPwKTGkqqoqMHAsiUSh0XSvXbuute6wAYhA1wh8GgxBUfTs2XPm5hYkEoVCoUVHr4Peedd9C0v0BgKfAEN4PN7KlVF6egYkEoVEooSETOBwOL2hO2wDItA1Ah87Q16+fOntPYZK1QH0GDRoyLNnz7pWC5aACPQSAh+QIS1FReWbN7+Oj6\/9\/feG69c5Dx\/ycnNbnz8XVVZKGhtlfD4iEqESCSqToTKZqjoikejkyd+MjU1IJCqgh56eweXLV1RLwhyIwIdD4EMxRNrUVDhrVoaTk\/xDp2cyGExXV6anZ5a3d3ZgYN7EifnTphXOnl28eHFpdHTdhQuoREJUks1mR0Yu0NXVV3BDzhAKhbZ2bbSkYzFiFZiGCHwIBD4IQ1Cp9J+dOzPo9DaGAJ6ofGe6uDwJDWUnJUmbm3HdEARJT8\/w9h5DJlMVqwf4pgQFBTc0NODF3iVQtKW4mF9Q0MUnP19YUYG1774LBIKiomKmyl9mJpPJZL14US4jLGuShgZ+fn4X7SsEIPL8xYtyRWvyBqVS6TuBCamioqKsrMdZWY\/ZbDYhuydJVCoVVlbynzzp7MN78oSflydracEwjMvlMpksFe3fZWRnZ79580ZJDrFYXFb2gsVSX7G4uJh4\/IfNZjOZrKysrLKyMqV2MAyTSqU5OblZWY8fP84Gs15eXl5W1mMWK6uyslK1PIZhCqyysrKywDBoamrKyMh4J7GaFOvZsyKiSGqb7TLzAzAERdlXrzLd3DTQI9PVtWDmzPqLF5GOR6qEQuGBA78OGGBO4IacIf37mxUVFatVprWkJGvkSA3PArcyGYza33\/HUFQmk6WlPQwIGKuvbwSMt\/bvNlsOPG716jVgOxKVSIoXL+6y\/Qwnp\/xp03CG1NTU2Ns74lqkp6erFd7V1Z1EourpGfzvf9fUFuhmprCiojw2NsvLK5NO1\/DJ8fMTK6h48OAhKlUXF0+RkEdBiDmuru5376YCAVAUff78+fTpM\/r1MyWWIaQp+vpG4eERdXX1oMr69THg7vz5C1S1KC8vBwKYmVk0K+ZHM7OBoLyn53C1O12OjnQSiaqrq3\/jxg0Mw44fP9H+dGXJ2\/OpuroGU6dOr6mpURWg+zm9z5CWZ89ygoI6G1KZzs75U6fWX74s4\/OVpKyurp4\/fwGNRuw5ufI0mt6FCxeVCrddomjJ8uWdPYuYnx8aKmlsRFH01q1bAwdato8GAC4O8bsEhUI7deoUiqKcR49Y3WAg09WVnZwMpHo7QX7xRShhDaSsWbNWNTzd0tKiiF\/L+f\/8+XP1CnYjV1RTUzB9ugZitN1iMKoSE8EqumTJUtV5oX1g4SBQR43yAmHDkpISG5th7aC1reqq5UkkalTUKqDpf\/7zBYlEJZOpp0+fVlXi9u3boLqDgxOGYS0tLYaG\/RQ5cpaGhc3gdxweKIqamPQnkSimpm1YRUYuUCsAQcg2Rb78crY2xnkvMwRpbS2YMYM4NPE0080tf+rUNzdv4hMtDpzCskonTrq48mQyddWq1Z1ZKahUWp2YWJWYWK3xU3X4MC8nB8Ow+vp6BwcnEolCJlOdnOhr1kRv3rwF\/2zZsmXBgkWmpgPA6BkzxlcikTSl3qs6cqSL9o8cqbt4EVEcgUEQ5ODBQ6Cf2tlOcXV1b2xsxPUFiWfPnilidNQRI0aBeVSpQDcvm5nMyoMHu5SwKjERII+i6MGDh5YsWbZ8+QrVz8qVqyZNmkyj6YG1NDs7u6WlJTj4M4DJ4MHWS5cu37JlKw7azp271qxZO2jQENBlVlZDm5ubuVyus7MLiUTR0zN89eqVqiI7d+4C5adNC8MwrLCwEDwRPIVEoq5cuYpo6D5\/\/lxHR49EogwfPrJFYSgePnxky5Z3fYfLAxIrV0ZZWQ0FvUCl6vB4PFUZupnTqwxB0X+2b5e7Hx0\/TAbjyaRJb27cQIRCVbEkEkl8\/H6FzUN0PNrSOCKqFXuQk5ycDPrA1tZe1c7GMAxF0e3bd4Ay3t5jejD3ZGYy9fQMSSTqWytix44fwdSor294\/fqfSgInJBwGoyQsbIbSrX\/3ks1m29k5kEhUMzOLgoKCvLw8RciEamRkkp+fr1a2pKQkMplGIlEBQwoLnxoby+0xS8shqhgiCDJ37rdA919++QXDsEOHEigUHcWaI29EYU0ZnDhxAl94jxxJBPn\/\/e8stQKoZv75559gGadQPhqGNNy8yXR3xxcNkMgJDm66fx\/t6G\/g+ohEogkTJgJ0FBDgS7w8YWBgzOVy8cJdJsRicXZ2dlZWVnZ2DnEGwivGxHwPRv933y3BM5USu3btAmVWroxSOjiMoug\/\/\/zDYskd0Lq6OqWKGIax2Ww6nQH6cuPGTc3NzcDTIJEokZEL8P4GFSMivgYqb926TbWpbuaw2ew7d\/6+c+dvJpOlVKW+vv6O\/E9+F3zS0h4qyaBUBVweOZKooyOPIvr4+PF4vEuXLgGNxo4d15njm5ycDIajj4+vTCZLTv4DkMrbe4zqI\/h8\/siRo0gkiq6uwYMHDxAE+frrb0D1+fMjFQ6J3NYyM7PIUaz8GIbNnfsN6JS4uDhgleXn5xcUFBQXq\/dOMQy7efOmogrV0ZHe2tqqKkY3c3ptDRG+fv3Y1xenRyaDUThrVlNqKtpJGAdBkNTUe0OGWAM1QB8AFMC40dMz6NT96ES5tLQ0MplKJtPs7BzUFvn888nAxDpz5qzaAkKhMDR0Kgguqz5dIBAEBIwlk6k0mu7NmzeVWpBKpTNn\/hcoEhQ0Djj60dHrFJMrZejQYcRVC0EQLy8foOm1az1303ft+j8KhUYm00JDpyjJo\/CFaApA5P4AmUwLCBgrk8kuXrxkYtLfxKT\/l1\/OOX78hInJACMjEyOjfkZG\/YyNTfv1M1VMWBQDAyMg2OrVa8HsHhv7g1qCoSgaG\/sD6Mf16ze8DVXFxv4ARvy8eZFKUmEYVl5ePniwFYlEsbQc0tDQIBaLPTw8Qb\/cvn0nOTnZwMAIwGhjM4zD4aAoCmy2t6RNSUnBMOzo0WNkMo1C0Rk+fKRq+xiGIQiyYwewBaizZ4d3ZqWrrauU2WsMAc6inCF0euHMmU337qm1qcDj3668mzdvUfheuNvXIZBCoegsWbJM7TqgpADx8tChBNBPISETiPkg3djY6OTkrDCODV6\/fq1aAMOwxsZGFxc3ML09ffpUqUxdXZ2ZmfxsmKFhP9Ug5uHDR8BiaGhojMdPHj16BOI\/VKrumTNn8AZ5PJ6VlQ2JRDEx6d+Z6YIX7iyBIAhwWCkU2lvfgFiMyWS2b7a22atkcpsbvWJFFGDmunXrhUJhRMRXqpOUiUn\/EydOIgiCoqivrz+JRKVQaJ1t14pEouDgEDCmk5KuymSy8PAIUCUh4TBRKpD+669b+vpyQ9TTc4RAIHjz5k3\/\/vLopanpgMLCQplMtnPnrvZTFNTg4BCBQGBpORh4NSUlJRiGrVq1Gjxu+fIVqu1jGCaRSMLCZihYR0tIOKyW2Gorqmb2AkNQmeyf7dsznZ2Zrq6F4eHc9HSZxkXtxYvyiRM\/B04q0JOwdLR1p5+fv1I0Q1V01ZzIyIWgs2NjN6reffIkXzFoKAMHWnY2qeTm5hkZ9SOR5GVUT39lZ2eD+dXKaqhYLCY+4t69e+bmliQSVV9fPvWiKNrQ0FBXV1dVVTV6tDdQc\/z4iXiVnJwcIIyLi9t7WZJ4CxiGcTgcxfCl6Orq\/\/lnBz+Hz+e\/evWqoqLi9evXvr5+JJJ83QNl3N09FPJQTp2SR5mqq6sVk4IceQqFFhMTe+bMmYqKCmBhNjQ0WFrKvXAdHT21PjeYVhS2AJVG08vPL2hqavLwGK4wko1SU+8RBQbp3bv3gBUmIuJrFEVzc3MVXjjV2dkFxDOEQuGCBQsVZSgUik5wcAg4lWdn58Dlcvl8\/oQJkxTS6ly\/rv6I95s3b4YNsyeRKFSqLm6qqUrSnRytGYKijbdvszw8iubNa\/z7b83ckEqlFy9eBIHtdm60UYJ4aWVlk5ub2x3piWVEIlFgYBCIDie3B16JBW7fvq2rKz\/+aGhozGKxRCKRmPAnEolqa2tx3yAoKFiVRefPXwBk9vX1J7ootbW1ChpQqFSdqKhVCIIUFBRYW9sMGGBuZmahsOnlalpYDMLXrtOnT4PozdSp0\/l8PkGQd0lVAYjqgMGtGAfyqMCmTZuFQuG7yoqUSCTKzwfzAtXAQL6ySSQSxXwslycvLw8EJ1JTU\/EFJzR0CtFqLysrAxsXVKrOqVOnBQKB0iM4HM7GjZsoFLmHbWfn0NjYWF1dbWNjp+Ck3u7de4g4i0QiJpPp5CR31Wg0vV9\/PYhh2KVLl0HvT5kyDX8lrr6+3t8\/kDgqSCTqtGnTxWJxVVUV0NrY2LSsrExJHrFY3NTUpAi3yHU0N7dQnemUYNR8qS1DxPX1pVFRTffuaeYGEKKiomL9+g1Tpkxzd\/e0sBhkaNgP2OgEIOTxwePH3wUxNEtPvFtZWamIwFD69zevqKgg3gJpJpOpMHDlMQALi0F+fv4BAWPxj79\/oJOTM+hpPT2DlJTbqi3ExMQChqxbJ7e2wR+KopGRC4AiPj6+HA5HIpH4+vqTye98ALCy0Wh6uNWxYkUUCP4MHmyFy0BM+PsHdOYstT8Za2ho8PQcAdDT1zfy8vIJCAgiNuLnF2Brawee7uExHEXRyspKEF4bMMAcDzZIpdI9e34CxUgk6saNm\/AAVHV1Nb5L2K+f6ZgxvsT2\/f0D3d09FVSXB9D37YtHEKShoQEPVxgaGvv4+OFVfH39FZtR8s1Zd3fPmpoamUymMJnknbJt23bivPPkyROwNLUPD8rmzVtRFM3MzDQ1NQMc8\/HpIA94kJubBzivRCZTt2zZpo2JhWHa\/YcdKZf7fNmyV3FxNSdOvLl1q5nFaikpEdfVyU8lCoWd+egYhslkMj6fX1FRkZGRce7cuX374lesWDl9+ozRo73Xro1+X\/cDjJj79x8Au4XBcFMb\/xYKhe0beR0iZmDQK7pBnm9sbPo2po6PQjwhlUrBtgCFQrt6tW1zEOwtgFC9peVg4JxIpdL09AzFsQ4WkykPfY0ZI7dzSCRKYGAQGHw+Pr4dn0tcS+VimJlZdHb+AhcJw7CffooDUaP2YfTuZACeQybT3Nw8gAWfkpICdmlwSUBrEokkKGgcEFJHRz8xMRHvhaVLlwHbEqcQKNbevtyB1NU1WLhwEVANRdGtW7e172\/geuGYy8MGtrZ2jx49wjBMLBaPHDkamExJSUlE1TAMu3\/\/PvBYgAV45Yq8wNGjx4C\/RxCA6MS2pXV19cPDI5Qa7MFlz9cQVCJ5vW9fJoPRtmXr7Mx0cckaPTo3JKRg5sziRYtebttWffRow\/XraDd+bKG1tfXGjZuxsT\/02Cg\/f\/68vb2Djc2wb7+dj\/euEiKvX7+OjFzo6Ei3traxtrZVfNu0f9va2TmEhk5NSkpSW72xsdHfP9DW1s7RkV5dXQ1aLi0t9fYeY2trZ2\/vePToMaXH4ZdHjiTa2trZ2tp5eAx\/9eqVUCj08vIBOWq\/bWzstm\/foVYMvE2QaG1t3b17z4gRo4YOtVVo1OF76FBbBsNtxYqVpaWlwKCKi9s7bJiDjY1ddPQ6paaqqqo8PUcAedzdPQsKCkCBpqammJjvGQxX1fatrW1tbe3HjfssMTGROP23tLRs2bLV03OEqlSuru5LliwtLCwEjTc3N3t4eCoAdFI9WIAgyC+\/7LOxkUPn4EAvKChAUXTXrt3t3ddBWVy8YcPsx44dd+DAQdxmU9L0vS57zpCm1FSWh0dm+\/FEwBM82guCWjnBwc2PH2sWSCAQpKWlBQeHWFvbsFjKQX3NdYl3RSIRR\/FHNKOJBUD67bLe3NzcpO6Py+Uq+d\/E6giCNDc3czgcIoclEgl4KJfL1TCgJRIJl8sFdWUyGYqi4BLUVfuN2zlEGdSmURRtaWnhcDiqOnE4HB6PRzQzWltbweOE6nZv+Xw+LgwRChRFeTyeavtNTU1cLldtUyiKgtaUavF4PCKXiFAQ83FNEQQBInG5XFCgtbVVqU2ly85Ewtt8r0QPGSKqqsry8SGygpjOcHLKdHV9vny5ROWoBVG41tbWv\/\/+G5jsuroGZ8+eI\/YlseS\/khYKhR+VPP8KCPChPWEI0tpatHBhm3Glbg1heXpWHz+uwQ+RSqUpKSn+\/oHtBiVl2bLlXYZuNPTWlStJTCZTtQCKoocOJcTEfP\/997GXL1\/B\/QfVkjKZrKmpCc\/n8XjBwSHqz9tjmFAoPHQoAT9MVVpaumPHj\/v3H9C8fOGNw8QnhMB7MwRF0Yqff850du6MIXmTJrV2fhZAIpGkpKSAnbt2T4vq5uYBjqP1DLiamhpzc4tFixZLJJJr166fP39+167\/A8NXJBLZ2zuGh3+1adPmiIivv\/12HofDOXbs+G+\/nRKLxSiKXrmSlJBwmMvl7tmzZ9CgIUwm89y588eOHc\/Ozt6wIUYoFN69ezcubm9dXZ1MJrt37358\/P6rV5OLi4tNTAaAlzqSkq6am1vMmRNhZ+cQEjJeKBT+\/vuZjRs31dXVlZSUJCcnHzqUkJaWduhQQm5ublVV1eXLV7Zu3cZisVAULS0t3bv356tXr2ZkZNy4ceOPP\/6Ii9v7VuazZ89xudyUlJSnT+Erxz0bFL1W670ZInc\/PD1xenRIODuXrVsn7eRnFsRicXJy8ujR3u0nXtuiHMbGJhpO13RH0YiIr11c3Pz9A9hstqMjfdq0MAbDNT5+PzjMa2IywMnJefz4iVOmTI2LiwsKCp4\/P9LFxe2nn+IWLFg0efIX48YFb9gQs3DhYj8\/\/2vXrr096bByZdTly5dHjhy9e\/eewMCgsLAZYWEzEhIOe3qOWLZsuanpgD\/++J+Xl49IJBIIBKNHe1+4cBFF0ZcvX548+VtExFeTJ\/9n+vQZISET1q\/f4OTk7OXlY21tGxIywcfHNzHx6MCBg9at29C\/v1lOTq6trd3q1Wve7j\/GxHzv6EifPXvO0KG2Dx48GDjQMikpydGR3tlbMd2BBZbpFQTejyFiNjs3OBh45zg3gHfOdHevv3RJ6Y0oXMTbt+94eXmDQ6\/40qE4AKujpfvBYrGMjPp5eAwfONCSxWLZ2AwrKCgIDZ1y6dJlDMOys7Ntbe1u3Up5+PChh8fwffviTUz6T58+IyAgMD5+v6XlkOrq6vT0jCdP8hcvXrJnT9yjR+kMhiufz\/\/551+iolY5OtLv3k0tKipKSkoKDZ2amHg0IyPTyspm\/\/4D4eFfyWSyxsZGe3uH5OQ\/hELhDz9smj8\/kk5n1NbWXr2aPH78xM8+Czlw4MDatdGrV69JTDwaGjr1u++WbNy4qbGx0dzcIjb2h1mzvuRyuYGBY\/fu\/dnZ2eXtuuHj41tSUhISMmHgwEE7d+6CjhA+hP6txHswBBEKi+bPB8SQ++Ltr7Nl0OkFYWGtpaX4O664Mi0tLWfOnB01arRiX5YYtJYvIGQy7Ztv5uGFe5BAEMTPL2DhwsVbt257e4QzOnrdmDF+lZWVbm4eIJ74668Hzc0tGAzXefPm+\/r6s1isUaO8vL19Zs6cxeVyP\/98srOzi5eXz9OnTxcuXBQQEHjy5Knw8AipVDpnTvj58xfmzv3W0ZHOYLjevXv3xx93Dhtmz2C4fvbZ+AULFh05kogq\/rZv32Fra+fi4jpp0uTy8vKQkAmOjnRnZ5f09PThw0feuXNn2rSwCxcuREev27hxU1BQsJ2dg6ur244dPz5+LGevh8dwe3vH+Pj9gYFBdXV1dnYODQ0Nq1evsbd31P7V3B5ACqsoIfAeDHkdH5\/p6ooTAySYLi7lmzdLVN5pFggEZ8+eGzt2nMp+Fr6FRB01ylvLEwEIguTm5goEAgRBSkpKSktLS0qeSySS\/Px8EC2tqqrKzc3Lzc198eJFUVGRVCqtrKx8+PAReG5zc3Na2sPa2loURevq6jIzmWw2u7KyEkXRFy9e8Hg8Pp\/PYrFevXqFoqhAIMjLyysre1FWVlZaWorHfMVicX5+\/uPHj0Fclc1m\/\/XXrfLychRFCwsLBQJBcXExj8d7+fLl06dPrayGPniQlp2dDWKpRUXFRUXFxcXF9fX15eXlYrG4oKDg7elxd3dPLZdWpW6Glz1GoLsMac7KAu9+ENeQbH\/\/+qQkpZgVl8s9d+68r68\/eMeg40Ys2PGVf1tZ2eTkvPfhqx7r+TFUFIvFxcUlGrZNcCGLioq6vx+C14KJD4FAtxgiqqrKCQjosHo4Oz+bO7el4\/nwN2\/enDlzVvEDcMR3zd8tGrgHoqur\/9tvv30IfWCbEIHeRaBrhiACQbFi9wN45Jl0OtPdvXzrVmnHd39ramoWLVrs6uphbW1jbm7Zr19\/PT1DxUFAJfdDfqnhYEjvqgdbgwhoiUBXDEGQyl9\/xS2rDCen3ODgxjt3VJ1yohwgyFNcXPzw4aOkpKtHjx7bvfunqKhVs2fPCQkZ\/+WXc4h7c8SKMA0R+NgQ6IIh3MzMd5uDDMazr74SqDtY\/rFpBeWBCPQWApoYIq6tzR0\/Xv6bonQ608WlYu9e8IM3vfVs2A5E4ONHoFOGIEJh8aJF4Hd9cvz9+Yr30T5+faCEEIHeRaBThlQlJGQ6O2fQ6cXffQd+yrJ3Hwxbgwh8EgioZwjn\/n3WyJFZo0bVnj6NdPzJgk9CKygkRKC3EFDDEGFFxZPPP8+fMkX+S57deD2wt0SB7UAEPkIE1DCkZOnSFzExIu1+MfsjVBWKBBHoAQIdGYIg1SdPqv6\/mx60C6tABPoGAh0YIq6tlR8kaf83NH1DQ6gFREAbBDowRP4vBSE9tIET1u1zCHRgSJ\/TDioEEdAWAcgQbRGE9fs2ApAhfbt\/oXbaIgAZoi2CsH7fRgAypG\/3L9ROWwQgQ7RFENbv2whAhvTt\/oXaaYsAZIi2CML6fRsByJC+3b9QO20RgAzRFkFYv28jABnSt\/sXaqctApAh2iII6\/dtBCBD+nb\/Qu20RQAyRFsEYf2+jQBkSN\/uX6idtghAhmiLIKzftxGADOnb\/Qu10xYByBBtEYT1+zYC\/w+YAZUH2K9kgAAAAABJRU5ErkJggg==' alt='' class='fr-fic fr-dii'><\/p>\n<p><span style='font-family: helvetica&comma; arial&comma; sans-serif;'>Total View es un medidor multifuncional de par\u00e1metros el\u00e9ctricos que permite visualizar y monitorear los valores instant\u00e1neos y caracter\u00edsticas de mayor utilidad de su sistema de distribuci\u00f3n el\u00e9ctrica; por ejemplo:<\/span><\/p>\n<p><span style='font-family: helvetica&comma; arial&comma; sans-serif;'>\u2022 Consumo el\u00e9ctrico.<\/span><\/p>\n<p><span style='font-family: helvetica&comma; arial&comma; sans-serif;'>\u2022 Factor de potencia.<\/span><\/p>\n<p><span style='font-family: helvetica&comma; arial&comma; sans-serif;'>\u2022 Distorsi\u00f3n arm\u00f3nica (THD).<\/span><\/p>\n<p><span style='font-family: helvetica&comma; arial&comma; sans-serif;'>\u2022 Tensi\u00f3n y corriente eficaz (True RMS).<\/span><\/p>\n<p><span style='font-family: helvetica&comma; arial&comma; sans-serif;'>\u2022 Potencia activa&comma; reactiva y aparente.<\/span><\/p>\n<p><span style='font-family: helvetica&comma; arial&comma; sans-serif;'>\u2022 Pr\u00e1cticamente todos los par\u00e1metros el\u00e9ctricos.<\/span><\/p>\n<\/p>\n<p><span style='font-size: 14pt;'><strong><span style='font-family: helvetica&comma; arial&comma; sans-serif;'>BENEFICIOS<\/span><\/strong><\/span><\/p>\n<p><span style='font-family: helvetica&comma; arial&comma; sans-serif;'>Cuenta con un puerto de comunicaci\u00f3n RS-485 con protocolo Modbus RTU; que acompa\u00f1ado del software de monitoreo el\u00e9ctrico Total Monitor permite generar reportes&comma; graficar par\u00e1metros&comma; activar alarmas en tiempo real&comma; exportar sus datos a hoja de c\u00e1lculo&comma; adem\u00e1s de registrar la informaci\u00f3n de inter\u00e9s en una base de datos para consultas hist\u00f3ricas.<\/span><\/p>\n<p><span style='font-family: helvetica&comma; arial&comma; sans-serif;'>De manera que todos los datos est\u00e1n disponibles para su proceso y an\u00e1lisis.<\/span><\/p>\n<p><span style='font-family: helvetica&comma; arial&comma; sans-serif;'>\u2022 Utilice Total View como un sistema de recopilaci\u00f3n de datos para sus instalaciones el\u00e9ctricas; conozca el consumo de cada uno de sus tableros el\u00e9ctricos e inclusive de cada uno de sus equipos&comma; eval\u00fae y tome decisiones de ahorro de energ\u00eda.<\/span><\/p><\/p>\n","protected":false},"excerpt":{"rendered":"<p>Medidor Multifuncional de Par\u00e1metros El\u00e9ctricos con Pantalla.<\/p>\n","protected":false},"featured_media":49489,"comment_status":"open","ping_status":"closed","template":"","meta":[],"product_brand":[],"product_cat":[1090],"product_tag":[1091,1088,635],"class_list":{"0":"post-49490","1":"product","2":"type-product","3":"status-publish","4":"has-post-thumbnail","6":"product_cat-accesorios-para-tierra-fisica","7":"product_tag-accesorios-para-tierra-fisica","8":"product_tag-calidad-de-la-energia","9":"product_tag-total-ground","11":"first","12":"outofstock","13":"sale","14":"shipping-taxable","15":"purchasable","16":"product-type-simple"},"_links":{"self":[{"href":"https:\/\/soydeaqui.ddns.net\/pachuca\/index.php\/wp-json\/wp\/v2\/product\/49490","targetHints":{"allow":["GET"]}}],"collection":[{"href":"https:\/\/soydeaqui.ddns.net\/pachuca\/index.php\/wp-json\/wp\/v2\/product"}],"about":[{"href":"https:\/\/soydeaqui.ddns.net\/pachuca\/index.php\/wp-json\/wp\/v2\/types\/product"}],"replies":[{"embeddable":true,"href":"https:\/\/soydeaqui.ddns.net\/pachuca\/index.php\/wp-json\/wp\/v2\/comments?post=49490"}],"wp:featuredmedia":[{"embeddable":true,"href":"https:\/\/soydeaqui.ddns.net\/pachuca\/index.php\/wp-json\/wp\/v2\/media\/49489"}],"wp:attachment":[{"href":"https:\/\/soydeaqui.ddns.net\/pachuca\/index.php\/wp-json\/wp\/v2\/media?parent=49490"}],"wp:term":[{"taxonomy":"product_brand","embeddable":true,"href":"https:\/\/soydeaqui.ddns.net\/pachuca\/index.php\/wp-json\/wp\/v2\/product_brand?post=49490"},{"taxonomy":"product_cat","embeddable":true,"href":"https:\/\/soydeaqui.ddns.net\/pachuca\/index.php\/wp-json\/wp\/v2\/product_cat?post=49490"},{"taxonomy":"product_tag","embeddable":true,"href":"https:\/\/soydeaqui.ddns.net\/pachuca\/index.php\/wp-json\/wp\/v2\/product_tag?post=49490"}],"curies":[{"name":"wp","href":"https:\/\/api.w.org\/{rel}","templated":true}]}}