{"id":49454,"date":"2026-03-18T22:09:15","date_gmt":"2026-03-18T22:09:15","guid":{"rendered":"https:\/\/soydeaqui.ddns.net\/pachuca\/index.php\/producto\/radiora2-adaptador-15-amp-modulo-on-off-para-electrodomesticos-compatible-con-ra2select-y-rr3\/"},"modified":"2026-03-18T22:09:23","modified_gmt":"2026-03-18T22:09:23","slug":"radiora2-adaptador-15-amp-modulo-on-off-para-electrodomesticos-compatible-con-ra2select-y-rr3","status":"publish","type":"product","link":"https:\/\/soydeaqui.ddns.net\/pachuca\/index.php\/producto\/radiora2-adaptador-15-amp-modulo-on-off-para-electrodomesticos-compatible-con-ra2select-y-rr3\/","title":{"rendered":"(RadioRA2) Adaptador 15 Amp, modulo on\/off. Para electrodom\u00e9sticos. compatible. con RA2Select y RR3."},"content":{"rendered":"<div style='width: 100%; max-width: 1200px; margin: 0 auto; font-family: sans-serif; line-height: 1.6; color: inherit;'>\n<div style='display: flex; flex-direction: column; gap: 20px;'> <a style='width: max-content; padding: 10px 20px; background-color: #007bff; color: white !important; text-decoration: none; border-radius: 4px; align-self: flex-start;' href='https:\/\/www.syscom.mx\/singlepage\/lutron_radiora' target='_blank' rel='noopener'>Ver Single Page<\/a> <\/p>\n<ul style='padding-left: 20px; font-size: 15px; color: inherit;'>\n<li style='margin-bottom: 5px;'><strong>Adaptador 15 Amp&comma; modulo de on\/off.<\/strong> Para electrodom\u00e9sticos o equipos electr\u00f3nicos que cumplan con las especificaciones.<\/li>\n<li style='margin-bottom: 5px;'>Integrelo al HUB RRSELREP2BL o al sistema de RadioRa2 RR-MAIN-REP.<\/li>\n<li style='margin-bottom: 5px;'>Controle la iluminaci\u00f3n de su casa desde una App instalada en su celular.<\/li>\n<\/ul>\n<div style='margin: 30px 0;'>\n<h3 style='font-size: 22px; border-bottom: 2px solid currentColor; padding-bottom: 5px; margin-top: 0; color: inherit; opacity: 0.8;'>\u00bfQu\u00e9 es RadioRA\u00ae 2?<\/h3>\n<p style='margin-top: 15px;'>RadioRA 2 es un sistema inal\u00e1mbrico de control total del hogar que permite el control conveniente e intuitivo de luces&comma; cortinas&comma; electrodom\u00e9sticos y temperatura en una habitaci\u00f3n sencilla o en una casa entera. Se instala con facilidad&comma; se programa con rapidez y se opera de manera confiable gracias a la Tecnolog\u00eda RF Clear Connect\u2122.<\/p>\n<\/p><\/div>\n<div style='margin: 30px 0;'>\n<h3 style='font-size: 22px; border-bottom: 2px solid currentColor; padding-bottom: 5px; margin-top: 0; color: inherit; opacity: 0.8;'>\u00bfCu\u00e1les son algunos de los beneficios?<\/h3>\n<div style='margin-top: 15px;'>\n<h4 style='margin-top: 0; color: inherit; opacity: 0.9;'><strong>Ahorra energ\u00eda<\/strong><\/h4>\n<p style='margin-top: 8px;'>Los propietarios de hoy quieren reducir los costos&comma; tener seguridad y proteger el planeta.<br \/>Con RadioRA 2&comma; pueden lograr ambos objetivos.<\/p>\n<\/p><\/div>\n<div style='margin-top: 15px;'>\n<h4 style='margin-top: 0; color: inherit; opacity: 0.9;'><strong>Integraci\u00f3n abierta con terceros<\/strong><\/h4>\n<ul style='padding-left: 20px; margin-top: 8px; font-size: 14px; color: inherit;'>\n<li style='margin-bottom: 5px;'>M\u00e1n\u00e9jelo con controles remotos&comma; sistemas de automatizaci\u00f3n del hogar&comma; dispositivos m\u00f3viles y m\u00e1s; todo desde un repetidor. El protocolo de integraci\u00f3n p\u00fablica con RS232 o IP.<\/li>\n<\/ul><\/div>\n<div style='margin-top: 15px;'>\n<h4 style='margin-top: 0; color: inherit; opacity: 0.9;'><strong>F\u00e1cil de instalar y programar<\/strong><\/h4>\n<ul style='padding-left: 20px; margin-top: 8px; font-size: 14px; color: inherit;'>\n<li style='margin-bottom: 5px;'>La configuraci\u00f3n por computadora ahorra tiempo durante el dise\u00f1o y la programaci\u00f3n.<\/li>\n<li style='margin-bottom: 5px;'>Para aplicaciones sencillas&comma; la configuraci\u00f3n mediante la botonera no requiere de una computadora.<\/li>\n<\/ul><\/div>\n<div style='margin-top: 15px;'>\n<h4 style='margin-top: 0; color: inherit; opacity: 0.9;'><strong>Flexible&comma; expandible y confiable<\/strong><\/h4>\n<ul style='padding-left: 20px; margin-top: 8px; font-size: 14px; color: inherit;'>\n<li style='margin-bottom: 5px;'>Elija entre una variedad de componentes inal\u00e1mbricos para personalizar un sistema que quepa en cualquier espacio soporte de 2 a 200 dispositivos.<\/li>\n<\/ul><\/div>\n<p> <a style='width: max-content; padding: 10px 20px; background-color: #007bff; color: white !important; text-decoration: none; border-radius: 4px; margin-top: 20px; align-self: flex-start;' href='https:\/\/www.syscom.mx\/singlepage\/lutron_radiora' target='_blank' rel='noopener'>Ver Single Page<\/a> <img style='width: 100%; height: auto; border: 1px solid rgba(150&comma;150&comma;150&comma;0.3); border-radius: 8px; margin-top: 20px;' src='http:\/\/ftp3.syscom.mx\/usuarios\/yhermosillo\/LUTRON\/RadioRa2\/SystemOverview.jpg' alt='' \/> <\/div>\n<\/p><\/div>\n<\/p><\/div>\n","protected":false},"excerpt":{"rendered":"<p>(RadioRA2) Adaptador 15 Amp, modulo on\/off. Para electrodom\u00e9sticos. compatible. con RA2Select y RR3.<\/p>\n","protected":false},"featured_media":49453,"comment_status":"open","ping_status":"closed","template":"","meta":[],"product_brand":[],"product_cat":[34],"product_tag":[30,35,36],"class_list":{"0":"post-49454","1":"product","2":"type-product","3":"status-publish","4":"has-post-thumbnail","6":"product_cat-lutron","7":"product_tag-automatizacion-casa-inteligente","8":"product_tag-lutron","9":"product_tag-lutron-electronics","11":"first","12":"instock","13":"sale","14":"shipping-taxable","15":"purchasable","16":"product-type-simple"},"_links":{"self":[{"href":"https:\/\/soydeaqui.ddns.net\/pachuca\/index.php\/wp-json\/wp\/v2\/product\/49454","targetHints":{"allow":["GET"]}}],"collection":[{"href":"https:\/\/soydeaqui.ddns.net\/pachuca\/index.php\/wp-json\/wp\/v2\/product"}],"about":[{"href":"https:\/\/soydeaqui.ddns.net\/pachuca\/index.php\/wp-json\/wp\/v2\/types\/product"}],"replies":[{"embeddable":true,"href":"https:\/\/soydeaqui.ddns.net\/pachuca\/index.php\/wp-json\/wp\/v2\/comments?post=49454"}],"wp:featuredmedia":[{"embeddable":true,"href":"https:\/\/soydeaqui.ddns.net\/pachuca\/index.php\/wp-json\/wp\/v2\/media\/49453"}],"wp:attachment":[{"href":"https:\/\/soydeaqui.ddns.net\/pachuca\/index.php\/wp-json\/wp\/v2\/media?parent=49454"}],"wp:term":[{"taxonomy":"product_brand","embeddable":true,"href":"https:\/\/soydeaqui.ddns.net\/pachuca\/index.php\/wp-json\/wp\/v2\/product_brand?post=49454"},{"taxonomy":"product_cat","embeddable":true,"href":"https:\/\/soydeaqui.ddns.net\/pachuca\/index.php\/wp-json\/wp\/v2\/product_cat?post=49454"},{"taxonomy":"product_tag","embeddable":true,"href":"https:\/\/soydeaqui.ddns.net\/pachuca\/index.php\/wp-json\/wp\/v2\/product_tag?post=49454"}],"curies":[{"name":"wp","href":"https:\/\/api.w.org\/{rel}","templated":true}]}}