{"id":49452,"date":"2026-03-18T22:09:12","date_gmt":"2026-03-18T22:09:12","guid":{"rendered":"https:\/\/soydeaqui.ddns.net\/pachuca\/index.php\/producto\/kit-de-pararrayo-con-punta-de-acero-inoxidable-con-diametro-de-proteccion-de-200-metros\/"},"modified":"2026-03-18T22:09:13","modified_gmt":"2026-03-18T22:09:13","slug":"kit-de-pararrayo-con-punta-de-acero-inoxidable-con-diametro-de-proteccion-de-200-metros","status":"publish","type":"product","link":"https:\/\/soydeaqui.ddns.net\/pachuca\/index.php\/producto\/kit-de-pararrayo-con-punta-de-acero-inoxidable-con-diametro-de-proteccion-de-200-metros\/","title":{"rendered":"Kit de Pararrayo con Punta de Acero inoxidable, con Di\u00e1metro de Protecci\u00f3n de 200 metros."},"content":{"rendered":"<div style='width: 100%; max-width: 1200px; margin: 0 auto; font-family: sans-serif; line-height: 1.6; color: inherit; background-color: transparent;'> <!-- Imagen principal --> <\/p>\n<div style='margin-bottom: 30px;'> <img style='width: 100%; height: auto; border: 1px solid rgba(150&comma;150&comma;150&comma;0.3); border-radius: 8px;' src='https:\/\/ftp3.syscom.mx\/usuarios\/fotos\/KDALU\/76017-total_ground.jpg' alt=''> <\/div>\n<p> <!-- Descripci\u00f3n principal --> <\/p>\n<div style='margin-bottom: 30px;'>\n<p style='font-size: 15px; margin-bottom: 15px; color: inherit;'>El sistema de pararrayos <strong style='color: inherit;'>KDA-03INOX<\/strong> es un sistema de protecci\u00f3n contra tormentas el\u00e9ctricas (SPTE). Sirve para interceptar&comma; conducir y disipar la corriente del rayo y de elementos internos mediante uniones&comma; blindaje y puesta a tierra. El objetivo de un SPTE es reducir el riesgo de da\u00f1o tanto para las personas y otros seres vivos&comma; as\u00ed como estructuras&comma; edificios y su contenido.<\/p>\n<p style='font-size: 15px; margin-bottom: 15px; color: inherit;'> <span style='color: #c0392b;'><strong style='color: inherit;'>Ofrece 200 m de di\u00e1metro de protecci\u00f3n.<\/strong><\/span> <\/p>\n<\/p><\/div>\n<p> <!-- Componentes incluidos --> <\/p>\n<div style='margin-bottom: 30px;'>\n<h3 style='font-size: 22px; border-bottom: 2px solid currentColor; padding-bottom: 5px; margin-top: 0; color: inherit; opacity: 0.8;'>Incluye los siguientes componentes:<\/h3>\n<div style='display: flex; flex-wrap: wrap; gap: 15px; margin-top: 15px;'>\n<div style='flex: 1 1 250px; border: 1px solid rgba(150&comma;150&comma;150&comma;0.4); border-radius: 8px; overflow: hidden;'>\n<div style='padding: 15px; border-bottom: 1px solid rgba(150&comma;150&comma;150&comma;0.2); font-weight: bold; font-size: 18px; color: inherit;'>KDA03PUNTA<\/div>\n<div style='padding: 15px; color: inherit;'>\n<p style='font-size: 14px; margin: 5px 0; color: inherit;'>Punta pararayos KDA03 de Acero Inoxidable para protecci\u00f3n de 100 m de radio (sin venta individual).<\/p>\n<\/p><\/div>\n<\/p><\/div>\n<div style='flex: 1 1 250px; border: 1px solid rgba(150&comma;150&comma;150&comma;0.4); border-radius: 8px; overflow: hidden;'>\n<div style='padding: 15px; border-bottom: 1px solid rgba(150&comma;150&comma;150&comma;0.2); font-weight: bold; font-size: 18px; color: inherit;'>M\u00c1STIL<\/div>\n<div style='padding: 15px; color: inherit;'>\n<p style='font-size: 14px; margin: 5px 0; color: inherit;'>M\u00e1stil de 1.2 m de longitud de acero Inoxidable<\/p>\n<\/p><\/div>\n<\/p><\/div>\n<div style='flex: 1 1 250px; border: 1px solid rgba(150&comma;150&comma;150&comma;0.4); border-radius: 8px; overflow: hidden;'>\n<div style='padding: 15px; border-bottom: 1px solid rgba(150&comma;150&comma;150&comma;0.2); font-weight: bold; font-size: 18px; color: inherit;'>TG700<\/div>\n<div style='padding: 15px; color: inherit;'>\n<p style='font-size: 14px; margin: 5px 0; color: inherit;'>Electrodo de 700 A Fabricado en Cobre.<\/p>\n<p style='font-size: 14px; margin: 5px 0; color: inherit;'>4 Sacos de 11 Kg de mejorador de suelo (H2OHM).<\/p>\n<p style='font-size: 14px; margin: 5px 0; color: inherit;'>Acoplador TGC02<\/p>\n<\/p><\/div>\n<\/p><\/div>\n<\/p><\/div>\n<\/p><\/div>\n<p> <!-- Accesorios complementarios --> <\/p>\n<div style='margin-bottom: 30px;'>\n<h3 style='font-size: 22px; border-bottom: 2px solid currentColor; padding-bottom: 5px; margin-top: 0; color: inherit; opacity: 0.8;'>Accesorios complementarios (No incluido):<\/h3>\n<div style='display: flex; flex-wrap: wrap; gap: 15px; margin-top: 15px;'>\n<div style='flex: 1 1 250px; border: 1px solid rgba(150&comma;150&comma;150&comma;0.4); border-radius: 8px; overflow: hidden;'>\n<div style='padding: 15px; border-bottom: 1px solid rgba(150&comma;150&comma;150&comma;0.2); font-weight: bold; font-size: 18px; color: inherit;'>S1010<\/div>\n<div style='padding: 15px; color: inherit;'>\n<p style='font-size: 14px; margin: 5px 0; color: inherit;'>Registro para electrodo.<\/p>\n<\/p><\/div>\n<\/p><\/div>\n<div style='flex: 1 1 250px; border: 1px solid rgba(150&comma;150&comma;150&comma;0.4); border-radius: 8px; overflow: hidden;'>\n<div style='padding: 15px; border-bottom: 1px solid rgba(150&comma;150&comma;150&comma;0.2); font-weight: bold; font-size: 18px; color: inherit;'>ANTIOX<\/div>\n<div style='padding: 15px; color: inherit;'>\n<p style='font-size: 14px; margin: 5px 0; color: inherit;'>Spray protector para conectores.<\/p>\n<\/p><\/div>\n<\/p><\/div>\n<div style='flex: 1 1 250px; border: 1px solid rgba(150&comma;150&comma;150&comma;0.4); border-radius: 8px; overflow: hidden;'>\n<div style='padding: 15px; border-bottom: 1px solid rgba(150&comma;150&comma;150&comma;0.2); font-weight: bold; font-size: 18px; color: inherit;'>TGCR14<\/div>\n<div style='padding: 15px; color: inherit;'>\n<p style='font-size: 14px; margin: 5px 0; color: inherit;'>Conector de Bronce.<\/p>\n<\/p><\/div>\n<\/p><\/div>\n<div style='flex: 1 1 250px; border: 1px solid rgba(150&comma;150&comma;150&comma;0.4); border-radius: 8px; overflow: hidden;'>\n<div style='padding: 15px; border-bottom: 1px solid rgba(150&comma;150&comma;150&comma;0.2); font-weight: bold; font-size: 18px; color: inherit;'>TGAB21<\/div>\n<div style='padding: 15px; color: inherit;'>\n<p style='font-size: 14px; margin: 5px 0; color: inherit;'>Conector de varilla.<\/p>\n<\/p><\/div>\n<\/p><\/div>\n<div style='flex: 1 1 250px; border: 1px solid rgba(150&comma;150&comma;150&comma;0.4); border-radius: 8px; overflow: hidden;'>\n<div style='padding: 15px; border-bottom: 1px solid rgba(150&comma;150&comma;150&comma;0.2); font-weight: bold; font-size: 18px; color: inherit;'>SLY349BLK<\/div>\n<div style='padding: 15px; color: inherit;'>\n<p style='font-size: 14px; margin: 5px 0; color: inherit;'>Cable de Cobre Recubierto THW-LS Calibre 4\/0 AWG.<\/p>\n<\/p><\/div>\n<\/p><\/div>\n<div style='flex: 1 1 250px; border: 1px solid rgba(150&comma;150&comma;150&comma;0.4); border-radius: 8px; overflow: hidden;'>\n<div style='padding: 15px; border-bottom: 1px solid rgba(150&comma;150&comma;150&comma;0.2); font-weight: bold; font-size: 18px; color: inherit;'>SMMK4 o SMMK4E<\/div>\n<div style='padding: 15px; color: inherit;'>\n<p style='font-size: 14px; margin: 5px 0; color: inherit;'>Herraje Adaptador de M\u00e1stil para Di\u00e1metros desde 3\/4&#8242; hasta 2-1\/4.<\/p>\n<\/p><\/div>\n<\/p><\/div>\n<div style='flex: 1 1 250px; border: 1px solid rgba(150&comma;150&comma;150&comma;0.4); border-radius: 8px; overflow: hidden;'>\n<div style='padding: 15px; border-bottom: 1px solid rgba(150&comma;150&comma;150&comma;0.2); font-weight: bold; font-size: 18px; color: inherit;'>TGCDA<\/div>\n<div style='padding: 15px; color: inherit;'>\n<p style='font-size: 14px; margin: 5px 0; color: inherit;'>Contador de Descargas Atmosf\u00e9ricas.<\/p>\n<\/p><\/div>\n<\/p><\/div>\n<div style='flex: 1 1 250px; border: 1px solid rgba(150&comma;150&comma;150&comma;0.4); border-radius: 8px; overflow: hidden;'>\n<div style='padding: 15px; border-bottom: 1px solid rgba(150&comma;150&comma;150&comma;0.2); font-weight: bold; font-size: 18px; color: inherit;'>TGAC o TGAC114<\/div>\n<div style='padding: 15px; color: inherit;'>\n<p style='font-size: 14px; margin: 5px 0; color: inherit;'>Aislador para cable de bajada.<\/p>\n<\/p><\/div>\n<\/p><\/div>\n<div style='flex: 1 1 250px; border: 1px solid rgba(150&comma;150&comma;150&comma;0.4); border-radius: 8px; overflow: hidden;'>\n<div style='padding: 15px; border-bottom: 1px solid rgba(150&comma;150&comma;150&comma;0.2); font-weight: bold; font-size: 18px; color: inherit;'>SLMBA8G<\/div>\n<div style='padding: 15px; color: inherit;'>\n<p style='font-size: 14px; margin: 5px 0; color: inherit;'>Base para M\u00e1stil con Ajuste de \u00c1ngulo. Di\u00e1metros de Mastil: 1&#8242; a 2&#8242;<\/p>\n<\/p><\/div>\n<\/p><\/div>\n<div style='flex: 1 1 250px; border: 1px solid rgba(150&comma;150&comma;150&comma;0.4); border-radius: 8px; overflow: hidden;'>\n<div style='padding: 15px; border-bottom: 1px solid rgba(150&comma;150&comma;150&comma;0.2); font-weight: bold; font-size: 18px; color: inherit;'>SM-ALU-3&comma; SM-ALU-2 o SM-ALU-6<\/div>\n<div style='padding: 15px; color: inherit;'>\n<p style='font-size: 14px; margin: 5px 0; color: inherit;'>M\u00e1stil de Aluminio Natural 2&#8242; de Di\u00e1metro&comma; Calibre 18. Altura: 2&comma; 3 o 6 m.<\/p>\n<\/p><\/div>\n<\/p><\/div>\n<\/p><\/div>\n<\/p><\/div>\n<p> <!-- Descripci\u00f3n t\u00e9cnica --> <\/p>\n<div style='margin-bottom: 30px;'>\n<h3 style='font-size: 22px; border-bottom: 2px solid currentColor; padding-bottom: 5px; margin-top: 0; color: inherit; opacity: 0.8;'>Descripcion de Punta KDA03INOX<\/h3>\n<p style='font-size: 15px; margin-bottom: 15px; color: inherit;'>Punta captadora de rayos y conductora&comma; forma parte de un sistema de protecci\u00f3n externo contra tormentas el\u00e9ctricas (SEPTE)&comma; para reducir el riesgo de da\u00f1o que puede provocar un rayo.<\/p>\n<p style='font-size: 15px; margin-bottom: 15px; color: inherit;'>Busca reducir la incidencia de caida hasta un 95% debido a su funcionamiento magnetoactivo.<\/p>\n<p style='font-size: 15px; margin-bottom: 15px; color: inherit;'>Se recomienda tomar en cuenta la <span style='color: #c0392b;'><strong style='color: inherit;'>Norma NMX-J-549-ANCE-2005<\/strong><\/span> que sugiere que un sistema de protecci\u00f3n contra tormentas el\u00e9ctricas (SPTE) debe contar con un sistema interno de protecci\u00f3n contra tormentas el\u00e9ctricas (SIPTE) y otro externo de protecci\u00f3n contra tormentas el\u00e9ctricas (SEPTE).<\/p>\n<p style='font-size: 15px; margin-bottom: 15px; color: inherit;'>La punta <strong style='color: inherit;'>KDA-03INOX<\/strong> forma parte de la protecci\u00f3n externa&comma; mientras que la parte interna corresponde a los supresores de picos transitorios (SSTT) marca Suprector de TOTAL GROUND.<\/p>\n<\/p><\/div>\n<p> <!-- Imagen detallada --> <\/p>\n<div style='margin-bottom: 30px;'> <img style='width: 100%; height: auto; border: 1px solid rgba(150&comma;150&comma;150&comma;0.3); border-radius: 8px;' src='https:\/\/ftp3.syscom.mx\/usuarios\/fotos\/KDALU\/76017-kdadetalles.jpg' alt=''> <\/div>\n<p> <!-- Separador final --> <\/p>\n<hr style='border: 0; border-top: 1px solid rgba(150&comma;150&comma;150&comma;0.3); margin: 30px 0;'> <\/div>\n","protected":false},"excerpt":{"rendered":"<p>Kit de Pararrayo con Punta de Acero inoxidable, con Di\u00e1metro de Protecci\u00f3n de 200 metros.<\/p>\n","protected":false},"featured_media":49451,"comment_status":"open","ping_status":"closed","template":"","meta":[],"product_brand":[],"product_cat":[1161],"product_tag":[1088,1162,635],"class_list":{"0":"post-49452","1":"product","2":"type-product","3":"status-publish","4":"has-post-thumbnail","6":"product_cat-pararrayos","7":"product_tag-calidad-de-la-energia","8":"product_tag-pararrayos","9":"product_tag-total-ground","11":"first","12":"outofstock","13":"sale","14":"shipping-taxable","15":"purchasable","16":"product-type-simple"},"_links":{"self":[{"href":"https:\/\/soydeaqui.ddns.net\/pachuca\/index.php\/wp-json\/wp\/v2\/product\/49452","targetHints":{"allow":["GET"]}}],"collection":[{"href":"https:\/\/soydeaqui.ddns.net\/pachuca\/index.php\/wp-json\/wp\/v2\/product"}],"about":[{"href":"https:\/\/soydeaqui.ddns.net\/pachuca\/index.php\/wp-json\/wp\/v2\/types\/product"}],"replies":[{"embeddable":true,"href":"https:\/\/soydeaqui.ddns.net\/pachuca\/index.php\/wp-json\/wp\/v2\/comments?post=49452"}],"wp:featuredmedia":[{"embeddable":true,"href":"https:\/\/soydeaqui.ddns.net\/pachuca\/index.php\/wp-json\/wp\/v2\/media\/49451"}],"wp:attachment":[{"href":"https:\/\/soydeaqui.ddns.net\/pachuca\/index.php\/wp-json\/wp\/v2\/media?parent=49452"}],"wp:term":[{"taxonomy":"product_brand","embeddable":true,"href":"https:\/\/soydeaqui.ddns.net\/pachuca\/index.php\/wp-json\/wp\/v2\/product_brand?post=49452"},{"taxonomy":"product_cat","embeddable":true,"href":"https:\/\/soydeaqui.ddns.net\/pachuca\/index.php\/wp-json\/wp\/v2\/product_cat?post=49452"},{"taxonomy":"product_tag","embeddable":true,"href":"https:\/\/soydeaqui.ddns.net\/pachuca\/index.php\/wp-json\/wp\/v2\/product_tag?post=49452"}],"curies":[{"name":"wp","href":"https:\/\/api.w.org\/{rel}","templated":true}]}}