{"id":49417,"date":"2026-03-18T22:08:15","date_gmt":"2026-03-18T22:08:15","guid":{"rendered":"https:\/\/soydeaqui.ddns.net\/pachuca\/index.php\/producto\/set-de-2-cuchillos-santoku-wood-de-mango-de-madera-palissandro-victorinox-la-combinacion-ideal-para-la-cocina\/"},"modified":"2026-03-18T22:08:16","modified_gmt":"2026-03-18T22:08:16","slug":"set-de-2-cuchillos-santoku-wood-de-mango-de-madera-palissandro-victorinox-la-combinacion-ideal-para-la-cocina","status":"publish","type":"product","link":"https:\/\/soydeaqui.ddns.net\/pachuca\/index.php\/producto\/set-de-2-cuchillos-santoku-wood-de-mango-de-madera-palissandro-victorinox-la-combinacion-ideal-para-la-cocina\/","title":{"rendered":"Set de 2 Cuchillos Santoku Wood de Mango de Madera Palissandro Victorinox. La combinaci\u00f3n Ideal para La Cocina."},"content":{"rendered":"<div style='width: 100%; max-width: 1200px; margin: 0 auto; font-family: sans-serif; line-height: 1.6; color: inherit; background-color: transparent;'>\n<div style='display: flex; justify-content: center; margin-bottom: 20px;'> <img style='width: 100%; max-width: 300px; height: auto; border: 1px solid rgba(150&comma;150&comma;150&comma;0.3); border-radius: 8px;' src='https:\/\/ftp3.syscom.mx\/usuarios\/fotos\/30163801\/170463-victorinox.png' alt=''> <\/div>\n<div style='display: flex; flex-wrap: wrap; gap: 30px; margin-bottom: 30px;'>\n<div style='flex: 1 1 300px; min-width: 280px;'>\n<h3 style='font-size: 22px; border-bottom: 2px solid currentColor; padding-bottom: 5px; margin-top: 0; color: inherit; opacity: 0.8;'>Caracter\u00edsticas Principales<\/h3>\n<ul style='padding-left: 20px; font-size: 15px; color: inherit;'>\n<li style='margin-bottom: 5px;'>La combinaci\u00f3n ideal para la cocina diaria.<\/li>\n<li style='margin-bottom: 5px;'>Hoja de acero inoxidable.<\/li>\n<li style='margin-bottom: 5px;'>Rigurosa presici\u00f3n y s\u00f3lida esencia culinaria.<\/li>\n<li style='margin-bottom: 5px;'>Mango ergon\u00f3mico elaborado de madera.<\/li>\n<\/ul><\/div>\n<div style='flex: 1 1 300px; min-width: 280px;'>\n<h3 style='font-size: 22px; border-bottom: 2px solid currentColor; padding-bottom: 5px; margin-top: 0; color: inherit; opacity: 0.8;'>Caracter\u00edsticas F\u00edsicas Santoku Wood 6.8500.17G<\/h3>\n<ul style='padding-left: 20px; font-size: 15px; color: inherit;'>\n<li style='margin-bottom: 5px;'>Material hoja de acero inoxidable&comma; 17 cm.<\/li>\n<li style='margin-bottom: 5px;'>Material mango maple modificado color caf\u00e9<\/li>\n<li style='margin-bottom: 5px;'>Filo con corte recto de fabriaci\u00f3n Suiza.<\/li>\n<li style='margin-bottom: 5px;'>Medidas: Alto 14mm | Largo 292mm | Ancho 46mm.<\/li>\n<li style='margin-bottom: 5px;'>Peso 0.103 Kg.<\/li>\n<\/ul><\/div>\n<div style='flex: 1 1 300px; min-width: 280px;'>\n<h3 style='font-size: 22px; border-bottom: 2px solid currentColor; padding-bottom: 5px; margin-top: 0; color: inherit; opacity: 0.8;'>Caracter\u00edsticas F\u00edsicas Santoku Wood 6.8520.17G<\/h3>\n<ul style='padding-left: 20px; font-size: 15px; color: inherit;'>\n<li style='margin-bottom: 5px;'>Material hoja de acero inoxidable&comma; 17 cm.<\/li>\n<li style='margin-bottom: 5px;'>Material mango pino modificado color caf\u00e9<\/li>\n<li style='margin-bottom: 5px;'>Filo con alv\u00e9olos de fabricaci\u00f3n Suiza<\/li>\n<li style='margin-bottom: 5px;'>Medidas: Alto 14mm | Largo 292mm | Ancho 46mm.<\/li>\n<li style='margin-bottom: 5px;'>Peso 0.103 Kg.<\/li>\n<\/ul><\/div>\n<\/p><\/div>\n<div style='display: flex; flex-wrap: wrap; gap: 30px; margin-bottom: 30px;'>\n<div style='flex: 1 1 300px; min-width: 280px;'>\n<h3 style='font-size: 22px; border-bottom: 2px solid currentColor; padding-bottom: 5px; margin-top: 0; color: inherit; opacity: 0.8;'>Caracter\u00edsticas del mango<\/h3>\n<p style='font-size: 15px; color: inherit;'>El palisandro es una madera muy resistente&comma; y por ello resulta ideal para la fabricaci\u00f3n de mangos de cuchillos. Los mangos de nuestra serie Rosewood son sometidos a un cuidadoso pulido manual. Se obtiene as\u00ed una superficie sedosa&comma; muy agradable al tacto y que confiere a los cuchillos una elegancia natural.<\/p>\n<\/p><\/div>\n<\/p><\/div>\n<hr style='border: 0; border-top: 1px solid rgba(150&comma; 150&comma; 150&comma; 0.3); margin: 30px 0;'>\n<div style='display: flex; flex-wrap: wrap; gap: 30px; margin-bottom: 30px;'>\n<div style='flex: 1 1 300px; min-width: 280px;'>\n<h3 style='font-size: 22px; border-bottom: 2px solid currentColor; padding-bottom: 5px; margin-top: 0; color: inherit; opacity: 0.8;'>Pol\u00edtica de Garant\u00eda<\/h3>\n<p style='font-size: 15px; color: inherit;'>SYSCOM se apega a las pol\u00edticas de garant\u00eda de cada proveedor de la marca y\/o f\u00e1brica. La cobertura de garant\u00eda por defecto de f\u00e1brica y\/o mal funcionamiento es de 90 d\u00edas con Syscom. Posterior a este periodo&comma; la garant\u00eda es directa con el fabricante. En quebraduras&comma; da\u00f1os f\u00edsicos de equipo y\/o empaque da\u00f1ado&comma; reportarlo dentro de las 24 horas posteriores a la fecha de recepci\u00f3n para el reclamo a paqueter\u00eda.<\/p>\n<p style='font-size: 15px; color: inherit;'><a href='http:\/\/soporte.syscom.mx\/syscom-mx\/bases-alta-fidelidad'>Consulte las bases&comma; *2<\/a><\/p>\n<\/p><\/div>\n<\/p><\/div>\n<\/p><\/div>\n","protected":false},"excerpt":{"rendered":"<p>Set de 2 Cuchillos Santoku Wood de Mango de Madera Palissandro Victorinox. La combinaci\u00f3n Ideal para La Cocina.<\/p>\n","protected":false},"featured_media":49416,"comment_status":"open","ping_status":"closed","template":"","meta":[],"product_brand":[],"product_cat":[1138],"product_tag":[1058,1139,1135],"class_list":{"0":"post-49417","1":"product","2":"type-product","3":"status-publish","4":"has-post-thumbnail","6":"product_cat-herramientas-mecanicas","7":"product_tag-ferreteria","8":"product_tag-herramientas-mecanicas","9":"product_tag-victorinox","11":"first","12":"instock","13":"sale","14":"shipping-taxable","15":"purchasable","16":"product-type-simple"},"_links":{"self":[{"href":"https:\/\/soydeaqui.ddns.net\/pachuca\/index.php\/wp-json\/wp\/v2\/product\/49417","targetHints":{"allow":["GET"]}}],"collection":[{"href":"https:\/\/soydeaqui.ddns.net\/pachuca\/index.php\/wp-json\/wp\/v2\/product"}],"about":[{"href":"https:\/\/soydeaqui.ddns.net\/pachuca\/index.php\/wp-json\/wp\/v2\/types\/product"}],"replies":[{"embeddable":true,"href":"https:\/\/soydeaqui.ddns.net\/pachuca\/index.php\/wp-json\/wp\/v2\/comments?post=49417"}],"wp:featuredmedia":[{"embeddable":true,"href":"https:\/\/soydeaqui.ddns.net\/pachuca\/index.php\/wp-json\/wp\/v2\/media\/49416"}],"wp:attachment":[{"href":"https:\/\/soydeaqui.ddns.net\/pachuca\/index.php\/wp-json\/wp\/v2\/media?parent=49417"}],"wp:term":[{"taxonomy":"product_brand","embeddable":true,"href":"https:\/\/soydeaqui.ddns.net\/pachuca\/index.php\/wp-json\/wp\/v2\/product_brand?post=49417"},{"taxonomy":"product_cat","embeddable":true,"href":"https:\/\/soydeaqui.ddns.net\/pachuca\/index.php\/wp-json\/wp\/v2\/product_cat?post=49417"},{"taxonomy":"product_tag","embeddable":true,"href":"https:\/\/soydeaqui.ddns.net\/pachuca\/index.php\/wp-json\/wp\/v2\/product_tag?post=49417"}],"curies":[{"name":"wp","href":"https:\/\/api.w.org\/{rel}","templated":true}]}}