{"id":49403,"date":"2026-03-18T22:07:51","date_gmt":"2026-03-18T22:07:51","guid":{"rendered":"https:\/\/soydeaqui.ddns.net\/pachuca\/index.php\/producto\/cuchillo-santoku-wood-de-17-cm-filo-con-alveolos-estilo-japones\/"},"modified":"2026-03-18T22:08:00","modified_gmt":"2026-03-18T22:08:00","slug":"cuchillo-santoku-wood-de-17-cm-filo-con-alveolos-estilo-japones","status":"publish","type":"product","link":"https:\/\/soydeaqui.ddns.net\/pachuca\/index.php\/producto\/cuchillo-santoku-wood-de-17-cm-filo-con-alveolos-estilo-japones\/","title":{"rendered":"Cuchillo Santoku Wood de 17 cm, Filo con Alv\u00e9olos Estilo Japon\u00e9s."},"content":{"rendered":"<div style='width: 100%; max-width: 1200px; margin: 0 auto; font-family: sans-serif; line-height: 1.6; color: inherit; background-color: transparent;'> <!-- Imagen principal --> <\/p>\n<div style='width: 100%; margin: 20px 0;'> <img style='width: 100%; height: auto; border: 1px solid rgba(150&comma;150&comma;150&comma;0.3); border-radius: 8px;' src='https:\/\/ftp3.syscom.mx\/usuarios\/fotos\/30163801\/170463-victorinox.png' alt=''> <\/div>\n<p> <!-- Secci\u00f3n de caracter\u00edsticas --> <\/p>\n<div style='display: flex; flex-wrap: wrap; gap: 30px; margin-bottom: 30px;'>\n<div style='flex: 1 1 300px; min-width: 280px;'>\n<h3 style='font-size: 22px; border-bottom: 2px solid currentColor; padding-bottom: 5px; margin-top: 0; color: inherit; opacity: 0.8;'>Caracter\u00edsticas Principales:<\/h3>\n<ul style='padding-left: 20px; font-size: 15px; color: inherit;'>\n<li style='margin-bottom: 5px;'>La combinaci\u00f3n ideal para la cocina diaria.<\/li>\n<li style='margin-bottom: 5px;'>Filo con alv\u00e9olos de fabriaci\u00f3n Suiza.<\/li>\n<li style='margin-bottom: 5px;'>Hoja de acero inoxidable.<\/li>\n<li style='margin-bottom: 5px;'>Mango ergon\u00f3mico elaborado de madera.<\/li>\n<\/ul><\/div>\n<div style='flex: 1 1 300px; min-width: 280px;'>\n<h3 style='font-size: 22px; border-bottom: 2px solid currentColor; padding-bottom: 5px; margin-top: 0; color: inherit; opacity: 0.8;'>Caracter\u00edsticas F\u00edsicas:<\/h3>\n<ul style='padding-left: 20px; font-size: 15px; color: inherit;'>\n<li style='margin-bottom: 5px;'>Material hoja de acero inoxidable&comma; 17 cm.<\/li>\n<li style='margin-bottom: 5px;'>Material mango pino modificado color caf\u00e9<\/li>\n<li style='margin-bottom: 5px;'>Medidas: Alto 14mm | Largo 292mm | Ancho 46mm.<\/li>\n<li style='margin-bottom: 5px;'>Peso 0.103 Kg.<\/li>\n<\/ul><\/div>\n<div style='flex: 1 1 300px; min-width: 280px;'>\n<h3 style='font-size: 22px; border-bottom: 2px solid currentColor; padding-bottom: 5px; margin-top: 0; color: inherit; opacity: 0.8;'>Caracter\u00edsticas Destacadas:<\/h3>\n<ul style='padding-left: 20px; font-size: 15px; color: inherit;'>\n<li style='margin-bottom: 5px;'>Rigurosa precisi\u00f3n y s\u00f3lida esencia culinaria.<\/li>\n<li style='margin-bottom: 5px;'>Su nombre proviene de la traducci\u00f3n &#8216;cuchillo de 3 virtudes&#8217;<\/li>\n<li style='margin-bottom: 5px;'>Realiza facilmente cortes en carne&comma; pescado&comma; fruta y verdura.<\/li>\n<li style='margin-bottom: 5px;'>Calidez y elegancia en el mango<\/li>\n<\/ul><\/div>\n<\/p><\/div>\n<p> <!-- Separador --> <\/p>\n<hr style='border: 0; border-top: 1px solid rgba(150&comma; 150&comma; 150&comma; 0.3); margin: 30px 0;'> <!-- Descripci\u00f3n extendida --> <\/p>\n<div style='margin: 30px 0;'>\n<div style='width: 100%; margin: 20px 0;'> <img style='width: 100%; height: auto; border: 1px solid rgba(150&comma;150&comma;150&comma;0.3); border-radius: 8px;' src='https:\/\/m.media-amazon.com\/images\/I\/91OyOVZfoJL._AC_SL1500_.jpg' alt=''> <\/div>\n<p style='font-size: 18px; color: inherit; margin: 20px 0;'><strong><span style='color: #c0392b;'>&#8211; Cuchillo Santoku Wood con Filo con Alv\u00e9olos&comma; no Querr\u00e1s Dejarlo<\/span><\/strong><\/p>\n<p style='font-size: 16px; color: inherit; margin: 20px 0;'><strong>\u00a1Donde la forma y la funci\u00f3n perfectas se fusionan!<\/strong><\/p>\n<p style='font-size: 16px; color: inherit; margin: 20px 0;'>El cuchillo Santoku Wood de 17 cm con filo con alv\u00e9olos est\u00e1 inspirado en los cuchillos de cocina japoneses&comma; reconocidos en todo el mundo por su rigurosa precisi\u00f3n y su s\u00f3lida esencia culinaria. Su nombre proviene de la traducci\u00f3n de \u201ccuchillo de tres virtudes\u201d y cumple las expectativas con maestr\u00eda multifuncional. A esto s\u00famale la calidez y la elegancia del mango de madera&comma; y realizar\u00e1s f\u00e1cilmente cortes en carne&comma; pescado&comma; frutas y verduras con la misma fineza.<\/p>\n<\/p><\/div>\n<p> <!-- Secci\u00f3n de garant\u00eda --> <\/p>\n<div style='margin: 30px 0;'>\n<h3 style='font-size: 22px; border-bottom: 2px solid currentColor; padding-bottom: 5px; margin-top: 0; color: inherit; opacity: 0.8;'>Pol\u00edtica de Garant\u00eda<\/h3>\n<p style='font-size: 14px; color: inherit; margin: 15px 0;'><a style='color: inherit; text-decoration: none;' href='http:\/\/soporte.syscom.mx\/syscom-mx\/bases-alta-fidelidad' target='_blank' rel='noopener'>Consulte las bases&comma; *2<\/a><\/p>\n<p style='font-size: 12px; color: inherit; margin: 15px 0;'>SYSCOM se apega a las pol\u00edticas de garant\u00eda de cada proveedor de la marca y\/o f\u00e1brica.<\/p>\n<p style='font-size: 12px; color: inherit; margin: 15px 0;'>La cobertura de garant\u00eda por defecto de f\u00e1brica y\/o mal funcionamiento es de 90 d\u00edas con Syscom. Posterior a este periodo&comma; la garant\u00eda es directa con el fabricante. En quebraduras&comma; da\u00f1os f\u00edsicos de equipo y\/o empaque da\u00f1ado&comma; reportarlo dentro de las 24 horas posteriores a la fecha de recepci\u00f3n para el reclamo a paqueter\u00eda.<\/p>\n<\/p><\/div>\n<\/p><\/div>\n","protected":false},"excerpt":{"rendered":"<p>Cuchillo Santoku Wood de 17 cm, Filo con Alv\u00e9olos Estilo Japon\u00e9s.<\/p>\n","protected":false},"featured_media":49402,"comment_status":"open","ping_status":"closed","template":"","meta":[],"product_brand":[],"product_cat":[1149,1148],"product_tag":[1151,1150,1058,1135],"class_list":{"0":"post-49403","1":"product","2":"type-product","3":"status-publish","4":"has-post-thumbnail","6":"product_cat-cintas-y-consumibles","7":"product_cat-corbatas","8":"product_tag-cintas-y-consumibles","9":"product_tag-corbatas","10":"product_tag-ferreteria","11":"product_tag-victorinox","13":"first","14":"instock","15":"sale","16":"shipping-taxable","17":"purchasable","18":"product-type-simple"},"_links":{"self":[{"href":"https:\/\/soydeaqui.ddns.net\/pachuca\/index.php\/wp-json\/wp\/v2\/product\/49403","targetHints":{"allow":["GET"]}}],"collection":[{"href":"https:\/\/soydeaqui.ddns.net\/pachuca\/index.php\/wp-json\/wp\/v2\/product"}],"about":[{"href":"https:\/\/soydeaqui.ddns.net\/pachuca\/index.php\/wp-json\/wp\/v2\/types\/product"}],"replies":[{"embeddable":true,"href":"https:\/\/soydeaqui.ddns.net\/pachuca\/index.php\/wp-json\/wp\/v2\/comments?post=49403"}],"wp:featuredmedia":[{"embeddable":true,"href":"https:\/\/soydeaqui.ddns.net\/pachuca\/index.php\/wp-json\/wp\/v2\/media\/49402"}],"wp:attachment":[{"href":"https:\/\/soydeaqui.ddns.net\/pachuca\/index.php\/wp-json\/wp\/v2\/media?parent=49403"}],"wp:term":[{"taxonomy":"product_brand","embeddable":true,"href":"https:\/\/soydeaqui.ddns.net\/pachuca\/index.php\/wp-json\/wp\/v2\/product_brand?post=49403"},{"taxonomy":"product_cat","embeddable":true,"href":"https:\/\/soydeaqui.ddns.net\/pachuca\/index.php\/wp-json\/wp\/v2\/product_cat?post=49403"},{"taxonomy":"product_tag","embeddable":true,"href":"https:\/\/soydeaqui.ddns.net\/pachuca\/index.php\/wp-json\/wp\/v2\/product_tag?post=49403"}],"curies":[{"name":"wp","href":"https:\/\/api.w.org\/{rel}","templated":true}]}}