{"id":49400,"date":"2026-03-18T22:07:46","date_gmt":"2026-03-18T22:07:46","guid":{"rendered":"https:\/\/soydeaqui.ddns.net\/pachuca\/index.php\/producto\/medido-de-resistencia-de-4-puntas-con-picas-y-cables-interfaz-usb-y-rs232\/"},"modified":"2026-03-18T22:07:49","modified_gmt":"2026-03-18T22:07:49","slug":"medido-de-resistencia-de-4-puntas-con-picas-y-cables-interfaz-usb-y-rs232","status":"publish","type":"product","link":"https:\/\/soydeaqui.ddns.net\/pachuca\/index.php\/producto\/medido-de-resistencia-de-4-puntas-con-picas-y-cables-interfaz-usb-y-rs232\/","title":{"rendered":"Medido de Resistencia de 4 Puntas con Picas y Cables. Interfaz USB y RS232."},"content":{"rendered":"<div style='width: 100%; max-width: 1200px; margin: 0 auto; font-family: sans-serif; line-height: 1.6; color: inherit; background-color: transparent;'> <!-- Secci\u00f3n de descripci\u00f3n general --> <\/p>\n<div style='margin-bottom: 30px;'>\n<h2 style='font-size: 20px; margin-top: 0; color: inherit; opacity: 0.9;'>Descripci\u00f3n General<\/h2>\n<p style='font-size: 15px; margin-top: 10px; color: inherit;'>MI 3123 SMARTEC Tierra \/ Abrazadera para probar la resistencia de puesta a tierra&comma; puesta a tierra principal de objetos&comma; resistencia de barras de puesta a tierra individuales en sistemas grandes&comma; sistemas de iluminaci\u00f3n&comma; determinaci\u00f3n de la resistividad del suelo&comma; dise\u00f1o de sistemas de puesta a tierra. Adecuado para probar en instalaciones CAT IV.<\/p>\n<\/p><\/div>\n<p> <!-- Secci\u00f3n de beneficios --> <\/p>\n<div style='margin-bottom: 30px;'>\n<h2 style='font-size: 20px; margin-top: 0; color: inherit; opacity: 0.9;'>Beneficios<\/h2>\n<ul style='padding-left: 20px; font-size: 15px; color: inherit;'>\n<li style='margin-bottom: 5px;'>Admite todos los tipos de medidas de resistencia de puesta a tierra<\/li>\n<li style='margin-bottom: 5px;'>Pruebas de corriente de fuga con abrazaderas actuales<\/li>\n<li style='margin-bottom: 5px;'>Carga pruebas de corriente con abrazaderas actuales<\/li>\n<li style='margin-bottom: 5px;'>Alta precisi\u00f3n&comma; muy alta inmunidad contra el ruido externo<\/li>\n<li style='margin-bottom: 5px;'>L\u00edmites preprogramados<\/li>\n<li style='margin-bottom: 5px;'>Evaluaci\u00f3n PASS \/ FAIL del resultado<\/li>\n<li style='margin-bottom: 5px;'>Indicadores VERDES \/ ROJOS brillantes para evaluaci\u00f3n visual<\/li>\n<li style='margin-bottom: 5px;'>Soporte magn\u00e9tico para operaci\u00f3n manos libres<\/li>\n<li style='margin-bottom: 5px;'>Cargador de bater\u00eda integrado<\/li>\n<li style='margin-bottom: 5px;'>Memoria de dos niveles para guardar resultados y par\u00e1metros<\/li>\n<li style='margin-bottom: 5px;'>Descarga b\u00e1sica con paquete EuroLink PRO PC SW<\/li>\n<li style='margin-bottom: 5px;'>Compatible con paquete EuroLink PRO Plus PCSW<\/li>\n<li style='margin-bottom: 5px;'>Puertos de comunicaci\u00f3n USB y RS232<\/li>\n<li style='margin-bottom: 5px;'>Dise\u00f1o robusto y ergon\u00f3mico<\/li>\n<\/ul><\/div>\n<p> <!-- Secci\u00f3n de aplicaciones --> <\/p>\n<div style='margin-bottom: 30px;'>\n<h2 style='font-size: 20px; margin-top: 0; color: inherit; opacity: 0.9;'>Aplicaciones<\/h2>\n<ul style='padding-left: 20px; font-size: 15px; color: inherit;'>\n<li style='margin-bottom: 5px;'>Medici\u00f3n de resistencia de puesta a tierra est\u00e1ndar con espigas<\/li>\n<li style='margin-bottom: 5px;'>Prueba de resistencia de puesta a tierra selectiva con pinza de corriente<\/li>\n<li style='margin-bottom: 5px;'>Resistencia de puesta a tierra selectiva (sin contacto) con dos pinzas de corriente<\/li>\n<li style='margin-bottom: 5px;'>Resistencia de puesta a tierra espec\u00edfica<\/li>\n<\/ul><\/div>\n<p> <!-- Secci\u00f3n de especificaciones --> <\/p>\n<div style='margin-bottom: 30px;'>\n<h2 style='font-size: 20px; margin-top: 0; color: inherit; opacity: 0.9;'>Especificaciones T\u00e9cnicas<\/h2>\n<ul style='padding-left: 20px; font-size: 15px; color: inherit;'>\n<li style='margin-bottom: 5px;'><strong>Dimensiones:<\/strong> 140 x 80 x 230 mm<\/li>\n<li style='margin-bottom: 5px;'><strong>Peso:<\/strong> 0.85 kg (sin accesorios)<\/li>\n<\/ul><\/div>\n<p> <!-- Separador --> <\/p>\n<hr style='border: 0; border-top: 1px solid rgba(150&comma; 150&comma; 150&comma; 0.3); margin: 30px 0;'> <\/div>\n","protected":false},"excerpt":{"rendered":"<p>Medido de Resistencia de 4 Puntas con Picas y Cables. Interfaz USB y RS232.<\/p>\n","protected":false},"featured_media":49399,"comment_status":"open","ping_status":"closed","template":"","meta":[],"product_brand":[],"product_cat":[1090],"product_tag":[1091,1088,635],"class_list":{"0":"post-49400","1":"product","2":"type-product","3":"status-publish","4":"has-post-thumbnail","6":"product_cat-accesorios-para-tierra-fisica","7":"product_tag-accesorios-para-tierra-fisica","8":"product_tag-calidad-de-la-energia","9":"product_tag-total-ground","11":"first","12":"outofstock","13":"sale","14":"shipping-taxable","15":"purchasable","16":"product-type-simple"},"_links":{"self":[{"href":"https:\/\/soydeaqui.ddns.net\/pachuca\/index.php\/wp-json\/wp\/v2\/product\/49400","targetHints":{"allow":["GET"]}}],"collection":[{"href":"https:\/\/soydeaqui.ddns.net\/pachuca\/index.php\/wp-json\/wp\/v2\/product"}],"about":[{"href":"https:\/\/soydeaqui.ddns.net\/pachuca\/index.php\/wp-json\/wp\/v2\/types\/product"}],"replies":[{"embeddable":true,"href":"https:\/\/soydeaqui.ddns.net\/pachuca\/index.php\/wp-json\/wp\/v2\/comments?post=49400"}],"wp:featuredmedia":[{"embeddable":true,"href":"https:\/\/soydeaqui.ddns.net\/pachuca\/index.php\/wp-json\/wp\/v2\/media\/49399"}],"wp:attachment":[{"href":"https:\/\/soydeaqui.ddns.net\/pachuca\/index.php\/wp-json\/wp\/v2\/media?parent=49400"}],"wp:term":[{"taxonomy":"product_brand","embeddable":true,"href":"https:\/\/soydeaqui.ddns.net\/pachuca\/index.php\/wp-json\/wp\/v2\/product_brand?post=49400"},{"taxonomy":"product_cat","embeddable":true,"href":"https:\/\/soydeaqui.ddns.net\/pachuca\/index.php\/wp-json\/wp\/v2\/product_cat?post=49400"},{"taxonomy":"product_tag","embeddable":true,"href":"https:\/\/soydeaqui.ddns.net\/pachuca\/index.php\/wp-json\/wp\/v2\/product_tag?post=49400"}],"curies":[{"name":"wp","href":"https:\/\/api.w.org\/{rel}","templated":true}]}}