{"id":4939,"date":"2026-03-18T06:25:08","date_gmt":"2026-03-18T06:25:08","guid":{"rendered":"https:\/\/soydeaqui.ddns.net\/pachuca\/index.php\/producto\/aislador-para-postes-de-esquina-de-alta-resistencia-con-anti-uv-de-uso-en-cercos-electricos\/"},"modified":"2026-03-18T06:25:09","modified_gmt":"2026-03-18T06:25:09","slug":"aislador-para-postes-de-esquina-de-alta-resistencia-con-anti-uv-de-uso-en-cercos-electricos","status":"publish","type":"product","link":"https:\/\/soydeaqui.ddns.net\/pachuca\/index.php\/producto\/aislador-para-postes-de-esquina-de-alta-resistencia-con-anti-uv-de-uso-en-cercos-electricos\/","title":{"rendered":"Aislador para postes de esquina de alta Resistencia con Anti UV de uso en cercos el\u00e9ctricos"},"content":{"rendered":"<div style='width: 100%; max-width: 1200px; margin: 0 auto; font-family: sans-serif; line-height: 1.6; color: inherit; background-color: transparent;'> <!-- Imagen del producto --> <\/p>\n<div style='width: 100%; max-width: 800px; margin: 0 auto 30px;'> <img style='width: 100%; height: auto; border: 1px solid rgba(150&comma;150&comma;150&comma;0.3); border-radius: 8px;' src='https:\/\/ftp3.syscom.mx\/usuarios\/vvega\/sfire\/sfesquinero.jpg' alt='Aislador para postes de esquina SFIRE SFESQUINERO'> <\/div>\n<p> <!-- Descripci\u00f3n general --> <\/p>\n<div style='margin-bottom: 30px;'>\n<h2 style='font-size: 24px; border-bottom: 2px solid currentColor; padding-bottom: 8px; margin-top: 0; color: inherit; opacity: 0.9;'>Descripci\u00f3n del producto<\/h2>\n<p style='font-size: 15px; color: inherit; margin-bottom: 15px;'>Aislador de esquina para cerca electrificada fabricado con resinas 100% virgenes de primera calidad&comma; dise\u00f1ado para ofrecer una soluci\u00f3n duradera y segura en sistemas de cercos el\u00e9ctricos.<\/p>\n<\/p><\/div>\n<p> <!-- Caracter\u00edsticas principales --> <\/p>\n<div style='display: flex; flex-wrap: wrap; gap: 30px; margin-bottom: 30px;'>\n<div style='flex: 1 1 300px; min-width: 280px;'>\n<h3 style='font-size: 22px; border-bottom: 2px solid currentColor; padding-bottom: 5px; margin-top: 0; color: inherit; opacity: 0.8;'>Caracter\u00edsticas principales<\/h3>\n<ul style='padding-left: 20px; font-size: 15px; color: inherit;'>\n<li style='margin-bottom: 5px;'>Alta resistencia a climas extremos<\/li>\n<li style='margin-bottom: 5px;'>Rango de resistencia mec\u00e1nica: 7.5 a 10.2 kg<\/li>\n<li style='margin-bottom: 5px;'>Flexibilidad y fuerza optimizadas<\/li>\n<li style='margin-bottom: 5px;'>Aislamiento hasta 18 kV m\u00e1ximo<\/li>\n<li style='margin-bottom: 5px;'>Protecci\u00f3n contra rayos UV&comma; agua&comma; humedad y polvo<\/li>\n<\/ul><\/div>\n<p> <!-- Especificaciones t\u00e9cnicas --> <\/p>\n<div style='flex: 1 1 300px; min-width: 280px;'>\n<h3 style='font-size: 22px; border-bottom: 2px solid currentColor; padding-bottom: 5px; margin-top: 0; color: inherit; opacity: 0.8;'>Especificaciones t\u00e9cnicas<\/h3>\n<ul style='padding-left: 20px; font-size: 15px; color: inherit;'>\n<li style='margin-bottom: 5px;'><strong>Material:<\/strong> Resinas 100% virgenes<\/li>\n<li style='margin-bottom: 5px;'><strong>Resistencia t\u00e9rmica:<\/strong> Alta<\/li>\n<li style='margin-bottom: 5px;'><strong>Resistencia qu\u00edmica:<\/strong> Alta<\/li>\n<li style='margin-bottom: 5px;'><strong>Resistencia a la fatiga:<\/strong> Alta<\/li>\n<li style='margin-bottom: 5px;'><strong>Dureza y rigidez:<\/strong> Alta<\/li>\n<li style='margin-bottom: 5px;'><strong>Ductilidad a baja temperatura:<\/strong> Alta<\/li>\n<li style='margin-bottom: 5px;'><strong>Resistencia al impacto:<\/strong> Alta<\/li>\n<li style='margin-bottom: 5px;'><strong>Protecci\u00f3n UV:<\/strong> S\u00ed<\/li>\n<li style='margin-bottom: 5px;'><strong>Dimensiones:<\/strong> 66 mm (largo) x 31.6 mm (ancho)<\/li>\n<li style='margin-bottom: 5px;'><strong>Peso:<\/strong> 23.2 \u00b1 0.5 g<\/li>\n<li style='margin-bottom: 5px;'><strong>Colores disponibles:<\/strong> Negro \/ Blanco<\/li>\n<li style='margin-bottom: 5px;'><strong>Contenido del empaque:<\/strong> Bolsa con 100 unidades<\/li>\n<li style='margin-bottom: 5px;'><strong>Fracci\u00f3n arancelaria:<\/strong> 85472099<\/li>\n<\/ul><\/div>\n<\/p><\/div>\n<p> <!-- Aplicaciones --> <\/p>\n<div style='margin-bottom: 30px;'>\n<h3 style='font-size: 22px; border-bottom: 2px solid currentColor; padding-bottom: 5px; margin-top: 0; color: inherit; opacity: 0.8;'>Aplicaciones<\/h3>\n<p style='font-size: 15px; color: inherit; margin-bottom: 15px;'>Dise\u00f1ado espec\u00edficamente para su uso en sistemas de cercos el\u00e9ctricos&comma; ideal para instalaciones en:<\/p>\n<ul style='padding-left: 20px; font-size: 15px; color: inherit;'>\n<li style='margin-bottom: 5px;'>Cercos perimetrales de seguridad<\/li>\n<li style='margin-bottom: 5px;'>Sistemas de control de acceso<\/li>\n<li style='margin-bottom: 5px;'>Instalaciones agr\u00edcolas y ganaderas<\/li>\n<li style='margin-bottom: 5px;'>Control de intrusi\u00f3n en \u00e1reas residenciales y comerciales<\/li>\n<\/ul><\/div>\n<p> <!-- Separador --> <\/p>\n<hr style='border: 0; border-top: 1px solid rgba(150&comma; 150&comma; 150&comma; 0.3); margin: 30px 0;'> <\/div>\n","protected":false},"excerpt":{"rendered":"<p>Aislador para postes de esquina de alta Resistencia con Anti UV de uso en cercos el\u00e9ctricos<\/p>\n","protected":false},"featured_media":4938,"comment_status":"open","ping_status":"closed","template":"","meta":[],"product_brand":[],"product_cat":[387],"product_tag":[82,388,79],"class_list":{"0":"post-4939","1":"product","2":"type-product","3":"status-publish","4":"has-post-thumbnail","6":"product_cat-postes","7":"product_tag-cercas-electricas","8":"product_tag-postes","9":"product_tag-sfire","11":"first","12":"instock","13":"sale","14":"shipping-taxable","15":"purchasable","16":"product-type-simple"},"_links":{"self":[{"href":"https:\/\/soydeaqui.ddns.net\/pachuca\/index.php\/wp-json\/wp\/v2\/product\/4939","targetHints":{"allow":["GET"]}}],"collection":[{"href":"https:\/\/soydeaqui.ddns.net\/pachuca\/index.php\/wp-json\/wp\/v2\/product"}],"about":[{"href":"https:\/\/soydeaqui.ddns.net\/pachuca\/index.php\/wp-json\/wp\/v2\/types\/product"}],"replies":[{"embeddable":true,"href":"https:\/\/soydeaqui.ddns.net\/pachuca\/index.php\/wp-json\/wp\/v2\/comments?post=4939"}],"wp:featuredmedia":[{"embeddable":true,"href":"https:\/\/soydeaqui.ddns.net\/pachuca\/index.php\/wp-json\/wp\/v2\/media\/4938"}],"wp:attachment":[{"href":"https:\/\/soydeaqui.ddns.net\/pachuca\/index.php\/wp-json\/wp\/v2\/media?parent=4939"}],"wp:term":[{"taxonomy":"product_brand","embeddable":true,"href":"https:\/\/soydeaqui.ddns.net\/pachuca\/index.php\/wp-json\/wp\/v2\/product_brand?post=4939"},{"taxonomy":"product_cat","embeddable":true,"href":"https:\/\/soydeaqui.ddns.net\/pachuca\/index.php\/wp-json\/wp\/v2\/product_cat?post=4939"},{"taxonomy":"product_tag","embeddable":true,"href":"https:\/\/soydeaqui.ddns.net\/pachuca\/index.php\/wp-json\/wp\/v2\/product_tag?post=4939"}],"curies":[{"name":"wp","href":"https:\/\/api.w.org\/{rel}","templated":true}]}}