{"id":49384,"date":"2026-03-18T22:07:18","date_gmt":"2026-03-18T22:07:18","guid":{"rendered":"https:\/\/soydeaqui.ddns.net\/pachuca\/index.php\/producto\/punta-pararrayo-piezoelectrica-de-acero-inoxidable-con-avance-de-cebado-de-30-m\/"},"modified":"2026-03-18T22:07:19","modified_gmt":"2026-03-18T22:07:19","slug":"punta-pararrayo-piezoelectrica-de-acero-inoxidable-con-avance-de-cebado-de-30-m","status":"publish","type":"product","link":"https:\/\/soydeaqui.ddns.net\/pachuca\/index.php\/producto\/punta-pararrayo-piezoelectrica-de-acero-inoxidable-con-avance-de-cebado-de-30-m\/","title":{"rendered":"Punta Pararrayo Piezoel\u00e9ctrica de Acero Inoxidable con Avance de Cebado de 30 m."},"content":{"rendered":"<div style='width: 100%; max-width: 1200px; margin: 0 auto; font-family: sans-serif; line-height: 1.6; color: inherit; background-color: transparent;'>\n<div style='display: flex; flex-wrap: wrap; gap: 30px; margin-bottom: 30px;'>\n<div style='flex: 1 1 300px; min-width: 280px;'> <img style='width: 100%; height: auto; border: 1px solid rgba(150&comma;150&comma;150&comma;0.3); border-radius: 8px;' src='https:\/\/ftp3.syscom.mx\/usuarios\/fotos\/TGPE12ALU\/164894-logo_total_ground.png' alt=''> <\/div>\n<\/p><\/div>\n<div style='display: flex; flex-wrap: wrap; gap: 30px; margin-bottom: 30px;'>\n<div style='flex: 1 1 300px; min-width: 280px;'>\n<h3 style='font-size: 22px; border-bottom: 2px solid currentColor; padding-bottom: 5px; margin-top: 0; color: inherit; opacity: 0.8;'>Descripci\u00f3n<\/h3>\n<p style='font-size: 15px; color: inherit; text-align: justify;'>Su funci\u00f3n es dirigir la descarga atmosf\u00e9rica a trav\u00e9s de la punta hasta tierra por medio del conductor de cobre y un sistema de tierra f\u00edsica&comma; evitando da\u00f1os a las personas y desperfectos en los circuitos el\u00e9ctricos.<\/p>\n<\/p><\/div>\n<\/p><\/div>\n<div style='display: flex; flex-wrap: wrap; gap: 30px; margin-bottom: 30px;'>\n<div style='flex: 1 1 300px; min-width: 280px;'>\n<h3 style='font-size: 22px; border-bottom: 2px solid currentColor; padding-bottom: 5px; margin-top: 0; color: inherit; opacity: 0.8;'>Caracter\u00edsticas<\/h3>\n<ul style='padding-left: 20px; font-size: 15px; color: inherit; text-align: justify;'>\n<li style='margin-bottom: 5px;'><span style='color: inherit;'>Dise\u00f1ada en forma de gota.<\/span><\/li>\n<li style='margin-bottom: 5px;'><span style='color: inherit;'>Perforaciones aerodin\u00e1micas en el inferior y en la parte superior para generar un efecto venturi que permitir\u00e1 expulsar el aire ionizado.<\/span><\/li>\n<li style='margin-bottom: 5px;'><strong style='color: inherit;'>De acero inoxidable.<\/strong><\/li>\n<li style='margin-bottom: 5px;'><strong style='color: inherit;'>Avance de Cebado: 30 m.<\/strong><\/li>\n<li style='margin-bottom: 5px;'><span style='color: inherit;'>Base NO incluida.<\/span><\/li>\n<\/ul><\/div>\n<\/p><\/div>\n<div style='display: flex; flex-wrap: wrap; gap: 30px; margin-bottom: 30px;'>\n<div style='flex: 1 1 300px; min-width: 280px;'>\n<h3 style='font-size: 22px; border-bottom: 2px solid currentColor; padding-bottom: 5px; margin-top: 0; color: inherit; opacity: 0.8;'>Aplicaciones<\/h3>\n<p style='font-size: 15px; color: inherit; text-align: justify;'>Centros de trabajo donde se manejen sustancias inflamables o explosivas (cuatros de pintura&comma; cuartos qu\u00edmicos&comma; tanques de gas&comma; de gasolina&comma; etc.).<\/p>\n<ul style='padding-left: 20px; font-size: 15px; color: inherit; text-align: justify;'>\n<li style='margin-bottom: 5px;'><span style='color: inherit;'>Miner\u00edas.<\/span><\/li>\n<li style='margin-bottom: 5px;'><span style='color: inherit;'>Residencias.<\/span><\/li>\n<li style='margin-bottom: 5px;'><span style='color: inherit;'>Oficinas.<\/span><\/li>\n<li style='margin-bottom: 5px;'><span style='color: inherit;'>Plazas.<\/span><\/li>\n<li style='margin-bottom: 5px;'><span style='color: inherit;'>Hoteler\u00eda.<\/span><\/li>\n<li style='margin-bottom: 5px;'><span style='color: inherit;'>Naves Industriales.<\/span><\/li>\n<li style='margin-bottom: 5px;'><span style='color: inherit;'>Industria en general.<\/span><\/li>\n<li style='margin-bottom: 5px;'><span style='color: inherit;'>Edificios modernos.<\/span><\/li>\n<\/ul><\/div>\n<\/p><\/div>\n<div style='display: flex; flex-wrap: wrap; gap: 30px; margin-bottom: 30px;'>\n<div style='flex: 1 1 300px; min-width: 280px;'>\n<h3 style='font-size: 22px; border-bottom: 2px solid currentColor; padding-bottom: 5px; margin-top: 0; color: inherit; opacity: 0.8;'>Tabla de Selecci\u00f3n<\/h3>\n<div style='margin-bottom: 30px;'> <img style='width: 100%; height: auto; border: 1px solid rgba(150&comma;150&comma;150&comma;0.3); border-radius: 8px;' src='https:\/\/ftp3.syscom.mx\/usuarios\/fotos\/TGPE9INOX\/166172-tabla_seleccion_punta_pararrayos.png' alt=''> <\/div>\n<div> <img style='width: 100%; height: auto; border: 1px solid rgba(150&comma;150&comma;150&comma;0.3); border-radius: 8px;' src='https:\/\/ftp3.syscom.mx\/usuarios\/fotos\/TGPE12ALU\/164894-punta_pararrayo.png' alt=''> <\/div>\n<\/p><\/div>\n<\/p><\/div>\n<\/p><\/div>\n","protected":false},"excerpt":{"rendered":"<p>Punta Pararrayo Piezoel\u00e9ctrica de Acero Inoxidable con Avance de Cebado de 30 m.<\/p>\n","protected":false},"featured_media":49383,"comment_status":"open","ping_status":"closed","template":"","meta":[],"product_brand":[],"product_cat":[1161],"product_tag":[1088,1162,635],"class_list":{"0":"post-49384","1":"product","2":"type-product","3":"status-publish","4":"has-post-thumbnail","6":"product_cat-pararrayos","7":"product_tag-calidad-de-la-energia","8":"product_tag-pararrayos","9":"product_tag-total-ground","11":"first","12":"outofstock","13":"sale","14":"shipping-taxable","15":"purchasable","16":"product-type-simple"},"_links":{"self":[{"href":"https:\/\/soydeaqui.ddns.net\/pachuca\/index.php\/wp-json\/wp\/v2\/product\/49384","targetHints":{"allow":["GET"]}}],"collection":[{"href":"https:\/\/soydeaqui.ddns.net\/pachuca\/index.php\/wp-json\/wp\/v2\/product"}],"about":[{"href":"https:\/\/soydeaqui.ddns.net\/pachuca\/index.php\/wp-json\/wp\/v2\/types\/product"}],"replies":[{"embeddable":true,"href":"https:\/\/soydeaqui.ddns.net\/pachuca\/index.php\/wp-json\/wp\/v2\/comments?post=49384"}],"wp:featuredmedia":[{"embeddable":true,"href":"https:\/\/soydeaqui.ddns.net\/pachuca\/index.php\/wp-json\/wp\/v2\/media\/49383"}],"wp:attachment":[{"href":"https:\/\/soydeaqui.ddns.net\/pachuca\/index.php\/wp-json\/wp\/v2\/media?parent=49384"}],"wp:term":[{"taxonomy":"product_brand","embeddable":true,"href":"https:\/\/soydeaqui.ddns.net\/pachuca\/index.php\/wp-json\/wp\/v2\/product_brand?post=49384"},{"taxonomy":"product_cat","embeddable":true,"href":"https:\/\/soydeaqui.ddns.net\/pachuca\/index.php\/wp-json\/wp\/v2\/product_cat?post=49384"},{"taxonomy":"product_tag","embeddable":true,"href":"https:\/\/soydeaqui.ddns.net\/pachuca\/index.php\/wp-json\/wp\/v2\/product_tag?post=49384"}],"curies":[{"name":"wp","href":"https:\/\/api.w.org\/{rel}","templated":true}]}}