{"id":49363,"date":"2026-03-18T22:06:43","date_gmt":"2026-03-18T22:06:43","guid":{"rendered":"https:\/\/soydeaqui.ddns.net\/pachuca\/index.php\/producto\/protector-contra-descargas-para-e1-t1\/"},"modified":"2026-03-18T22:06:50","modified_gmt":"2026-03-18T22:06:50","slug":"protector-contra-descargas-para-e1-t1","status":"publish","type":"product","link":"https:\/\/soydeaqui.ddns.net\/pachuca\/index.php\/producto\/protector-contra-descargas-para-e1-t1\/","title":{"rendered":"Protector Contra Descargas Para E1\/T1"},"content":{"rendered":"<div style='width: 100%; max-width: 1200px; margin: 0 auto; font-family: sans-serif; line-height: 1.6; color: inherit; background-color: transparent;'>\n<div style='margin-bottom: 30px;'>\n<p style='font-size: 15px; color: inherit; margin: 0 0 20px 0;'>La serie DPR Transtector provee una amplia gama de protecci\u00f3n para l\u00edneas de datos para protocolos punto-a-punto&comma; Wi-Fi&comma; WISP&comma; red de retorno y aplicaciones de terminales PoE (con suministro el\u00e9ctrico a trav\u00e9s de Ethernet). La familia de productos DPR ofrece tubos de gas&comma; SASD (an\u00e1lisis y dise\u00f1o estructurados) y opciones de tecnolog\u00eda h\u00edbrida con protecci\u00f3n contra sobretensiones comerciales&comma; econ\u00f3mica y superior para velocidades de datos de hasta 1 Gb\/s.<\/p>\n<\/p><\/div>\n<div style='display: flex; flex-wrap: wrap; gap: 30px; margin-bottom: 30px;'>\n<div style='flex: 1 1 300px; min-width: 280px;'>\n<h3 style='font-size: 22px; border-bottom: 2px solid currentColor; padding-bottom: 5px; margin-top: 0; color: inherit; opacity: 0.8;'>Especificaciones generales<\/h3>\n<ul style='padding-left: 20px; font-size: 15px; color: inherit; list-style-type: disc;'>\n<li style='margin-bottom: 5px;'>Niveles de datos y aplicaciones T1\/E1<\/li>\n<li style='margin-bottom: 5px;'>Protecci\u00f3n contra sobretensiones para l\u00edneas de datos econ\u00f3mica&comma; liviana&comma; f\u00e1cil de instalar y reemplazar<\/li>\n<li style='margin-bottom: 5px;'>Opciones de montaje vers\u00e1tiles: carril DIN&comma; montaje sobre pared o en bastidor<\/li>\n<li style='margin-bottom: 5px;'>Montaje&comma; clic e instalaci\u00f3n\/reemplazo: el proceso de instalaci\u00f3n lleva menos de un minuto<\/li>\n<li style='margin-bottom: 5px;'>Punto de tierra seguro a trav\u00e9s de un clip de carril DIN<\/li>\n<li style='margin-bottom: 5px;'>Opciones de enchufe RJ 45 blindado y sin blindaje<\/li>\n<li style='margin-bottom: 5px;'>Hardware de montaje incluido con cada producto<\/li>\n<li style='margin-bottom: 5px;'>Plazos breves con descuentos por cantidad<\/li>\n<\/ul><\/div>\n<div style='flex: 1 1 300px; min-width: 280px;'>\n<h3 style='font-size: 22px; border-bottom: 2px solid currentColor; padding-bottom: 5px; margin-top: 0; color: inherit; opacity: 0.8;'>Caracter\u00edsticas<\/h3>\n<ul style='padding-left: 20px; font-size: 15px; color: inherit; list-style-type: disc;'>\n<li style='margin-bottom: 5px;'><strong>Tipo de montaje:<\/strong> DIN&comma; muro o rack<\/li>\n<li style='margin-bottom: 5px;'><strong>Estandares:<\/strong> IEC 60950-1&comma; RoHS<\/li>\n<li style='margin-bottom: 5px;'><strong>MCOV:<\/strong> 60 Vdc<\/li>\n<li style='margin-bottom: 5px;'><strong>Tasa de datos:<\/strong> GbE PoE<\/li>\n<li style='margin-bottom: 5px;'><strong>Conectores:<\/strong> RJ-45 shielded<\/li>\n<li style='margin-bottom: 5px;'><strong>Protocolo\/Aplicaci\u00f3n:<\/strong> GbE PoE<\/li>\n<li style='margin-bottom: 5px;'><strong>Peso (lb):<\/strong> 0.20<\/li>\n<li style='margin-bottom: 5px;'><strong>Dimensiones (pulgadas):<\/strong> 0.94 x 0.97 x 3.67<\/li>\n<\/ul><\/div>\n<\/p><\/div>\n<hr style='border: 0; border-top: 1px solid rgba(150&comma; 150&comma; 150&comma; 0.3); margin: 30px 0;'>\n<div style='margin-bottom: 30px;'>\n<p style='font-size: 15px; color: inherit; margin: 0 0 5px 0;'><strong>GARANT\u00cdA:<\/strong> 1 A\u00f1o<\/p>\n<\/p><\/div>\n<\/p><\/div>\n","protected":false},"excerpt":{"rendered":"<p>Protector Contra Descargas Para E1\/T1<\/p>\n","protected":false},"featured_media":49362,"comment_status":"open","ping_status":"closed","template":"","meta":[],"product_brand":[],"product_cat":[953],"product_tag":[898,954,546],"class_list":{"0":"post-49363","1":"product","2":"type-product","3":"status-publish","4":"has-post-thumbnail","6":"product_cat-redes","7":"product_tag-proteccion-contra-descargas","8":"product_tag-redes","9":"product_tag-transtector","11":"first","12":"outofstock","13":"sale","14":"shipping-taxable","15":"purchasable","16":"product-type-simple"},"_links":{"self":[{"href":"https:\/\/soydeaqui.ddns.net\/pachuca\/index.php\/wp-json\/wp\/v2\/product\/49363","targetHints":{"allow":["GET"]}}],"collection":[{"href":"https:\/\/soydeaqui.ddns.net\/pachuca\/index.php\/wp-json\/wp\/v2\/product"}],"about":[{"href":"https:\/\/soydeaqui.ddns.net\/pachuca\/index.php\/wp-json\/wp\/v2\/types\/product"}],"replies":[{"embeddable":true,"href":"https:\/\/soydeaqui.ddns.net\/pachuca\/index.php\/wp-json\/wp\/v2\/comments?post=49363"}],"wp:featuredmedia":[{"embeddable":true,"href":"https:\/\/soydeaqui.ddns.net\/pachuca\/index.php\/wp-json\/wp\/v2\/media\/49362"}],"wp:attachment":[{"href":"https:\/\/soydeaqui.ddns.net\/pachuca\/index.php\/wp-json\/wp\/v2\/media?parent=49363"}],"wp:term":[{"taxonomy":"product_brand","embeddable":true,"href":"https:\/\/soydeaqui.ddns.net\/pachuca\/index.php\/wp-json\/wp\/v2\/product_brand?post=49363"},{"taxonomy":"product_cat","embeddable":true,"href":"https:\/\/soydeaqui.ddns.net\/pachuca\/index.php\/wp-json\/wp\/v2\/product_cat?post=49363"},{"taxonomy":"product_tag","embeddable":true,"href":"https:\/\/soydeaqui.ddns.net\/pachuca\/index.php\/wp-json\/wp\/v2\/product_tag?post=49363"}],"curies":[{"name":"wp","href":"https:\/\/api.w.org\/{rel}","templated":true}]}}