{"id":49350,"date":"2026-03-18T22:06:20","date_gmt":"2026-03-18T22:06:20","guid":{"rendered":"https:\/\/soydeaqui.ddns.net\/pachuca\/index.php\/producto\/cable-para-baterias-0-2-m-rojo-calibre-2-awg-con-terminales-de-ojo-en-ambos-extremos\/"},"modified":"2026-03-18T22:06:25","modified_gmt":"2026-03-18T22:06:25","slug":"cable-para-baterias-0-2-m-rojo-calibre-2-awg-con-terminales-de-ojo-en-ambos-extremos","status":"publish","type":"product","link":"https:\/\/soydeaqui.ddns.net\/pachuca\/index.php\/producto\/cable-para-baterias-0-2-m-rojo-calibre-2-awg-con-terminales-de-ojo-en-ambos-extremos\/","title":{"rendered":"Cable para Bater\u00edas, 0.2 m, rojo, Calibre 2 AWG con Terminales de Ojo en Ambos Extremos"},"content":{"rendered":"<div style='width: 100%; max-width: 1200px; margin: 0 auto; font-family: sans-serif; line-height: 1.6; color: inherit; background-color: transparent;'> <!-- Secci\u00f3n de t\u00edtulo --> <\/p>\n<h2 style='font-size: 26px; margin-top: 20px; margin-bottom: 10px; font-weight: 600; color: inherit; opacity: 0.9;'> Cable Jumper Para Baterias <\/h2>\n<p> <!-- Secci\u00f3n de caracter\u00edsticas --> <\/p>\n<div style='display: flex; flex-wrap: wrap; gap: 30px; margin-bottom: 30px;'>\n<div style='flex: 1 1 300px; min-width: 280px;'>\n<ul style='padding-left: 20px; font-size: 15px; color: inherit; list-style-type: disc;'>\n<li style='margin-bottom: 8px;'><strong>Longitud:<\/strong> 0.2m<\/li>\n<li style='margin-bottom: 8px;'><strong>Color:<\/strong> Rojo<\/li>\n<li style='margin-bottom: 8px;'><strong>Calibre:<\/strong> 2 AWG<\/li>\n<li style='margin-bottom: 8px;'><strong>Conector:<\/strong> Terminales de ojo en ambos extremos<\/li>\n<li style='margin-bottom: 8px;'><strong>Funci\u00f3n:<\/strong> Conectar en serie o paralelo una bater\u00eda junto a otra<\/li>\n<\/ul><\/div>\n<\/p><\/div>\n<p> <!-- Secci\u00f3n de dimensiones --> <\/p>\n<div style='margin-bottom: 30px;'>\n<h3 style='font-size: 22px; margin-top: 0; margin-bottom: 15px; font-weight: 600; color: inherit; opacity: 0.8;'> L + T= 200 \u00b1 8 mm <\/h3>\n<\/p><\/div>\n<p> <!-- Secci\u00f3n de im\u00e1genes --> <\/p>\n<div style='display: flex; flex-direction: column; gap: 20px; margin-bottom: 30px;'> <!-- Imagen 1 --> <\/p>\n<div style='width: 100%;'> <img style='width: 100%; height: auto; border: 1px solid rgba(150&comma;150&comma;150&comma;0.3); border-radius: 8px;' src='https:\/\/ftp3.syscom.mx\/usuarios\/mchaparro\/CABLES%20TI%20LANE\/JUMPERS.png' alt=''> <\/p>\n<p style='margin-top: 10px; font-size: 14px; color: inherit; opacity: 0.8; text-align: center;'> El jumper dise\u00f1ado para darle una peque\u00f1a separaci\u00f3n entre bater\u00eda y bater\u00eda <\/p>\n<\/p><\/div>\n<p> <!-- Imagen 2 --> <\/p>\n<div style='width: 100%;'> <img style='width: 100%; height: auto; border: 1px solid rgba(150&comma;150&comma;150&comma;0.3); border-radius: 8px;' src='https:\/\/ftp3.syscom.mx\/usuarios\/mchaparro\/CABLES%20TI%20LANE\/CHICO%20ROJO.JPG' alt=''> <\/p>\n<p style='margin-top: 10px; font-size: 14px; color: inherit; opacity: 0.8; text-align: center;'> El cable muestra la conexi\u00f3n en paralelo de dos bater\u00edas por medio de ambos cables <\/p>\n<\/p><\/div>\n<p> <!-- Imagen 3 --> <\/p>\n<div style='width: 100%;'> <img style='width: 100%; height: auto; border: 1px solid rgba(150&comma;150&comma;150&comma;0.3); border-radius: 8px;' src='https:\/\/ftp3.syscom.mx\/usuarios\/mchaparro\/CABLES%20TI%20LANE\/CHICOS%20JUNTOS.png' alt=''> <\/div>\n<\/p><\/div>\n<\/p><\/div>\n","protected":false},"excerpt":{"rendered":"<p>Cable para Bater\u00edas, 0.2 m, rojo, Calibre 2 AWG con Terminales de Ojo en Ambos Extremos<\/p>\n","protected":false},"featured_media":49349,"comment_status":"open","ping_status":"closed","template":"","meta":[],"product_brand":[],"product_cat":[1127],"product_tag":[1085,454,1128],"class_list":{"0":"post-49350","1":"product","2":"type-product","3":"status-publish","4":"has-post-thumbnail","6":"product_cat-terminales-y-accesorios","7":"product_tag-baterias-y-cargadores","8":"product_tag-epcom-powerline","9":"product_tag-terminales-y-accesorios","11":"first","12":"outofstock","13":"sale","14":"shipping-taxable","15":"purchasable","16":"product-type-simple"},"_links":{"self":[{"href":"https:\/\/soydeaqui.ddns.net\/pachuca\/index.php\/wp-json\/wp\/v2\/product\/49350","targetHints":{"allow":["GET"]}}],"collection":[{"href":"https:\/\/soydeaqui.ddns.net\/pachuca\/index.php\/wp-json\/wp\/v2\/product"}],"about":[{"href":"https:\/\/soydeaqui.ddns.net\/pachuca\/index.php\/wp-json\/wp\/v2\/types\/product"}],"replies":[{"embeddable":true,"href":"https:\/\/soydeaqui.ddns.net\/pachuca\/index.php\/wp-json\/wp\/v2\/comments?post=49350"}],"wp:featuredmedia":[{"embeddable":true,"href":"https:\/\/soydeaqui.ddns.net\/pachuca\/index.php\/wp-json\/wp\/v2\/media\/49349"}],"wp:attachment":[{"href":"https:\/\/soydeaqui.ddns.net\/pachuca\/index.php\/wp-json\/wp\/v2\/media?parent=49350"}],"wp:term":[{"taxonomy":"product_brand","embeddable":true,"href":"https:\/\/soydeaqui.ddns.net\/pachuca\/index.php\/wp-json\/wp\/v2\/product_brand?post=49350"},{"taxonomy":"product_cat","embeddable":true,"href":"https:\/\/soydeaqui.ddns.net\/pachuca\/index.php\/wp-json\/wp\/v2\/product_cat?post=49350"},{"taxonomy":"product_tag","embeddable":true,"href":"https:\/\/soydeaqui.ddns.net\/pachuca\/index.php\/wp-json\/wp\/v2\/product_tag?post=49350"}],"curies":[{"name":"wp","href":"https:\/\/api.w.org\/{rel}","templated":true}]}}