{"id":4934,"date":"2026-03-18T06:25:04","date_gmt":"2026-03-18T06:25:04","guid":{"rendered":"https:\/\/soydeaqui.ddns.net\/pachuca\/index.php\/producto\/estacion-de-panico-con-videollamada-camara-de-2-megapixel-sirena-integrada-azul-y-rojo-alarma-integrada-proteccion-ip65\/"},"modified":"2026-03-18T06:25:07","modified_gmt":"2026-03-18T06:25:07","slug":"estacion-de-panico-con-videollamada-camara-de-2-megapixel-sirena-integrada-azul-y-rojo-alarma-integrada-proteccion-ip65","status":"publish","type":"product","link":"https:\/\/soydeaqui.ddns.net\/pachuca\/index.php\/producto\/estacion-de-panico-con-videollamada-camara-de-2-megapixel-sirena-integrada-azul-y-rojo-alarma-integrada-proteccion-ip65\/","title":{"rendered":"Estaci\u00f3n de P\u00e1nico con Videollamada (C\u00e1mara de 2 Megapixel) \/ Sirena Integrada (Azul y Rojo) \/ Alarma Integrada \/ Protecci\u00f3n IP65"},"content":{"rendered":"<div style='width: 100%; max-width: 1200px; margin: 0 auto; font-family: sans-serif; line-height: 1.6; color: inherit; background-color: transparent;'> <!-- Logo --> <\/p>\n<div style='text-align: center; margin: 30px 0;'> <img style='width: 45%; height: auto; border: 1px solid rgba(150&comma;150&comma;150&comma;0.3); border-radius: 8px;' src='https:\/\/ftp3.syscom.mx\/usuarios\/jsosa\/HIKVISION\/imagenes\/logo\/hikvision%20see%20far.png' alt='Logo Hikvision'> <\/div>\n<p> <!-- Secci\u00f3n de caracter\u00edsticas --> <\/p>\n<div style='display: flex; flex-wrap: wrap; gap: 30px; margin-bottom: 30px;'>\n<div style='flex: 1 1 300px; min-width: 280px;'>\n<h3 style='font-size: 22px; border-bottom: 2px solid currentColor; padding-bottom: 5px; margin-top: 0; color: inherit; opacity: 0.8;'>Caracter\u00edsticas principales<\/h3>\n<ul style='padding-left: 20px; font-size: 15px; color: inherit;'>\n<li style='margin-bottom: 5px;'>Llamadas de emergencia con un solo toque y alerta de manipulaci\u00f3n.<\/li>\n<li style='margin-bottom: 5px;'>Im\u00e1genes de alta calidad con c\u00e1mara integrada de 2MP.<\/li>\n<li style='margin-bottom: 5px;'>Seguridad en tiempo real mediante detecci\u00f3n de sonido y voz.<\/li>\n<li style='margin-bottom: 5px;'>Ranura para tarjetas MicroSD \/ SDHC \/ SDXC de hasta 128GB.<\/li>\n<li style='margin-bottom: 5px;'>Micr\u00f3fono omnidireccional incorporado&comma; distancia de captaci\u00f3n: 5 metros.<\/li>\n<li style='margin-bottom: 5px;'>Compatible con Hik-Connect P2P.<\/li>\n<li style='margin-bottom: 5px;'>Soporta sirena de 110 dB&comma; el sonido se puede configurarse por separado<\/li>\n<li style='margin-bottom: 5px;'>Lampara de alarma&comma; luz roja y azul&comma; la luz se puede configurar por separado.<\/li>\n<\/ul><\/div>\n<div style='flex: 1 1 300px; min-width: 280px;'>\n<h3 style='font-size: 22px; border-bottom: 2px solid currentColor; padding-bottom: 5px; margin-top: 0; color: inherit; opacity: 0.8;'>Caracter\u00edsticas F\u00edsicas y El\u00e9ctricas<\/h3>\n<ul style='padding-left: 20px; font-size: 15px; color: inherit;'>\n<li style='margin-bottom: 5px;'>Voltaje de operaci\u00f3n: 110-220 VCA.<\/li>\n<li style='margin-bottom: 5px;'>Protecci\u00f3n IP65 (interior \/ exterior) \/ No recomendando para ambientes salinos o muy h\u00famedos.<\/li>\n<li style='margin-bottom: 5px;'>Consumo el\u00e9ctrico: 70 W.<\/li>\n<li style='margin-bottom: 5px;'>Temperatura de operaci\u00f3n: -40\u00ba a 60\u00baC.<\/li>\n<li style='margin-bottom: 5px;'>Dimensiones: 450 x 500 x 2205 mm.<\/li>\n<li style='margin-bottom: 5px;'>Instalaci\u00f3n: Fijaci\u00f3n al suelo.<\/li>\n<\/ul><\/div>\n<div style='flex: 1 1 300px; min-width: 280px;'>\n<h3 style='font-size: 22px; border-bottom: 2px solid currentColor; padding-bottom: 5px; margin-top: 0; color: inherit; opacity: 0.8;'>Caracter\u00edsticas Destacadas<\/h3>\n<ul style='padding-left: 20px; font-size: 15px; color: inherit;'>\n<li style='margin-bottom: 5px;'>La estaci\u00f3n de alarma de p\u00e1nico en poste de la serie DS-PEA3M est\u00e1 dise\u00f1ada con una c\u00e1mara HD de 2 MP.<\/li>\n<li style='margin-bottom: 5px;'>Es compatible con el encendido\/apagado programado del l\u00e1mpara de alarma&comma; audio bidireccional&comma; vinculaci\u00f3n con las c\u00e1maras para una video verificaci\u00f3n.<\/li>\n<li style='margin-bottom: 5px;'>Ayuda a darse cuenta de alertas de manera r\u00e1pida&comma; para dar respuesta lo antes posible y proporcionar un servicio m\u00e1s eficiente de estabilidad social.<\/li>\n<li style='margin-bottom: 5px;'>Se aplica principalmente a los escenarios como: escuelas&comma; plazas&comma; atracciones tur\u00edsticas&comma; hospitales&comma; entradas de supermercado&comma; supermercados&comma; estaciones&comma; estacionamientos&comma; etc.<\/li>\n<\/ul><\/div>\n<\/p><\/div>\n<p> <!-- Separador --> <\/p>\n<hr style='border: 0; border-top: 1px solid rgba(150&comma; 150&comma; 150&comma; 0.3); margin: 30px 0;'> <!-- Consideraciones --> <\/p>\n<div style='margin-bottom: 30px;'>\n<h3 style='font-size: 22px; border-bottom: 2px solid currentColor; padding-bottom: 5px; margin-top: 0; color: inherit; opacity: 0.8;'>Consideraciones<\/h3>\n<p style='font-size: 15px; color: inherit; margin-bottom: 15px;'>Para utilizar la estaci\u00f3n de p\u00e1nico con la plataforma de Hik-Central Profesional requiere las siguientes licencias:<\/p>\n<ul style='padding-left: 20px; font-size: 15px; color: inherit;'>\n<li style='margin-bottom: 10px;'> <a href='https:\/\/www.syscom.mx\/producto\/HC-P-VSS-B\/0C-HIKVISION-188079.html' target='_blank' rel='noopener' style='color: inherit; text-decoration: underline; font-weight: bold;'>HC-P-VSS-B\/0C<\/a>: Permite tener el acceso a la plataforma de Hik-Central Professional (si ya existe un sistema activo&comma; no se requiere esta licencia. <\/li>\n<li style='margin-bottom: 10px;'> <a href='https:\/\/www.syscom.mx\/producto\/HC-P-EMERGENCYALARM\/1U-HIKVISION-224865.html' target='_blank' rel='noopener' style='color: inherit; text-decoration: underline; font-weight: bold;'>HC-P-EMERGENCYALARM\/1U<\/a>: Permite agregar la estaci\u00f3n de p\u00e1nico&comma; tener comunicaci\u00f3n bi-direccional (audio) y el video de la estaci\u00f3n de p\u00e1nico&comma; se requiere una licencia por cada estaci\u00f3n. <\/li>\n<\/ul><\/div>\n<p> <!-- Separador --> <\/p>\n<hr style='border: 0; border-top: 1px solid rgba(150&comma; 150&comma; 150&comma; 0.3); margin: 30px 0;'> <!-- Logo final --> <\/p>\n<div style='text-align: center; margin: 30px 0;'> <img style='width: 100%; height: auto; border: 1px solid rgba(150&comma;150&comma;150&comma;0.3); border-radius: 8px;' src='https:\/\/ftp3.syscom.mx\/usuarios\/fcarrillo\/Hikvision\/Imagenes\/solution-banner-2021.png' alt='Banner Hikvision'> <\/div>\n<\/p><\/div>\n","protected":false},"excerpt":{"rendered":"<p>Estaci\u00f3n de P\u00e1nico con Videollamada (C\u00e1mara de 2 Megapixel) \/ Sirena Integrada (Azul y Rojo) \/ Alarma Integrada \/ Protecci\u00f3n IP65<\/p>\n","protected":false},"featured_media":4933,"comment_status":"open","ping_status":"closed","template":"","meta":[],"product_brand":[],"product_cat":[184],"product_tag":[54,69,185],"class_list":{"0":"post-4934","1":"product","2":"type-product","3":"status-publish","4":"has-post-thumbnail","6":"product_cat-perimetrales-y-estaciones-de-panico","7":"product_tag-hikvision","8":"product_tag-paneles-de-alarma-y-accesorios-hikvision","9":"product_tag-perimetrales-y-estaciones-de-panico","11":"first","12":"outofstock","13":"sale","14":"shipping-taxable","15":"purchasable","16":"product-type-simple"},"_links":{"self":[{"href":"https:\/\/soydeaqui.ddns.net\/pachuca\/index.php\/wp-json\/wp\/v2\/product\/4934","targetHints":{"allow":["GET"]}}],"collection":[{"href":"https:\/\/soydeaqui.ddns.net\/pachuca\/index.php\/wp-json\/wp\/v2\/product"}],"about":[{"href":"https:\/\/soydeaqui.ddns.net\/pachuca\/index.php\/wp-json\/wp\/v2\/types\/product"}],"replies":[{"embeddable":true,"href":"https:\/\/soydeaqui.ddns.net\/pachuca\/index.php\/wp-json\/wp\/v2\/comments?post=4934"}],"wp:featuredmedia":[{"embeddable":true,"href":"https:\/\/soydeaqui.ddns.net\/pachuca\/index.php\/wp-json\/wp\/v2\/media\/4933"}],"wp:attachment":[{"href":"https:\/\/soydeaqui.ddns.net\/pachuca\/index.php\/wp-json\/wp\/v2\/media?parent=4934"}],"wp:term":[{"taxonomy":"product_brand","embeddable":true,"href":"https:\/\/soydeaqui.ddns.net\/pachuca\/index.php\/wp-json\/wp\/v2\/product_brand?post=4934"},{"taxonomy":"product_cat","embeddable":true,"href":"https:\/\/soydeaqui.ddns.net\/pachuca\/index.php\/wp-json\/wp\/v2\/product_cat?post=4934"},{"taxonomy":"product_tag","embeddable":true,"href":"https:\/\/soydeaqui.ddns.net\/pachuca\/index.php\/wp-json\/wp\/v2\/product_tag?post=4934"}],"curies":[{"name":"wp","href":"https:\/\/api.w.org\/{rel}","templated":true}]}}