{"id":49329,"date":"2026-03-18T22:05:49","date_gmt":"2026-03-18T22:05:49","guid":{"rendered":"https:\/\/soydeaqui.ddns.net\/pachuca\/index.php\/producto\/kit-pararrayo-con-accesorios-de-instalacion-en-torre-para-proteccion-de-80-m-de-diametro\/"},"modified":"2026-03-18T22:05:50","modified_gmt":"2026-03-18T22:05:50","slug":"kit-pararrayo-con-accesorios-de-instalacion-en-torre-para-proteccion-de-80-m-de-diametro","status":"publish","type":"product","link":"https:\/\/soydeaqui.ddns.net\/pachuca\/index.php\/producto\/kit-pararrayo-con-accesorios-de-instalacion-en-torre-para-proteccion-de-80-m-de-diametro\/","title":{"rendered":"Kit Pararrayo con Accesorios de Instalaci\u00f3n en Torre para Protecci\u00f3n de 80 m de Di\u00e1metro."},"content":{"rendered":"<div style='width: 100%; max-width: 1200px; margin: 0 auto; font-family: sans-serif; line-height: 1.6; color: inherit; background-color: transparent;'>\n<div style='display: flex; flex-direction: column; gap: 30px;'> <!-- Imagen principal --> <\/p>\n<div style='width: 100%;'> <img style='width: 100%; height: auto; border: 1px solid rgba(150&comma;150&comma;150&comma;0.3); border-radius: 8px;' src='https:\/\/ftp3.syscom.mx\/usuarios\/fotos\/KDALU\/76017-total_ground.jpg' alt=''> <\/div>\n<p> <!-- Descripci\u00f3n general --> <\/p>\n<div style='font-size: 15px;'>\n<p>El sistema de pararrayos KDA-LU es un sistema de protecci\u00f3n contra tormentas el\u00e9ctricas (SPTE). Sirve para interceptar&comma; conducir y disipar la corriente del rayo y de elementos internos mediante uniones&comma; blindaje y puesta a tierra. El objetivo de un SPTE es reducir el riesgo de da\u00f1o tanto para las personas y otros seres vivos&comma; as\u00ed como estructuras&comma; edificios y su contenido.<\/p>\n<p style='color: #c0392b; font-weight: bold;'>Ofrece 80m de di\u00e1metro de protecci\u00f3n.<\/p>\n<\/p><\/div>\n<p> <!-- Componentes incluidos --> <\/p>\n<div style='display: flex; flex-direction: column; gap: 15px;'>\n<h3 style='font-size: 20px; border-bottom: 2px solid currentColor; padding-bottom: 5px; margin-top: 0; color: inherit; opacity: 0.8;'>Componentes incluidos<\/h3>\n<div style='display: flex; flex-direction: column; gap: 15px;'>\n<div style='display: flex; justify-content: space-between; font-weight: bold; font-size: 14px; border-bottom: 1px solid rgba(150&comma;150&comma;150&comma;0.3); padding-bottom: 8px;'>\n<div style='width: 10%;'>Cantidad<\/div>\n<div style='width: 25%;'>Modelo<\/div>\n<div style='width: 65%;'>Descripci\u00f3n<\/div>\n<\/p><\/div>\n<div style='display: flex; flex-direction: column; gap: 15px;'>\n<div style='display: flex; justify-content: space-between; align-items: center; flex-wrap: wrap; font-size: 14px;'>\n<div style='width: 10%; text-align: center;'>1<\/div>\n<div style='width: 25%; text-align: center;'> <a style='color: #2880b9; text-decoration: none;' href='https:\/\/www.syscom.mx\/producto\/KDA-LU-TOTAL-GROUND-76017.html' target='_blank' rel='noopener'>KDALU<\/a> <\/div>\n<div style='width: 65%;'>\n<p style='margin: 0;'>Punta pararayos con m\u00e1stil de 1.2m<\/p>\n<p style='margin: 0;'>Electrodo de 100 A: <a style='color: #2880b9; text-decoration: none;' href='https:\/\/www.syscom.mx\/producto\/TG-100-AB-TOTAL-GROUND-75938.html' target='_blank' rel='noopener'>TG100AB<\/a> <\/p>\n<p style='margin: 0;'>Saco de 11 Kg de mejorador de suelo: <a style='color: #2880b9; text-decoration: none;' href='https:\/\/www.syscom.mx\/producto\/H2O-HM-TOTAL-GROUND-75920.html' target='_blank' rel='noopener'>H2OHM<\/a> <\/p>\n<\/p><\/div>\n<\/p><\/div>\n<div style='display: flex; justify-content: space-between; align-items: center; flex-wrap: wrap; font-size: 14px;'>\n<div style='width: 10%; text-align: center;'>3<\/div>\n<div style='width: 25%; text-align: center;'> <a style='color: #2880b9; text-decoration: none;' href='https:\/\/www.syscom.mx\/producto\/TG-CR11-TOTAL-GROUND-76026.html' target='_blank' rel='noopener'>TGCR11<\/a> <\/div>\n<div style='width: 65%;'>Conector de Bronce<\/div>\n<\/p><\/div>\n<div style='display: flex; justify-content: space-between; align-items: center; flex-wrap: wrap; font-size: 14px;'>\n<div style='width: 10%; text-align: center;'>2<\/div>\n<div style='width: 25%; text-align: center;'> <a style='color: #2880b9; text-decoration: none;' href='https:\/\/www.syscom.mx\/producto\/TG-AB18-TOTAL-GROUND-76028.html' target='_blank' rel='noopener'>TGAB18<\/a> <\/div>\n<div style='width: 65%;'>Conector de varilla<\/div>\n<\/p><\/div>\n<div style='display: flex; justify-content: space-between; align-items: center; flex-wrap: wrap; font-size: 14px;'>\n<div style='width: 10%; text-align: center;'>1<\/div>\n<div style='width: 25%; text-align: center;'> <a style='color: #2880b9; text-decoration: none;' href='https:\/\/www.syscom.mx\/producto\/ANTIOX-TOTAL-GROUND-75931.html' target='_blank' rel='noopener'>ANTIOX<\/a> <\/div>\n<div style='width: 65%;'>Spray protector para conectores<\/div>\n<\/p><\/div>\n<div style='display: flex; justify-content: space-between; align-items: center; flex-wrap: wrap; font-size: 14px;'>\n<div style='width: 10%; text-align: center;'>1<\/div>\n<div style='width: 25%; text-align: center;'> <a style='color: #2880b9; text-decoration: none;' href='https:\/\/www.syscom.mx\/producto\/S-610-TOTAL-GROUND-75929.html' target='_blank' rel='noopener'>S610<\/a> <\/div>\n<div style='width: 65%;'>Registro para electrodo<\/div>\n<\/p><\/div>\n<\/p><\/div>\n<\/p><\/div>\n<\/p><\/div>\n<p> <!-- Accesorios complementarios --> <\/p>\n<div style='display: flex; flex-direction: column; gap: 15px;'>\n<h3 style='font-size: 20px; border-bottom: 2px solid currentColor; padding-bottom: 5px; margin-top: 0; color: inherit; opacity: 0.8;'>Accesorios complementarios (No incluido)<\/h3>\n<div style='display: flex; flex-direction: column; gap: 15px;'>\n<div style='display: flex; justify-content: space-between; font-weight: bold; font-size: 14px; border-bottom: 1px solid rgba(150&comma;150&comma;150&comma;0.3); padding-bottom: 8px;'>\n<div style='width: 10%;'>Cantidad<\/div>\n<div style='width: 25%;'>Modelo<\/div>\n<div style='width: 65%;'>Descripci\u00f3n<\/div>\n<\/p><\/div>\n<div style='display: flex; flex-direction: column; gap: 15px;'>\n<div style='display: flex; justify-content: space-between; align-items: center; flex-wrap: wrap; font-size: 14px;'>\n<div style='width: 10%; text-align: center;'>&#8212;<\/div>\n<div style='width: 25%; text-align: center;'> <a style='color: #2880b9; text-decoration: none;' href='https:\/\/www.syscom.mx\/producto\/SLY-346-BLK-INDIANA-176872.html' target='_blank' rel='noopener'>SLY346BLK<\/a> <\/div>\n<div style='width: 65%;'>Cable de Cobre Recubierto THW-LS Calibre 2\/0 AWG<\/div>\n<\/p><\/div>\n<div style='display: flex; justify-content: space-between; align-items: center; flex-wrap: wrap; font-size: 14px;'>\n<div style='width: 10%; text-align: center;'>1<\/div>\n<div style='width: 25%; text-align: center;'> <a style='color: #2880b9; text-decoration: none;' href='https:\/\/www.syscom.mx\/producto\/TG-CDA-TOTAL-GROUND-76233.html' target='_blank' rel='noopener'>TGCDA<\/a> <\/div>\n<div style='width: 65%;'>Contador de Descargas Atmosf\u00e9ricas<\/div>\n<\/p><\/div>\n<div style='display: flex; justify-content: space-between; align-items: center; flex-wrap: wrap; font-size: 14px;'>\n<div style='width: 10%; text-align: center;'>&#8212;<\/div>\n<div style='width: 25%; text-align: center;'> <a style='color: #2880b9; text-decoration: none;' href='https:\/\/www.syscom.mx\/producto\/TG-AC-TOTAL-GROUND-76016.html' target='_blank' rel='noopener'>TGAC<\/a> o <a style='color: #2880b9; text-decoration: none;' href='https:\/\/www.syscom.mx\/producto\/TG-AC-114-TOTAL-GROUND-85849.html' target='_blank' rel='noopener'>TGAC114<\/a> <\/div>\n<div style='width: 65%;'>Aislador para cable de bajada<\/div>\n<\/p><\/div>\n<div style='display: flex; justify-content: space-between; align-items: center; flex-wrap: wrap; font-size: 14px;'>\n<div style='width: 10%; text-align: center;'>2<\/div>\n<div style='width: 25%; text-align: center;'> <a style='color: #2880b9; text-decoration: none;' href='https:\/\/www.syscom.mx\/producto\/SMM-K4-SYSCOM-TOWERS-88255.html' target='_blank' rel='noopener'>SMMK4<\/a> o <a style='color: #2880b9; text-decoration: none;' href='https:\/\/www.syscom.mx\/producto\/SMM-K4E-SYSCOM-TOWERS-189540.html' target='_blank' rel='noopener'>SMMK4E<\/a> <\/div>\n<div style='width: 65%;'>Herraje Adaptador de M\u00e1stil para Di\u00e1metros desde 3\/4&#8242; hasta 2-1\/4&#8242;<\/div>\n<\/p><\/div>\n<\/p><\/div>\n<\/p><\/div>\n<\/p><\/div>\n<p> <!-- Descripci\u00f3n t\u00e9cnica de la punta --> <\/p>\n<div style='display: flex; flex-direction: column; gap: 15px;'>\n<h3 style='font-size: 20px; border-bottom: 2px solid currentColor; padding-bottom: 5px; margin-top: 0; color: inherit; opacity: 0.8;'>Descripci\u00f3n de Punta KDALU<\/h3>\n<div style='font-size: 15px;'>\n<p>Punta captadora de rayos y conductora de corriente dise\u00f1ada en aluminio de alta conductividad la que forma parte de un sistema de protecci\u00f3n externo contra tormentas el\u00e9ctricas (SEPTE)&comma; para reducir el riesgo de da\u00f1o que puede provocar un rayo.<\/p>\n<p>Busca reducir la incidencia de ca\u00edda hasta un 95% debido a su funcionamiento magnetoactivo.<\/p>\n<p>Se recomienda tomar en cuenta la Norma NMX-J-549-ANCE-2005 que sugiere que un sistema de protecci\u00f3n contra tormentas el\u00e9ctricas (SPTE) debe contar con un sistema interno de protecci\u00f3n contra tormentas el\u00e9ctricas (SIPTE) y otro externo de protecci\u00f3n contra tormentas el\u00e9ctricas (SEPTE).<\/p>\n<p>La punta KDA-LU forma parte de la protecci\u00f3n externa&comma; mientras que la parte interna corresponde a los supresores de picos transitorios (SSTT) marca Suprector de TOTAL GROUND.<\/p>\n<\/p><\/div>\n<\/p><\/div>\n<p> <!-- Imagen t\u00e9cnica --> <\/p>\n<div style='width: 100%;'> <img style='width: 100%; height: auto; border: 1px solid rgba(150&comma;150&comma;150&comma;0.3); border-radius: 8px;' src='https:\/\/ftp3.syscom.mx\/usuarios\/fotos\/KDALU\/76017-kdadetalles.jpg' alt=''> <\/div>\n<p> <!-- V\u00eddeos --> <\/p>\n<div style='display: flex; flex-direction: column; gap: 30px;'>\n<div style='text-align: center;'> <a style='color: #2880b9; text-decoration: none; font-size: 16px; font-weight: bold;' href='https:\/\/www.youtube.com\/watch?v=Vw8lGg4-fQk' target='_blank' rel='noopener'>Curso b\u00e1sico para selecci\u00f3n e implementaci\u00f3n de sistemas de protecci\u00f3n<\/a> <\/div>\n<div style='display: flex; flex-direction: column; gap: 15px;'>\n<p style='color: #c0392b; font-weight: bold; font-size: 14px; margin: 0;'>WEBINAR 1: B\u00c1SICO DE TIERRAS F\u00cdSICAS Y PARARRAYOS (INICIA EN EL MIN.14)<\/p>\n<div style='position: relative; padding-bottom: 56.25%; height: 0; overflow: hidden;'>   <\/div>\n<\/p><\/div>\n<div style='display: flex; flex-direction: column; gap: 15px;'>\n<p style='color: #c0392b; font-weight: bold; font-size: 14px; margin: 0;'>WEBINAR 2: INSTALACI\u00d3N DE TIERRAS F\u00cdSICAS Y PARARRAYOS<\/p>\n<div style='position: relative; padding-bottom: 56.25%; height: 0; overflow: hidden;'>   <\/div>\n<\/p><\/div>\n<div style='display: flex; flex-direction: column; gap: 15px;'>\n<p style='color: #c0392b; font-weight: bold; font-size: 14px; margin: 0;'>WEBINAR 3: SISTEMAS DE PARARRAYO TOTAL GROUND<\/p>\n<div style='position: relative; padding-bottom: 56.25%; height: 0; overflow: hidden;'>   <\/div>\n<\/p><\/div>\n<\/p><\/div>\n<\/p><\/div>\n<\/p><\/div>\n","protected":false},"excerpt":{"rendered":"<p>Kit Pararrayo con Accesorios de Instalaci\u00f3n en Torre para Protecci\u00f3n de 80 m de Di\u00e1metro.<\/p>\n","protected":false},"featured_media":49328,"comment_status":"open","ping_status":"closed","template":"","meta":[],"product_brand":[],"product_cat":[1161],"product_tag":[1088,1162,635],"class_list":{"0":"post-49329","1":"product","2":"type-product","3":"status-publish","4":"has-post-thumbnail","6":"product_cat-pararrayos","7":"product_tag-calidad-de-la-energia","8":"product_tag-pararrayos","9":"product_tag-total-ground","11":"first","12":"instock","13":"sale","14":"shipping-taxable","15":"purchasable","16":"product-type-simple"},"_links":{"self":[{"href":"https:\/\/soydeaqui.ddns.net\/pachuca\/index.php\/wp-json\/wp\/v2\/product\/49329","targetHints":{"allow":["GET"]}}],"collection":[{"href":"https:\/\/soydeaqui.ddns.net\/pachuca\/index.php\/wp-json\/wp\/v2\/product"}],"about":[{"href":"https:\/\/soydeaqui.ddns.net\/pachuca\/index.php\/wp-json\/wp\/v2\/types\/product"}],"replies":[{"embeddable":true,"href":"https:\/\/soydeaqui.ddns.net\/pachuca\/index.php\/wp-json\/wp\/v2\/comments?post=49329"}],"wp:featuredmedia":[{"embeddable":true,"href":"https:\/\/soydeaqui.ddns.net\/pachuca\/index.php\/wp-json\/wp\/v2\/media\/49328"}],"wp:attachment":[{"href":"https:\/\/soydeaqui.ddns.net\/pachuca\/index.php\/wp-json\/wp\/v2\/media?parent=49329"}],"wp:term":[{"taxonomy":"product_brand","embeddable":true,"href":"https:\/\/soydeaqui.ddns.net\/pachuca\/index.php\/wp-json\/wp\/v2\/product_brand?post=49329"},{"taxonomy":"product_cat","embeddable":true,"href":"https:\/\/soydeaqui.ddns.net\/pachuca\/index.php\/wp-json\/wp\/v2\/product_cat?post=49329"},{"taxonomy":"product_tag","embeddable":true,"href":"https:\/\/soydeaqui.ddns.net\/pachuca\/index.php\/wp-json\/wp\/v2\/product_tag?post=49329"}],"curies":[{"name":"wp","href":"https:\/\/api.w.org\/{rel}","templated":true}]}}