{"id":49224,"date":"2026-03-18T22:02:37","date_gmt":"2026-03-18T22:02:37","guid":{"rendered":"https:\/\/soydeaqui.ddns.net\/pachuca\/index.php\/producto\/fuente-de-alimentacion-ininterrumpible-edgemax-54v-72w\/"},"modified":"2026-03-18T22:02:42","modified_gmt":"2026-03-18T22:02:42","slug":"fuente-de-alimentacion-ininterrumpible-edgemax-54v-72w","status":"publish","type":"product","link":"https:\/\/soydeaqui.ddns.net\/pachuca\/index.php\/producto\/fuente-de-alimentacion-ininterrumpible-edgemax-54v-72w\/","title":{"rendered":"Fuente de alimentaci\u00f3n ininterrumpible EdgeMAX 54V, 72W"},"content":{"rendered":"<div style='width: 100%; max-width: 1200px; margin: 0 auto; font-family: sans-serif; line-height: 1.6; color: inherit;'> <!-- Secci\u00f3n de descripci\u00f3n principal --> <\/p>\n<div style='margin-bottom: 30px;'>\n<p style='font-size: 14px; color: inherit;'>Proteja su sitio WISP contra la p\u00e9rdida de energ\u00eda con EdgePower EP-54V-72W&comma; un conveniente dispositivo UPS con puertos de salida PoE.<\/p>\n<\/p><\/div>\n<p> <!-- Secci\u00f3n de puertos --> <\/p>\n<div style='display: flex; flex-wrap: wrap; gap: 30px; margin-bottom: 30px;'>\n<div style='flex: 1 1 300px; min-width: 280px;'>\n<h3 style='font-size: 22px; border-bottom: 2px solid currentColor; padding-bottom: 5px; margin-top: 0; color: inherit; opacity: 0.8;'>Puertos<\/h3>\n<ul style='padding-left: 20px; font-size: 14px; color: inherit;'>\n<li style='margin-bottom: 5px;'>2 x puertos 10\/100 Mbps RJ-45<\/li>\n<li style='margin-bottom: 5px;'>1 x terminal 12 V bater\u00eda de entrada<\/li>\n<li style='margin-bottom: 5px;'>1 x terminal DC salida<\/li>\n<\/ul><\/div>\n<p> <!-- Secci\u00f3n de especificaciones --> <\/p>\n<div style='flex: 1 1 300px; min-width: 280px;'>\n<h3 style='font-size: 22px; border-bottom: 2px solid currentColor; padding-bottom: 5px; margin-top: 0; color: inherit; opacity: 0.8;'>Especificaciones<\/h3>\n<ul style='padding-left: 20px; font-size: 14px; color: inherit;'>\n<li style='margin-bottom: 5px;'><strong>Salida PoE:<\/strong> 54 Vdc PoE Pasivo (Pines 4&comma; 5+; 7&comma;8-)<\/li>\n<li style='margin-bottom: 5px;'><strong>Salida DC:<\/strong> 54 V&comma; 1.3 A<\/li>\n<li style='margin-bottom: 5px;'><strong>Alimentaci\u00f3n de Entrada AC:<\/strong> 100-240VAC&comma; 50-60 Hz<\/li>\n<li style='margin-bottom: 5px;'><strong>Bater\u00eda:<\/strong> 12 Vdc bater\u00eda de \u00e1cido s\u00f3lido (<strong>Bater\u00eda no incluida<\/strong>)<\/li>\n<li style='margin-bottom: 5px;'><strong>Dimensiones:<\/strong> 192 x 43.7 x 115 mm<\/li>\n<li style='margin-bottom: 5px;'><strong>Peso:<\/strong> 650 g<\/li>\n<li style='margin-bottom: 5px;'><strong>Temperatura de Operaci\u00f3n:<\/strong> 0 a 40 \u00b0C<\/li>\n<li style='margin-bottom: 5px;'><strong>Garant\u00eda:<\/strong> 1 A\u00f1o<\/li>\n<\/ul><\/div>\n<\/p><\/div>\n<p> <!-- Secci\u00f3n de im\u00e1genes --> <\/p>\n<div style='display: flex; flex-wrap: wrap; gap: 30px; margin-bottom: 30px;'>\n<div style='flex: 1 1 100%; min-width: 280px; text-align: center;'>\n<h3 style='font-size: 22px; border-bottom: 2px solid currentColor; padding-bottom: 5px; margin-top: 0; color: inherit; opacity: 0.8;'>Dise\u00f1o vers\u00e1til<\/h3>\n<p style='font-size: 14px; color: inherit; margin-bottom: 15px;'>El EdgePower 54V para montaje en rack cuenta con 54 Vcc y 2 puertos PoE RJ45.<\/p>\n<p> <img style='width: 100%; height: auto; border: 1px solid rgba(150&comma;150&comma;150&comma;0.3); border-radius: 8px;' src='https:\/\/ftp3.syscom.mx\/usuarios\/adiaz\/UBNT\/EP54V72W\/ep-54-product-detail-feature-2x.jpg' alt=''> <\/div>\n<div style='flex: 1 1 100%; min-width: 280px; text-align: center;'>\n<h3 style='font-size: 22px; border-bottom: 2px solid currentColor; padding-bottom: 5px; margin-top: 0; color: inherit; opacity: 0.8;'>UPS para WISP<\/h3>\n<p style='font-size: 14px; color: inherit; margin-bottom: 15px;'>Puede recibir alertas en caso de un corte de energ\u00eda&comma; y el EdgePower 54V ofrece una entrada de bater\u00eda \u00e1cida de plomo de 12V para redundancia si la entrada de CA falla (bater\u00eda no incluida).<\/p>\n<p> <img style='width: 100%; height: auto; border: 1px solid rgba(150&comma;150&comma;150&comma;0.3); border-radius: 8px;' src='https:\/\/prd-www-cdn.ubnt.com\/media\/images\/product-features\/ep24-feature-ups1-2x.jpg' alt=''> <\/div>\n<div style='flex: 1 1 100%; min-width: 280px; text-align: center;'>\n<h3 style='font-size: 22px; border-bottom: 2px solid currentColor; padding-bottom: 5px; margin-top: 0; color: inherit; opacity: 0.8;'>Ejemplo de sitio WISP<\/h3>\n<div style='display: flex; flex-wrap: wrap; gap: 15px; justify-content: center; margin: 15px 0;'> <img style='width: 48%; height: auto; border: 1px solid rgba(150&comma;150&comma;150&comma;0.3); border-radius: 8px;' src='https:\/\/ftp3.syscom.mx\/usuarios\/adiaz\/UBNT\/EP54V72W\/ep-54v-feature-software-2x.jpg' alt=''> <img style='width: 48%; height: auto; border: 1px solid rgba(150&comma;150&comma;150&comma;0.3); border-radius: 8px;' src='https:\/\/ftp3.syscom.mx\/usuarios\/adiaz\/UBNT\/EP54V72W\/ep54-feature-example1-2x.jpg' alt=''> <\/div>\n<\/p><\/div>\n<div style='flex: 1 1 100%; min-width: 280px; text-align: center;'>\n<h3 style='font-size: 22px; border-bottom: 2px solid currentColor; padding-bottom: 5px; margin-top: 0; color: inherit; opacity: 0.8;'>Flexibilidad de gesti\u00f3n<\/h3>\n<p style='font-size: 14px; color: inherit; margin-bottom: 15px;'>Dise\u00f1ado para una administraci\u00f3n conveniente&comma; EdgePower le permite configurar y monitorear las caracter\u00edsticas de la PSU en una interfaz gr\u00e1fica de usuario. Tambi\u00e9n puede usar UNMS (Ubiquiti\u00ae Network Management System) para la administraci\u00f3n remota&comma; y SNMP est\u00e1 disponible para monitorear el EdgePower en busca de problemas que requieran atenci\u00f3n.<\/p>\n<p> <img style='width: 100%; height: auto; border: 1px solid rgba(150&comma;150&comma;150&comma;0.3); border-radius: 8px;' src='https:\/\/ftp3.syscom.mx\/usuarios\/adiaz\/UBNT\/EP54V72W\/ep-54v-feature-software-2x.jpg' alt=''> <\/div>\n<\/p><\/div>\n<\/p><\/div>\n","protected":false},"excerpt":{"rendered":"<p>Fuente de alimentaci\u00f3n ininterrumpible EdgeMAX 54V, 72W<\/p>\n","protected":false},"featured_media":49223,"comment_status":"open","ping_status":"closed","template":"","meta":[],"product_brand":[],"product_cat":[1322],"product_tag":[664,1323,166],"class_list":{"0":"post-49224","1":"product","2":"type-product","3":"status-publish","4":"has-post-thumbnail","6":"product_cat-poe-de-largo-alcance","7":"product_tag-networking","8":"product_tag-poe-de-largo-alcance","9":"product_tag-ubiquiti","11":"first","12":"outofstock","13":"sale","14":"shipping-taxable","15":"purchasable","16":"product-type-simple"},"_links":{"self":[{"href":"https:\/\/soydeaqui.ddns.net\/pachuca\/index.php\/wp-json\/wp\/v2\/product\/49224","targetHints":{"allow":["GET"]}}],"collection":[{"href":"https:\/\/soydeaqui.ddns.net\/pachuca\/index.php\/wp-json\/wp\/v2\/product"}],"about":[{"href":"https:\/\/soydeaqui.ddns.net\/pachuca\/index.php\/wp-json\/wp\/v2\/types\/product"}],"replies":[{"embeddable":true,"href":"https:\/\/soydeaqui.ddns.net\/pachuca\/index.php\/wp-json\/wp\/v2\/comments?post=49224"}],"wp:featuredmedia":[{"embeddable":true,"href":"https:\/\/soydeaqui.ddns.net\/pachuca\/index.php\/wp-json\/wp\/v2\/media\/49223"}],"wp:attachment":[{"href":"https:\/\/soydeaqui.ddns.net\/pachuca\/index.php\/wp-json\/wp\/v2\/media?parent=49224"}],"wp:term":[{"taxonomy":"product_brand","embeddable":true,"href":"https:\/\/soydeaqui.ddns.net\/pachuca\/index.php\/wp-json\/wp\/v2\/product_brand?post=49224"},{"taxonomy":"product_cat","embeddable":true,"href":"https:\/\/soydeaqui.ddns.net\/pachuca\/index.php\/wp-json\/wp\/v2\/product_cat?post=49224"},{"taxonomy":"product_tag","embeddable":true,"href":"https:\/\/soydeaqui.ddns.net\/pachuca\/index.php\/wp-json\/wp\/v2\/product_tag?post=49224"}],"curies":[{"name":"wp","href":"https:\/\/api.w.org\/{rel}","templated":true}]}}