{"id":49119,"date":"2026-03-18T21:59:27","date_gmt":"2026-03-18T21:59:27","guid":{"rendered":"https:\/\/soydeaqui.ddns.net\/pachuca\/index.php\/producto\/cincho-de-nylon-6-6-dome-top-con-lengueta-de-bloqueo-de-acero-inoxidable-203-mm-largo-x-4-7mm-ancho-color-negro-exterior-resistente-a-rayos-uv-paquete-de-1000pz\/"},"modified":"2026-03-18T21:59:31","modified_gmt":"2026-03-18T21:59:31","slug":"cincho-de-nylon-6-6-dome-top-con-lengueta-de-bloqueo-de-acero-inoxidable-203-mm-largo-x-4-7mm-ancho-color-negro-exterior-resistente-a-rayos-uv-paquete-de-1000pz","status":"publish","type":"product","link":"https:\/\/soydeaqui.ddns.net\/pachuca\/index.php\/producto\/cincho-de-nylon-6-6-dome-top-con-lengueta-de-bloqueo-de-acero-inoxidable-203-mm-largo-x-4-7mm-ancho-color-negro-exterior-resistente-a-rayos-uv-paquete-de-1000pz\/","title":{"rendered":"Cincho de Nylon 6.6 Dome-Top\u00ae, Con Leng\u00fceta de Bloqueo de Acero Inoxidable, 203 mm largo x 4.7mm ancho, Color Negro, Exterior Resistente a Rayos UV, Paquete de 1000pz"},"content":{"rendered":"<div style='width: 100%; max-width: 1200px; margin: 0 auto; font-family: sans-serif; line-height: 1.6; color: inherit; background-color: transparent;'> <!-- Secci\u00f3n de descripci\u00f3n --> <\/p>\n<div style='margin-bottom: 30px; font-size: 15px; color: inherit;'>\n<p style='margin: 0 0 20px; color: inherit;'>El cincho BT2S-M0 Dome-Top\u00ae presenta un dise\u00f1o \u00fanico patentado con bordes redondeados y lisos. Junto con la leng\u00fceta de bloqueo de acero inoxidable&comma; brinda un rendimiento constante&comma; confiabilidad y capacidad de ajuste. Es de secci\u00f3n transversal est\u00e1ndar&comma; y de 8.0 &#8216;(203 mm) de longitud. Apropiado para uso en interior\/exterior&comma; hecho de Nylon 6.6 resistente a la intemperie con alta resistencia a la luz ultravioleta.<\/p>\n<\/p><\/div>\n<p> <!-- Secci\u00f3n de especificaciones --> <\/p>\n<div style='display: flex; flex-wrap: wrap; gap: 20px; margin-bottom: 30px;'>\n<div style='flex: 1 1 250px; border: 1px solid rgba(150&comma; 150&comma; 150&comma; 0.4); border-radius: 8px; overflow: hidden; display: flex; flex-direction: column;'>\n<div style='padding: 15px; border-bottom: 1px solid rgba(150&comma; 150&comma; 150&comma; 0.2); font-weight: bold; font-size: 18px; color: inherit;'>Especificaciones<\/div>\n<div style='padding: 15px; color: inherit;'>\n<ul style='padding-left: 20px; margin: 0; font-size: 14px; list-style-type: disc; color: inherit;'>\n<li style='margin-bottom: 5px; color: inherit;'><strong style='color: inherit;'>Material:<\/strong> Nylon 6.6 resistente a intemperie<\/li>\n<li style='margin-bottom: 5px; color: inherit;'><strong style='color: inherit;'>Color:<\/strong> Negro<\/li>\n<li style='margin-bottom: 5px; color: inherit;'><strong style='color: inherit;'>Longitud:<\/strong> 203 mm<\/li>\n<li style='margin-bottom: 5px; color: inherit;'><strong style='color: inherit;'>Ancho:<\/strong> 4.7 mm<\/li>\n<li style='margin-bottom: 5px; color: inherit;'><strong style='color: inherit;'>Ambiente:<\/strong> Exterior (Resistente a Rayos UV)<\/li>\n<li style='margin-bottom: 5px; color: inherit;'><strong style='color: inherit;'>Tensi\u00f3n M\u00e1xima:<\/strong> 222N<\/li>\n<li style='margin-bottom: 5px; color: inherit;'><strong style='color: inherit;'>Rango de Temperatura de Uso:<\/strong> -60\u00baC a 85\u00baC<\/li>\n<li style='margin-bottom: 5px; color: inherit;'><strong style='color: inherit;'>Cumplimiento en:<\/strong> UL 62275<\/li>\n<li style='margin-bottom: 5px; color: inherit;'><strong style='color: inherit;'>Cumple con:<\/strong> RoHS<\/li>\n<\/ul><\/div>\n<\/p><\/div>\n<\/p><\/div>\n<p> <!-- Separador --> <\/p>\n<hr style='border: 0; border-top: 1px solid rgba(150&comma; 150&comma; 150&comma; 0.3); margin: 30px 0;'> <\/div>\n","protected":false},"excerpt":{"rendered":"<p>Cincho de Nylon 6.6 Dome-Top\u00ae, Con Leng\u00fceta de Bloqueo de Acero Inoxidable, 203 mm largo x 4.7mm ancho, Color Negro, Exterior Resistente a Rayos UV, Paquete de 1000pz<\/p>\n","protected":false},"featured_media":49118,"comment_status":"open","ping_status":"closed","template":"","meta":[],"product_brand":[],"product_cat":[574],"product_tag":[572,575,445],"class_list":{"0":"post-49119","1":"product","2":"type-product","3":"status-publish","4":"has-post-thumbnail","6":"product_cat-fijacion","7":"product_tag-canalizacion","8":"product_tag-fijacion","9":"product_tag-panduit","11":"first","12":"instock","13":"sale","14":"shipping-taxable","15":"purchasable","16":"product-type-simple"},"_links":{"self":[{"href":"https:\/\/soydeaqui.ddns.net\/pachuca\/index.php\/wp-json\/wp\/v2\/product\/49119","targetHints":{"allow":["GET"]}}],"collection":[{"href":"https:\/\/soydeaqui.ddns.net\/pachuca\/index.php\/wp-json\/wp\/v2\/product"}],"about":[{"href":"https:\/\/soydeaqui.ddns.net\/pachuca\/index.php\/wp-json\/wp\/v2\/types\/product"}],"replies":[{"embeddable":true,"href":"https:\/\/soydeaqui.ddns.net\/pachuca\/index.php\/wp-json\/wp\/v2\/comments?post=49119"}],"wp:featuredmedia":[{"embeddable":true,"href":"https:\/\/soydeaqui.ddns.net\/pachuca\/index.php\/wp-json\/wp\/v2\/media\/49118"}],"wp:attachment":[{"href":"https:\/\/soydeaqui.ddns.net\/pachuca\/index.php\/wp-json\/wp\/v2\/media?parent=49119"}],"wp:term":[{"taxonomy":"product_brand","embeddable":true,"href":"https:\/\/soydeaqui.ddns.net\/pachuca\/index.php\/wp-json\/wp\/v2\/product_brand?post=49119"},{"taxonomy":"product_cat","embeddable":true,"href":"https:\/\/soydeaqui.ddns.net\/pachuca\/index.php\/wp-json\/wp\/v2\/product_cat?post=49119"},{"taxonomy":"product_tag","embeddable":true,"href":"https:\/\/soydeaqui.ddns.net\/pachuca\/index.php\/wp-json\/wp\/v2\/product_tag?post=49119"}],"curies":[{"name":"wp","href":"https:\/\/api.w.org\/{rel}","templated":true}]}}