{"id":49115,"date":"2026-03-18T21:59:20","date_gmt":"2026-03-18T21:59:20","guid":{"rendered":"https:\/\/soydeaqui.ddns.net\/pachuca\/index.php\/producto\/ups-de-1000-va-500-w-topologia-linea-interactiva-entrada-120-vca-nema-5-15p-y-8-salidas-nema-5-15r-con-regulador-de-voltaje-avr\/"},"modified":"2026-03-18T21:59:25","modified_gmt":"2026-03-18T21:59:25","slug":"ups-de-1000-va-500-w-topologia-linea-interactiva-entrada-120-vca-nema-5-15p-y-8-salidas-nema-5-15r-con-regulador-de-voltaje-avr","status":"publish","type":"product","link":"https:\/\/soydeaqui.ddns.net\/pachuca\/index.php\/producto\/ups-de-1000-va-500-w-topologia-linea-interactiva-entrada-120-vca-nema-5-15p-y-8-salidas-nema-5-15r-con-regulador-de-voltaje-avr\/","title":{"rendered":"UPS de 1000 VA\/500 W, Topolog\u00eda L\u00ednea Interactiva, Entrada 120 Vca  NEMA 5-15P, y 8 Salidas NEMA 5-15R, Con Regulador de Voltaje (AVR)"},"content":{"rendered":"<div style='width: 100%; max-width: 1200px; margin: 0 auto; font-family: sans-serif; line-height: 1.6; color: inherit; background-color: transparent;'> <!-- Logo --> <\/p>\n<div style='width: 100%; margin-bottom: 20px;'> <img style='width: 100%; max-width: 600px; height: auto; border: 1px solid rgba(150&comma;150&comma;150&comma;0.3); border-radius: 8px;' src='https:\/\/ftp3.syscom.mx\/usuarios\/fotos\/logotipos\/cyberpower.png' alt=''> <\/div>\n<p> <!-- Secci\u00f3n de descripci\u00f3n --> <\/p>\n<div style='display: flex; flex-wrap: wrap; gap: 30px; margin-bottom: 30px;'>\n<div style='flex: 1 1 300px; min-width: 280px;'>\n<h3 style='font-size: 22px; border-bottom: 2px solid currentColor; padding-bottom: 5px; margin-top: 0; color: inherit; opacity: 0.8;'>Aplicaciones<\/h3>\n<p style='font-size: 15px; color: inherit; margin-bottom: 15px;'>CyberPower UT1000G garantiza la protecci\u00f3n de energ\u00eda para equipos de TI como computadoras&comma; NAS y dispositivos de almacenamiento. El producto adopta una topolog\u00eda de l\u00ednea interactiva con funci\u00f3n de Regulaci\u00f3n autom\u00e1tica de voltaje (AVR) para ofrecer una salida de potencia de CA estabilizada. El consumo de energ\u00eda reduce los costos de energ\u00eda y permite una temperatura de operaci\u00f3n m\u00e1s baja que prolonga la vida \u00fatil de la bater\u00eda.<\/p>\n<p style='font-size: 15px; color: inherit; margin-bottom: 15px;'>El indicador LED muestra la utilidad&comma; la bater\u00eda y el estado de funcionamiento del UPS. Tambi\u00e9n es compatible con generadores para extender la continuidad de energ\u00eda. Otras caracter\u00edsticas incluyen protecci\u00f3n contra sobrecargas&comma; filtro EMI y alarma configurable para proteger sus dispositivos. Su dise\u00f1o de torre permite a los usuarios colocarlo f\u00e1cilmente en escritorios u otros espacios reducidos.<\/p>\n<\/p><\/div>\n<\/p><\/div>\n<p> <!-- Secci\u00f3n de caracter\u00edsticas --> <\/p>\n<div style='display: flex; flex-wrap: wrap; gap: 20px; margin-bottom: 30px;'>\n<div style='flex: 1 1 250px; border: 1px solid rgba(150&comma; 150&comma; 150&comma; 0.4); border-radius: 8px; overflow: hidden; display: flex; flex-direction: column;'>\n<div style='padding: 15px; border-bottom: 1px solid rgba(150&comma; 150&comma; 150&comma; 0.2); font-weight: bold; font-size: 18px; color: inherit;'>Caracter\u00edsticas<\/div>\n<div style='padding: 15px; color: inherit;'>\n<ul style='padding-left: 20px; margin: 0; font-size: 14px; list-style-type: disc;'>\n<li style='margin-bottom: 5px;'>Topolog\u00eda de L\u00ednea Interactiva<\/li>\n<li style='margin-bottom: 5px;'>Tecnolog\u00eda de Ahorro de Energ\u00eda<\/li>\n<li style='margin-bottom: 5px;'>Regulaci\u00f3n Autom\u00e1tica de Voltaje (AVR)<\/li>\n<li style='margin-bottom: 5px;'>Compatible con Generadores<\/li>\n<li style='margin-bottom: 5px;'>Indicador LED de estado<\/li>\n<li style='margin-bottom: 5px;'>Protecci\u00f3n por sobrecarga<\/li>\n<li style='margin-bottom: 5px;'>Protecci\u00f3n contra picos y sobretensiones<\/li>\n<li style='margin-bottom: 5px;'>Filtro EMI y RFI<\/li>\n<\/ul><\/div>\n<\/p><\/div>\n<\/p><\/div>\n<p> <!-- Secci\u00f3n de especificaciones --> <\/p>\n<div style='display: flex; flex-wrap: wrap; gap: 20px; margin-bottom: 30px;'>\n<div style='flex: 1 1 250px; border: 1px solid rgba(150&comma; 150&comma; 150&comma; 0.4); border-radius: 8px; overflow: hidden; display: flex; flex-direction: column;'>\n<div style='padding: 15px; border-bottom: 1px solid rgba(150&comma; 150&comma; 150&comma; 0.2); font-weight: bold; font-size: 18px; color: inherit;'>Especificaciones T\u00e9cnicas<\/div>\n<div style='padding: 15px; color: inherit;'>\n<ul style='padding-left: 20px; margin: 0; font-size: 14px; list-style-type: disc;'>\n<li style='margin-bottom: 5px;'><strong>Capacidad:<\/strong> 1000 VA \/ 500 W<\/li>\n<li style='margin-bottom: 5px;'><strong>Forma de onda:<\/strong> simulada<\/li>\n<li style='margin-bottom: 5px;'><strong>Voltaje:<\/strong> 120 \u00b1 10%<\/li>\n<li style='margin-bottom: 5px;'><strong>Frecuencia:<\/strong> 60 \u00b1 1%<\/li>\n<li style='margin-bottom: 5px;'><strong>Regulaci\u00f3n autom\u00e1tica de voltaje (AVR):<\/strong> 86 &#8211; 148 Vca<\/li>\n<li style='margin-bottom: 5px;'><strong>Tipo de Conector de Entrada:<\/strong> NEMA 5-15P <img style='width: 40px; height: auto; border: 1px solid rgba(150&comma;150&comma;150&comma;0.3); border-radius: 8px;' src='https:\/\/www.cyberpower.com\/mx\/es\/File\/GetImageByDocId\/GeneralAttribute-235' alt=''><\/li>\n<li style='margin-bottom: 5px;'><strong>Total de Tomas:<\/strong> NEMA 5-15R (8) <img style='width: 40px; height: auto; border: 1px solid rgba(150&comma;150&comma;150&comma;0.3); border-radius: 8px;' src='https:\/\/www.cyberpower.com\/mx\/es\/File\/GetImageByDocId\/GeneralAttribute-238' alt=''><\/li>\n<li style='margin-bottom: 5px;'><strong>Protecci\u00f3n de sobrecarga:<\/strong> Disyuntor<\/li>\n<li style='margin-bottom: 5px;'><strong>Dimensiones:<\/strong> 84 x 174 x 280 mm (Ancho x Alto x Profundidad)<\/li>\n<li style='margin-bottom: 5px;'><strong>Certificaciones:<\/strong> RoHS y NOM<\/li>\n<li style='margin-bottom: 5px;'><strong>Incluye:<\/strong> Bater\u00eda<\/li>\n<li style='margin-bottom: 5px;'><strong>Compatibilidad:<\/strong> NO es compatible con generador de energ\u00eda (plantas de respaldo)<\/li>\n<\/ul><\/div>\n<\/p><\/div>\n<\/p><\/div>\n<p> <!-- Video --> <\/p>\n<div style='margin-bottom: 30px;'>\n<div style='position: relative; padding-bottom: 56.25%; height: 0; overflow: hidden;'>   <\/div>\n<\/p><\/div>\n<p> <!-- Separador --> <\/p>\n<hr style='border: 0; border-top: 1px solid rgba(150&comma; 150&comma; 150&comma; 0.3); margin: 30px 0;'> <\/div>\n","protected":false},"excerpt":{"rendered":"<p>UPS de 1000 VA\/500 W, Topolog\u00eda L\u00ednea Interactiva, Entrada 120 Vca  NEMA 5-15P, y 8 Salidas NEMA 5-15R, Con Regulador de Voltaje (AVR)<\/p>\n","protected":false},"featured_media":49114,"comment_status":"open","ping_status":"closed","template":"","meta":[],"product_brand":[],"product_cat":[1231],"product_tag":[677,142,1232],"class_list":{"0":"post-49115","1":"product","2":"type-product","3":"status-publish","4":"has-post-thumbnail","6":"product_cat-ups-no-break-energia-videovigilancia","7":"product_tag-cyberpower","8":"product_tag-energia","9":"product_tag-ups-no-break-2","11":"first","12":"outofstock","13":"sale","14":"shipping-taxable","15":"purchasable","16":"product-type-simple"},"_links":{"self":[{"href":"https:\/\/soydeaqui.ddns.net\/pachuca\/index.php\/wp-json\/wp\/v2\/product\/49115","targetHints":{"allow":["GET"]}}],"collection":[{"href":"https:\/\/soydeaqui.ddns.net\/pachuca\/index.php\/wp-json\/wp\/v2\/product"}],"about":[{"href":"https:\/\/soydeaqui.ddns.net\/pachuca\/index.php\/wp-json\/wp\/v2\/types\/product"}],"replies":[{"embeddable":true,"href":"https:\/\/soydeaqui.ddns.net\/pachuca\/index.php\/wp-json\/wp\/v2\/comments?post=49115"}],"wp:featuredmedia":[{"embeddable":true,"href":"https:\/\/soydeaqui.ddns.net\/pachuca\/index.php\/wp-json\/wp\/v2\/media\/49114"}],"wp:attachment":[{"href":"https:\/\/soydeaqui.ddns.net\/pachuca\/index.php\/wp-json\/wp\/v2\/media?parent=49115"}],"wp:term":[{"taxonomy":"product_brand","embeddable":true,"href":"https:\/\/soydeaqui.ddns.net\/pachuca\/index.php\/wp-json\/wp\/v2\/product_brand?post=49115"},{"taxonomy":"product_cat","embeddable":true,"href":"https:\/\/soydeaqui.ddns.net\/pachuca\/index.php\/wp-json\/wp\/v2\/product_cat?post=49115"},{"taxonomy":"product_tag","embeddable":true,"href":"https:\/\/soydeaqui.ddns.net\/pachuca\/index.php\/wp-json\/wp\/v2\/product_tag?post=49115"}],"curies":[{"name":"wp","href":"https:\/\/api.w.org\/{rel}","templated":true}]}}