{"id":49104,"date":"2026-03-18T21:58:59","date_gmt":"2026-03-18T21:58:59","guid":{"rendered":"https:\/\/soydeaqui.ddns.net\/pachuca\/index.php\/producto\/controlador-solar-mppt-20a-12-24v-maximo-voltaje-de-circuito-abierto-voc-100vcc-configurable-para-baterias-de-litio-2\/"},"modified":"2026-03-18T21:59:08","modified_gmt":"2026-03-18T21:59:08","slug":"controlador-solar-mppt-20a-12-24v-maximo-voltaje-de-circuito-abierto-voc-100vcc-configurable-para-baterias-de-litio-2","status":"publish","type":"product","link":"https:\/\/soydeaqui.ddns.net\/pachuca\/index.php\/producto\/controlador-solar-mppt-20a-12-24v-maximo-voltaje-de-circuito-abierto-voc-100vcc-configurable-para-baterias-de-litio-2\/","title":{"rendered":"Controlador Solar MPPT 20A 12\/24V, M\u00e1ximo Voltaje de Circuito Abierto Voc 100Vcc, Configurable para Bater\u00edas de Litio"},"content":{"rendered":"<div style='width: 100%; max-width: 1200px; margin: 0 auto; font-family: sans-serif; line-height: 1.6; color: inherit; background-color: transparent;'> <!-- Logo EPEVER --> <\/p>\n<div style='text-align: center; margin: 30px 0;'> <img style='width: 100%; max-width: 450px; height: auto; border: 1px solid rgba(150&comma;150&comma;150&comma;0.3); border-radius: 8px;' src='https:\/\/ftp3.syscom.mx\/usuarios\/anavarro\/EPEVER\/IPOWER\/LOGOEPEVER.png' alt='EPEVER Logo'> <\/div>\n<p> <!-- Caracter\u00edsticas principales --> <\/p>\n<div style='display: flex; flex-wrap: wrap; gap: 30px; margin-bottom: 30px;'>\n<div style='flex: 1 1 300px; min-width: 280px;'>\n<h3 style='font-size: 22px; border-bottom: 2px solid currentColor; padding-bottom: 5px; margin-top: 0; color: inherit; opacity: 0.8;'>Caracter\u00edsticas<\/h3>\n<ul style='padding-left: 20px; font-size: 15px; color: inherit;'>\n<li style='margin-bottom: 5px;'><strong>Compatibilidad:<\/strong> Bater\u00edas de Litio&comma; AGM-VRLA&comma; Gel&comma; Etc.<\/li>\n<li style='margin-bottom: 5px;'><strong>Tecnolog\u00eda:<\/strong> MPPT con tierra negativo com\u00fan<\/li>\n<li style='margin-bottom: 5px;'><strong>Protecci\u00f3n:<\/strong> Dise\u00f1o a prueba de polvo e impermeable con clase IP32<\/li>\n<li style='margin-bottom: 5px;'><strong>Rango de voltaje:<\/strong> Amplio rango de voltaje de operaci\u00f3n MPP<\/li>\n<li style='margin-bottom: 5px;'><strong>Modos de carga:<\/strong> M\u00faltiples modos de trabajo de carga<\/li>\n<li style='margin-bottom: 5px;'><strong>Comunicaci\u00f3n:<\/strong> Interfaz RS-485<\/li>\n<li style='margin-bottom: 5px;'><strong>Protecci\u00f3n electr\u00f3nica:<\/strong> Amplia protecci\u00f3n electr\u00f3nica<\/li>\n<\/ul><\/div>\n<\/p><\/div>\n<p> <!-- Notas importantes --> <\/p>\n<div style='background-color: rgba(215&comma; 44&comma; 44&comma; 0.08); border: 1px solid rgba(215&comma; 44&comma; 44&comma; 0.3); border-radius: 8px; padding: 20px; margin-bottom: 30px;'>\n<h3 style='color: #d72c2c; font-size: 18px; margin-top: 0; text-align: center;'>\u00a1Importante!<\/h3>\n<ul style='padding-left: 20px; margin: 15px 0; color: #333333; font-size: 14px;'>\n<li style='margin-bottom: 10px;'><strong>La carga y descarga<\/strong> de esta bater\u00eda de Litio (LiFePO<sub style='font-size: 10px; vertical-align: sub;'>4<\/sub>) se deber\u00e1 hacer respetando los par\u00e1metros en la especificaci\u00f3n del producto.<\/li>\n<li style='margin-bottom: 10px;'><strong>Para sistemas de energ\u00eda solar<\/strong> se recomienda utilizar controlador de carga marca EPEVER Serie XTRA-XXXX-N&comma; se requieren programaci\u00f3n de par\u00e1metros para bater\u00eda (LiFePO<sub style='font-size: 10px; vertical-align: sub;'>4<\/sub>)<\/li>\n<\/ul>\n<p style='margin: 10px 0; font-size: 14px;'><strong>Nota:<\/strong> Cuando se usa una bater\u00eda de litio&comma; el voltaje del sistema no se puede identificar autom\u00e1ticamente&comma; requiere programaci\u00f3n manual<\/p>\n<p style='margin: 10px 0; font-size: 14px;'><strong>Nota 2:<\/strong> Verificar que el voltaje de operaci\u00f3n y el tipo de bater\u00eda pre configurado en el controlador es el adecuado para su arreglo de bater\u00edas.<\/p>\n<\/p><\/div>\n<p> <!-- Videos --> <\/p>\n<div style='display: flex; flex-wrap: wrap; gap: 30px; margin-bottom: 30px;'>\n<div style='flex: 1 1 600px; min-width: 300px;'>\n<h3 style='font-size: 20px; border-bottom: 2px solid currentColor; padding-bottom: 5px; margin-top: 0; color: inherit; opacity: 0.8;'>Configuraci\u00f3n para Bater\u00edas de Litio<\/h3>\n<div style='position: relative; padding-bottom: 56.25%; height: 0; overflow: hidden; margin-bottom: 15px;'>   <\/div>\n<p style='text-align: center; font-size: 14px; margin: 5px 0;'><strong>Nota:<\/strong> Seleccionar resoluci\u00f3n a 1080p<\/p>\n<p style='text-align: center; font-size: 14px; margin: 5px 0;'><a style='color: #2880b9; text-decoration: none;' href='https:\/\/drive.google.com\/drive\/folders\/1Fti-yrV-GE_OwTCpek23DgdvIvQpW-xk?usp=sharing' target='_blank' rel='noopener'>Link de Descarga de Software (Descargar EPEVERSetup)<\/a><\/p>\n<p style='text-align: center; font-size: 14px; margin: 5px 0;'><strong>Compatibildad:<\/strong> Windows 7 y 10<\/p>\n<\/p><\/div>\n<div style='flex: 1 1 600px; min-width: 300px;'>\n<h3 style='font-size: 20px; border-bottom: 2px solid currentColor; padding-bottom: 5px; margin-top: 0; color: inherit; opacity: 0.8;'>Alta EPEVER WiFi<\/h3>\n<div style='position: relative; padding-bottom: 56.25%; height: 0; overflow: hidden; margin-bottom: 15px;'>   <\/div>\n<div style='position: relative; padding-bottom: 56.25%; height: 0; overflow: hidden; margin-bottom: 15px;'>   <\/div>\n<p style='text-align: center; font-size: 14px; margin: 5px 0;'><strong>Nota:<\/strong> Seleccionar resoluci\u00f3n a 1080p<\/p>\n<\/p><\/div>\n<\/p><\/div>\n<p> <!-- Certificados --> <\/p>\n<div style='margin-bottom: 30px;'>\n<h3 style='font-size: 20px; border-bottom: 2px solid currentColor; padding-bottom: 5px; margin-top: 0; color: inherit; opacity: 0.8; text-align: center;'>Certificados<\/h3>\n<p> <img style='width: 100%; height: auto; border: 1px solid rgba(150&comma;150&comma;150&comma;0.3); border-radius: 8px; margin-top: 15px; display: block; margin-left: auto; margin-right: auto;' src='https:\/\/ftp3.syscom.mx\/usuarios\/anavarro\/EPEVER\/XTRA-N\/Certificados%20XTRA-N.png' alt='Certificados'> <\/div>\n<p> <!-- Separador final --> <\/p>\n<hr style='border: 0; border-top: 1px solid rgba(150&comma; 150&comma; 150&comma; 0.3); margin: 30px 0;'> <\/div>\n","protected":false},"excerpt":{"rendered":"<p>Controlador Solar MPPT 20A 12\/24V, M\u00e1ximo Voltaje de Circuito Abierto Voc 100Vcc, Configurable para Bater\u00edas de Litio<\/p>\n","protected":false},"featured_media":49103,"comment_status":"open","ping_status":"closed","template":"","meta":[],"product_brand":[],"product_cat":[1117],"product_tag":[1118,964,1182],"class_list":{"0":"post-49104","1":"product","2":"type-product","3":"status-publish","4":"has-post-thumbnail","6":"product_cat-controladores-de-carga-mppt","7":"product_tag-controladores-de-carga-mppt","8":"product_tag-energia-solar","9":"product_tag-epever","11":"first","12":"instock","13":"sale","14":"shipping-taxable","15":"purchasable","16":"product-type-simple"},"_links":{"self":[{"href":"https:\/\/soydeaqui.ddns.net\/pachuca\/index.php\/wp-json\/wp\/v2\/product\/49104","targetHints":{"allow":["GET"]}}],"collection":[{"href":"https:\/\/soydeaqui.ddns.net\/pachuca\/index.php\/wp-json\/wp\/v2\/product"}],"about":[{"href":"https:\/\/soydeaqui.ddns.net\/pachuca\/index.php\/wp-json\/wp\/v2\/types\/product"}],"replies":[{"embeddable":true,"href":"https:\/\/soydeaqui.ddns.net\/pachuca\/index.php\/wp-json\/wp\/v2\/comments?post=49104"}],"wp:featuredmedia":[{"embeddable":true,"href":"https:\/\/soydeaqui.ddns.net\/pachuca\/index.php\/wp-json\/wp\/v2\/media\/49103"}],"wp:attachment":[{"href":"https:\/\/soydeaqui.ddns.net\/pachuca\/index.php\/wp-json\/wp\/v2\/media?parent=49104"}],"wp:term":[{"taxonomy":"product_brand","embeddable":true,"href":"https:\/\/soydeaqui.ddns.net\/pachuca\/index.php\/wp-json\/wp\/v2\/product_brand?post=49104"},{"taxonomy":"product_cat","embeddable":true,"href":"https:\/\/soydeaqui.ddns.net\/pachuca\/index.php\/wp-json\/wp\/v2\/product_cat?post=49104"},{"taxonomy":"product_tag","embeddable":true,"href":"https:\/\/soydeaqui.ddns.net\/pachuca\/index.php\/wp-json\/wp\/v2\/product_tag?post=49104"}],"curies":[{"name":"wp","href":"https:\/\/api.w.org\/{rel}","templated":true}]}}